{"id":1617,"date":"2023-12-20T06:10:57","date_gmt":"2023-12-20T06:10:57","guid":{"rendered":"https:\/\/apmprint.com\/?post_type=product&#038;p=1617"},"modified":"2023-12-20T06:17:29","modified_gmt":"2023-12-20T06:17:29","slug":"e8010-e1013-exposing-unit-%e5%a4%8d%e5%88%b6","status":"publish","type":"product","link":"https:\/\/apmprint.com\/es\/producto\/e8010-e1013-exposing-unit-%e5%a4%8d%e5%88%b6\/","title":{"rendered":"WED6045S Unidad de exposici\u00f3n 3 en 1 para plancha de pol\u00edmero"},"content":{"rendered":"<p><strong>Descripci\u00f3n:<\/strong><\/p>\n<ol>\n<li>Exposici\u00f3n, lavado y secado en una sola unidad<\/li>\n<li>Lavado autom\u00e1tico con cepillo suave especial<\/li>\n<li>Secado autom\u00e1tico<\/li>\n<li>F\u00e1cil ajuste, f\u00e1cil manejo<\/li>\n<li>Instalado con sistema de reciclaje de agua o productos qu\u00edmicos de lavado<\/li>\n<li>Fuente de luz Philips importada con espectro estable y efecto de impresi\u00f3n equilibrado.<\/li>\n<li>Jap\u00f3n Pel\u00edcula Mitsubishi<\/li>\n<li>Cepillo cuidadosamente seleccionado de dureza moderada.<\/li>\n<li>Fuente de alimentaci\u00f3n de 220 V, menor consumo de energ\u00eda, dise\u00f1o atractivo y pr\u00e1ctico, estructura totalmente de acero inoxidable, duradera y libre de \u00f3xido.<\/li>\n<li>Puede utilizarse para la fabricaci\u00f3n de planchas de fotopol\u00edmero de base met\u00e1lica. (Magn\u00e9tico)<\/li>\n<\/ol>\n<p>&nbsp;<\/p>\n<p>Exposici\u00f3n<strong> unidad de cuerpo inoxidable-apto para pol\u00edmero de lavado con agua y alcohol<\/strong><\/p>\n<table>\n<tbody>\n<tr>\n<td width=\"17.0600%\"><strong>\u00a0\u00a0Art\u00edculo<\/strong><\/td>\n<td width=\"26.0400%\"><strong>\u00c1rea de exposici\u00f3n (mm)<\/strong><strong><b>\u00a0<\/b><\/strong><\/td>\n<td width=\"27.4000%\"><strong>Medida (mm) <\/strong><\/td>\n<td width=\"13.4600%\"><strong>L\u00e1mparas<\/strong><\/td>\n<td width=\"16.0400%\"><strong>Producci\u00f3n total<\/strong><\/td>\n<\/tr>\n<tr>\n<td width=\"17.0600%\">WED6045S<\/td>\n<td width=\"26.0400%\">\u00a0\u00a0\u00a0600\u00d7450<\/td>\n<td width=\"27.4000%\">810\u00d7730\u00d7990<\/td>\n<td width=\"13.4600%\">9x40w<\/td>\n<td width=\"16.0400%\">3,2 kW<\/td>\n<\/tr>\n<\/tbody>\n<\/table>\n<p>&nbsp;<\/p>\n<p>&nbsp;<\/p>\n<p><img loading=\"lazy\" decoding=\"async\" class=\"size-full wp-image-1619\" src=\"http:\/\/apmprint.com\/wp-content\/uploads\/2023\/12\/x.jpg\" alt=\"e8010\/e1013 exposing unit (\u590d\u5236)\" width=\"800\" height=\"183\" srcset=\"https:\/\/apmprint.com\/wp-content\/uploads\/2023\/12\/x.jpg 800w, https:\/\/apmprint.com\/wp-content\/uploads\/2023\/12\/x-300x69.jpg 300w, https:\/\/apmprint.com\/wp-content\/uploads\/2023\/12\/x-768x176.jpg 768w, https:\/\/apmprint.com\/wp-content\/uploads\/2023\/12\/x-18x4.jpg 18w, https:\/\/apmprint.com\/wp-content\/uploads\/2023\/12\/x-600x137.jpg 600w\" sizes=\"auto, (max-width: 800px) 100vw, 800px\" \/><\/p>","protected":false},"excerpt":{"rendered":"<p>Description: Exposing, washing, drying all in 1 unit Auto washing with special soft brush Auto drying Easy setting, easy operation Installed with washing chemical or water recycle system Imported Philips light source with stable spectrum and balanced printing-down effect. Japan Mitsubishi film Carefully selected brush with moderate hardness. 220 V power supply, less power consumption, [&hellip;]<\/p>","protected":false},"featured_media":1618,"template":"","meta":{"_acf_changed":false,"_seopress_robots_primary_cat":"none","_seopress_titles_title":"","_seopress_titles_desc":"","_seopress_robots_index":""},"product_brand":[],"product_cat":[46],"product_tag":[71],"class_list":{"0":"post-1617","1":"product","2":"type-product","3":"status-publish","4":"has-post-thumbnail","6":"product_cat-exposing-machine","7":"product_tag-accessories","9":"first","10":"instock","11":"shipping-taxable","12":"product-type-simple"},"acf":[],"_links":{"self":[{"href":"https:\/\/apmprint.com\/es\/wp-json\/wp\/v2\/product\/1617","targetHints":{"allow":["GET"]}}],"collection":[{"href":"https:\/\/apmprint.com\/es\/wp-json\/wp\/v2\/product"}],"about":[{"href":"https:\/\/apmprint.com\/es\/wp-json\/wp\/v2\/types\/product"}],"wp:featuredmedia":[{"embeddable":true,"href":"https:\/\/apmprint.com\/es\/wp-json\/wp\/v2\/media\/1618"}],"wp:attachment":[{"href":"https:\/\/apmprint.com\/es\/wp-json\/wp\/v2\/media?parent=1617"}],"wp:term":[{"taxonomy":"product_brand","embeddable":true,"href":"https:\/\/apmprint.com\/es\/wp-json\/wp\/v2\/product_brand?post=1617"},{"taxonomy":"product_cat","embeddable":true,"href":"https:\/\/apmprint.com\/es\/wp-json\/wp\/v2\/product_cat?post=1617"},{"taxonomy":"product_tag","embeddable":true,"href":"https:\/\/apmprint.com\/es\/wp-json\/wp\/v2\/product_tag?post=1617"}],"curies":[{"name":"wp","href":"https:\/\/api.w.org\/{rel}","templated":true}]}}