{"id":1621,"date":"2023-12-20T06:23:27","date_gmt":"2023-12-20T06:23:27","guid":{"rendered":"https:\/\/apmprint.com\/?post_type=product&#038;p=1621"},"modified":"2023-12-20T06:42:03","modified_gmt":"2023-12-20T06:42:03","slug":"apm-cnc102hr-all-servo-driven-hot-stamping-machine","status":"publish","type":"product","link":"https:\/\/apmprint.com\/es\/producto\/apm-cnc102hr-all-servo-driven-hot-stamping-machine\/","title":{"rendered":"APM-CNC102HR M\u00e1quina de estampaci\u00f3n en caliente totalmente servoaccionada"},"content":{"rendered":"<p><strong>Aplicaci\u00f3n :<\/strong><\/p>\n<p>Todas las formas de botellas de vidrio, vasos, tazas. Puede estampar cualquier forma de envases por todas partes en 1 impresi\u00f3n.<\/p>\n<p>&nbsp;<\/p>\n<p><strong>Opcional: <\/strong><\/p>\n<p>Sistema de visi\u00f3n por c\u00e1mara, para productos cil\u00edndricos sin punto de registro. Repetici\u00f3n de impresi\u00f3n a varios colores.<\/p>\n<p><strong>\u00a0<\/strong><\/p>\n<p><strong>Datos t\u00e9cnicos<\/strong><\/p>\n<table>\n<tbody>\n<tr>\n<td width=\"246\">Velocidad m\u00e1xima<\/td>\n<td width=\"318\">20-30 piezas\/min<\/td>\n<\/tr>\n<tr>\n<td width=\"246\">Potencia<\/td>\n<td width=\"318\">380V, 3P 50\/60Hz<\/td>\n<\/tr>\n<tr>\n<td width=\"246\">Suministro de aire<\/td>\n<td width=\"318\">6-8Bar<\/td>\n<\/tr>\n<tr>\n<td width=\"246\"><strong>\u00a0<\/strong><\/td>\n<td width=\"318\"><strong>Contenedor redondo<\/strong><\/td>\n<\/tr>\n<tr>\n<td width=\"246\">Di\u00e1metro de impresi\u00f3n<\/td>\n<td width=\"318\">20-90 mm<\/td>\n<\/tr>\n<tr>\n<td width=\"246\">Longitud de impresi\u00f3n<\/td>\n<td width=\"318\">30-180 mm<\/td>\n<\/tr>\n<tr>\n<td width=\"246\">&nbsp;<\/td>\n<td width=\"318\"><strong>Contenedor cuadrado\/irregular<\/strong><\/td>\n<\/tr>\n<tr>\n<td width=\"246\">Anchura de impresi\u00f3n<\/td>\n<td width=\"318\">20-100 mm<\/td>\n<\/tr>\n<tr>\n<td width=\"246\">Longitud de impresi\u00f3n<\/td>\n<td width=\"318\">30-180 mm<\/td>\n<\/tr>\n<\/tbody>\n<\/table>\n<p>&nbsp;<\/p>\n<p><strong>Muestras:<\/strong><\/p>\n<p><img loading=\"lazy\" decoding=\"async\" class=\"size-full wp-image-1626\" src=\"http:\/\/apmprint.com\/wp-content\/uploads\/2023\/12\/s.jpg\" alt=\"apm cnc102hr all servo driven hot stamping machine\" width=\"800\" height=\"192\" srcset=\"https:\/\/apmprint.com\/wp-content\/uploads\/2023\/12\/s.jpg 800w, https:\/\/apmprint.com\/wp-content\/uploads\/2023\/12\/s-300x72.jpg 300w, https:\/\/apmprint.com\/wp-content\/uploads\/2023\/12\/s-768x184.jpg 768w, https:\/\/apmprint.com\/wp-content\/uploads\/2023\/12\/s-18x4.jpg 18w, https:\/\/apmprint.com\/wp-content\/uploads\/2023\/12\/s-600x144.jpg 600w\" sizes=\"auto, (max-width: 800px) 100vw, 800px\" \/><\/p>","protected":false},"excerpt":{"rendered":"<p><strong>Descripci\u00f3n general\uff1a<\/strong><\/p>\n<ol>\n<li>Cinta de carga autom\u00e1tica<\/li>\n<li>Registro mec\u00e1nico<\/li>\n<li>Accionamiento por servomotor: prerregistro, rotaci\u00f3n del producto, movimiento izquierda\/derecha del producto, movimiento arriba\/abajo del producto, enrollado de la l\u00e1mina<\/li>\n<li>Impresi\u00f3n a varias caras en un solo proceso.<\/li>\n<li>Cambio muy r\u00e1pido y sencillo de un producto a otro.<\/li>\n<li>Todos los par\u00e1metros se ajustan autom\u00e1ticamente en la pantalla t\u00e1ctil.<\/li>\n<li>Descarga autom\u00e1tica con servo robot. Descarga de botellas de pie.<\/li>\n<li>Funcionamiento seguro con CE.<\/li>\n<li>Repetir la impresi\u00f3n para que sea multicolor.<\/li>\n<\/ol>","protected":false},"featured_media":1622,"template":"","meta":{"_acf_changed":false,"_seopress_robots_primary_cat":"none","_seopress_titles_title":"","_seopress_titles_desc":"","_seopress_robots_index":""},"product_brand":[],"product_cat":[64],"product_tag":[75,74,69],"class_list":{"0":"post-1621","1":"product","2":"type-product","3":"status-publish","4":"has-post-thumbnail","6":"product_cat-auto-hot-stamping-machine","7":"product_tag-automatic","8":"product_tag-hot-stamping","9":"product_tag-servo","11":"first","12":"instock","13":"shipping-taxable","14":"product-type-simple"},"acf":[],"_links":{"self":[{"href":"https:\/\/apmprint.com\/es\/wp-json\/wp\/v2\/product\/1621","targetHints":{"allow":["GET"]}}],"collection":[{"href":"https:\/\/apmprint.com\/es\/wp-json\/wp\/v2\/product"}],"about":[{"href":"https:\/\/apmprint.com\/es\/wp-json\/wp\/v2\/types\/product"}],"wp:featuredmedia":[{"embeddable":true,"href":"https:\/\/apmprint.com\/es\/wp-json\/wp\/v2\/media\/1622"}],"wp:attachment":[{"href":"https:\/\/apmprint.com\/es\/wp-json\/wp\/v2\/media?parent=1621"}],"wp:term":[{"taxonomy":"product_brand","embeddable":true,"href":"https:\/\/apmprint.com\/es\/wp-json\/wp\/v2\/product_brand?post=1621"},{"taxonomy":"product_cat","embeddable":true,"href":"https:\/\/apmprint.com\/es\/wp-json\/wp\/v2\/product_cat?post=1621"},{"taxonomy":"product_tag","embeddable":true,"href":"https:\/\/apmprint.com\/es\/wp-json\/wp\/v2\/product_tag?post=1621"}],"curies":[{"name":"wp","href":"https:\/\/api.w.org\/{rel}","templated":true}]}}