{"id":1630,"date":"2023-12-20T06:49:03","date_gmt":"2023-12-20T06:49:03","guid":{"rendered":"https:\/\/apmprint.com\/?post_type=product&#038;p=1630"},"modified":"2023-12-20T06:56:07","modified_gmt":"2023-12-20T06:56:07","slug":"h1ct-automatic-hot-stamping-machine-for-cap-top-and-side-stamping","status":"publish","type":"product","link":"https:\/\/apmprint.com\/es\/producto\/h1ct-automatic-hot-stamping-machine-for-cap-top-and-side-stamping\/","title":{"rendered":"H1CT M\u00e1quina autom\u00e1tica de estampaci\u00f3n en caliente para la estampaci\u00f3n superior y lateral de tapones"},"content":{"rendered":"<p><strong>Aplicaci\u00f3n :<\/strong><\/p>\n<p>La m\u00e1quina est\u00e1 dise\u00f1ada especialmente para estampar en la parte superior y lateral de tapones cil\u00edndricos.<\/p>\n<p>&nbsp;<\/p>\n<p><strong><b>Datos t\u00e9cnicos<\/b><\/strong><\/p>\n<table>\n<tbody>\n<tr>\n<td>Velocidad m\u00e1xima<\/td>\n<td>20~30 piezas\/min<\/td>\n<\/tr>\n<tr>\n<td>Producto Dia.<\/td>\n<td>15-30 mm<\/td>\n<\/tr>\n<tr>\n<td>Longitud<\/td>\n<td>20-40 mm<\/td>\n<\/tr>\n<tr>\n<td>Presi\u00f3n del aire<\/td>\n<td>6-8bar<\/td>\n<\/tr>\n<tr>\n<td>Alimentaci\u00f3n<\/td>\n<td>380V, 3P. 50\/60Hz<\/td>\n<\/tr>\n<\/tbody>\n<\/table>\n<p>&nbsp;<\/p>\n<p><strong>Muestras:<\/strong><\/p>\n<figure id=\"attachment_1635\" aria-describedby=\"caption-attachment-1635\" style=\"width: 800px\" class=\"wp-caption alignnone\"><img loading=\"lazy\" decoding=\"async\" class=\"size-full wp-image-1635\" src=\"http:\/\/apmprint.com\/wp-content\/uploads\/2023\/12\/s-1.jpg\" alt=\"h1ct automatic hot stamping machine for cap top and side stamping\" width=\"800\" height=\"800\" srcset=\"https:\/\/apmprint.com\/wp-content\/uploads\/2023\/12\/s-1.jpg 800w, https:\/\/apmprint.com\/wp-content\/uploads\/2023\/12\/s-1-300x300.jpg 300w, https:\/\/apmprint.com\/wp-content\/uploads\/2023\/12\/s-1-150x150.jpg 150w, https:\/\/apmprint.com\/wp-content\/uploads\/2023\/12\/s-1-768x768.jpg 768w, https:\/\/apmprint.com\/wp-content\/uploads\/2023\/12\/s-1-12x12.jpg 12w, https:\/\/apmprint.com\/wp-content\/uploads\/2023\/12\/s-1-600x600.jpg 600w, https:\/\/apmprint.com\/wp-content\/uploads\/2023\/12\/s-1-100x100.jpg 100w\" sizes=\"auto, (max-width: 800px) 100vw, 800px\" \/><figcaption id=\"caption-attachment-1635\" class=\"wp-caption-text\">h1ct m\u00e1quina autom\u00e1tica de estampaci\u00f3n en caliente para la tapa superior y lateral de estampaci\u00f3n<\/figcaption><\/figure>","protected":false},"excerpt":{"rendered":"<p><strong>Descripci\u00f3n general\uff1a<\/strong><\/p>\n<ol>\n<li>Cinta de carga autom\u00e1tica<\/li>\n<li>dos estaciones de estampado, una para el estampado lateral y otra para el estampado superior<\/li>\n<li>Control PLC y pantalla t\u00e1ctil<\/li>\n<li>Descarga autom\u00e1tica<\/li>\n<\/ol>","protected":false},"featured_media":1631,"template":"","meta":{"_acf_changed":false,"_seopress_robots_primary_cat":"none","_seopress_titles_title":"","_seopress_titles_desc":"","_seopress_robots_index":""},"product_brand":[],"product_cat":[64],"product_tag":[75,74],"class_list":{"0":"post-1630","1":"product","2":"type-product","3":"status-publish","4":"has-post-thumbnail","6":"product_cat-auto-hot-stamping-machine","7":"product_tag-automatic","8":"product_tag-hot-stamping","10":"first","11":"instock","12":"shipping-taxable","13":"product-type-simple"},"acf":[],"_links":{"self":[{"href":"https:\/\/apmprint.com\/es\/wp-json\/wp\/v2\/product\/1630","targetHints":{"allow":["GET"]}}],"collection":[{"href":"https:\/\/apmprint.com\/es\/wp-json\/wp\/v2\/product"}],"about":[{"href":"https:\/\/apmprint.com\/es\/wp-json\/wp\/v2\/types\/product"}],"wp:featuredmedia":[{"embeddable":true,"href":"https:\/\/apmprint.com\/es\/wp-json\/wp\/v2\/media\/1631"}],"wp:attachment":[{"href":"https:\/\/apmprint.com\/es\/wp-json\/wp\/v2\/media?parent=1630"}],"wp:term":[{"taxonomy":"product_brand","embeddable":true,"href":"https:\/\/apmprint.com\/es\/wp-json\/wp\/v2\/product_brand?post=1630"},{"taxonomy":"product_cat","embeddable":true,"href":"https:\/\/apmprint.com\/es\/wp-json\/wp\/v2\/product_cat?post=1630"},{"taxonomy":"product_tag","embeddable":true,"href":"https:\/\/apmprint.com\/es\/wp-json\/wp\/v2\/product_tag?post=1630"}],"curies":[{"name":"wp","href":"https:\/\/api.w.org\/{rel}","templated":true}]}}