{"id":1658,"date":"2023-12-20T08:03:42","date_gmt":"2023-12-20T08:03:42","guid":{"rendered":"https:\/\/apmprint.com\/?post_type=product&#038;p=1658"},"modified":"2023-12-20T08:15:15","modified_gmt":"2023-12-20T08:15:15","slug":"h200b-auto-hot-stamping-machine-for-cosmetic-bottles","status":"publish","type":"product","link":"https:\/\/apmprint.com\/es\/producto\/h200b-auto-hot-stamping-machine-for-cosmetic-bottles\/","title":{"rendered":"H200B M\u00e1quina de estampaci\u00f3n en caliente autom\u00e1tica para frascos de cosm\u00e9ticos"},"content":{"rendered":"<p><strong>Aplicaci\u00f3n:<\/strong><\/p>\n<p>La H200B est\u00e1 dise\u00f1ada para la estampaci\u00f3n en caliente de frascos de cosm\u00e9ticos a altas velocidades de producci\u00f3n. La fiabilidad y la velocidad hacen que la H200B sea ideal para la producci\u00f3n fuera de l\u00ednea o en l\u00ednea 24\/7.<\/p>\n<p>&nbsp;<\/p>\n<p><strong>Datos t\u00e9cnicos:<\/strong><\/p>\n<table>\n<tbody>\n<tr>\n<td width=\"35.2800%\">Modelo<\/td>\n<td width=\"64.7200%\">H200B<\/td>\n<\/tr>\n<tr>\n<td width=\"35.2800%\">\u00c1rea m\u00e1xima de estampaci\u00f3n<\/td>\n<td width=\"64.7200%\">120\u00d780mm<\/td>\n<\/tr>\n<tr>\n<td width=\"35.2800%\">Carrera del cabezal de estampaci\u00f3n<\/td>\n<td width=\"64.7200%\">50 mm<\/td>\n<\/tr>\n<tr>\n<td width=\"35.2800%\">Altura m\u00e1xima del art\u00edculo<\/td>\n<td width=\"64.7200%\">75 mm<\/td>\n<\/tr>\n<tr>\n<td width=\"35.2800%\">Temperatura<\/td>\n<td width=\"64.7200%\">Temperatura ambiente~280\u2103<\/td>\n<\/tr>\n<tr>\n<td width=\"35.2800%\">Presi\u00f3n de estampaci\u00f3n<\/td>\n<td width=\"64.7200%\">\u2264500kgf<\/td>\n<\/tr>\n<tr>\n<td width=\"35.2800%\">M\u00e1x. Velocidad de estampaci\u00f3n<\/td>\n<td width=\"64.7200%\">30-55 piezas\/min<\/td>\n<\/tr>\n<tr>\n<td width=\"35.2800%\">Presi\u00f3n atmosf\u00e9rica<\/td>\n<td width=\"64.7200%\">4~7bar<\/td>\n<\/tr>\n<tr>\n<td width=\"35.2800%\">Consumo de aire<\/td>\n<td width=\"64.7200%\">\u226480L\/min<\/td>\n<\/tr>\n<tr>\n<td width=\"35.2800%\">Fuente de alimentaci\u00f3n<\/td>\n<td width=\"64.7200%\">220V 60Hz\/50Hz<\/td>\n<\/tr>\n<tr>\n<td width=\"35.2800%\">Potencia calor\u00edfica<\/td>\n<td width=\"64.7200%\">1000W<\/td>\n<\/tr>\n<tr>\n<td width=\"35.2800%\">Peso<\/td>\n<td width=\"64.7200%\">500 kg<\/td>\n<\/tr>\n<\/tbody>\n<\/table>\n<p>&nbsp;<\/p>\n<p><strong>Muestras:<\/strong><\/p>\n<figure id=\"attachment_1660\" aria-describedby=\"caption-attachment-1660\" style=\"width: 800px\" class=\"wp-caption alignnone\"><img loading=\"lazy\" decoding=\"async\" class=\"size-full wp-image-1660\" src=\"http:\/\/apmprint.com\/wp-content\/uploads\/2023\/12\/s-2.jpg\" alt=\"h200b auto hot stamping machine for cosmetic bottles\" width=\"800\" height=\"800\" srcset=\"https:\/\/apmprint.com\/wp-content\/uploads\/2023\/12\/s-2.jpg 800w, https:\/\/apmprint.com\/wp-content\/uploads\/2023\/12\/s-2-300x300.jpg 300w, https:\/\/apmprint.com\/wp-content\/uploads\/2023\/12\/s-2-150x150.jpg 150w, https:\/\/apmprint.com\/wp-content\/uploads\/2023\/12\/s-2-768x768.jpg 768w, https:\/\/apmprint.com\/wp-content\/uploads\/2023\/12\/s-2-12x12.jpg 12w, https:\/\/apmprint.com\/wp-content\/uploads\/2023\/12\/s-2-600x600.jpg 600w, https:\/\/apmprint.com\/wp-content\/uploads\/2023\/12\/s-2-100x100.jpg 100w\" sizes=\"auto, (max-width: 800px) 100vw, 800px\" \/><figcaption id=\"caption-attachment-1660\" class=\"wp-caption-text\">h200b auto m\u00e1quina de estampaci\u00f3n en caliente para botellas de cosm\u00e9ticos<\/figcaption><\/figure>","protected":false},"excerpt":{"rendered":"<p><strong>Descripci\u00f3n<\/strong><strong>:<\/strong><\/p>\n<ol>\n<li>Sistema de carga autom\u00e1tica con cinta transportadora.Alimentador autom\u00e1tico opcional.<\/li>\n<li>Limpieza antiest\u00e1tica del polvo antes de estampar<\/li>\n<li>Indexador de alta precisi\u00f3n<\/li>\n<li>Preinscripci\u00f3n autom\u00e1tica opcional<\/li>\n<li>Cabezal de estampaci\u00f3n servoaccionado con profundidad de estampaci\u00f3n ajustable para plantillas individuales (opcional).<\/li>\n<li>Casa de m\u00e1quinas bien construida con la demanda CE para la producci\u00f3n de seguridad.<\/li>\n<li>Control PLC fiable con pantalla t\u00e1ctil.<\/li>\n<\/ol>","protected":false},"featured_media":1661,"template":"","meta":{"_acf_changed":false,"_seopress_robots_primary_cat":"none","_seopress_titles_title":"","_seopress_titles_desc":"","_seopress_robots_index":""},"product_brand":[],"product_cat":[64],"product_tag":[75,74],"class_list":{"0":"post-1658","1":"product","2":"type-product","3":"status-publish","4":"has-post-thumbnail","6":"product_cat-auto-hot-stamping-machine","7":"product_tag-automatic","8":"product_tag-hot-stamping","10":"first","11":"instock","12":"shipping-taxable","13":"product-type-simple"},"acf":[],"_links":{"self":[{"href":"https:\/\/apmprint.com\/es\/wp-json\/wp\/v2\/product\/1658","targetHints":{"allow":["GET"]}}],"collection":[{"href":"https:\/\/apmprint.com\/es\/wp-json\/wp\/v2\/product"}],"about":[{"href":"https:\/\/apmprint.com\/es\/wp-json\/wp\/v2\/types\/product"}],"wp:featuredmedia":[{"embeddable":true,"href":"https:\/\/apmprint.com\/es\/wp-json\/wp\/v2\/media\/1661"}],"wp:attachment":[{"href":"https:\/\/apmprint.com\/es\/wp-json\/wp\/v2\/media?parent=1658"}],"wp:term":[{"taxonomy":"product_brand","embeddable":true,"href":"https:\/\/apmprint.com\/es\/wp-json\/wp\/v2\/product_brand?post=1658"},{"taxonomy":"product_cat","embeddable":true,"href":"https:\/\/apmprint.com\/es\/wp-json\/wp\/v2\/product_cat?post=1658"},{"taxonomy":"product_tag","embeddable":true,"href":"https:\/\/apmprint.com\/es\/wp-json\/wp\/v2\/product_tag?post=1658"}],"curies":[{"name":"wp","href":"https:\/\/api.w.org\/{rel}","templated":true}]}}