{"id":1675,"date":"2023-12-20T08:40:07","date_gmt":"2023-12-20T08:40:07","guid":{"rendered":"https:\/\/apmprint.com\/?post_type=product&#038;p=1675"},"modified":"2024-01-03T01:34:57","modified_gmt":"2024-01-03T01:34:57","slug":"h200r-automatic-heat-transfer-machine-for-glass-bottles","status":"publish","type":"product","link":"https:\/\/apmprint.com\/es\/producto\/h200r-automatic-heat-transfer-machine-for-glass-bottles\/","title":{"rendered":"H200R m\u00e1quina autom\u00e1tica de transferencia t\u00e9rmica para botellas de vidrio"},"content":{"rendered":"<p><strong>Aplicaci\u00f3n:<\/strong><\/p>\n<p>Transferencia t\u00e9rmica de botellas de vidrio<\/p>\n<p>&nbsp;<\/p>\n<p><strong>Datos t\u00e9cnicos<\/strong><\/p>\n<table>\n<tbody>\n<tr>\n<td width=\"247\"><strong><b>Modelo<\/b><\/strong><\/td>\n<td width=\"202\"><strong><b>H200R<\/b><\/strong><\/td>\n<\/tr>\n<tr>\n<td width=\"247\">\u00c1rea m\u00e1xima de impresi\u00f3n<\/td>\n<td width=\"202\">120\u00d780mm<\/td>\n<\/tr>\n<tr>\n<td width=\"247\">Trazo del cabezal de impresi\u00f3n<\/td>\n<td width=\"202\">50 mm<\/td>\n<\/tr>\n<tr>\n<td width=\"247\">Altura m\u00e1xima del art\u00edculo<\/td>\n<td width=\"202\">75 mm<\/td>\n<\/tr>\n<tr>\n<td width=\"247\">Temperatura<\/td>\n<td width=\"202\">Temperatura ambiente~280\u2103<\/td>\n<\/tr>\n<tr>\n<td width=\"247\">Presi\u00f3n de impresi\u00f3n<\/td>\n<td width=\"202\">\u2264500kgf<\/td>\n<\/tr>\n<\/tbody>\n<\/table>\n<p>&nbsp;<\/p>\n<p><strong>Muestras:<\/strong><\/p>\n<p><img loading=\"lazy\" decoding=\"async\" class=\"size-full wp-image-1668\" src=\"http:\/\/apmprint.com\/wp-content\/uploads\/2023\/12\/s-3.jpg\" alt=\"h200m automatic hot stamping machine\" width=\"800\" height=\"557\" srcset=\"https:\/\/apmprint.com\/wp-content\/uploads\/2023\/12\/s-3.jpg 800w, https:\/\/apmprint.com\/wp-content\/uploads\/2023\/12\/s-3-300x209.jpg 300w, https:\/\/apmprint.com\/wp-content\/uploads\/2023\/12\/s-3-768x535.jpg 768w, https:\/\/apmprint.com\/wp-content\/uploads\/2023\/12\/s-3-18x12.jpg 18w, https:\/\/apmprint.com\/wp-content\/uploads\/2023\/12\/s-3-600x418.jpg 600w\" sizes=\"auto, (max-width: 800px) 100vw, 800px\" \/><\/p>","protected":false},"excerpt":{"rendered":"<p><strong>Descripci\u00f3n:<\/strong><\/p>\n<ol>\n<li>Estampadora de 8 estaciones<\/li>\n<li>Estampaci\u00f3n con rodillo<\/li>\n<li>Cinta de carga y descarga autom\u00e1tica<\/li>\n<li>Control PLC y pantalla t\u00e1ctil<\/li>\n<li>Norma CE<\/li>\n<\/ol>\n<ol>\n<li>Cabezal de estampaci\u00f3n servoaccionado izquierda\/derecha.<\/li>\n<li>Control PLC Delta y pantalla t\u00e1ctil Delta<\/li>\n<li>Descarga autom\u00e1tica con contador<\/li>\n<\/ol>","protected":false},"featured_media":1676,"template":"","meta":{"_acf_changed":false,"_seopress_robots_primary_cat":"none","_seopress_titles_title":"","_seopress_titles_desc":"","_seopress_robots_index":""},"product_brand":[],"product_cat":[36,64],"product_tag":[75,74],"class_list":{"0":"post-1675","1":"product","2":"type-product","3":"status-publish","4":"has-post-thumbnail","6":"product_cat-auto-heat-transfer-machine","7":"product_cat-auto-hot-stamping-machine","8":"product_tag-automatic","9":"product_tag-hot-stamping","11":"first","12":"instock","13":"shipping-taxable","14":"product-type-simple"},"acf":[],"_links":{"self":[{"href":"https:\/\/apmprint.com\/es\/wp-json\/wp\/v2\/product\/1675","targetHints":{"allow":["GET"]}}],"collection":[{"href":"https:\/\/apmprint.com\/es\/wp-json\/wp\/v2\/product"}],"about":[{"href":"https:\/\/apmprint.com\/es\/wp-json\/wp\/v2\/types\/product"}],"wp:featuredmedia":[{"embeddable":true,"href":"https:\/\/apmprint.com\/es\/wp-json\/wp\/v2\/media\/1676"}],"wp:attachment":[{"href":"https:\/\/apmprint.com\/es\/wp-json\/wp\/v2\/media?parent=1675"}],"wp:term":[{"taxonomy":"product_brand","embeddable":true,"href":"https:\/\/apmprint.com\/es\/wp-json\/wp\/v2\/product_brand?post=1675"},{"taxonomy":"product_cat","embeddable":true,"href":"https:\/\/apmprint.com\/es\/wp-json\/wp\/v2\/product_cat?post=1675"},{"taxonomy":"product_tag","embeddable":true,"href":"https:\/\/apmprint.com\/es\/wp-json\/wp\/v2\/product_tag?post=1675"}],"curies":[{"name":"wp","href":"https:\/\/api.w.org\/{rel}","templated":true}]}}