{"id":1693,"date":"2023-12-20T09:18:59","date_gmt":"2023-12-20T09:18:59","guid":{"rendered":"https:\/\/apmprint.com\/?post_type=product&#038;p=1693"},"modified":"2023-12-20T09:26:36","modified_gmt":"2023-12-20T09:26:36","slug":"cap44-automatic-pad-printer-for-caps","status":"publish","type":"product","link":"https:\/\/apmprint.com\/es\/producto\/cap44-automatic-pad-printer-for-caps\/","title":{"rendered":"CAP44 Impresora autom\u00e1tica de tapones"},"content":{"rendered":"<p><strong>Aplicaci\u00f3n:<\/strong><\/p>\n<p>Tapas de bebidas, tapones de vino, tapones de medicamentos, tapones de aceite<\/p>\n<p>&nbsp;<\/p>\n<p><strong>Descripci\u00f3n:<\/strong><\/p>\n<ul>\n<li>Carga autom\u00e1tica con tolva y sistema de carga especial<\/li>\n<li>Tratamiento de llama autom\u00e1tico con encendido el\u00e9ctrico<\/li>\n<li>Impresi\u00f3n en 1-4 colores<\/li>\n<li>Sistema de calentamiento autom\u00e1tico tras la impresi\u00f3n para secar los tapones<\/li>\n<li>Cinta transportadora motorizada, cadena transportadora made in Japan<\/li>\n<\/ul>\n<p>&nbsp;<\/p>\n<p><strong>Muestras:<\/strong><\/p>\n<p><img loading=\"lazy\" decoding=\"async\" class=\"size-full wp-image-1696\" src=\"http:\/\/apmprint.com\/wp-content\/uploads\/2023\/12\/s-6.jpg\" alt=\"cap42 automatic pad printer for caps (\u590d\u5236)\" width=\"800\" height=\"800\" srcset=\"https:\/\/apmprint.com\/wp-content\/uploads\/2023\/12\/s-6.jpg 800w, https:\/\/apmprint.com\/wp-content\/uploads\/2023\/12\/s-6-300x300.jpg 300w, https:\/\/apmprint.com\/wp-content\/uploads\/2023\/12\/s-6-150x150.jpg 150w, https:\/\/apmprint.com\/wp-content\/uploads\/2023\/12\/s-6-768x768.jpg 768w, https:\/\/apmprint.com\/wp-content\/uploads\/2023\/12\/s-6-12x12.jpg 12w, https:\/\/apmprint.com\/wp-content\/uploads\/2023\/12\/s-6-600x600.jpg 600w, https:\/\/apmprint.com\/wp-content\/uploads\/2023\/12\/s-6-100x100.jpg 100w\" sizes=\"auto, (max-width: 800px) 100vw, 800px\" \/><\/p>","protected":false},"excerpt":{"rendered":"<p><strong>Caps Master<\/strong>\u00a0<strong>CAP44<\/strong>\u00a0es un sistema de tampograf\u00eda totalmente autom\u00e1tico para la impresi\u00f3n de tapones. Combina carga autom\u00e1tica, bloqueo de tapones, tratamiento con llama, impresi\u00f3n, secado y descarga, todo en un solo sistema. Su f\u00e1cil configuraci\u00f3n y su funcionamiento r\u00e1pido y duradero hacen que <strong>Caps Master<\/strong>\u00a0<strong>CAP44<\/strong>\u00a0una soluci\u00f3n estable y econ\u00f3mica para la impresi\u00f3n de tapones.<\/p>","protected":false},"featured_media":1697,"template":"","meta":{"_acf_changed":false,"_seopress_robots_primary_cat":"none","_seopress_titles_title":"","_seopress_titles_desc":"","_seopress_robots_index":""},"product_brand":[],"product_cat":[35],"product_tag":[75,76],"class_list":{"0":"post-1693","1":"product","2":"type-product","3":"status-publish","4":"has-post-thumbnail","6":"product_cat-auto-pad-printer","7":"product_tag-automatic","8":"product_tag-pad-printer","10":"first","11":"instock","12":"shipping-taxable","13":"product-type-simple"},"acf":[],"_links":{"self":[{"href":"https:\/\/apmprint.com\/es\/wp-json\/wp\/v2\/product\/1693","targetHints":{"allow":["GET"]}}],"collection":[{"href":"https:\/\/apmprint.com\/es\/wp-json\/wp\/v2\/product"}],"about":[{"href":"https:\/\/apmprint.com\/es\/wp-json\/wp\/v2\/types\/product"}],"wp:featuredmedia":[{"embeddable":true,"href":"https:\/\/apmprint.com\/es\/wp-json\/wp\/v2\/media\/1697"}],"wp:attachment":[{"href":"https:\/\/apmprint.com\/es\/wp-json\/wp\/v2\/media?parent=1693"}],"wp:term":[{"taxonomy":"product_brand","embeddable":true,"href":"https:\/\/apmprint.com\/es\/wp-json\/wp\/v2\/product_brand?post=1693"},{"taxonomy":"product_cat","embeddable":true,"href":"https:\/\/apmprint.com\/es\/wp-json\/wp\/v2\/product_cat?post=1693"},{"taxonomy":"product_tag","embeddable":true,"href":"https:\/\/apmprint.com\/es\/wp-json\/wp\/v2\/product_tag?post=1693"}],"curies":[{"name":"wp","href":"https:\/\/api.w.org\/{rel}","templated":true}]}}