{"id":1701,"date":"2023-12-20T09:28:44","date_gmt":"2023-12-20T09:28:44","guid":{"rendered":"https:\/\/apmprint.com\/?post_type=product&#038;p=1701"},"modified":"2023-12-20T09:31:31","modified_gmt":"2023-12-20T09:31:31","slug":"cap88-1-4-colors-automatic-caps-print-master","status":"publish","type":"product","link":"https:\/\/apmprint.com\/es\/producto\/cap88-1-4-colors-automatic-caps-print-master\/","title":{"rendered":"CAP88 Patr\u00f3n de impresi\u00f3n autom\u00e1tica de tapones de 1 a 4 colores"},"content":{"rendered":"<p><strong>Aplicaci\u00f3n:<\/strong><\/p>\n<p>Tapas para bebidas, vino, medicamentos y aceite<strong>ps<\/strong><\/p>\n<p><strong>\u00a0<\/strong><\/p>\n<p><strong>Descripci\u00f3n:<\/strong><\/p>\n<p>Carga autom\u00e1tica con tolva y sistema de carga mec\u00e1nica<\/p>\n<p>Tratamiento de llama autom\u00e1tico con encendido el\u00e9ctrico y sistema de escape de aire<\/p>\n<p>Impresi\u00f3n de 1 a 4 colores, cabezal servoaccionado<\/p>\n<p>Limpieza autom\u00e1tica del tamp\u00f3n para mejorar la calidad de impresi\u00f3n<\/p>\n<p>Sistema de calentamiento autom\u00e1tico tras la impresi\u00f3n para secar los tapones<\/p>\n<p>Transportador servoaccionado, cadena transportadora fabricada en Jap\u00f3n con la mejor precisi\u00f3n<\/p>\n<p>Descarga autom\u00e1tica<\/p>\n<p>Cierre de m\u00e1quina bien construido<\/p>\n<p>Funcionamiento seguro con la norma CE<\/p>\n<p>Control PLC, pantalla t\u00e1ctil<\/p>\n<p>&nbsp;<\/p>\n<p><strong>Datos t\u00e9cnicos<\/strong><\/p>\n<table>\n<tbody>\n<tr>\n<td rowspan=\"4\" width=\"18.6600%\">CAP88<\/td>\n<td width=\"22.0200%\">Tama\u00f1o del plato<\/td>\n<td width=\"23.2000%\">1~4 Colores<\/td>\n<td width=\"36.1000%\">Velocidad m\u00e1xima (piezas\/h)<\/td>\n<\/tr>\n<tr>\n<td rowspan=\"3\" width=\"22.0200%\">200x200mm<\/td>\n<td width=\"23.2000%\">1 color<\/td>\n<td width=\"36.1000%\">45000pcs\/hr para tapones de 28mm<\/td>\n<\/tr>\n<tr>\n<td width=\"23.2000%\">2 colores<\/td>\n<td width=\"36.1000%\">30000pcs\/hr para tapones de 28mm<\/td>\n<\/tr>\n<tr>\n<td width=\"23.2000%\">3 o 4 colores<\/td>\n<td width=\"36.1000%\">10000-20000pcs\/hr para tapones de 28mm<\/td>\n<\/tr>\n<\/tbody>\n<\/table>\n<p>&nbsp;<\/p>\n<p><strong>Muestras:<\/strong><\/p>\n<p><img loading=\"lazy\" decoding=\"async\" class=\"size-full wp-image-1696\" src=\"http:\/\/apmprint.com\/wp-content\/uploads\/2023\/12\/s-6.jpg\" alt=\"cap42 automatic pad printer for caps (\u590d\u5236)\" width=\"800\" height=\"800\" srcset=\"https:\/\/apmprint.com\/wp-content\/uploads\/2023\/12\/s-6.jpg 800w, https:\/\/apmprint.com\/wp-content\/uploads\/2023\/12\/s-6-300x300.jpg 300w, https:\/\/apmprint.com\/wp-content\/uploads\/2023\/12\/s-6-150x150.jpg 150w, https:\/\/apmprint.com\/wp-content\/uploads\/2023\/12\/s-6-768x768.jpg 768w, https:\/\/apmprint.com\/wp-content\/uploads\/2023\/12\/s-6-12x12.jpg 12w, https:\/\/apmprint.com\/wp-content\/uploads\/2023\/12\/s-6-600x600.jpg 600w, https:\/\/apmprint.com\/wp-content\/uploads\/2023\/12\/s-6-100x100.jpg 100w\" sizes=\"auto, (max-width: 800px) 100vw, 800px\" \/><\/p>","protected":false},"excerpt":{"rendered":"<p><strong>CAP88 Caps Master <\/strong>es un sistema de tampograf\u00eda totalmente autom\u00e1tico para la impresi\u00f3n de tapones. Combina carga autom\u00e1tica, bloqueo de tapones, tratamiento con llama, impresi\u00f3n, secado y descarga, todo en un solo sistema. Su f\u00e1cil configuraci\u00f3n y su funcionamiento r\u00e1pido y duradero hacen de Caps Master una soluci\u00f3n estable y econ\u00f3mica para la impresi\u00f3n de tapones.<\/p>","protected":false},"featured_media":1702,"template":"","meta":{"_acf_changed":false,"_seopress_robots_primary_cat":"none","_seopress_titles_title":"","_seopress_titles_desc":"","_seopress_robots_index":""},"product_brand":[],"product_cat":[35],"product_tag":[75,76],"class_list":{"0":"post-1701","1":"product","2":"type-product","3":"status-publish","4":"has-post-thumbnail","6":"product_cat-auto-pad-printer","7":"product_tag-automatic","8":"product_tag-pad-printer","10":"first","11":"instock","12":"shipping-taxable","13":"product-type-simple"},"acf":[],"_links":{"self":[{"href":"https:\/\/apmprint.com\/es\/wp-json\/wp\/v2\/product\/1701","targetHints":{"allow":["GET"]}}],"collection":[{"href":"https:\/\/apmprint.com\/es\/wp-json\/wp\/v2\/product"}],"about":[{"href":"https:\/\/apmprint.com\/es\/wp-json\/wp\/v2\/types\/product"}],"wp:featuredmedia":[{"embeddable":true,"href":"https:\/\/apmprint.com\/es\/wp-json\/wp\/v2\/media\/1702"}],"wp:attachment":[{"href":"https:\/\/apmprint.com\/es\/wp-json\/wp\/v2\/media?parent=1701"}],"wp:term":[{"taxonomy":"product_brand","embeddable":true,"href":"https:\/\/apmprint.com\/es\/wp-json\/wp\/v2\/product_brand?post=1701"},{"taxonomy":"product_cat","embeddable":true,"href":"https:\/\/apmprint.com\/es\/wp-json\/wp\/v2\/product_cat?post=1701"},{"taxonomy":"product_tag","embeddable":true,"href":"https:\/\/apmprint.com\/es\/wp-json\/wp\/v2\/product_tag?post=1701"}],"curies":[{"name":"wp","href":"https:\/\/api.w.org\/{rel}","templated":true}]}}