{"id":1704,"date":"2023-12-20T09:39:54","date_gmt":"2023-12-20T09:39:54","guid":{"rendered":"https:\/\/apmprint.com\/?post_type=product&#038;p=1704"},"modified":"2024-01-03T01:33:06","modified_gmt":"2024-01-03T01:33:06","slug":"apm-s1h1a-one-color-screen-printing-and-1-color-hot-stamping-machine-for-flat-products","status":"publish","type":"product","link":"https:\/\/apmprint.com\/es\/producto\/apm-s1h1a-one-color-screen-printing-and-1-color-hot-stamping-machine-for-flat-products\/","title":{"rendered":"APM-S1H1A m\u00e1quina de serigraf\u00eda a 1 color y estampaci\u00f3n en caliente a 1 color para productos planos"},"content":{"rendered":"<p><strong>Aplicaci\u00f3n:<\/strong><\/p>\n<p>En <strong>S<\/strong><strong>1<\/strong><strong>H1<\/strong><strong>A<\/strong>\u00a0est\u00e1 dise\u00f1ado para la serigraf\u00eda y la estampaci\u00f3n en caliente de <strong>tapones cosm\u00e9ticos <\/strong>a altas velocidades de producci\u00f3n. Es adecuada para <strong>pl\u00e1stico<\/strong>\u00a0<strong>tapa<\/strong><strong>s <\/strong>impresi\u00f3n con <strong>Tinta UV<\/strong>. Fiabilidad y velocidad hacen que el <strong>S<\/strong><strong>1<\/strong><strong>H1<\/strong><strong>A <\/strong>ideal para la producci\u00f3n en l\u00ednea o fuera de l\u00ednea 24 horas al d\u00eda, 7 d\u00edas a la semana.<\/p>\n<p>&nbsp;<\/p>\n<p><strong>Datos t\u00e9cnicos:<\/strong><\/p>\n<p>Di\u00e1metro m\u00e1ximo de impresi\u00f3n: 60 mm<\/p>\n<p>(m\u00e1quina de mayor di\u00e1metro disponible con coste adicional)<\/p>\n<p>Velocidad m\u00e1xima de impresi\u00f3n: 2400-3600pcs\/hr<\/p>\n<p>&nbsp;<\/p>\n<p><strong>Muestras:<\/strong><\/p>\n<p><img loading=\"lazy\" decoding=\"async\" class=\"size-full wp-image-1706\" src=\"http:\/\/apmprint.com\/wp-content\/uploads\/2023\/12\/s-7.jpg\" alt=\"apm s1h1a one color screen printing and 1 color hot stamping machine for flat products\" width=\"800\" height=\"601\" srcset=\"https:\/\/apmprint.com\/wp-content\/uploads\/2023\/12\/s-7.jpg 800w, https:\/\/apmprint.com\/wp-content\/uploads\/2023\/12\/s-7-300x225.jpg 300w, https:\/\/apmprint.com\/wp-content\/uploads\/2023\/12\/s-7-768x577.jpg 768w, https:\/\/apmprint.com\/wp-content\/uploads\/2023\/12\/s-7-16x12.jpg 16w, https:\/\/apmprint.com\/wp-content\/uploads\/2023\/12\/s-7-600x451.jpg 600w\" sizes=\"auto, (max-width: 800px) 100vw, 800px\" \/><\/p>\n<p>&nbsp;<\/p>","protected":false},"excerpt":{"rendered":"<p><strong>Descripci\u00f3n:<\/strong><\/p>\n<ol>\n<li>Carga autom\u00e1tica con cinta<\/li>\n<li>Auto flameado<\/li>\n<li>Impresi\u00f3n en 3 colores en 1 proceso<\/li>\n<li>Sistema UV de alta eficiencia (3 kW), sistema UV instalado con persiana<\/li>\n<li>Sin piezas sin funci\u00f3n de impresi\u00f3n<\/li>\n<li>Indexador de alta precisi\u00f3n<\/li>\n<li>Descarga autom\u00e1tica con cinta<\/li>\n<li>Casa de m\u00e1quinas bien construida con dise\u00f1o de seguridad seg\u00fan la norma CE<\/li>\n<li>Control PLC con pantalla t\u00e1ctil<\/li>\n<\/ol>","protected":false},"featured_media":1705,"template":"","meta":{"_acf_changed":false,"_seopress_robots_primary_cat":"none","_seopress_titles_title":"","_seopress_titles_desc":"","_seopress_robots_index":""},"product_brand":[],"product_cat":[34,32],"product_tag":[75,79,78],"class_list":{"0":"post-1704","1":"product","2":"type-product","3":"status-publish","4":"has-post-thumbnail","6":"product_cat-auto-flat-printing-machine","7":"product_cat-auto-screen-print-hot-stamp","8":"product_tag-automatic","9":"product_tag-hot-stamping-machine","10":"product_tag-screen-printer","12":"first","13":"instock","14":"shipping-taxable","15":"product-type-simple"},"acf":[],"_links":{"self":[{"href":"https:\/\/apmprint.com\/es\/wp-json\/wp\/v2\/product\/1704","targetHints":{"allow":["GET"]}}],"collection":[{"href":"https:\/\/apmprint.com\/es\/wp-json\/wp\/v2\/product"}],"about":[{"href":"https:\/\/apmprint.com\/es\/wp-json\/wp\/v2\/types\/product"}],"wp:featuredmedia":[{"embeddable":true,"href":"https:\/\/apmprint.com\/es\/wp-json\/wp\/v2\/media\/1705"}],"wp:attachment":[{"href":"https:\/\/apmprint.com\/es\/wp-json\/wp\/v2\/media?parent=1704"}],"wp:term":[{"taxonomy":"product_brand","embeddable":true,"href":"https:\/\/apmprint.com\/es\/wp-json\/wp\/v2\/product_brand?post=1704"},{"taxonomy":"product_cat","embeddable":true,"href":"https:\/\/apmprint.com\/es\/wp-json\/wp\/v2\/product_cat?post=1704"},{"taxonomy":"product_tag","embeddable":true,"href":"https:\/\/apmprint.com\/es\/wp-json\/wp\/v2\/product_tag?post=1704"}],"curies":[{"name":"wp","href":"https:\/\/api.w.org\/{rel}","templated":true}]}}