{"id":1713,"date":"2023-12-20T10:00:26","date_gmt":"2023-12-20T10:00:26","guid":{"rendered":"https:\/\/apmprint.com\/?post_type=product&#038;p=1713"},"modified":"2023-12-20T10:15:56","modified_gmt":"2023-12-20T10:15:56","slug":"ss106sh-automatic-servo-screen-printing-and-hot-stamping-machine","status":"publish","type":"product","link":"https:\/\/apmprint.com\/es\/producto\/ss106sh-automatic-servo-screen-printing-and-hot-stamping-machine\/","title":{"rendered":"SS106SH M\u00e1quina servo autom\u00e1tica de serigraf\u00eda y estampaci\u00f3n en caliente"},"content":{"rendered":"<p><strong>Aplicaci\u00f3n:<\/strong><\/p>\n<p>tapones de vino<\/p>\n<p>&nbsp;<\/p>\n<p><strong>Descripci\u00f3n:<\/strong><\/p>\n<ol>\n<li>Sistema de carga totalmente autom\u00e1tico.<\/li>\n<li>Auto flameado<\/li>\n<li>Limpiar el polvo<\/li>\n<li>Todas las impresoras de serigraf\u00eda\/estampaci\u00f3n en caliente servoaccionadas con la mejor precisi\u00f3n:<\/li>\n<\/ol>\n<p>*marcos de malla accionados por servomotores<\/p>\n<p>*todas las plantillas se instalan con servomotores para la rotaci\u00f3n (sin necesidad de engranajes, cambio de productos f\u00e1cil y r\u00e1pido)<\/p>\n<ol start=\"6\">\n<li>impresi\u00f3n multicolor en 1 proceso, con estampado en la parte superior de la tapa<\/li>\n<li>Sistema de visi\u00f3n por c\u00e1mara (CCD) <strong>opcional<\/strong>Para productos cil\u00edndricos sin punto de registro, la repetici\u00f3n de impresi\u00f3n debe ser de dos colores.<\/li>\n<li>Cambio r\u00e1pido y sencillo de un producto a otro. Todos los par\u00e1metros se ajustan autom\u00e1ticamente en la pantalla t\u00e1ctil.<\/li>\n<li>Secado autom\u00e1tico UV o LED despu\u00e9s de cada impresi\u00f3n en color.<\/li>\n<li>Descarga autom\u00e1tica.<\/li>\n<li>Casa de m\u00e1quinas bien construida con dise\u00f1o de seguridad est\u00e1ndar CE.<\/li>\n<\/ol>\n<p>&nbsp;<\/p>\n<p><strong>Observaciones:<\/strong><\/p>\n<p>Idioma: Chino, ingl\u00e9s y lengua local opcionales.<\/p>\n<p>El comprador ayudar\u00e1 a traducir los paneles al idioma local<\/p>\n<p>&nbsp;<\/p>\n<p><strong>Datos t\u00e9cnicos<\/strong><\/p>\n<table>\n<tbody>\n<tr>\n<td width=\"207\">Par\u00e1metro\/art\u00edculo<\/td>\n<td width=\"321\">SS106<\/td>\n<\/tr>\n<tr>\n<td width=\"207\">potencia<\/td>\n<td width=\"321\">380V, 3P 50\/60Hz<\/td>\n<\/tr>\n<tr>\n<td width=\"207\">Consumo de aire<\/td>\n<td width=\"321\">6-8bar<\/td>\n<\/tr>\n<tr>\n<td width=\"207\">Velocidad m\u00e1xima de impresi\u00f3n<\/td>\n<td width=\"321\">40-60pcs\/min (con sello\/lacker la velocidad es m\u00e1s lenta, s\u00f3lo serigraf\u00eda mayor velocidad).<\/td>\n<\/tr>\n<tr>\n<td width=\"207\">Di\u00e1metro m\u00e1x. de impresi\u00f3n<\/td>\n<td width=\"321\">40 mm<\/td>\n<\/tr>\n<tr>\n<td width=\"207\">Circunstancia de impresi\u00f3n m\u00e1x.<\/td>\n<td width=\"321\">120 mm<\/td>\n<\/tr>\n<tr>\n<td width=\"207\">Altura m\u00e1x. del producto<\/td>\n<td width=\"321\">70 mm<\/td>\n<\/tr>\n<\/tbody>\n<\/table>\n<p><strong>\u00a0\u00a0<\/strong><\/p>\n<p><strong><b>MARCA DE LAS PIEZAS PRINCIPALES<\/b><\/strong><\/p>\n<table>\n<tbody>\n<tr>\n<td><strong><b>SISTEMAS DE CONTROL<\/b><\/strong><\/td>\n<td>YASKAMA PLC<\/td>\n<td>JAP\u00d3N<\/td>\n<\/tr>\n<tr>\n<td><strong><b>PANTALLA T\u00c1CTIL <\/b><\/strong><\/td>\n<td>WEINVIEW<\/td>\n<td>TAIW\u00c1N<\/td>\n<\/tr>\n<tr>\n<td><strong><b>SERVOSISTEMAS<\/b><\/strong><\/td>\n<td>YASKAMA<\/td>\n<td>JAP\u00d3N<\/td>\n<\/tr>\n<tr>\n<td><strong><b>\u00cdNDICE<\/b><\/strong><\/td>\n<td>\u00cdNDICE<\/td>\n<td>JAP\u00d3N<\/td>\n<\/tr>\n<tr>\n<td><strong><b>PIEZAS EL\u00c9CTRICAS<\/b><\/strong><\/td>\n<td>OMRON\/SCHNEIDER<\/td>\n<td>JAP\u00d3N\/FRANCIA<\/td>\n<\/tr>\n<tr>\n<td><strong><b>PIEZAS NEUM\u00c1TICAS<\/b><\/strong><\/td>\n<td>SMC\/AIRTAC<\/td>\n<td>JAP\u00d3N\/Taiw\u00e1n<\/td>\n<\/tr>\n<\/tbody>\n<\/table>\n<p><strong><b>\u00a0<\/b><\/strong><\/p>\n<p><strong>Muestras:<\/strong><\/p>\n<p><img loading=\"lazy\" decoding=\"async\" class=\"size-full wp-image-1715\" src=\"http:\/\/apmprint.com\/wp-content\/uploads\/2023\/12\/s-9.jpg\" alt=\"ss106sh automatic servo screen printing and hot stamping machine\" width=\"800\" height=\"551\" srcset=\"https:\/\/apmprint.com\/wp-content\/uploads\/2023\/12\/s-9.jpg 800w, https:\/\/apmprint.com\/wp-content\/uploads\/2023\/12\/s-9-300x207.jpg 300w, https:\/\/apmprint.com\/wp-content\/uploads\/2023\/12\/s-9-768x529.jpg 768w, https:\/\/apmprint.com\/wp-content\/uploads\/2023\/12\/s-9-18x12.jpg 18w, https:\/\/apmprint.com\/wp-content\/uploads\/2023\/12\/s-9-600x413.jpg 600w\" sizes=\"auto, (max-width: 800px) 100vw, 800px\" \/><\/p>\n<p>&nbsp;<\/p>","protected":false},"excerpt":{"rendered":"<p><strong>Aplicaci\u00f3n:<\/strong><\/p>\n<p>tapones de vino<\/p>","protected":false},"featured_media":1716,"template":"","meta":{"_acf_changed":false,"_seopress_robots_primary_cat":"none","_seopress_titles_title":"","_seopress_titles_desc":"","_seopress_robots_index":""},"product_brand":[],"product_cat":[32],"product_tag":[75,79,78],"class_list":{"0":"post-1713","1":"product","2":"type-product","3":"status-publish","4":"has-post-thumbnail","6":"product_cat-auto-screen-print-hot-stamp","7":"product_tag-automatic","8":"product_tag-hot-stamping-machine","9":"product_tag-screen-printer","11":"first","12":"instock","13":"shipping-taxable","14":"product-type-simple"},"acf":[],"_links":{"self":[{"href":"https:\/\/apmprint.com\/es\/wp-json\/wp\/v2\/product\/1713","targetHints":{"allow":["GET"]}}],"collection":[{"href":"https:\/\/apmprint.com\/es\/wp-json\/wp\/v2\/product"}],"about":[{"href":"https:\/\/apmprint.com\/es\/wp-json\/wp\/v2\/types\/product"}],"wp:featuredmedia":[{"embeddable":true,"href":"https:\/\/apmprint.com\/es\/wp-json\/wp\/v2\/media\/1716"}],"wp:attachment":[{"href":"https:\/\/apmprint.com\/es\/wp-json\/wp\/v2\/media?parent=1713"}],"wp:term":[{"taxonomy":"product_brand","embeddable":true,"href":"https:\/\/apmprint.com\/es\/wp-json\/wp\/v2\/product_brand?post=1713"},{"taxonomy":"product_cat","embeddable":true,"href":"https:\/\/apmprint.com\/es\/wp-json\/wp\/v2\/product_cat?post=1713"},{"taxonomy":"product_tag","embeddable":true,"href":"https:\/\/apmprint.com\/es\/wp-json\/wp\/v2\/product_tag?post=1713"}],"curies":[{"name":"wp","href":"https:\/\/api.w.org\/{rel}","templated":true}]}}