{"id":1731,"date":"2023-12-21T02:27:02","date_gmt":"2023-12-21T02:27:02","guid":{"rendered":"https:\/\/apmprint.com\/?post_type=product&#038;p=1731"},"modified":"2024-01-03T01:35:33","modified_gmt":"2024-01-03T01:35:33","slug":"h100-automatic-heat-transfer-machine","status":"publish","type":"product","link":"https:\/\/apmprint.com\/es\/producto\/h100-automatic-heat-transfer-machine\/","title":{"rendered":"H100 M\u00e1quina autom\u00e1tica de transferencia t\u00e9rmica"},"content":{"rendered":"<p><strong>Aplicaci\u00f3n:<\/strong><\/p>\n<p>Producto cil\u00edndrico, como ca\u00f1ones de bol\u00edgrafos, pintalabios, l\u00e1pices.<\/p>\n<p>&nbsp;<\/p>\n<p><strong>Datos t\u00e9cnicos<\/strong><\/p>\n<table>\n<tbody>\n<tr>\n<td width=\"48.9000%\">Datos t\u00e9cnicos<\/td>\n<td width=\"51.1000%\">H100<\/td>\n<\/tr>\n<tr>\n<td width=\"48.9000%\">Velocidad<\/td>\n<td width=\"51.1000%\">2400~3600pcs\/h<\/td>\n<\/tr>\n<tr>\n<td width=\"48.9000%\">Di\u00e1metro del producto<\/td>\n<td width=\"51.1000%\">4-30 mm<\/td>\n<\/tr>\n<tr>\n<td width=\"48.9000%\">Longitud del producto<\/td>\n<td width=\"51.1000%\">60-200mm<\/td>\n<\/tr>\n<tr>\n<td width=\"48.9000%\">Alimentaci\u00f3n<\/td>\n<td width=\"51.1000%\">220V\/50HZ, 2,6kw<\/td>\n<\/tr>\n<\/tbody>\n<\/table>\n<p><strong> \u00a0<\/strong><\/p>\n<p><strong>Muestras:<\/strong><\/p>\n<p><img loading=\"lazy\" decoding=\"async\" class=\"size-full wp-image-1732\" src=\"http:\/\/apmprint.com\/wp-content\/uploads\/2023\/12\/s-10.jpg\" alt=\"h100 automatic heat transfer machine\" width=\"800\" height=\"800\" srcset=\"https:\/\/apmprint.com\/wp-content\/uploads\/2023\/12\/s-10.jpg 800w, https:\/\/apmprint.com\/wp-content\/uploads\/2023\/12\/s-10-300x300.jpg 300w, https:\/\/apmprint.com\/wp-content\/uploads\/2023\/12\/s-10-150x150.jpg 150w, https:\/\/apmprint.com\/wp-content\/uploads\/2023\/12\/s-10-768x768.jpg 768w, https:\/\/apmprint.com\/wp-content\/uploads\/2023\/12\/s-10-12x12.jpg 12w, https:\/\/apmprint.com\/wp-content\/uploads\/2023\/12\/s-10-600x600.jpg 600w, https:\/\/apmprint.com\/wp-content\/uploads\/2023\/12\/s-10-100x100.jpg 100w\" sizes=\"auto, (max-width: 800px) 100vw, 800px\" \/><\/p>\n<p>&nbsp;<\/p>","protected":false},"excerpt":{"rendered":"<p><strong>Descripci\u00f3n:<\/strong><\/p>\n<ol>\n<li>Carga y descarga autom\u00e1ticas<\/li>\n<li>Transferencia autom\u00e1tica de calor<\/li>\n<li>Registro autom\u00e1tico con sensor \u00f3ptico<\/li>\n<\/ol>","protected":false},"featured_media":1733,"template":"","meta":{"_acf_changed":false,"_seopress_robots_primary_cat":"none","_seopress_titles_title":"","_seopress_titles_desc":"","_seopress_robots_index":""},"product_brand":[],"product_cat":[36,41],"product_tag":[82,70],"class_list":{"0":"post-1731","1":"product","2":"type-product","3":"status-publish","4":"has-post-thumbnail","6":"product_cat-auto-heat-transfer-machine","7":"product_cat-semi-auto-heat-transfer-machine","8":"product_tag-heat-transfer-machine","9":"product_tag-semi-auto","11":"first","12":"instock","13":"shipping-taxable","14":"product-type-simple"},"acf":[],"_links":{"self":[{"href":"https:\/\/apmprint.com\/es\/wp-json\/wp\/v2\/product\/1731","targetHints":{"allow":["GET"]}}],"collection":[{"href":"https:\/\/apmprint.com\/es\/wp-json\/wp\/v2\/product"}],"about":[{"href":"https:\/\/apmprint.com\/es\/wp-json\/wp\/v2\/types\/product"}],"wp:featuredmedia":[{"embeddable":true,"href":"https:\/\/apmprint.com\/es\/wp-json\/wp\/v2\/media\/1733"}],"wp:attachment":[{"href":"https:\/\/apmprint.com\/es\/wp-json\/wp\/v2\/media?parent=1731"}],"wp:term":[{"taxonomy":"product_brand","embeddable":true,"href":"https:\/\/apmprint.com\/es\/wp-json\/wp\/v2\/product_brand?post=1731"},{"taxonomy":"product_cat","embeddable":true,"href":"https:\/\/apmprint.com\/es\/wp-json\/wp\/v2\/product_cat?post=1731"},{"taxonomy":"product_tag","embeddable":true,"href":"https:\/\/apmprint.com\/es\/wp-json\/wp\/v2\/product_tag?post=1731"}],"curies":[{"name":"wp","href":"https:\/\/api.w.org\/{rel}","templated":true}]}}