{"id":1734,"date":"2023-12-21T02:37:22","date_gmt":"2023-12-21T02:37:22","guid":{"rendered":"https:\/\/apmprint.com\/?post_type=product&#038;p=1734"},"modified":"2023-12-21T02:54:13","modified_gmt":"2023-12-21T02:54:13","slug":"h200m-flat-round-heat-transfer-machine","status":"publish","type":"product","link":"https:\/\/apmprint.com\/es\/producto\/h200m-flat-round-heat-transfer-machine\/","title":{"rendered":"H200M M\u00e1quina de transferencia t\u00e9rmica plana\/redonda"},"content":{"rendered":"<p><strong>Descripci\u00f3n:<\/strong><br \/>\n1. Presi\u00f3n de estampado, temperatura y velocidad ajustables.<\/p>\n<ol start=\"2\">\n<li>2.Sensor \u00f3ptico Omron, registro de estampaci\u00f3n preciso<\/li>\n<li>Cilindro de aceite instalado para estabilizar la transferencia<br \/>\n4. Mesa de trabajo de ajuste XYR.<br \/>\n5. Alimentaci\u00f3n y enrollado autom\u00e1tico de la l\u00e1mina.<br \/>\n6. La altura del cabezal de estampaci\u00f3n puede ajustarse.<\/li>\n<li>Tiempo de retardo de pulsaci\u00f3n, tiempo de retardo de bobinado ajustables<\/li>\n<\/ol>\n<p>&nbsp;<\/p>\n<p><strong>Datos t\u00e9cnicos:<\/strong><\/p>\n<table>\n<tbody>\n<tr>\n<td width=\"48.9000%\">Datos t\u00e9cnicos<\/td>\n<td width=\"51.1000%\">H200M<\/td>\n<\/tr>\n<tr>\n<td width=\"48.9000%\">Tama\u00f1o m\u00e1ximo de transferencia de calor<\/td>\n<td width=\"51.1000%\">180*200mm<\/td>\n<\/tr>\n<tr>\n<td width=\"48.9000%\">Potencia<\/td>\n<td width=\"51.1000%\">220 V, 50\/60 HZ<\/td>\n<\/tr>\n<tr>\n<td width=\"48.9000%\">Presi\u00f3n m\u00e1xima de trabajo<\/td>\n<td width=\"51.1000%\">0,4Mpa-0,7Mpa<\/td>\n<\/tr>\n<tr>\n<td width=\"48.9000%\">Temperatura de transferencia de calor<\/td>\n<td width=\"51.1000%\">220\u2103<\/td>\n<\/tr>\n<tr>\n<td width=\"48.9000%\">Dimensi\u00f3n<\/td>\n<td width=\"51.1000%\">100*900*1500mm(l*w*h)<\/td>\n<\/tr>\n<tr>\n<td width=\"48.9000%\">Peso neto<\/td>\n<td width=\"51.1000%\">360 kg<\/td>\n<\/tr>\n<\/tbody>\n<\/table>\n<p><strong>Muestras:<\/strong><\/p>\n<p><img loading=\"lazy\" decoding=\"async\" class=\"size-full wp-image-1736\" src=\"http:\/\/apmprint.com\/wp-content\/uploads\/2023\/12\/s-11.jpg\" alt=\"h200m flat\/round heat transfer machine\" width=\"800\" height=\"800\" srcset=\"https:\/\/apmprint.com\/wp-content\/uploads\/2023\/12\/s-11.jpg 800w, https:\/\/apmprint.com\/wp-content\/uploads\/2023\/12\/s-11-300x300.jpg 300w, https:\/\/apmprint.com\/wp-content\/uploads\/2023\/12\/s-11-150x150.jpg 150w, https:\/\/apmprint.com\/wp-content\/uploads\/2023\/12\/s-11-768x768.jpg 768w, https:\/\/apmprint.com\/wp-content\/uploads\/2023\/12\/s-11-12x12.jpg 12w, https:\/\/apmprint.com\/wp-content\/uploads\/2023\/12\/s-11-600x600.jpg 600w, https:\/\/apmprint.com\/wp-content\/uploads\/2023\/12\/s-11-100x100.jpg 100w\" sizes=\"auto, (max-width: 800px) 100vw, 800px\" \/><\/p>\n<p>&nbsp;<\/p>","protected":false},"excerpt":{"rendered":"<p>Description: 1.\u00a0Stamping\u00a0pressure,\u00a0temperature\u00a0and\u00a0speed\u00a0adjustable. 2.Omron optical sensor, accurate stamping registration Oil cylinder installed to stabilized transferring 4.\u00a0XYR adjusting worktable. 5.\u00a0Auto\u00a0foil\u00a0feeding\u00a0and\u00a0winding. 6.\u00a0The\u00a0height\u00a0of\u00a0stamping\u00a0head\u00a0can\u00a0be\u00a0adjusted. Pressing delay time, winding delay time adjustable &nbsp; Tech-data: Tech-data H200M Max\u00a0heating\u00a0transfer\u00a0size 180*200mm Power 220V, 50\/60HZ Max\u00a0working\u00a0air\u00a0pressure 0.4Mpa-0.7Mpa Heating\u00a0transfer\u00a0temperature 220\u2103 Dimension 100*900*1500mm(l*w*h) Net Weight 360kg Samples: &nbsp;<\/p>","protected":false},"featured_media":1735,"template":"","meta":{"_acf_changed":false,"_seopress_robots_primary_cat":"none","_seopress_titles_title":"","_seopress_titles_desc":"","_seopress_robots_index":""},"product_brand":[],"product_cat":[41],"product_tag":[82,70],"class_list":{"0":"post-1734","1":"product","2":"type-product","3":"status-publish","4":"has-post-thumbnail","6":"product_cat-semi-auto-heat-transfer-machine","7":"product_tag-heat-transfer-machine","8":"product_tag-semi-auto","10":"first","11":"instock","12":"shipping-taxable","13":"product-type-simple"},"acf":[],"_links":{"self":[{"href":"https:\/\/apmprint.com\/es\/wp-json\/wp\/v2\/product\/1734","targetHints":{"allow":["GET"]}}],"collection":[{"href":"https:\/\/apmprint.com\/es\/wp-json\/wp\/v2\/product"}],"about":[{"href":"https:\/\/apmprint.com\/es\/wp-json\/wp\/v2\/types\/product"}],"wp:featuredmedia":[{"embeddable":true,"href":"https:\/\/apmprint.com\/es\/wp-json\/wp\/v2\/media\/1735"}],"wp:attachment":[{"href":"https:\/\/apmprint.com\/es\/wp-json\/wp\/v2\/media?parent=1734"}],"wp:term":[{"taxonomy":"product_brand","embeddable":true,"href":"https:\/\/apmprint.com\/es\/wp-json\/wp\/v2\/product_brand?post=1734"},{"taxonomy":"product_cat","embeddable":true,"href":"https:\/\/apmprint.com\/es\/wp-json\/wp\/v2\/product_cat?post=1734"},{"taxonomy":"product_tag","embeddable":true,"href":"https:\/\/apmprint.com\/es\/wp-json\/wp\/v2\/product_tag?post=1734"}],"curies":[{"name":"wp","href":"https:\/\/api.w.org\/{rel}","templated":true}]}}