{"id":1737,"date":"2023-12-21T02:44:21","date_gmt":"2023-12-21T02:44:21","guid":{"rendered":"https:\/\/apmprint.com\/?post_type=product&#038;p=1737"},"modified":"2023-12-21T02:53:07","modified_gmt":"2023-12-21T02:53:07","slug":"h104-hot-stamping-machine-for-cap-lines","status":"publish","type":"product","link":"https:\/\/apmprint.com\/es\/producto\/h104-hot-stamping-machine-for-cap-lines\/","title":{"rendered":"H104 M\u00e1quina de estampaci\u00f3n en caliente para l\u00edneas de tapones"},"content":{"rendered":"<p><strong>Aplicaci\u00f3n:<\/strong><\/p>\n<p>Todos los tapones de pl\u00e1stico de forma regular o irregular, redondos y ovalados, planos, c\u00f3nicos, de varias caras<\/p>\n<p>etc.<strong><b>\u00a0<\/b><\/strong><\/p>\n<p>&nbsp;<\/p>\n<p><strong>Datos t\u00e9cnicos:<\/strong><\/p>\n<table>\n<tbody>\n<tr>\n<td width=\"48.9000%\">Datos t\u00e9cnicos<\/td>\n<td width=\"51.1000%\">H104<\/td>\n<\/tr>\n<tr>\n<td width=\"48.9000%\">M\u00e1x. Di\u00e1metro<\/td>\n<td width=\"51.1000%\">80 mm<\/td>\n<\/tr>\n<tr>\n<td width=\"48.9000%\">Anchura del rodillo<\/td>\n<td width=\"51.1000%\">55 mm<\/td>\n<\/tr>\n<tr>\n<td width=\"48.9000%\">Anchura de impresi\u00f3n<\/td>\n<td width=\"51.1000%\">0-20 mm<\/td>\n<\/tr>\n<tr>\n<td width=\"48.9000%\">Velocidad de impresi\u00f3n<\/td>\n<td width=\"51.1000%\">1200-2500 piezas\/hora<\/td>\n<\/tr>\n<tr>\n<td width=\"48.9000%\">Potencia<\/td>\n<td width=\"51.1000%\">220\/110V 640W<\/td>\n<\/tr>\n<tr>\n<td width=\"48.9000%\">Consumo de aire<\/td>\n<td width=\"51.1000%\">5-7bar<\/td>\n<\/tr>\n<tr>\n<td width=\"48.9000%\">dimensi\u00f3n<\/td>\n<td width=\"51.1000%\">600x500x1150mm (l*w*h)<\/td>\n<\/tr>\n<tr>\n<td width=\"48.9000%\">Peso neto<\/td>\n<td width=\"51.1000%\">120kgs<\/td>\n<\/tr>\n<\/tbody>\n<\/table>\n<p><strong>Muestras:<\/strong><\/p>\n<p><img loading=\"lazy\" decoding=\"async\" class=\"size-full wp-image-1738\" src=\"http:\/\/apmprint.com\/wp-content\/uploads\/2023\/12\/s-12.jpg\" alt=\"h104 hot stamping machine for cap lines\" width=\"800\" height=\"283\" srcset=\"https:\/\/apmprint.com\/wp-content\/uploads\/2023\/12\/s-12.jpg 800w, https:\/\/apmprint.com\/wp-content\/uploads\/2023\/12\/s-12-300x106.jpg 300w, https:\/\/apmprint.com\/wp-content\/uploads\/2023\/12\/s-12-768x272.jpg 768w, https:\/\/apmprint.com\/wp-content\/uploads\/2023\/12\/s-12-18x6.jpg 18w, https:\/\/apmprint.com\/wp-content\/uploads\/2023\/12\/s-12-600x212.jpg 600w\" sizes=\"auto, (max-width: 800px) 100vw, 800px\" \/><\/p>\n<p>&nbsp;<\/p>","protected":false},"excerpt":{"rendered":"<p><strong>Descripci\u00f3n:<\/strong><\/p>\n<ol>\n<li>Dise\u00f1o profesional, estructura sencilla, f\u00e1cil ajuste, f\u00e1cil manejo.<\/li>\n<li>El cabezal de impresi\u00f3n flexible y el eje de sujeci\u00f3n pueden moverse en funci\u00f3n de la forma de los objetos, lo que permite a la m\u00e1quina imprimir piezas de diversas formas, como redondas, planas, ovaladas y con varias caras.<\/li>\n<li>Buena calidad de impresi\u00f3n: bien proporcionado, alto brillo, sin marca de conexi\u00f3n y bajo \u00edndice de desperdicio.<\/li>\n<li>Tama\u00f1o peque\u00f1o, forma agradable, ligero y robusto.<\/li>\n<li>El rodillo es ajustable hacia adelante y hacia atr\u00e1s, y puede tener un peque\u00f1o \u00e1ngulo desde la direcci\u00f3n horizontal.<\/li>\n<\/ol>","protected":false},"featured_media":1739,"template":"","meta":{"_acf_changed":false,"_seopress_robots_primary_cat":"none","_seopress_titles_title":"","_seopress_titles_desc":"","_seopress_robots_index":""},"product_brand":[],"product_cat":[39],"product_tag":[83,79,84,70],"class_list":{"0":"post-1737","1":"product","2":"type-product","3":"status-publish","4":"has-post-thumbnail","6":"product_cat-semi-auto-hot-stamping-machine","7":"product_tag-cap","8":"product_tag-hot-stamping-machine","9":"product_tag-jar","10":"product_tag-semi-auto","12":"first","13":"instock","14":"shipping-taxable","15":"product-type-simple"},"acf":[],"_links":{"self":[{"href":"https:\/\/apmprint.com\/es\/wp-json\/wp\/v2\/product\/1737","targetHints":{"allow":["GET"]}}],"collection":[{"href":"https:\/\/apmprint.com\/es\/wp-json\/wp\/v2\/product"}],"about":[{"href":"https:\/\/apmprint.com\/es\/wp-json\/wp\/v2\/types\/product"}],"wp:featuredmedia":[{"embeddable":true,"href":"https:\/\/apmprint.com\/es\/wp-json\/wp\/v2\/media\/1739"}],"wp:attachment":[{"href":"https:\/\/apmprint.com\/es\/wp-json\/wp\/v2\/media?parent=1737"}],"wp:term":[{"taxonomy":"product_brand","embeddable":true,"href":"https:\/\/apmprint.com\/es\/wp-json\/wp\/v2\/product_brand?post=1737"},{"taxonomy":"product_cat","embeddable":true,"href":"https:\/\/apmprint.com\/es\/wp-json\/wp\/v2\/product_cat?post=1737"},{"taxonomy":"product_tag","embeddable":true,"href":"https:\/\/apmprint.com\/es\/wp-json\/wp\/v2\/product_tag?post=1737"}],"curies":[{"name":"wp","href":"https:\/\/api.w.org\/{rel}","templated":true}]}}