{"id":1740,"date":"2023-12-21T02:55:34","date_gmt":"2023-12-21T02:55:34","guid":{"rendered":"https:\/\/apmprint.com\/?post_type=product&#038;p=1740"},"modified":"2023-12-21T03:33:52","modified_gmt":"2023-12-21T03:33:52","slug":"h200-250-400-2t-hot-stamping-machine-with-2t-pressure","status":"publish","type":"product","link":"https:\/\/apmprint.com\/es\/producto\/h200-250-400-2t-hot-stamping-machine-with-2t-pressure\/","title":{"rendered":"H200\/250-2T M\u00e1quina de estampaci\u00f3n en caliente con presi\u00f3n de 2T"},"content":{"rendered":"<p><strong>Datos t\u00e9cnicos:<\/strong><\/p>\n<table>\n<tbody>\n<tr>\n<td width=\"181\">Modelo<\/td>\n<td width=\"98\">H200\/H200S<\/td>\n<td width=\"72\">H200FR<\/td>\n<td width=\"98\">H250\/H250S<\/td>\n<td width=\"72\">H250FR<\/td>\n<\/tr>\n<tr>\n<td width=\"181\">\u00c1rea m\u00e1xima de estampaci\u00f3n<\/td>\n<td colspan=\"2\" width=\"170\">150&#215;200<\/td>\n<td colspan=\"2\" width=\"170\">200&#215;250<\/td>\n<\/tr>\n<tr>\n<td width=\"181\">Tama\u00f1o de la mesa de trabajo<\/td>\n<td width=\"98\">200&#215;250<\/td>\n<td width=\"72\">200&#215;200<\/td>\n<td width=\"98\">250&#215;300<\/td>\n<td width=\"72\">200&#215;250<\/td>\n<\/tr>\n<tr>\n<td width=\"181\">Carrera del cabezal de estampaci\u00f3n<\/td>\n<td colspan=\"4\" width=\"341\">50<\/td>\n<\/tr>\n<tr>\n<td width=\"181\">Altura m\u00e1xima del art\u00edculo<\/td>\n<td colspan=\"4\" width=\"341\">235<\/td>\n<\/tr>\n<tr>\n<td width=\"181\">Temperatura<\/td>\n<td colspan=\"4\" width=\"341\">Temperatura ambiente ~280\u2103<\/td>\n<\/tr>\n<tr>\n<td width=\"181\">Presi\u00f3n de estampaci\u00f3n<\/td>\n<td colspan=\"4\" width=\"341\">\u2264500kgf<\/td>\n<\/tr>\n<tr>\n<td width=\"181\">M\u00e1x. Velocidad de estampaci\u00f3n<\/td>\n<td width=\"98\">1300<\/td>\n<td width=\"72\">1000<\/td>\n<td width=\"98\">1300<\/td>\n<td width=\"72\">1000<\/td>\n<\/tr>\n<tr>\n<td width=\"181\">Presi\u00f3n atmosf\u00e9rica<\/td>\n<td colspan=\"4\" width=\"341\">5-7 bar<\/td>\n<\/tr>\n<tr>\n<td width=\"181\">Fuente de alimentaci\u00f3n<\/td>\n<td colspan=\"4\" width=\"341\">220V 60Hz\/50Hz<\/td>\n<\/tr>\n<\/tbody>\n<\/table>\n<p><strong>\u00a0<\/strong><\/p>\n<p>Presi\u00f3n de sellado:<\/p>\n<p>H200\/250: 500 kg<\/p>\n<p>H200\/250\/400-2T: 2000kgs<\/p>\n<p>&nbsp;<\/p>\n<p><strong>Muestras:<\/strong><\/p>\n<p><img loading=\"lazy\" decoding=\"async\" class=\"size-full wp-image-1738\" src=\"http:\/\/apmprint.com\/wp-content\/uploads\/2023\/12\/s-12.jpg\" alt=\"h104 hot stamping machine for cap lines\" width=\"800\" height=\"283\" srcset=\"https:\/\/apmprint.com\/wp-content\/uploads\/2023\/12\/s-12.jpg 800w, https:\/\/apmprint.com\/wp-content\/uploads\/2023\/12\/s-12-300x106.jpg 300w, https:\/\/apmprint.com\/wp-content\/uploads\/2023\/12\/s-12-768x272.jpg 768w, https:\/\/apmprint.com\/wp-content\/uploads\/2023\/12\/s-12-18x6.jpg 18w, https:\/\/apmprint.com\/wp-content\/uploads\/2023\/12\/s-12-600x212.jpg 600w\" sizes=\"auto, (max-width: 800px) 100vw, 800px\" \/><\/p>\n<p>&nbsp;<\/p>","protected":false},"excerpt":{"rendered":"<p>Descripci\u00f3n\uff1a<br \/>\n1. Dise\u00f1o de manivela, fuerte presi\u00f3n y bajo consumo de aire.<br \/>\n2. Presi\u00f3n de estampado, temperatura y velocidad ajustables.<br \/>\n3. La mesa de trabajo se puede empujar manualmente hacia dentro y hacia fuera para mayor seguridad.<br \/>\n4. La mesa de trabajo puede ajustarse a izquierda\/derecha, delante\/detr\u00e1s y en \u00e1ngulo.<br \/>\n5. 5. Alimentaci\u00f3n y enrollado autom\u00e1tico de la l\u00e1mina con funci\u00f3n ajustable.<br \/>\n6. Altura del cabezal de estampaci\u00f3n ajustable.<br \/>\n7. Lanzadera de mesa de trabajo con engranaje y cremallera para la estampaci\u00f3n de productos redondos.<br \/>\n8. Es ampliamente utilizado para el paquete el\u00e9ctrico, cosm\u00e9tico, de la joyer\u00eda, decoraci\u00f3n superficial del juguete.<\/p>","protected":false},"featured_media":1741,"template":"","meta":{"_acf_changed":false,"_seopress_robots_primary_cat":"none","_seopress_titles_title":"","_seopress_titles_desc":"","_seopress_robots_index":""},"product_brand":[],"product_cat":[39],"product_tag":[83,79,84,70],"class_list":{"0":"post-1740","1":"product","2":"type-product","3":"status-publish","4":"has-post-thumbnail","6":"product_cat-semi-auto-hot-stamping-machine","7":"product_tag-cap","8":"product_tag-hot-stamping-machine","9":"product_tag-jar","10":"product_tag-semi-auto","12":"first","13":"instock","14":"shipping-taxable","15":"product-type-simple"},"acf":[],"_links":{"self":[{"href":"https:\/\/apmprint.com\/es\/wp-json\/wp\/v2\/product\/1740","targetHints":{"allow":["GET"]}}],"collection":[{"href":"https:\/\/apmprint.com\/es\/wp-json\/wp\/v2\/product"}],"about":[{"href":"https:\/\/apmprint.com\/es\/wp-json\/wp\/v2\/types\/product"}],"wp:featuredmedia":[{"embeddable":true,"href":"https:\/\/apmprint.com\/es\/wp-json\/wp\/v2\/media\/1741"}],"wp:attachment":[{"href":"https:\/\/apmprint.com\/es\/wp-json\/wp\/v2\/media?parent=1740"}],"wp:term":[{"taxonomy":"product_brand","embeddable":true,"href":"https:\/\/apmprint.com\/es\/wp-json\/wp\/v2\/product_brand?post=1740"},{"taxonomy":"product_cat","embeddable":true,"href":"https:\/\/apmprint.com\/es\/wp-json\/wp\/v2\/product_cat?post=1740"},{"taxonomy":"product_tag","embeddable":true,"href":"https:\/\/apmprint.com\/es\/wp-json\/wp\/v2\/product_tag?post=1740"}],"curies":[{"name":"wp","href":"https:\/\/api.w.org\/{rel}","templated":true}]}}