{"id":1752,"date":"2023-12-21T03:34:13","date_gmt":"2023-12-21T03:34:13","guid":{"rendered":"https:\/\/apmprint.com\/?post_type=product&#038;p=1752"},"modified":"2023-12-21T03:37:22","modified_gmt":"2023-12-21T03:37:22","slug":"h400-600-hot-stamping-machine-with-hydraulic-system","status":"publish","type":"product","link":"https:\/\/apmprint.com\/es\/producto\/h400-600-hot-stamping-machine-with-hydraulic-system\/","title":{"rendered":"H400\/600 m\u00e1quina de estampaci\u00f3n en caliente con sistema hidr\u00e1ulico"},"content":{"rendered":"<p>Descripci\u00f3n:<br \/>\n1. Fuerte presi\u00f3n con sistema hidr\u00e1ulico.<br \/>\n2. Presi\u00f3n de estampado, temperatura y velocidad ajustables.<br \/>\n3. Mesa de trabajo de ajuste XYR.<br \/>\n4. Alimentaci\u00f3n y enrollado autom\u00e1tico de la l\u00e1mina.<br \/>\n5. La altura del cabezal de estampaci\u00f3n puede ajustarse.<br \/>\n6. Tiempo de retardo de pulsaci\u00f3n, tiempo de retardo de bobinado ajustable<br \/>\n7. Botones luminosos duales en la palma de la mano<br \/>\n8.protecci\u00f3n de 3 lados para un funcionamiento seguro<br \/>\n9.Mesa de trabajo de entrada\/salida autom\u00e1tica<br \/>\n10.Cortina de luz para operaci\u00f3n de seguridad<br \/>\n11.Control PLC, pantalla t\u00e1ctil<\/p>\n<p><strong>Datos t\u00e9cnicos:<\/strong><\/p>\n<table>\n<tbody>\n<tr>\n<td width=\"162\">Modelo<\/td>\n<td width=\"120\">HH400-5T<\/td>\n<td width=\"126\">HH400-10T<\/td>\n<td width=\"126\">HH600-5T<\/td>\n<td width=\"126\">HH600-10T<\/td>\n<\/tr>\n<tr>\n<td width=\"162\">\u00c1rea m\u00e1xima de estampaci\u00f3n<\/td>\n<td colspan=\"2\" width=\"247\">300\u00d7400mm<\/td>\n<td colspan=\"2\" width=\"253\">400x600mm<\/td>\n<\/tr>\n<tr>\n<td width=\"162\">Tama\u00f1o de la mesa de trabajo<\/td>\n<td colspan=\"2\" width=\"247\">350\u00d7450mm<\/td>\n<td colspan=\"2\" width=\"253\">450x650mm<\/td>\n<\/tr>\n<tr>\n<td width=\"162\">Carrera del cabezal de estampaci\u00f3n<\/td>\n<td colspan=\"4\" width=\"501\">80 mm<\/td>\n<\/tr>\n<tr>\n<td width=\"162\">Altura m\u00e1xima del art\u00edculo<\/td>\n<td colspan=\"4\" width=\"501\">250 mm<\/td>\n<\/tr>\n<tr>\n<td width=\"162\">Temperatura<\/td>\n<td colspan=\"4\" width=\"501\">Temperatura ambiente~280\u2103<\/td>\n<\/tr>\n<tr>\n<td width=\"162\">Presi\u00f3n de estampaci\u00f3n<\/td>\n<td width=\"120\">5000kgf<\/td>\n<td width=\"126\">10000kg<\/td>\n<td width=\"126\">5000kgf<\/td>\n<td width=\"126\">10000kgf<\/td>\n<\/tr>\n<tr>\n<td width=\"162\">M\u00e1x. Velocidad de estampaci\u00f3n<\/td>\n<td width=\"120\">400 piezas\/hora<\/td>\n<td width=\"126\">300 piezas\/hora<\/td>\n<td width=\"126\">350 piezas\/hora<\/td>\n<td width=\"126\">250 piezas\/hora<\/td>\n<\/tr>\n<tr>\n<td width=\"162\">Presi\u00f3n atmosf\u00e9rica<\/td>\n<td colspan=\"4\" width=\"501\">4~7bar<\/td>\n<\/tr>\n<tr>\n<td width=\"162\">Fuente de alimentaci\u00f3n<\/td>\n<td colspan=\"4\" width=\"501\">380V 60Hz\/50Hz 3 fases<\/td>\n<\/tr>\n<tr>\n<td width=\"162\">Potencia calor\u00edfica<\/td>\n<td colspan=\"2\" width=\"247\">8000W<\/td>\n<td colspan=\"2\" width=\"253\">10000W<\/td>\n<\/tr>\n<tr>\n<td width=\"162\">Peso<\/td>\n<td width=\"120\">600kgs<\/td>\n<td width=\"126\">800kgs<\/td>\n<td width=\"126\">900 kg<\/td>\n<td width=\"126\">1000kgs<\/td>\n<\/tr>\n<\/tbody>\n<\/table>\n<p>&nbsp;<\/p>\n<p><strong>Muestras:<\/strong><\/p>\n<p><img loading=\"lazy\" decoding=\"async\" class=\"size-full wp-image-1738\" src=\"http:\/\/apmprint.com\/wp-content\/uploads\/2023\/12\/s-12.jpg\" alt=\"h104 hot stamping machine for cap lines\" width=\"800\" height=\"283\" srcset=\"https:\/\/apmprint.com\/wp-content\/uploads\/2023\/12\/s-12.jpg 800w, https:\/\/apmprint.com\/wp-content\/uploads\/2023\/12\/s-12-300x106.jpg 300w, https:\/\/apmprint.com\/wp-content\/uploads\/2023\/12\/s-12-768x272.jpg 768w, https:\/\/apmprint.com\/wp-content\/uploads\/2023\/12\/s-12-18x6.jpg 18w, https:\/\/apmprint.com\/wp-content\/uploads\/2023\/12\/s-12-600x212.jpg 600w\" sizes=\"auto, (max-width: 800px) 100vw, 800px\" \/><\/p>\n<p>&nbsp;<\/p>","protected":false},"excerpt":{"rendered":"<p>Description: 1.\u00a0Strong\u00a0pressure\u00a0with hydraulic system. 2.\u00a0Stamping\u00a0pressure,\u00a0temperature\u00a0and\u00a0speed\u00a0adjustable. 3.\u00a0XYR adjusting worktable. 4.\u00a0Auto\u00a0foil\u00a0feeding\u00a0and\u00a0winding. 5.\u00a0The\u00a0height\u00a0of\u00a0stamping\u00a0head\u00a0can\u00a0be\u00a0adjusted. 6. Pressing delay time, winding delay time adjustable 7. Dual light palm buttons 8.3-sided guarding for safety operation 9.Auto sliding in\/out worktable 10.Light curtain for safety operation 11.PLC control, touch screen display Tech-data: Model HH400-5T HH400-10T HH600-5T HH600-10T Max stamping area 300\u00d7400mm 400x600mm Worktable Size [&hellip;]<\/p>","protected":false},"featured_media":1753,"template":"","meta":{"_acf_changed":false,"_seopress_robots_primary_cat":"none","_seopress_titles_title":"","_seopress_titles_desc":"","_seopress_robots_index":""},"product_brand":[],"product_cat":[39],"product_tag":[83,79,84,70],"class_list":{"0":"post-1752","1":"product","2":"type-product","3":"status-publish","4":"has-post-thumbnail","6":"product_cat-semi-auto-hot-stamping-machine","7":"product_tag-cap","8":"product_tag-hot-stamping-machine","9":"product_tag-jar","10":"product_tag-semi-auto","12":"first","13":"instock","14":"shipping-taxable","15":"product-type-simple"},"acf":[],"_links":{"self":[{"href":"https:\/\/apmprint.com\/es\/wp-json\/wp\/v2\/product\/1752","targetHints":{"allow":["GET"]}}],"collection":[{"href":"https:\/\/apmprint.com\/es\/wp-json\/wp\/v2\/product"}],"about":[{"href":"https:\/\/apmprint.com\/es\/wp-json\/wp\/v2\/types\/product"}],"wp:featuredmedia":[{"embeddable":true,"href":"https:\/\/apmprint.com\/es\/wp-json\/wp\/v2\/media\/1753"}],"wp:attachment":[{"href":"https:\/\/apmprint.com\/es\/wp-json\/wp\/v2\/media?parent=1752"}],"wp:term":[{"taxonomy":"product_brand","embeddable":true,"href":"https:\/\/apmprint.com\/es\/wp-json\/wp\/v2\/product_brand?post=1752"},{"taxonomy":"product_cat","embeddable":true,"href":"https:\/\/apmprint.com\/es\/wp-json\/wp\/v2\/product_cat?post=1752"},{"taxonomy":"product_tag","embeddable":true,"href":"https:\/\/apmprint.com\/es\/wp-json\/wp\/v2\/product_tag?post=1752"}],"curies":[{"name":"wp","href":"https:\/\/api.w.org\/{rel}","templated":true}]}}