{"id":1754,"date":"2023-12-21T03:40:28","date_gmt":"2023-12-21T03:40:28","guid":{"rendered":"https:\/\/apmprint.com\/?post_type=product&#038;p=1754"},"modified":"2023-12-21T03:47:41","modified_gmt":"2023-12-21T03:47:41","slug":"160-90s2-2-color-ink-cup-pad-printer-with-shuttle","status":"publish","type":"product","link":"https:\/\/apmprint.com\/es\/producto\/160-90s2-2-color-ink-cup-pad-printer-with-shuttle\/","title":{"rendered":"160-90S2 Impresora de tamp\u00f3n de tinta de 2 colores con lanzadera"},"content":{"rendered":"<p><strong>Opciones:<\/strong><\/p>\n<ol>\n<li>Bandeja de tinta abierta<\/li>\n<li>Limpieza autom\u00e1tica de almohadillas<\/li>\n<li>Secadora de aire caliente<\/li>\n<li>Plato divisor motorizado<\/li>\n<li>Auto flameado<\/li>\n<li>Almohadillas independientes arriba\/abajo<\/li>\n<\/ol>\n<p>&nbsp;<\/p>\n<p><strong>Datos t\u00e9cnicos:<\/strong><\/p>\n<table>\n<tbody>\n<tr>\n<td width=\"47.7800%\">Di\u00e1metro del tintero<\/td>\n<td width=\"52.2200%\">90 mm<\/td>\n<\/tr>\n<tr>\n<td width=\"47.7800%\">Grosor\/fino\/tama\u00f1o de la placa<\/td>\n<td width=\"52.2200%\">100*200mm<\/td>\n<\/tr>\n<tr>\n<td width=\"47.7800%\">Tama\u00f1o m\u00e1x. de impresi\u00f3n (di\u00e1metro)<\/td>\n<td width=\"52.2200%\">88 mm<\/td>\n<\/tr>\n<tr>\n<td width=\"47.7800%\">Carrera delante-detr\u00e1s<\/td>\n<td width=\"52.2200%\">160 mm<\/td>\n<\/tr>\n<tr>\n<td width=\"47.7800%\">Almohadilla arriba-abajo<\/td>\n<td width=\"52.2200%\">80 mm<\/td>\n<\/tr>\n<tr>\n<td width=\"47.7800%\">Carrera del servo inversor ( Mitsubishi 400W)<\/td>\n<td width=\"52.2200%\">125 mm<\/td>\n<\/tr>\n<tr>\n<td width=\"47.7800%\">Velocidad m\u00e1x. de impresi\u00f3n<\/td>\n<td width=\"52.2200%\">1200pcs\/hr<\/td>\n<\/tr>\n<tr>\n<td width=\"47.7800%\">Potencia<\/td>\n<td width=\"52.2200%\">110V\/220V 60\/50Hz 450W 6bar<\/td>\n<\/tr>\n<tr>\n<td width=\"47.7800%\">Peso neto<\/td>\n<td width=\"52.2200%\">110kgs<\/td>\n<\/tr>\n<tr>\n<td width=\"47.7800%\">Medici\u00f3n<\/td>\n<td width=\"52.2200%\">800x520x1430mm\uff08L*W*H\uff09<\/td>\n<\/tr>\n<tr>\n<td width=\"47.7800%\">Peso bruto<\/td>\n<td width=\"52.2200%\">140kgs<\/td>\n<\/tr>\n<\/tbody>\n<\/table>\n<p>&nbsp;<\/p>\n<p><strong>Muestras:<\/strong><\/p>\n<p><img loading=\"lazy\" decoding=\"async\" class=\"size-full wp-image-1689\" src=\"http:\/\/apmprint.com\/wp-content\/uploads\/2023\/12\/s-5.jpg\" alt=\"cap11 automatic cap printing system (\u590d\u5236)\" width=\"800\" height=\"800\" srcset=\"https:\/\/apmprint.com\/wp-content\/uploads\/2023\/12\/s-5.jpg 800w, https:\/\/apmprint.com\/wp-content\/uploads\/2023\/12\/s-5-300x300.jpg 300w, https:\/\/apmprint.com\/wp-content\/uploads\/2023\/12\/s-5-150x150.jpg 150w, https:\/\/apmprint.com\/wp-content\/uploads\/2023\/12\/s-5-768x768.jpg 768w, https:\/\/apmprint.com\/wp-content\/uploads\/2023\/12\/s-5-12x12.jpg 12w, https:\/\/apmprint.com\/wp-content\/uploads\/2023\/12\/s-5-600x600.jpg 600w, https:\/\/apmprint.com\/wp-content\/uploads\/2023\/12\/s-5-100x100.jpg 100w\" sizes=\"auto, (max-width: 800px) 100vw, 800px\" \/><\/p>\n<p>&nbsp;<\/p>","protected":false},"excerpt":{"rendered":"<p><strong>Descripci\u00f3n:<\/strong><\/p>\n<ol>\n<li><strong>Control PLC, pantalla t\u00e1ctil<\/strong><\/li>\n<li>Base XYR de ajuste r\u00e1pido, registro preciso del color<\/li>\n<li>Tintero f\u00e1cil de limpiar, cambio r\u00e1pido de placas<\/li>\n<li><strong>Mesa inversora servoaccionada<\/strong><\/li>\n<li>Neum\u00e1tica SMC o Festo<\/li>\n<li><strong>Operaci\u00f3n de seguridad CE<\/strong><\/li>\n<\/ol>","protected":false},"featured_media":1755,"template":"","meta":{"_acf_changed":false,"_seopress_robots_primary_cat":"none","_seopress_titles_title":"","_seopress_titles_desc":"","_seopress_robots_index":""},"product_brand":[],"product_cat":[40],"product_tag":[83,76,70],"class_list":{"0":"post-1754","1":"product","2":"type-product","3":"status-publish","4":"has-post-thumbnail","6":"product_cat-semi-auto-pad-printer","7":"product_tag-cap","8":"product_tag-pad-printer","9":"product_tag-semi-auto","11":"first","12":"instock","13":"shipping-taxable","14":"product-type-simple"},"acf":[],"_links":{"self":[{"href":"https:\/\/apmprint.com\/es\/wp-json\/wp\/v2\/product\/1754","targetHints":{"allow":["GET"]}}],"collection":[{"href":"https:\/\/apmprint.com\/es\/wp-json\/wp\/v2\/product"}],"about":[{"href":"https:\/\/apmprint.com\/es\/wp-json\/wp\/v2\/types\/product"}],"wp:featuredmedia":[{"embeddable":true,"href":"https:\/\/apmprint.com\/es\/wp-json\/wp\/v2\/media\/1755"}],"wp:attachment":[{"href":"https:\/\/apmprint.com\/es\/wp-json\/wp\/v2\/media?parent=1754"}],"wp:term":[{"taxonomy":"product_brand","embeddable":true,"href":"https:\/\/apmprint.com\/es\/wp-json\/wp\/v2\/product_brand?post=1754"},{"taxonomy":"product_cat","embeddable":true,"href":"https:\/\/apmprint.com\/es\/wp-json\/wp\/v2\/product_cat?post=1754"},{"taxonomy":"product_tag","embeddable":true,"href":"https:\/\/apmprint.com\/es\/wp-json\/wp\/v2\/product_tag?post=1754"}],"curies":[{"name":"wp","href":"https:\/\/api.w.org\/{rel}","templated":true}]}}