{"id":1763,"date":"2023-12-21T06:23:11","date_gmt":"2023-12-21T06:23:11","guid":{"rendered":"https:\/\/apmprint.com\/?post_type=product&#038;p=1763"},"modified":"2024-01-03T01:25:17","modified_gmt":"2024-01-03T01:25:17","slug":"apm-cnc101-single-color-servo-driven-screen-printer-for-cylindrical-products","status":"publish","type":"product","link":"https:\/\/apmprint.com\/es\/producto\/apm-cnc101-single-color-servo-driven-screen-printer-for-cylindrical-products\/","title":{"rendered":"APM-CNC101 Impresora serigr\u00e1fica servoaccionada monocolor para productos cil\u00edndricos"},"content":{"rendered":"<p><strong>Aplicaci\u00f3n:<\/strong><\/p>\n<p>Botellas o tarros cil\u00edndricos con impresi\u00f3n de tinta solvente o tinta termopl\u00e1stica.<\/p>\n<p>&nbsp;<\/p>\n<p><strong>Datos t\u00e9cnicos<\/strong><\/p>\n<table>\n<tbody>\n<tr>\n<td width=\"246\">velocidad<\/td>\n<td width=\"246\">1200-2400pcs\/H<\/td>\n<\/tr>\n<tr>\n<td width=\"246\">potencia<\/td>\n<td width=\"246\">380V, 3P 50\/60Hz<\/td>\n<\/tr>\n<tr>\n<td width=\"246\">Suministro de aire<\/td>\n<td width=\"246\">6-8Bar<\/td>\n<\/tr>\n<tr>\n<td width=\"246\">Di\u00e1metro de impresi\u00f3n<\/td>\n<td width=\"246\">10-60mm<\/td>\n<\/tr>\n<tr>\n<td width=\"246\">Longitud de impresi\u00f3n<\/td>\n<td width=\"246\">50-130 mm<\/td>\n<\/tr>\n<\/tbody>\n<\/table>\n<p>&nbsp;<\/p>\n<p><strong>Muestras:<\/strong><\/p>\n<p><img loading=\"lazy\" decoding=\"async\" class=\"size-full wp-image-1764\" src=\"http:\/\/apmprint.com\/wp-content\/uploads\/2023\/12\/s-14.jpg\" alt=\"apm cnc101 single color servo driven screen printer for cylindrical products\" width=\"800\" height=\"616\" srcset=\"https:\/\/apmprint.com\/wp-content\/uploads\/2023\/12\/s-14.jpg 800w, https:\/\/apmprint.com\/wp-content\/uploads\/2023\/12\/s-14-300x231.jpg 300w, https:\/\/apmprint.com\/wp-content\/uploads\/2023\/12\/s-14-768x591.jpg 768w, https:\/\/apmprint.com\/wp-content\/uploads\/2023\/12\/s-14-16x12.jpg 16w, https:\/\/apmprint.com\/wp-content\/uploads\/2023\/12\/s-14-600x462.jpg 600w\" sizes=\"auto, (max-width: 800px) 100vw, 800px\" \/><\/p>\n<p>&nbsp;<\/p>","protected":false},"excerpt":{"rendered":"<p>Descripci\u00f3n general\uff1a<br \/>\n1. Sistema de carga autom\u00e1tica con servo robot multieje. Botella de pie sobre cinta.<br \/>\n2. Sistema de transferencia robotizado.<br \/>\n3. Sistema de impresi\u00f3n autom\u00e1tico con servomotor<br \/>\n4. Con impresi\u00f3n de tinta solvente o tinta termopl\u00e1stica (es necesario dejar espacio de sujeci\u00f3n si se utiliza impresi\u00f3n de tinta solvente).<br \/>\n5. Cambio muy r\u00e1pido y sencillo de un producto a otro.<br \/>\n6. Todos los par\u00e1metros de ajuste autom\u00e1tico simplemente en la pantalla t\u00e1ctil. El cambio de producto es de s\u00f3lo 15 minutos por color.<br \/>\n7. Descarga autom\u00e1tica con servo robot. Descarga de botellas de pie.<br \/>\n8. Funcionamiento seguro con CE.<br \/>\n9. Con la superficie de la botella de secado IR en la cinta de descarga.<\/p>","protected":false},"featured_media":1770,"template":"","meta":{"_acf_changed":false,"_seopress_robots_primary_cat":"none","_seopress_titles_title":"","_seopress_titles_desc":"","_seopress_robots_index":""},"product_brand":[],"product_cat":[29,31],"product_tag":[75,85,78,69],"class_list":{"0":"post-1763","1":"product","2":"type-product","3":"status-publish","4":"has-post-thumbnail","6":"product_cat-all-servo-printing-machine-cnc","7":"product_cat-auto-screen-printer","8":"product_tag-automatic","9":"product_tag-cnc","10":"product_tag-screen-printer","11":"product_tag-servo","13":"first","14":"instock","15":"shipping-taxable","16":"product-type-simple"},"acf":[],"_links":{"self":[{"href":"https:\/\/apmprint.com\/es\/wp-json\/wp\/v2\/product\/1763","targetHints":{"allow":["GET"]}}],"collection":[{"href":"https:\/\/apmprint.com\/es\/wp-json\/wp\/v2\/product"}],"about":[{"href":"https:\/\/apmprint.com\/es\/wp-json\/wp\/v2\/types\/product"}],"wp:featuredmedia":[{"embeddable":true,"href":"https:\/\/apmprint.com\/es\/wp-json\/wp\/v2\/media\/1770"}],"wp:attachment":[{"href":"https:\/\/apmprint.com\/es\/wp-json\/wp\/v2\/media?parent=1763"}],"wp:term":[{"taxonomy":"product_brand","embeddable":true,"href":"https:\/\/apmprint.com\/es\/wp-json\/wp\/v2\/product_brand?post=1763"},{"taxonomy":"product_cat","embeddable":true,"href":"https:\/\/apmprint.com\/es\/wp-json\/wp\/v2\/product_cat?post=1763"},{"taxonomy":"product_tag","embeddable":true,"href":"https:\/\/apmprint.com\/es\/wp-json\/wp\/v2\/product_tag?post=1763"}],"curies":[{"name":"wp","href":"https:\/\/api.w.org\/{rel}","templated":true}]}}