{"id":1768,"date":"2023-12-21T06:39:29","date_gmt":"2023-12-21T06:39:29","guid":{"rendered":"https:\/\/apmprint.com\/?post_type=product&#038;p=1768"},"modified":"2024-01-03T01:30:44","modified_gmt":"2024-01-03T01:30:44","slug":"apm-cnc102-fuv-single-color-servo-driven-screen-printer","status":"publish","type":"product","link":"https:\/\/apmprint.com\/es\/producto\/apm-cnc102-fuv-single-color-servo-driven-screen-printer\/","title":{"rendered":"APM-CNC102-FUV Impresora serigr\u00e1fica servoaccionada monocolor"},"content":{"rendered":"<p>Descripci\u00f3n general:<br \/>\n1. Cinta de carga autom\u00e1tica. (Sistema de carga personalizado opcional con cargo adicional).<br \/>\n2. Tratamiento de llama autom\u00e1tico antes de la impresi\u00f3n para obtener una mejor calidad de impresi\u00f3n.<br \/>\n3. Sistema de transferencia servoaccionado.<br \/>\n4. 4. Sistema de impresi\u00f3n autom\u00e1tico con todos los servomotores: cabezal de impresi\u00f3n, marco de malla, rotaci\u00f3n, contenedor arriba\/abajo, todos accionados por servomotores.<br \/>\n5. Impresi\u00f3n por varias caras en un solo proceso.<br \/>\n6. Secador el\u00e9ctrico UV o secado LED.<br \/>\n7. Cambio muy r\u00e1pido y sencillo de un producto a otro.<br \/>\n8. Todos los par\u00e1metros de ajuste autom\u00e1tico simplemente en la pantalla t\u00e1ctil.<br \/>\n9. Cinta de descarga autom\u00e1tica<br \/>\n10. Funcionamiento seguro con CE.<br \/>\n11. Repetir la impresi\u00f3n para que sea multicolor.<br \/>\n12. Sistema de visi\u00f3n por c\u00e1mara (CCD) opcional: para productos cil\u00edndricos sin punto de registro. Repetici\u00f3n de impresi\u00f3n a varios colores.<\/p>\n<p>&nbsp;<\/p>\n<p><strong>Datos t\u00e9cnicos<\/strong><\/p>\n<table>\n<tbody>\n<tr>\n<td width=\"246\">Velocidad<\/td>\n<td width=\"256\">15-40pcs\/min (depende de los diferentes productos)<\/td>\n<\/tr>\n<tr>\n<td width=\"246\">Potencia<\/td>\n<td width=\"256\">380V, 3P 50\/60Hz<\/td>\n<\/tr>\n<tr>\n<td width=\"246\">Suministro de aire<\/td>\n<td width=\"256\">6-8Bar<\/td>\n<\/tr>\n<tr>\n<td width=\"246\"><\/td>\n<td width=\"256\"><strong>Contenedor redondo<\/strong><\/td>\n<\/tr>\n<tr>\n<td width=\"246\">Di\u00e1metro de impresi\u00f3n<\/td>\n<td width=\"256\">20-100 mm<\/td>\n<\/tr>\n<tr>\n<td width=\"246\">Longitud de impresi\u00f3n<\/td>\n<td width=\"256\">30-180 mm<\/td>\n<\/tr>\n<tr>\n<td width=\"246\"><\/td>\n<td width=\"256\"><strong>Contenedor cuadrado\/irregular<\/strong><\/td>\n<\/tr>\n<tr>\n<td width=\"246\">Anchura de impresi\u00f3n<\/td>\n<td width=\"256\">20-100 mm<\/td>\n<\/tr>\n<tr>\n<td width=\"246\">Longitud de impresi\u00f3n<\/td>\n<td width=\"256\">30-180 mm<\/td>\n<\/tr>\n<\/tbody>\n<\/table>\n<p>&nbsp;<\/p>\n<p>&nbsp;<\/p>\n<p><strong><b>MARCA DE LAS PIEZAS PRINCIPALES<\/b><\/strong><\/p>\n<table>\n<tbody>\n<tr>\n<td width=\"143\">SISTEMAS DE CONTROL<\/td>\n<td width=\"207\">YASKAMA PLC<\/td>\n<td width=\"264\">JAP\u00d3N<\/td>\n<\/tr>\n<tr>\n<td width=\"143\">PANTALLA T\u00c1CTIL<\/td>\n<td width=\"207\">WEINVIEW<\/td>\n<td width=\"264\">TAIW\u00c1N (OTRA MARCA OPCIONAL)<\/td>\n<\/tr>\n<tr>\n<td width=\"143\">SERVOSISTEMAS<\/td>\n<td width=\"207\">YASKAMA<\/td>\n<td width=\"264\">JAP\u00d3N<\/td>\n<\/tr>\n<tr>\n<td width=\"143\">REGISTRO CCD<\/td>\n<td width=\"207\">HONGKONG\/ KEYENCE<\/td>\n<td width=\"264\">HONGKONG\/JAP\u00d3N (OPCIONAL)<\/td>\n<\/tr>\n<tr>\n<td width=\"143\">PIEZAS EL\u00c9CTRICAS<\/td>\n<td width=\"207\">OMRON\/SCHNEIDER\/ENFERMO<\/td>\n<td width=\"264\">JAP\u00d3N\/FRANCIA\/ALEMANIA<\/td>\n<\/tr>\n<tr>\n<td width=\"143\">PIEZAS NEUM\u00c1TICAS<\/td>\n<td width=\"207\">SMC\/AIRTAC<\/td>\n<td width=\"264\">JAP\u00d3N\/Taiw\u00e1n<\/td>\n<\/tr>\n<\/tbody>\n<\/table>\n<p>&nbsp;<\/p>\n<p>SECUENCIA DE PRODUCCI\u00d3N DE LA IMPRESI\u00d3N<br \/>\n-Carga manual en la cinta (alimentador autom\u00e1tico opcional)<br \/>\n-tratamiento de llamas<br \/>\n-Registro<br \/>\n-Impresi\u00f3n autom\u00e1tica<br \/>\n-Curado autom\u00e1tico UV\/LED<br \/>\n-descargar en la cinta para embalar<br \/>\nPRESUPUESTO:<br \/>\n1- IMPRESORA :APM-CNC102-FUV USD 52.000<br \/>\nincluye:<br \/>\nTratamiento a la llama, curado UV<br \/>\n1 juego de accesorios<br \/>\n1 juego completo de herramientas<br \/>\n1 pieza de malla<br \/>\nEscobilla de 0,5 metros<br \/>\nOpcional:<br \/>\nRegistro CCD: 10000 USD<br \/>\nAccesorios adicionales<br \/>\nEntrega: unos 60 d\u00edas laborables tras la recepci\u00f3n del dep\u00f3sito y las muestras.<br \/>\nGarant\u00eda: Un a\u00f1o. APM suministrar\u00e1 todas las piezas en garant\u00eda con el primer env\u00edo.<br \/>\nInstalaci\u00f3n y formaci\u00f3n:<br \/>\nSi el comprador lo solicita, APM enviar\u00e1 ingenieros a la f\u00e1brica del comprador para el montaje de la m\u00e1quina, la configuraci\u00f3n y la formaci\u00f3n durante un periodo de 7 d\u00edas. Todos los gastos de viaje, incluyendo vuelo, solicitud de visado, hotel, comida y mano de obra correr\u00e1n a cargo del comprador. Gastos de mano de obra: 160 USD por d\u00eda.<br \/>\nCONDICIONES DE PAGO: 50% dep\u00f3sito; 50% T\/T antes del env\u00edo<br \/>\nCONDICIONES DE ENTREGA: FOB Shenzhen<\/p>\n<p><strong>Muestras:<\/strong><\/p>\n<p><img loading=\"lazy\" decoding=\"async\" class=\"size-full wp-image-1773\" src=\"http:\/\/apmprint.com\/wp-content\/uploads\/2023\/12\/s-15.jpg\" alt=\"apm cnc102 fuv single color servo driven screen printer\" width=\"800\" height=\"800\" srcset=\"https:\/\/apmprint.com\/wp-content\/uploads\/2023\/12\/s-15.jpg 800w, https:\/\/apmprint.com\/wp-content\/uploads\/2023\/12\/s-15-300x300.jpg 300w, https:\/\/apmprint.com\/wp-content\/uploads\/2023\/12\/s-15-150x150.jpg 150w, https:\/\/apmprint.com\/wp-content\/uploads\/2023\/12\/s-15-768x768.jpg 768w, https:\/\/apmprint.com\/wp-content\/uploads\/2023\/12\/s-15-12x12.jpg 12w, https:\/\/apmprint.com\/wp-content\/uploads\/2023\/12\/s-15-600x600.jpg 600w, https:\/\/apmprint.com\/wp-content\/uploads\/2023\/12\/s-15-100x100.jpg 100w\" sizes=\"auto, (max-width: 800px) 100vw, 800px\" \/><\/p>\n<p>&nbsp;<\/p>","protected":false},"excerpt":{"rendered":"<p><strong><b>Aplicaci\u00f3n:<\/b><\/strong><\/p>\n<p>Todas las formas de botellas de vidrio\/pl\u00e1stico, vasos, tazas.<\/p>\n<p>Puede imprimir envases de cualquier forma en una sola impresi\u00f3n.<\/p>","protected":false},"featured_media":1769,"template":"","meta":{"_acf_changed":false,"_seopress_robots_primary_cat":"none","_seopress_titles_title":"","_seopress_titles_desc":"","_seopress_robots_index":""},"product_brand":[],"product_cat":[29,31,33],"product_tag":[75,85,55,56,84,57,78,69,58],"class_list":{"0":"post-1768","1":"product","2":"type-product","3":"status-publish","4":"has-post-thumbnail","6":"product_cat-all-servo-printing-machine-cnc","7":"product_cat-auto-screen-printer","8":"product_cat-glass-bottle-printer","9":"product_tag-automatic","10":"product_tag-cnc","11":"product_tag-cups","12":"product_tag-glass-bottles","13":"product_tag-jar","14":"product_tag-plastic-bottles","15":"product_tag-screen-printer","16":"product_tag-servo","17":"product_tag-tubes","19":"first","20":"instock","21":"shipping-taxable","22":"product-type-simple"},"acf":[],"_links":{"self":[{"href":"https:\/\/apmprint.com\/es\/wp-json\/wp\/v2\/product\/1768","targetHints":{"allow":["GET"]}}],"collection":[{"href":"https:\/\/apmprint.com\/es\/wp-json\/wp\/v2\/product"}],"about":[{"href":"https:\/\/apmprint.com\/es\/wp-json\/wp\/v2\/types\/product"}],"wp:featuredmedia":[{"embeddable":true,"href":"https:\/\/apmprint.com\/es\/wp-json\/wp\/v2\/media\/1769"}],"wp:attachment":[{"href":"https:\/\/apmprint.com\/es\/wp-json\/wp\/v2\/media?parent=1768"}],"wp:term":[{"taxonomy":"product_brand","embeddable":true,"href":"https:\/\/apmprint.com\/es\/wp-json\/wp\/v2\/product_brand?post=1768"},{"taxonomy":"product_cat","embeddable":true,"href":"https:\/\/apmprint.com\/es\/wp-json\/wp\/v2\/product_cat?post=1768"},{"taxonomy":"product_tag","embeddable":true,"href":"https:\/\/apmprint.com\/es\/wp-json\/wp\/v2\/product_tag?post=1768"}],"curies":[{"name":"wp","href":"https:\/\/api.w.org\/{rel}","templated":true}]}}