{"id":1774,"date":"2023-12-21T06:54:57","date_gmt":"2023-12-21T06:54:57","guid":{"rendered":"https:\/\/apmprint.com\/?post_type=product&#038;p=1774"},"modified":"2024-01-03T01:30:57","modified_gmt":"2024-01-03T01:30:57","slug":"apm-cnc102tp-single-color-servo-driven-screen-printer-with-thermoplastic-ink-printing","status":"publish","type":"product","link":"https:\/\/apmprint.com\/es\/producto\/apm-cnc102tp-single-color-servo-driven-screen-printer-with-thermoplastic-ink-printing\/","title":{"rendered":"APM-CNC102TP Impresora serigr\u00e1fica servoaccionada monocolor con impresi\u00f3n de tinta termopl\u00e1stica"},"content":{"rendered":"<p><strong>Aplicaci\u00f3n :<\/strong><\/p>\n<p>Todas las formas de botellas de vidrio, vasos, tazas. Puede imprimir cualquier forma de envases todo en 1 impresi\u00f3n.<\/p>\n<p>&nbsp;<\/p>\n<p>Opcional:<br \/>\nSistema de pretratamiento de llama<br \/>\nSistema UV LED o UV el\u00e9ctrico opcional.<br \/>\nM\u00f3dulo adicional hasta 10 unidades, para ser l\u00ednea de producci\u00f3n multicolor.<br \/>\nSistema de visi\u00f3n por c\u00e1mara, para productos cil\u00edndricos sin punto de registro. Repetici\u00f3n de impresi\u00f3n a varios colores.<br \/>\nPodemos cambiar el cabezal de serigraf\u00eda para que sea una m\u00e1quina de estampaci\u00f3n en caliente.<\/p>\n<p>&nbsp;<\/p>\n<p><strong>Datos t\u00e9cnicos<\/strong><\/p>\n<table>\n<tbody>\n<tr>\n<td width=\"246\">Velocidad<\/td>\n<td width=\"246\">1200-2400pcs\/H<\/td>\n<\/tr>\n<tr>\n<td width=\"246\">Potencia<\/td>\n<td width=\"246\">380V, 3P 50\/60Hz<\/td>\n<\/tr>\n<tr>\n<td width=\"246\">Suministro de aire<\/td>\n<td width=\"246\">6-8Bar<\/td>\n<\/tr>\n<tr>\n<td width=\"246\"><\/td>\n<td width=\"246\"><strong>Contenedor redondo<\/strong><\/td>\n<\/tr>\n<tr>\n<td width=\"246\">Di\u00e1metro de impresi\u00f3n<\/td>\n<td width=\"246\">20-100 mm<\/td>\n<\/tr>\n<tr>\n<td width=\"246\">Longitud de impresi\u00f3n<\/td>\n<td width=\"246\">30-180 mm<\/td>\n<\/tr>\n<tr>\n<td width=\"246\"><\/td>\n<td width=\"246\"><strong>Contenedor cuadrado\/irregular<\/strong><\/td>\n<\/tr>\n<tr>\n<td width=\"246\">Anchura de impresi\u00f3n<\/td>\n<td width=\"246\">20-100 mm<\/td>\n<\/tr>\n<tr>\n<td width=\"246\">Longitud de impresi\u00f3n<\/td>\n<td width=\"246\">30-180 mm<\/td>\n<\/tr>\n<\/tbody>\n<\/table>\n<p>&nbsp;<\/p>\n<p><strong>Muestras:<\/strong><\/p>\n<p><img loading=\"lazy\" decoding=\"async\" class=\"size-full wp-image-1776\" src=\"http:\/\/apmprint.com\/wp-content\/uploads\/2023\/12\/s-16.jpg\" alt=\"apm cnc102tp single color servo driven screen printer with thermoplastic ink printing\" width=\"800\" height=\"800\" srcset=\"https:\/\/apmprint.com\/wp-content\/uploads\/2023\/12\/s-16.jpg 800w, https:\/\/apmprint.com\/wp-content\/uploads\/2023\/12\/s-16-300x300.jpg 300w, https:\/\/apmprint.com\/wp-content\/uploads\/2023\/12\/s-16-150x150.jpg 150w, https:\/\/apmprint.com\/wp-content\/uploads\/2023\/12\/s-16-768x768.jpg 768w, https:\/\/apmprint.com\/wp-content\/uploads\/2023\/12\/s-16-12x12.jpg 12w, https:\/\/apmprint.com\/wp-content\/uploads\/2023\/12\/s-16-600x600.jpg 600w, https:\/\/apmprint.com\/wp-content\/uploads\/2023\/12\/s-16-100x100.jpg 100w\" sizes=\"auto, (max-width: 800px) 100vw, 800px\" \/><\/p>\n<p>&nbsp;<\/p>","protected":false},"excerpt":{"rendered":"<p>Descripci\u00f3n general\uff1a<br \/>\n1. Sistema de carga autom\u00e1tica con servo robot multieje. Botella de pie sobre cinta.<br \/>\n2. Sistema de transferencia servoaccionado.<br \/>\n3. Sistema de impresi\u00f3n autom\u00e1tico con todos los servomotores: cabezal de impresi\u00f3n, marco de malla, rotaci\u00f3n, contenedor arriba\/abajo, todos accionados por servomotores.<br \/>\n4. Impresi\u00f3n por varias caras en un solo proceso.<br \/>\n5. Cambio muy r\u00e1pido y sencillo de un producto a otro.<br \/>\n6. Todos los par\u00e1metros de ajuste autom\u00e1tico simplemente en la pantalla t\u00e1ctil. El cambio de producto es de s\u00f3lo 15 minutos por color.<br \/>\n7. Descarga autom\u00e1tica con servo robot. Descarga de botellas de pie.<br \/>\n8. Funcionamiento seguro con CE.<br \/>\n9. Repetir la impresi\u00f3n para que sea multicolor.<\/p>","protected":false},"featured_media":1775,"template":"","meta":{"_acf_changed":false,"_seopress_robots_primary_cat":"none","_seopress_titles_title":"","_seopress_titles_desc":"","_seopress_robots_index":""},"product_brand":[],"product_cat":[29,31,33],"product_tag":[75,85,78,69],"class_list":{"0":"post-1774","1":"product","2":"type-product","3":"status-publish","4":"has-post-thumbnail","6":"product_cat-all-servo-printing-machine-cnc","7":"product_cat-auto-screen-printer","8":"product_cat-glass-bottle-printer","9":"product_tag-automatic","10":"product_tag-cnc","11":"product_tag-screen-printer","12":"product_tag-servo","14":"first","15":"instock","16":"shipping-taxable","17":"product-type-simple"},"acf":[],"_links":{"self":[{"href":"https:\/\/apmprint.com\/es\/wp-json\/wp\/v2\/product\/1774","targetHints":{"allow":["GET"]}}],"collection":[{"href":"https:\/\/apmprint.com\/es\/wp-json\/wp\/v2\/product"}],"about":[{"href":"https:\/\/apmprint.com\/es\/wp-json\/wp\/v2\/types\/product"}],"wp:featuredmedia":[{"embeddable":true,"href":"https:\/\/apmprint.com\/es\/wp-json\/wp\/v2\/media\/1775"}],"wp:attachment":[{"href":"https:\/\/apmprint.com\/es\/wp-json\/wp\/v2\/media?parent=1774"}],"wp:term":[{"taxonomy":"product_brand","embeddable":true,"href":"https:\/\/apmprint.com\/es\/wp-json\/wp\/v2\/product_brand?post=1774"},{"taxonomy":"product_cat","embeddable":true,"href":"https:\/\/apmprint.com\/es\/wp-json\/wp\/v2\/product_cat?post=1774"},{"taxonomy":"product_tag","embeddable":true,"href":"https:\/\/apmprint.com\/es\/wp-json\/wp\/v2\/product_tag?post=1774"}],"curies":[{"name":"wp","href":"https:\/\/api.w.org\/{rel}","templated":true}]}}