{"id":1779,"date":"2023-12-21T07:23:43","date_gmt":"2023-12-21T07:23:43","guid":{"rendered":"https:\/\/apmprint.com\/?post_type=product&#038;p=1779"},"modified":"2024-01-03T01:24:16","modified_gmt":"2024-01-03T01:24:16","slug":"cnc106-3-6-color-automatic-servo-screen-printer","status":"publish","type":"product","link":"https:\/\/apmprint.com\/es\/producto\/cnc106-3-6-color-automatic-servo-screen-printer\/","title":{"rendered":"2-8 colores botella de vidrio servo m\u00e1quina de serigraf\u00eda CNC106"},"content":{"rendered":"<p>CNC106 automatica multicolor vidrio plastico metal botella logo Serigrafia y estampado en caliente carrusel de maquinas las empresas dedican mucho tiempo a la elaboracion de diversos productos para satisfacer las diversas necesidades de los consumidores. El uso bien integrado de tecnolog\u00edas contribuye al proceso de fabricaci\u00f3n de alta eficiencia.se ha demostrado que el producto es indispensable en el campo (s) de Impresoras de pantalla. CNC106 M\u00e1quina autom\u00e1tica de serigraf\u00eda multicolor para botellas de vidrio, pl\u00e1stico, metal y estampado en caliente de logotipos, es uno de nuestros mejores y m\u00e1s recientes productos.<\/p>\n<div class=\"rich-text-table\">\n<table>\n<tbody>\n<tr>\n<td>Tipo de placa:<\/td>\n<td>Impresora serigr\u00e1fica<\/td>\n<td>Industrias aplicables:<\/td>\n<td>F\u00e1bricas, imprentas, tiendas de alimentaci\u00f3n y bebidas<\/td>\n<\/tr>\n<tr>\n<td>Estado:<\/td>\n<td>Nuevo<\/td>\n<td>Lugar de origen:<\/td>\n<td>Guangdong, China<\/td>\n<\/tr>\n<tr>\n<td>Marca:<\/td>\n<td>impresi\u00f3n apm<\/td>\n<td>Uso:<\/td>\n<td>impresora de botellas, impresora de botellas de vidrio<\/td>\n<\/tr>\n<tr>\n<td>Grado Autom\u00e1tico:<\/td>\n<td>Autom\u00e1tico<\/td>\n<td>Color y p\u00e1gina:<\/td>\n<td>Multicolor<\/td>\n<\/tr>\n<tr>\n<td>Tensi\u00f3n:<\/td>\n<td>380 V, 50\/60 Hz<\/td>\n<td>Dimensiones (largo*ancho*alto):<\/td>\n<td>2.2*2.2*2m<\/td>\n<\/tr>\n<tr>\n<td>Peso:<\/td>\n<td>3500 KG<\/td>\n<td>Certificaci\u00f3n:<\/td>\n<td>Certificaci\u00f3n CE<\/td>\n<\/tr>\n<tr>\n<td>Garant\u00eda:<\/td>\n<td>1 a\u00f1o<\/td>\n<td>Servicio postventa prestado:<\/td>\n<td>Asistencia en l\u00ednea, asistencia t\u00e9cnica por v\u00eddeo, ingenieros disponibles para el mantenimiento de maquinaria en el extranjero<\/td>\n<\/tr>\n<tr>\n<td>Puntos clave de venta:<\/td>\n<td>Autom\u00e1tico<\/td>\n<td>Informe de ensayo de maquinaria:<\/td>\n<td>Proporcionado<\/td>\n<\/tr>\n<tr>\n<td>V\u00eddeo de la inspecci\u00f3n de salida:<\/td>\n<td>Proporcionado<\/td>\n<td>Garant\u00eda de los componentes principales:<\/td>\n<td>1 a\u00f1o<\/td>\n<\/tr>\n<tr>\n<td>Componentes b\u00e1sicos:<\/td>\n<td>Cojinete, Motor, PLC, Motor, Caja de cambios<\/td>\n<td>Aplicaci\u00f3n:<\/td>\n<td>botella de vidrio\u00a0<a class=\"keyword_link font-color\" title=\"m\u00e1quina de estampaci\u00f3n en caliente\" href=\"https:\/\/www.apmprinter.com\/\" target=\"_blank\" rel=\"noopener\">m\u00e1quina de estampaci\u00f3n en caliente<\/a><\/td>\n<\/tr>\n<tr>\n<td>Color de impresi\u00f3n:<\/td>\n<td>Multicolor Opcional<\/td>\n<td>Tipo:<\/td>\n<td>m\u00e1quina de estampaci\u00f3n en caliente<\/td>\n<\/tr>\n<tr>\n<td>Palabras clave:<\/td>\n<td>estampaci\u00f3n en vidrio<\/td>\n<td>\u00c1mbito de aplicaci\u00f3n:<\/td>\n<td>impresi\u00f3ng<\/td>\n<\/tr>\n<tr>\n<td>Nombre del producto:<\/td>\n<td>M\u00e1quina de impresi\u00f3n autom\u00e1tica CNC106<\/td>\n<td>Tama\u00f1o de impresi\u00f3n:<\/td>\n<td>variedad de tama\u00f1os<\/td>\n<\/tr>\n<tr>\n<td>Art\u00edculo:<\/td>\n<td>Impresora serigr\u00e1fica autom\u00e1tica<\/td>\n<td>Tipo de m\u00e1quina:<\/td>\n<td>Impresora serigr\u00e1fica autom\u00e1tica grande<\/td>\n<\/tr>\n<tr>\n<td>Servicio post garant\u00eda:<\/td>\n<td>Asistencia t\u00e9cnica por v\u00eddeo, Asistencia en l\u00ednea, Piezas de repuesto, Servicio de mantenimiento y reparaci\u00f3n in situ<\/td>\n<td>Ubicaci\u00f3n del servicio local:<\/td>\n<td>Canad\u00e1, Turqu\u00eda, Estados Unidos, Espa\u00f1a<\/td>\n<\/tr>\n<tr>\n<td>Ubicaci\u00f3n de la sala de exposici\u00f3n:<\/td>\n<td>Canad\u00e1, Turqu\u00eda, Estados Unidos, Espa\u00f1a<\/td>\n<td>Tipo de comercializaci\u00f3n:<\/td>\n<td>Producto estrella 2019<\/td>\n<\/tr>\n<\/tbody>\n<\/table>\n<\/div>\n<p>&nbsp;<\/p>\n<p><strong>Aplicaci\u00f3n:<\/strong><\/p>\n<p>Botellas redondas, ovaladas y cuadradas<\/p>\n<p>&nbsp;<\/p>\n<p>Descripci\u00f3n:<br \/>\n1. Cinta de carga autom\u00e1tica, cargador totalmente autom\u00e1tico opcional con cargo adicional.<br \/>\n2. Limpiar el polvo<br \/>\n3. Tratamiento de llama autom\u00e1tico<br \/>\n4. 12 estaciones<br \/>\n5. Inflado en cada estaci\u00f3n de impresi\u00f3n para botellas blandas<br \/>\n6. Todas las impresoras serigr\u00e1ficas servoaccionadas con la mejor precisi\u00f3n<br \/>\n*cabezales de impresi\u00f3n accionados por servomotor<br \/>\n*marcos de malla accionados por servomotores<br \/>\n*todas las plantillas se instalan con servomotores para la rotaci\u00f3n (sin necesidad de engranajes, cambio de productos f\u00e1cil y r\u00e1pido)<br \/>\n7. Impresi\u00f3n multicolor en 1 proceso<br \/>\n8. Sistema de visi\u00f3n por c\u00e1mara (CCD) opcional: para productos cil\u00edndricos sin punto de registro, impresi\u00f3n repetida a doble color.<br \/>\n9. Cambio r\u00e1pido y sencillo de un producto a otro. Todos los par\u00e1metros se ajustan autom\u00e1ticamente en la pantalla t\u00e1ctil.<br \/>\n10. Secado UV autom\u00e1tico despu\u00e9s de cada impresi\u00f3n en color.<br \/>\n11. Descarga autom\u00e1tica.<br \/>\n12. 12. Casa de m\u00e1quinas bien construida con dise\u00f1o de seguridad est\u00e1ndar CE.<br \/>\n13. Estampaci\u00f3n en caliente opcional<\/p>\n<p>&nbsp;<\/p>\n<p><strong>Observaciones:<\/strong><\/p>\n<p>Idioma: Chino, ingl\u00e9s y lengua local opcionales.<\/p>\n<p>El comprador ayudar\u00e1 a traducir los paneles al idioma local<\/p>\n<p>&nbsp;<\/p>\n<p><strong>Datos t\u00e9cnicos<\/strong><\/p>\n<table>\n<tbody>\n<tr>\n<td width=\"207\">Par\u00e1metro\/art\u00edculo<\/td>\n<td width=\"321\">CNC106<\/td>\n<\/tr>\n<tr>\n<td width=\"207\">potencia<\/td>\n<td width=\"321\">380V, 3P 50\/60Hz<\/td>\n<\/tr>\n<tr>\n<td width=\"207\">Consumo de aire<\/td>\n<td width=\"321\">6-8bar<\/td>\n<\/tr>\n<tr>\n<td width=\"207\">Velocidad m\u00e1xima de impresi\u00f3n<\/td>\n<td width=\"321\">30~60 piezas\/min<\/td>\n<\/tr>\n<tr>\n<td width=\"207\">Di\u00e1metro m\u00e1x. de impresi\u00f3n<\/td>\n<td width=\"321\">60 mm<\/td>\n<\/tr>\n<tr>\n<td width=\"207\">Circunstancia de impresi\u00f3n m\u00e1x.<\/td>\n<td width=\"321\">180 mm<\/td>\n<\/tr>\n<tr>\n<td width=\"207\">Altura del producto<\/td>\n<td width=\"321\">25-250 mm<\/td>\n<\/tr>\n<tr>\n<td width=\"207\">Altura m\u00e1xima de impresi\u00f3n<\/td>\n<td width=\"321\">200 mm<\/td>\n<\/tr>\n<\/tbody>\n<\/table>\n<p><strong>\u00a0\u00a0<\/strong><\/p>\n<p><strong><b>MARCA DE LAS PIEZAS PRINCIPALES<\/b><\/strong><\/p>\n<table>\n<tbody>\n<tr>\n<td width=\"152\"><strong><b>SISTEMAS DE CONTROL<\/b><\/strong><\/td>\n<td width=\"145\">YASKAWA PLC<\/td>\n<td width=\"125\">JAP\u00d3N<\/td>\n<\/tr>\n<tr>\n<td width=\"152\"><strong><b>PANTALLA T\u00c1CTIL <\/b><\/strong><\/td>\n<td width=\"145\">WEINVIEW<\/td>\n<td width=\"125\">TAIW\u00c1N<\/td>\n<\/tr>\n<tr>\n<td width=\"152\"><strong><b>SERVOSISTEMAS<\/b><\/strong><\/td>\n<td width=\"145\">YASKAWA<\/td>\n<td width=\"125\">JAP\u00d3N<\/td>\n<\/tr>\n<tr>\n<td width=\"152\"><strong><b>\u00cdNDICE<\/b><\/strong><\/td>\n<td width=\"145\">DEX<\/td>\n<td width=\"125\">TAIW\u00c1N<\/td>\n<\/tr>\n<tr>\n<td width=\"152\"><strong><b>PIEZAS EL\u00c9CTRICAS<\/b><\/strong><\/td>\n<td width=\"145\">OMRON\/SCHNEIDER<\/td>\n<td width=\"125\">JAP\u00d3N\/FRANCIA<\/td>\n<\/tr>\n<tr>\n<td width=\"152\"><strong><b>PIEZAS NEUM\u00c1TICAS<\/b><\/strong><\/td>\n<td width=\"145\">SMC\/AIRTAC<\/td>\n<td width=\"125\">JAP\u00d3N\/Taiw\u00e1n<\/td>\n<\/tr>\n<\/tbody>\n<\/table>\n<p>&nbsp;<\/p>\n<p><strong>Muestras:<\/strong><\/p>\n<p><img loading=\"lazy\" decoding=\"async\" class=\"size-full wp-image-1780\" src=\"http:\/\/apmprint.com\/wp-content\/uploads\/2023\/12\/s-17.jpg\" alt=\"cnc106 3 6 color automatic servo screen printer\" width=\"800\" height=\"800\" srcset=\"https:\/\/apmprint.com\/wp-content\/uploads\/2023\/12\/s-17.jpg 800w, https:\/\/apmprint.com\/wp-content\/uploads\/2023\/12\/s-17-300x300.jpg 300w, https:\/\/apmprint.com\/wp-content\/uploads\/2023\/12\/s-17-150x150.jpg 150w, https:\/\/apmprint.com\/wp-content\/uploads\/2023\/12\/s-17-768x768.jpg 768w, https:\/\/apmprint.com\/wp-content\/uploads\/2023\/12\/s-17-12x12.jpg 12w, https:\/\/apmprint.com\/wp-content\/uploads\/2023\/12\/s-17-600x600.jpg 600w, https:\/\/apmprint.com\/wp-content\/uploads\/2023\/12\/s-17-100x100.jpg 100w\" sizes=\"auto, (max-width: 800px) 100vw, 800px\" \/><\/p>\n<p>&nbsp;<\/p>\n<p><img loading=\"lazy\" decoding=\"async\" class=\"size-full wp-image-1808\" src=\"http:\/\/apmprint.com\/wp-content\/uploads\/2023\/12\/s-23.jpg\" alt=\"1~8 color universal auto screen printer s102\" width=\"800\" height=\"631\" srcset=\"https:\/\/apmprint.com\/wp-content\/uploads\/2023\/12\/s-23.jpg 800w, https:\/\/apmprint.com\/wp-content\/uploads\/2023\/12\/s-23-300x237.jpg 300w, https:\/\/apmprint.com\/wp-content\/uploads\/2023\/12\/s-23-768x606.jpg 768w, https:\/\/apmprint.com\/wp-content\/uploads\/2023\/12\/s-23-15x12.jpg 15w, https:\/\/apmprint.com\/wp-content\/uploads\/2023\/12\/s-23-600x473.jpg 600w\" sizes=\"auto, (max-width: 800px) 100vw, 800px\" \/><\/p>\n<p><img loading=\"lazy\" decoding=\"async\" class=\"size-full wp-image-1967\" src=\"http:\/\/apmprint.com\/wp-content\/uploads\/2023\/12\/\u4ecb\u7ecd1.jpg\" alt=\"ss106 2 color automatic printing machine\" width=\"750\" height=\"1500\" srcset=\"https:\/\/apmprint.com\/wp-content\/uploads\/2023\/12\/\u4ecb\u7ecd1.jpg 750w, https:\/\/apmprint.com\/wp-content\/uploads\/2023\/12\/\u4ecb\u7ecd1-150x300.jpg 150w, https:\/\/apmprint.com\/wp-content\/uploads\/2023\/12\/\u4ecb\u7ecd1-512x1024.jpg 512w, https:\/\/apmprint.com\/wp-content\/uploads\/2023\/12\/\u4ecb\u7ecd1-6x12.jpg 6w, https:\/\/apmprint.com\/wp-content\/uploads\/2023\/12\/\u4ecb\u7ecd1-600x1200.jpg 600w\" sizes=\"auto, (max-width: 750px) 100vw, 750px\" \/><\/p>\n<p><img loading=\"lazy\" decoding=\"async\" class=\"size-full wp-image-1968\" src=\"http:\/\/apmprint.com\/wp-content\/uploads\/2023\/12\/\u4ecb\u7ecd2.jpg\" alt=\"ss106 2 color automatic printing machine\" width=\"750\" height=\"1020\" srcset=\"https:\/\/apmprint.com\/wp-content\/uploads\/2023\/12\/\u4ecb\u7ecd2.jpg 750w, https:\/\/apmprint.com\/wp-content\/uploads\/2023\/12\/\u4ecb\u7ecd2-221x300.jpg 221w, https:\/\/apmprint.com\/wp-content\/uploads\/2023\/12\/\u4ecb\u7ecd2-9x12.jpg 9w, https:\/\/apmprint.com\/wp-content\/uploads\/2023\/12\/\u4ecb\u7ecd2-600x816.jpg 600w\" sizes=\"auto, (max-width: 750px) 100vw, 750px\" \/><\/p>\n<p><img loading=\"lazy\" decoding=\"async\" class=\"size-full wp-image-1969\" src=\"http:\/\/apmprint.com\/wp-content\/uploads\/2023\/12\/\u4ecb\u7ecd3.jpg\" alt=\"ss106 2 color automatic printing machine\" width=\"750\" height=\"1072\" srcset=\"https:\/\/apmprint.com\/wp-content\/uploads\/2023\/12\/\u4ecb\u7ecd3.jpg 750w, https:\/\/apmprint.com\/wp-content\/uploads\/2023\/12\/\u4ecb\u7ecd3-210x300.jpg 210w, https:\/\/apmprint.com\/wp-content\/uploads\/2023\/12\/\u4ecb\u7ecd3-716x1024.jpg 716w, https:\/\/apmprint.com\/wp-content\/uploads\/2023\/12\/\u4ecb\u7ecd3-8x12.jpg 8w, https:\/\/apmprint.com\/wp-content\/uploads\/2023\/12\/\u4ecb\u7ecd3-600x858.jpg 600w\" sizes=\"auto, (max-width: 750px) 100vw, 750px\" \/><\/p>\n<p>&nbsp;<\/p>","protected":false},"excerpt":{"rendered":"<p>En la fabricaci\u00f3n de impresoras serigr\u00e1ficas totalmente autom\u00e1ticas (especialmente m\u00e1quinas de impresi\u00f3n CNC) se utilizan diversas tecnolog\u00edas sofisticadas M\u00e1quina de estampaci\u00f3n en caliente autom\u00e1tica Con la mejora del rendimiento del producto, tambi\u00e9n se han ampliado sus \u00e1mbitos de aplicaci\u00f3n. Hasta ahora, se ha demostrado su uso en el campo(s) de las Impresoras serigr\u00e1ficas.<\/p>\n<p><strong><b>N\u00famero de modelo<\/b><\/strong>: CNC106<\/p>\n<p><strong><b>Potencia bruta<\/b><\/strong>: 380V trif\u00e1sico 50\/60Hz<\/p>\n<p><strong><b>env\u00edo<\/b><\/strong>: Transporte mar\u00edtimo urgente \/ Transporte terrestre \/ Transporte a\u00e9reo<\/p>\n<p><strong><b>Personalizaci\u00f3n<\/b><\/strong>: Logotipo personalizado (Pedido m\u00edn.: 5 juegos) , Embalaje personalizado (Pedido m\u00edn.: 5 juegos) , Personalizaci\u00f3n gr\u00e1fica (Pedido m\u00edn.: 5 juegos)<\/p>","protected":false},"featured_media":1970,"template":"","meta":{"_acf_changed":false,"_seopress_robots_primary_cat":"none","_seopress_titles_title":"","_seopress_titles_desc":"","_seopress_robots_index":""},"product_brand":[],"product_cat":[29,31],"product_tag":[75,85,55,56,84,57,78,69,58],"class_list":{"0":"post-1779","1":"product","2":"type-product","3":"status-publish","4":"has-post-thumbnail","6":"product_cat-all-servo-printing-machine-cnc","7":"product_cat-auto-screen-printer","8":"product_tag-automatic","9":"product_tag-cnc","10":"product_tag-cups","11":"product_tag-glass-bottles","12":"product_tag-jar","13":"product_tag-plastic-bottles","14":"product_tag-screen-printer","15":"product_tag-servo","16":"product_tag-tubes","18":"first","19":"instock","20":"shipping-taxable","21":"product-type-simple"},"acf":[],"_links":{"self":[{"href":"https:\/\/apmprint.com\/es\/wp-json\/wp\/v2\/product\/1779","targetHints":{"allow":["GET"]}}],"collection":[{"href":"https:\/\/apmprint.com\/es\/wp-json\/wp\/v2\/product"}],"about":[{"href":"https:\/\/apmprint.com\/es\/wp-json\/wp\/v2\/types\/product"}],"wp:featuredmedia":[{"embeddable":true,"href":"https:\/\/apmprint.com\/es\/wp-json\/wp\/v2\/media\/1970"}],"wp:attachment":[{"href":"https:\/\/apmprint.com\/es\/wp-json\/wp\/v2\/media?parent=1779"}],"wp:term":[{"taxonomy":"product_brand","embeddable":true,"href":"https:\/\/apmprint.com\/es\/wp-json\/wp\/v2\/product_brand?post=1779"},{"taxonomy":"product_cat","embeddable":true,"href":"https:\/\/apmprint.com\/es\/wp-json\/wp\/v2\/product_cat?post=1779"},{"taxonomy":"product_tag","embeddable":true,"href":"https:\/\/apmprint.com\/es\/wp-json\/wp\/v2\/product_tag?post=1779"}],"curies":[{"name":"wp","href":"https:\/\/api.w.org\/{rel}","templated":true}]}}