{"id":1796,"date":"2023-12-21T07:46:48","date_gmt":"2023-12-21T07:46:48","guid":{"rendered":"https:\/\/apmprint.com\/?post_type=product&#038;p=1796"},"modified":"2023-12-21T07:51:17","modified_gmt":"2023-12-21T07:51:17","slug":"pen11-automatic-single-color-screen-printer-for-pens","status":"publish","type":"product","link":"https:\/\/apmprint.com\/es\/producto\/pen11-automatic-single-color-screen-printer-for-pens\/","title":{"rendered":"PEN11 Impresora serigr\u00e1fica monocolor autom\u00e1tica para bol\u00edgrafos"},"content":{"rendered":"<p><strong>Aplicaci\u00f3n:<\/strong><\/p>\n<p>Fundas para bol\u00edgrafos, l\u00e1pices, pintalabios, jeringuillas, velas, etc., con tinta disolvente o UV.<\/p>\n<p>&nbsp;<\/p>\n<p><strong>Datos t\u00e9cnicos:<\/strong><\/p>\n<table>\n<tbody>\n<tr>\n<td width=\"56.1400%\">Di\u00e1metro de impresi\u00f3n<\/td>\n<td width=\"43.8600%\">3-20 mm<\/td>\n<\/tr>\n<tr>\n<td width=\"56.1400%\">Longitud de impresi\u00f3n<\/td>\n<td width=\"43.8600%\">70-180 mm<\/td>\n<\/tr>\n<tr>\n<td width=\"56.1400%\">Trazo de impresi\u00f3n (de izquierda a derecha)<\/td>\n<td width=\"43.8600%\">20-80 mm ajustable<\/td>\n<\/tr>\n<tr>\n<td width=\"56.1400%\">C\u00f3nico m\u00e1ximo<\/td>\n<td width=\"43.8600%\">3\u00b0<\/td>\n<\/tr>\n<tr>\n<td width=\"56.1400%\">Longitud m\u00ednima en blanco en ambos extremos (no se puede imprimir)<\/td>\n<td width=\"43.8600%\">8 mm<\/td>\n<\/tr>\n<tr>\n<td width=\"56.1400%\">Velocidad de impresi\u00f3n<\/td>\n<td width=\"43.8600%\">3600-4800 piezas\/hora<\/td>\n<\/tr>\n<tr>\n<td width=\"56.1400%\">Salida IR<\/td>\n<td width=\"43.8600%\">1900w<\/td>\n<\/tr>\n<tr>\n<td width=\"56.1400%\">Alimentaci\u00f3n<\/td>\n<td width=\"43.8600%\">220 V, 50\/60 Hz, 4,5 kW<\/td>\n<\/tr>\n<\/tbody>\n<\/table>\n<p>&nbsp;<\/p>\n<p>&nbsp;<\/p>\n<p><strong>Muestras:<\/strong><\/p>\n<p><img loading=\"lazy\" decoding=\"async\" class=\"size-full wp-image-1797\" src=\"http:\/\/apmprint.com\/wp-content\/uploads\/2023\/12\/s-20.jpg\" alt=\"pen11 automatic single color screen printer for pens\" width=\"800\" height=\"800\" srcset=\"https:\/\/apmprint.com\/wp-content\/uploads\/2023\/12\/s-20.jpg 800w, https:\/\/apmprint.com\/wp-content\/uploads\/2023\/12\/s-20-300x300.jpg 300w, https:\/\/apmprint.com\/wp-content\/uploads\/2023\/12\/s-20-150x150.jpg 150w, https:\/\/apmprint.com\/wp-content\/uploads\/2023\/12\/s-20-768x768.jpg 768w, https:\/\/apmprint.com\/wp-content\/uploads\/2023\/12\/s-20-12x12.jpg 12w, https:\/\/apmprint.com\/wp-content\/uploads\/2023\/12\/s-20-600x600.jpg 600w, https:\/\/apmprint.com\/wp-content\/uploads\/2023\/12\/s-20-100x100.jpg 100w\" sizes=\"auto, (max-width: 800px) 100vw, 800px\" \/><\/p>\n<p>&nbsp;<\/p>","protected":false},"excerpt":{"rendered":"<p><strong>Descripci\u00f3n:<\/strong><\/p>\n<ol>\n<li>Carga autom\u00e1tica con tolva<\/li>\n<li>Secado por infrarrojos.<\/li>\n<li>Sistema de refrigeraci\u00f3n antes de la descarga.<\/li>\n<li>Descarga autom\u00e1tica con ranura de descarga.<\/li>\n<li>Accionado por motor, no requiere aire comprimido.<\/li>\n<\/ol>","protected":false},"featured_media":1798,"template":"","meta":{"_acf_changed":false,"_seopress_robots_primary_cat":"none","_seopress_titles_title":"","_seopress_titles_desc":"","_seopress_robots_index":""},"product_brand":[],"product_cat":[31],"product_tag":[75,78],"class_list":{"0":"post-1796","1":"product","2":"type-product","3":"status-publish","4":"has-post-thumbnail","6":"product_cat-auto-screen-printer","7":"product_tag-automatic","8":"product_tag-screen-printer","10":"first","11":"instock","12":"shipping-taxable","13":"product-type-simple"},"acf":[],"_links":{"self":[{"href":"https:\/\/apmprint.com\/es\/wp-json\/wp\/v2\/product\/1796","targetHints":{"allow":["GET"]}}],"collection":[{"href":"https:\/\/apmprint.com\/es\/wp-json\/wp\/v2\/product"}],"about":[{"href":"https:\/\/apmprint.com\/es\/wp-json\/wp\/v2\/types\/product"}],"wp:featuredmedia":[{"embeddable":true,"href":"https:\/\/apmprint.com\/es\/wp-json\/wp\/v2\/media\/1798"}],"wp:attachment":[{"href":"https:\/\/apmprint.com\/es\/wp-json\/wp\/v2\/media?parent=1796"}],"wp:term":[{"taxonomy":"product_brand","embeddable":true,"href":"https:\/\/apmprint.com\/es\/wp-json\/wp\/v2\/product_brand?post=1796"},{"taxonomy":"product_cat","embeddable":true,"href":"https:\/\/apmprint.com\/es\/wp-json\/wp\/v2\/product_cat?post=1796"},{"taxonomy":"product_tag","embeddable":true,"href":"https:\/\/apmprint.com\/es\/wp-json\/wp\/v2\/product_tag?post=1796"}],"curies":[{"name":"wp","href":"https:\/\/api.w.org\/{rel}","templated":true}]}}