{"id":1799,"date":"2023-12-21T07:54:55","date_gmt":"2023-12-21T07:54:55","guid":{"rendered":"https:\/\/apmprint.com\/?post_type=product&#038;p=1799"},"modified":"2023-12-21T08:00:20","modified_gmt":"2023-12-21T08:00:20","slug":"pen22-auto-pen-printer-with-flame","status":"publish","type":"product","link":"https:\/\/apmprint.com\/es\/producto\/pen22-auto-pen-printer-with-flame\/","title":{"rendered":"PEN22 Impresora bol\u00edgrafo autom\u00e1tica con llama"},"content":{"rendered":"<p><strong>FUNCI\u00d3N ESPECIAL:<\/strong><\/p>\n<p>1. Una m\u00e1quina tiene dos l\u00edneas de impresi\u00f3n. F\u00e1cil operaci\u00f3n para detener, limpiar la placa de impresi\u00f3n de pantalla, a\u00f1adir tinta, etc..<br \/>\nEl bol\u00edgrafo no se quemar\u00e1 ni perder\u00e1 su forma cuando la m\u00e1quina deje de imprimir.<br \/>\n2. Puede imprimir productos c\u00f3nicos, y la conicidad m\u00e1xima es de 3\u00b0.<br \/>\n3.La placa base de impresi\u00f3n tiene el dispositivo de funci\u00f3n de vac\u00edo (opcional) que puede imprimir patrones precisos.<br \/>\n4. Tratamiento de llama autom\u00e1tico antes de la impresi\u00f3n<br \/>\n5. Puede imprimir dos tipos de bol\u00edgrafo al mismo tiempo.<br \/>\n6. Secado UV autom\u00e1tico tras la impresi\u00f3n.<br \/>\n7.Aplicaci\u00f3n: La m\u00e1quina se utiliza ampliamente en la impresi\u00f3n de bol\u00edgrafo, bol\u00edgrafo borrable con agua, l\u00e1piz, rotulador, l\u00e1piz de cejas, l\u00e1piz labial, tubo de ensayo m\u00e9dico, etc.<\/p>\n<p>&nbsp;<\/p>\n<p><strong>Muestras:<\/strong><\/p>\n<p><img loading=\"lazy\" decoding=\"async\" class=\"size-full wp-image-1801\" src=\"http:\/\/apmprint.com\/wp-content\/uploads\/2023\/12\/s-21.jpg\" alt=\"pen11 automatic single color screen printer for pens (\u590d\u5236)\" width=\"800\" height=\"800\" srcset=\"https:\/\/apmprint.com\/wp-content\/uploads\/2023\/12\/s-21.jpg 800w, https:\/\/apmprint.com\/wp-content\/uploads\/2023\/12\/s-21-300x300.jpg 300w, https:\/\/apmprint.com\/wp-content\/uploads\/2023\/12\/s-21-150x150.jpg 150w, https:\/\/apmprint.com\/wp-content\/uploads\/2023\/12\/s-21-768x768.jpg 768w, https:\/\/apmprint.com\/wp-content\/uploads\/2023\/12\/s-21-12x12.jpg 12w, https:\/\/apmprint.com\/wp-content\/uploads\/2023\/12\/s-21-600x600.jpg 600w, https:\/\/apmprint.com\/wp-content\/uploads\/2023\/12\/s-21-100x100.jpg 100w\" sizes=\"auto, (max-width: 800px) 100vw, 800px\" \/><\/p>\n<p>&nbsp;<\/p>","protected":false},"excerpt":{"rendered":"<p>TECH-DATA<br \/>\n1.Di\u00e1metro de los objetos de impresi\u00f3n: \u03c63\uff5e\u03c620mm<br \/>\n2.Longitud de los objetos de impresi\u00f3n: 60\uff5e160mm<br \/>\n3.Ancho de la ruta de impresi\u00f3n: 20\uff5e80mm<br \/>\n4.Color: un color<br \/>\n5.Velocidad de impresi\u00f3n: 6000~8000pcs\/hr<br \/>\n6.Potencia: 220V 50\/60Hz 6KW<br \/>\n7.Peso :600kg<br \/>\n8.Dimensi\u00f3n de la m\u00e1quina: 3200\u00d71120\u00d71520mm<\/p>","protected":false},"featured_media":1800,"template":"","meta":{"_acf_changed":false,"_seopress_robots_primary_cat":"none","_seopress_titles_title":"","_seopress_titles_desc":"","_seopress_robots_index":""},"product_brand":[],"product_cat":[31],"product_tag":[75,78],"class_list":{"0":"post-1799","1":"product","2":"type-product","3":"status-publish","4":"has-post-thumbnail","6":"product_cat-auto-screen-printer","7":"product_tag-automatic","8":"product_tag-screen-printer","10":"first","11":"instock","12":"shipping-taxable","13":"product-type-simple"},"acf":[],"_links":{"self":[{"href":"https:\/\/apmprint.com\/es\/wp-json\/wp\/v2\/product\/1799","targetHints":{"allow":["GET"]}}],"collection":[{"href":"https:\/\/apmprint.com\/es\/wp-json\/wp\/v2\/product"}],"about":[{"href":"https:\/\/apmprint.com\/es\/wp-json\/wp\/v2\/types\/product"}],"wp:featuredmedia":[{"embeddable":true,"href":"https:\/\/apmprint.com\/es\/wp-json\/wp\/v2\/media\/1800"}],"wp:attachment":[{"href":"https:\/\/apmprint.com\/es\/wp-json\/wp\/v2\/media?parent=1799"}],"wp:term":[{"taxonomy":"product_brand","embeddable":true,"href":"https:\/\/apmprint.com\/es\/wp-json\/wp\/v2\/product_brand?post=1799"},{"taxonomy":"product_cat","embeddable":true,"href":"https:\/\/apmprint.com\/es\/wp-json\/wp\/v2\/product_cat?post=1799"},{"taxonomy":"product_tag","embeddable":true,"href":"https:\/\/apmprint.com\/es\/wp-json\/wp\/v2\/product_tag?post=1799"}],"curies":[{"name":"wp","href":"https:\/\/api.w.org\/{rel}","templated":true}]}}