{"id":1813,"date":"2023-12-21T08:36:59","date_gmt":"2023-12-21T08:36:59","guid":{"rendered":"https:\/\/apmprint.com\/?post_type=product&#038;p=1813"},"modified":"2023-12-25T09:41:29","modified_gmt":"2023-12-25T09:41:29","slug":"auto-screen-printer-apm-s102c","status":"publish","type":"product","link":"https:\/\/apmprint.com\/es\/producto\/auto-screen-printer-apm-s102c\/","title":{"rendered":"M\u00e1quina serigr\u00e1fica autom\u00e1tica para vasos de pl\u00e1stico S102C"},"content":{"rendered":"<p>Shenzhen Hejia Automatic Printing Machine Co., Ltd., como empresa innovadora de alta tecnolog\u00eda, se ha centrado en la innovaci\u00f3n de productos. Hemos trabajado con \u00e9xito el S102 Mejor Elecci\u00f3n Botellas Ovaladas Redondas Planas\u00a0<a class=\"keyword_link font-color\" title=\"M\u00e1quina de serigraf\u00eda autom\u00e1tica\" href=\"https:\/\/www.apmprinter.com\/products-66975\" target=\"_blank\" rel=\"noopener\">M\u00e1quina de serigraf\u00eda autom\u00e1tica<\/a>ry, que es el plan para vender a los mercados mundiales. A diferencia de otros productos, S102 Best Choice Botellas Ovaladas Redondas Planas Maquinaria de Serigraf\u00eda Autom\u00e1tica realmente resuelve los puntos de dolor de los clientes, por lo que tan pronto como se lanzaron al mercado, recibieron muchos buenos comentarios. Para el crecimiento y desarrollo de nuestra empresa, Shenzhen Hejia Automatic Printing Machine Co., Ltd. nunca dejar\u00e1 de actualizar y desarrollar tecnolog\u00edas para mejorar nuestra competitividad b\u00e1sica. Nuestra visi\u00f3n es convertirnos en una empresa famosa en el mercado mundial.<\/p>\n<div class=\"rich-text-table\">\n<table>\n<tbody>\n<tr class=\"firstRow\">\n<td>Tipo de placa:<\/td>\n<td>Impresora serigr\u00e1fica<\/td>\n<td>Industrias aplicables:<\/td>\n<td>Planta de fabricaci\u00f3n, f\u00e1brica de alimentos y bebidas, imprentas, empresa de publicidad, empresa de fabricaci\u00f3n de botellas, empresa de envasado<\/td>\n<\/tr>\n<tr>\n<td>Estado:<\/td>\n<td>Nuevo<\/td>\n<td>Lugar de origen:<\/td>\n<td>Guangdong, China<\/td>\n<\/tr>\n<tr>\n<td>Marca:<\/td>\n<td>APM<\/td>\n<td>Uso:<\/td>\n<td>Impresora de tubos, impresora de botellas, impresora de vasos<\/td>\n<\/tr>\n<tr>\n<td>Grado Autom\u00e1tico:<\/td>\n<td>Autom\u00e1tico<\/td>\n<td>Color y p\u00e1gina:<\/td>\n<td>Multicolor<\/td>\n<\/tr>\n<tr>\n<td>Tensi\u00f3n:<\/td>\n<td>380V, 50\/60HZ<\/td>\n<td>Dimensiones (largo*ancho*alto):<\/td>\n<td>2500x1420x1700mm<\/td>\n<\/tr>\n<tr>\n<td>Peso:<\/td>\n<td>2200 KG<\/td>\n<td>Certificaci\u00f3n:<\/td>\n<td>Certificaci\u00f3n CE<\/td>\n<\/tr>\n<tr>\n<td>Garant\u00eda:<\/td>\n<td>1 a\u00f1o<\/td>\n<td>Servicio postventa prestado:<\/td>\n<td>Asistencia en l\u00ednea, Piezas de repuesto gratuitas, Instalaci\u00f3n, puesta en marcha y formaci\u00f3n in situ, Servicio de mantenimiento y reparaci\u00f3n in situ, Asistencia t\u00e9cnica por v\u00eddeo, Ingenieros disponibles para prestar servicio a maquinaria en el extranjero<\/td>\n<\/tr>\n<tr>\n<td>Puntos clave de venta:<\/td>\n<td>Multicolor<\/td>\n<td>Informe de ensayo de maquinaria:<\/td>\n<td>Proporcionado<\/td>\n<\/tr>\n<tr>\n<td>V\u00eddeo de la inspecci\u00f3n de salida:<\/td>\n<td>Proporcionado<\/td>\n<td>Garant\u00eda de los componentes principales:<\/td>\n<td>1 a\u00f1o<\/td>\n<\/tr>\n<tr>\n<td>Componentes b\u00e1sicos:<\/td>\n<td>Cojinete, Motor, PLC, Motor<\/td>\n<td>Aplicaci\u00f3n:<\/td>\n<td>Botella de impresi\u00f3n<\/td>\n<\/tr>\n<tr>\n<td>Color de impresi\u00f3n:<\/td>\n<td>1~8 colores<\/td>\n<td>Longitud de impresi\u00f3n:<\/td>\n<td>25-300 mm<\/td>\n<\/tr>\n<tr>\n<td>Velocidad de impresi\u00f3n:<\/td>\n<td>4000pcs\/H<\/td>\n<td>Tama\u00f1o m\u00e1ximo de impresi\u00f3n:<\/td>\n<td>\u00d8 100 mm<\/td>\n<\/tr>\n<tr>\n<td>Secadora:<\/td>\n<td>Secador UV\/Secador LED<\/td>\n<td>Suministro de aire:<\/td>\n<td>5-7bar<\/td>\n<\/tr>\n<tr>\n<td>Servicio post garant\u00eda:<\/td>\n<td>Asistencia t\u00e9cnica por v\u00eddeo, Asistencia en l\u00ednea, Piezas de repuesto, Servicio de mantenimiento y reparaci\u00f3n in situ<\/td>\n<td>Ubicaci\u00f3n del servicio local:<\/td>\n<td>Estados Unidos, Espa\u00f1a<\/td>\n<\/tr>\n<tr>\n<td>Ubicaci\u00f3n de la sala de exposici\u00f3n:<\/td>\n<td>Estados Unidos, Espa\u00f1a<\/td>\n<td>Tipo de comercializaci\u00f3n:<\/td>\n<td>Producto ordinario<\/td>\n<\/tr>\n<\/tbody>\n<\/table>\n<\/div>\n<p>&nbsp;<\/p>\n<p>Descripci\u00f3n general:<br \/>\n1.Cinta de carga autom\u00e1tica<br \/>\n2.Auto flameado<br \/>\n3.Sistema de transmisi\u00f3n perfecto. Pasa sobre las copas de forma r\u00e1pida y suave.<br \/>\n4.Cambio r\u00e1pido y sencillo de un producto a otro.<br \/>\n5.Secado UV el\u00e9ctrico autom\u00e1tico o secado UV LED.<br \/>\n6.Control PLC fiable con pantalla t\u00e1ctil<br \/>\n7.Descarga autom\u00e1tica<br \/>\n8.Norma CE<\/p>\n<p>&nbsp;<\/p>\n<p><strong><b>Aplicaci\u00f3n:<\/b><\/strong><\/p>\n<p>Vasos de pl\u00e1stico<\/p>\n<p>&nbsp;<\/p>\n<p><strong><b>Procedimiento:<\/b><\/strong><\/p>\n<p>Carga autom\u00e1tica en cinta--tratamiento de llama--impresi\u00f3n--secado UV LED o secado UV el\u00e9ctrico--descarga autom\u00e1tica<\/p>\n<p>&nbsp;<\/p>\n<p><strong>Datos t\u00e9cnicos<\/strong><\/p>\n<table>\n<tbody>\n<tr>\n<td>Par\u00e1metro<\/td>\n<td>S102 Impresora serigr\u00e1fica autom\u00e1tica de 1-8 colores<\/td>\n<\/tr>\n<tr>\n<td><strong><b>Dimensi\u00f3n de la m\u00e1quina:<\/b><\/strong><\/td>\n<td><\/td>\n<\/tr>\n<tr>\n<td>Unidad de impresi\u00f3n:<\/td>\n<td>1900x1200x1600mm<\/td>\n<\/tr>\n<tr>\n<td>Unidad de alimentaci\u00f3n (opcional):<\/td>\n<td>3050x1300x1500mm<\/td>\n<\/tr>\n<tr>\n<td>Unidad de descarga (opcional):<\/td>\n<td>1800x450x750mm<\/td>\n<\/tr>\n<tr>\n<td>Poder:<\/td>\n<td>380V 3 fases 50\/60Hz 6,5kw<\/td>\n<\/tr>\n<tr>\n<td>Consumo de aire<\/td>\n<td>5-7 bares<\/td>\n<\/tr>\n<tr>\n<td><\/td>\n<td><strong>Tazas<\/strong><\/td>\n<\/tr>\n<tr>\n<td>Di\u00e1metro de impresi\u00f3n:<\/td>\n<td>25-100 mm<\/td>\n<\/tr>\n<tr>\n<td>Longitud de impresi\u00f3n:<\/td>\n<td>50-280 mm<\/td>\n<\/tr>\n<tr>\n<td>Velocidad de impresi\u00f3n<\/td>\n<td>2100-2700pcs\/hr (velocidad normal: 2400pcs\/h)<\/td>\n<\/tr>\n<\/tbody>\n<\/table>\n<p>&nbsp;<\/p>\n<p><strong>Componentes principales para S102:<\/strong><\/p>\n<table>\n<tbody>\n<tr>\n<td width=\"209\"><strong>PLC<\/strong><\/td>\n<td width=\"177\"><strong>Delta<\/strong><\/td>\n<td width=\"144\">piezas clave<\/td>\n<\/tr>\n<tr>\n<td width=\"209\"><strong>Pantalla t\u00e1ctil<\/strong><\/td>\n<td width=\"177\"><strong>Delta<\/strong><\/td>\n<td width=\"144\">piezas clave<\/td>\n<\/tr>\n<tr>\n<td width=\"209\"><strong>L\u00e1mpara UV<\/strong><\/td>\n<td width=\"177\"><strong>China o Inglaterra<\/strong><\/td>\n<td width=\"144\">piezas clave<\/td>\n<\/tr>\n<tr>\n<td width=\"209\"><strong>Inversor<\/strong><\/td>\n<td width=\"177\"><strong>Panasonic\u00a0<\/strong><\/td>\n<td width=\"144\">piezas clave<\/td>\n<\/tr>\n<tr>\n<td width=\"209\">Fuente de alimentaci\u00f3n conmutada<\/td>\n<td width=\"177\">Schneider<\/td>\n<td width=\"144\"><\/td>\n<\/tr>\n<tr>\n<td width=\"209\">Interruptor de alimentaci\u00f3n<\/td>\n<td width=\"177\">Mitsubishi<\/td>\n<td width=\"144\"><\/td>\n<\/tr>\n<tr>\n<td width=\"209\">rel\u00e9 auxiliar<\/td>\n<td width=\"177\">Schneider<\/td>\n<td width=\"144\"><\/td>\n<\/tr>\n<tr>\n<td width=\"209\">Toma de rel\u00e9<\/td>\n<td width=\"177\">Schneider<\/td>\n<td width=\"144\"><\/td>\n<\/tr>\n<tr>\n<td width=\"209\">Rel\u00e9 t\u00e9rmico<\/td>\n<td width=\"177\">Schneider<\/td>\n<td width=\"144\"><\/td>\n<\/tr>\n<tr>\n<td width=\"209\">Contactor<\/td>\n<td width=\"177\">Schneider<\/td>\n<td width=\"144\"><\/td>\n<\/tr>\n<tr>\n<td width=\"209\">V\u00e1lvula magn\u00e9tica<\/td>\n<td width=\"177\">SMC<\/td>\n<td width=\"144\"><\/td>\n<\/tr>\n<tr>\n<td width=\"209\">Man\u00f3metro<\/td>\n<td width=\"177\">SMC<\/td>\n<td width=\"144\"><\/td>\n<\/tr>\n<tr>\n<td width=\"209\">Man\u00f3metro de gas<\/td>\n<td width=\"177\">SMC<\/td>\n<td width=\"144\"><\/td>\n<\/tr>\n<tr>\n<td width=\"209\">Acelerador<\/td>\n<td width=\"177\">SMC\/China<\/td>\n<td width=\"144\"><\/td>\n<\/tr>\n<tr>\n<td width=\"209\">V\u00e1lvula de vac\u00edo<\/td>\n<td width=\"177\">SMC<\/td>\n<td width=\"144\"><\/td>\n<\/tr>\n<tr>\n<td width=\"209\">V\u00e1lvula de descarga de presi\u00f3n<\/td>\n<td width=\"177\">SMC<\/td>\n<td width=\"144\"><\/td>\n<\/tr>\n<tr>\n<td width=\"209\">V\u00e1lvula manual<\/td>\n<td width=\"177\">AirTAC<\/td>\n<td width=\"144\"><\/td>\n<\/tr>\n<tr>\n<td width=\"209\">Interruptores<\/td>\n<td width=\"177\">Schneider<\/td>\n<td width=\"144\"><\/td>\n<\/tr>\n<tr>\n<td width=\"209\">Filtro<\/td>\n<td width=\"177\">SMC<\/td>\n<td width=\"144\"><\/td>\n<\/tr>\n<tr>\n<td width=\"209\">Motor principal<\/td>\n<td width=\"177\">Italia SITI\/China<\/td>\n<td width=\"144\"><\/td>\n<\/tr>\n<tr>\n<td width=\"209\">Cilindro<\/td>\n<td width=\"177\">SMC, AirTAC<\/td>\n<td width=\"144\"><\/td>\n<\/tr>\n<\/tbody>\n<\/table>\n<p>&nbsp;<\/p>\n<p><strong><b>OFERTA DE PRECIO: APM-S102 \u00a0<\/b><\/strong> <strong><b>\u00a0<\/b><\/strong> <strong><b>24.000 USD\/color<\/b><\/strong><\/p>\n<p><strong><b>Observaci\u00f3n: <\/b><\/strong>puede conectar m\u00e1s unidades para ser una m\u00e1quina multicolor o utilizar una m\u00e1quina de un color para repetir la impresi\u00f3n para ser multicolor.<\/p>\n<p>Es necesario dejar 0,8~1 cm de espacio en blanco en la parte superior e inferior de las tazas.<\/p>\n<p><strong><b>Opcional:<\/b><\/strong><\/p>\n<p>Sistema de carga autom\u00e1tica: USD9000<\/p>\n<p>Sistema apilador de descarga autom\u00e1tica: USD1350<\/p>\n<p>L\u00e1mpara UV adicional: 180 USD\/unidad<\/p>\n<p>L\u00e1mpara LED adicional: 1800 USD\/set<\/p>\n<p>Accesorios: 1000 USD\/set\/color<\/p>\n<p>Consumibles: marco de malla, rasqueta, tinta<\/p>\n<p>&nbsp;<\/p>\n<p><strong><b>Entrega: <\/b><\/strong>aprox. 30 d\u00edas laborables tras el dep\u00f3sito y la recepci\u00f3n de muestras de botellas<\/p>\n<p><strong><b>Garant\u00eda: <\/b><\/strong>un a\u00f1o. APM suministrar\u00e1 todas las piezas en garant\u00eda con el primer env\u00edo<\/p>\n<p><strong><b>Instalaci\u00f3n y formaci\u00f3n:<\/b><\/strong><\/p>\n<p>Si el comprador lo solicita, APM enviar\u00e1 ingenieros a la f\u00e1brica del comprador para el montaje de la m\u00e1quina, la configuraci\u00f3n y la formaci\u00f3n durante un per\u00edodo de 10 d\u00edas (incluido el tiempo de viaje). Todos los gastos de viaje, incluido el vuelo, la solicitud de visado, el hotel y la comida correr\u00e1n a cargo del comprador. Gastos de mano de obra: 180 USD\/d\u00eda.<\/p>\n<p>CONDICIONES DE PAGO: 30% dep\u00f3sito; 70% T\/T antes del env\u00edo<\/p>\n<p>CONDICIONES DE ENTREGA: FOB Shenzhen, China<\/p>\n<p>&nbsp;<\/p>\n<p><strong>Muestras:<\/strong><\/p>\n<p><img loading=\"lazy\" decoding=\"async\" class=\"size-full wp-image-1814\" src=\"http:\/\/apmprint.com\/wp-content\/uploads\/2023\/12\/s-24.jpg\" alt=\"auto screen printer apm s102c\" width=\"800\" height=\"660\" srcset=\"https:\/\/apmprint.com\/wp-content\/uploads\/2023\/12\/s-24.jpg 800w, https:\/\/apmprint.com\/wp-content\/uploads\/2023\/12\/s-24-300x248.jpg 300w, https:\/\/apmprint.com\/wp-content\/uploads\/2023\/12\/s-24-768x634.jpg 768w, https:\/\/apmprint.com\/wp-content\/uploads\/2023\/12\/s-24-15x12.jpg 15w, https:\/\/apmprint.com\/wp-content\/uploads\/2023\/12\/s-24-600x495.jpg 600w\" sizes=\"auto, (max-width: 800px) 100vw, 800px\" \/><\/p>\n<p><img loading=\"lazy\" decoding=\"async\" class=\"size-full wp-image-1967\" src=\"http:\/\/apmprint.com\/wp-content\/uploads\/2023\/12\/\u4ecb\u7ecd1.jpg\" alt=\"ss106 2 color automatic printing machine\" width=\"750\" height=\"1500\" srcset=\"https:\/\/apmprint.com\/wp-content\/uploads\/2023\/12\/\u4ecb\u7ecd1.jpg 750w, https:\/\/apmprint.com\/wp-content\/uploads\/2023\/12\/\u4ecb\u7ecd1-150x300.jpg 150w, https:\/\/apmprint.com\/wp-content\/uploads\/2023\/12\/\u4ecb\u7ecd1-512x1024.jpg 512w, https:\/\/apmprint.com\/wp-content\/uploads\/2023\/12\/\u4ecb\u7ecd1-6x12.jpg 6w, https:\/\/apmprint.com\/wp-content\/uploads\/2023\/12\/\u4ecb\u7ecd1-600x1200.jpg 600w\" sizes=\"auto, (max-width: 750px) 100vw, 750px\" \/><\/p>\n<p><img loading=\"lazy\" decoding=\"async\" class=\"size-full wp-image-1968\" src=\"http:\/\/apmprint.com\/wp-content\/uploads\/2023\/12\/\u4ecb\u7ecd2.jpg\" alt=\"ss106 2 color automatic printing machine\" width=\"750\" height=\"1020\" srcset=\"https:\/\/apmprint.com\/wp-content\/uploads\/2023\/12\/\u4ecb\u7ecd2.jpg 750w, https:\/\/apmprint.com\/wp-content\/uploads\/2023\/12\/\u4ecb\u7ecd2-221x300.jpg 221w, https:\/\/apmprint.com\/wp-content\/uploads\/2023\/12\/\u4ecb\u7ecd2-9x12.jpg 9w, https:\/\/apmprint.com\/wp-content\/uploads\/2023\/12\/\u4ecb\u7ecd2-600x816.jpg 600w\" sizes=\"auto, (max-width: 750px) 100vw, 750px\" \/><\/p>\n<p><img loading=\"lazy\" decoding=\"async\" class=\"size-full wp-image-1969\" src=\"http:\/\/apmprint.com\/wp-content\/uploads\/2023\/12\/\u4ecb\u7ecd3.jpg\" alt=\"ss106 2 color automatic printing machine\" width=\"750\" height=\"1072\" srcset=\"https:\/\/apmprint.com\/wp-content\/uploads\/2023\/12\/\u4ecb\u7ecd3.jpg 750w, https:\/\/apmprint.com\/wp-content\/uploads\/2023\/12\/\u4ecb\u7ecd3-210x300.jpg 210w, https:\/\/apmprint.com\/wp-content\/uploads\/2023\/12\/\u4ecb\u7ecd3-716x1024.jpg 716w, https:\/\/apmprint.com\/wp-content\/uploads\/2023\/12\/\u4ecb\u7ecd3-8x12.jpg 8w, https:\/\/apmprint.com\/wp-content\/uploads\/2023\/12\/\u4ecb\u7ecd3-600x858.jpg 600w\" sizes=\"auto, (max-width: 750px) 100vw, 750px\" \/><\/p>","protected":false},"excerpt":{"rendered":"<p>Nuestro personal t\u00e9cnico se ha dedicado a las mejoras y actualizaciones de la tecnolog\u00eda. En la actualidad, somos expertos en la utilizaci\u00f3n de t\u00e9cnicas y su aplicaci\u00f3n en el proceso de fabricaci\u00f3n de S102 Best Choice Botellas Ovaladas Redondas Planas Maquinaria Autom\u00e1tica de Serigraf\u00eda.sus \u00e1mbitos de aplicaci\u00f3n se han ampliado mucho a medida que sus ventajas se siguen encontrando. En la actualidad, se utiliza ampliamente en el campo (s) de Impresoras de pantalla.<\/p>\n<p>&nbsp;<\/p>\n<p><strong><b>N\u00famero de modelo<\/b><\/strong>: S102-2<\/p>\n<p><strong><b>Potencia bruta<\/b><\/strong>: 7,78KW<\/p>\n<p><strong><b>env\u00edo<\/b><\/strong>: Transporte mar\u00edtimo urgente \/ Transporte terrestre \/ Transporte a\u00e9reo<\/p>\n<p><strong><b>Personalizaci\u00f3n<\/b><\/strong>: Logotipo personalizado (Pedido m\u00edn.: 5 juegos) , Embalaje personalizado (Pedido m\u00edn.: 5 juegos) , Personalizaci\u00f3n gr\u00e1fica (Pedido m\u00edn.: 5 juegos)<\/p>","protected":false},"featured_media":1815,"template":"","meta":{"_acf_changed":false,"_seopress_robots_primary_cat":"none","_seopress_titles_title":"","_seopress_titles_desc":"","_seopress_robots_index":""},"product_brand":[],"product_cat":[31],"product_tag":[75,78],"class_list":{"0":"post-1813","1":"product","2":"type-product","3":"status-publish","4":"has-post-thumbnail","6":"product_cat-auto-screen-printer","7":"product_tag-automatic","8":"product_tag-screen-printer","10":"first","11":"instock","12":"shipping-taxable","13":"product-type-simple"},"acf":[],"_links":{"self":[{"href":"https:\/\/apmprint.com\/es\/wp-json\/wp\/v2\/product\/1813","targetHints":{"allow":["GET"]}}],"collection":[{"href":"https:\/\/apmprint.com\/es\/wp-json\/wp\/v2\/product"}],"about":[{"href":"https:\/\/apmprint.com\/es\/wp-json\/wp\/v2\/types\/product"}],"wp:featuredmedia":[{"embeddable":true,"href":"https:\/\/apmprint.com\/es\/wp-json\/wp\/v2\/media\/1815"}],"wp:attachment":[{"href":"https:\/\/apmprint.com\/es\/wp-json\/wp\/v2\/media?parent=1813"}],"wp:term":[{"taxonomy":"product_brand","embeddable":true,"href":"https:\/\/apmprint.com\/es\/wp-json\/wp\/v2\/product_brand?post=1813"},{"taxonomy":"product_cat","embeddable":true,"href":"https:\/\/apmprint.com\/es\/wp-json\/wp\/v2\/product_cat?post=1813"},{"taxonomy":"product_tag","embeddable":true,"href":"https:\/\/apmprint.com\/es\/wp-json\/wp\/v2\/product_tag?post=1813"}],"curies":[{"name":"wp","href":"https:\/\/api.w.org\/{rel}","templated":true}]}}