{"id":1819,"date":"2023-12-21T08:49:07","date_gmt":"2023-12-21T08:49:07","guid":{"rendered":"https:\/\/apmprint.com\/?post_type=product&#038;p=1819"},"modified":"2023-12-27T06:17:14","modified_gmt":"2023-12-27T06:17:14","slug":"s103-automatic-cylindrical-screen-printer-with-servo-control","status":"publish","type":"product","link":"https:\/\/apmprint.com\/es\/producto\/s103-automatic-cylindrical-screen-printer-with-servo-control\/","title":{"rendered":"M\u00e1quina de serigraf\u00eda autom\u00e1tica monocolor para botellas S103"},"content":{"rendered":"<p>Respaldado por nuestros dise\u00f1adores creativos, expertos en I + D, t\u00e9cnicos cualificados, etc. Shenzhen Hejia Automatic Printing Machine Co., Ltd.ha desarrollado de manera independiente la m\u00e1quina impresora serigr\u00e1fica autom\u00e1tica de aluminio dorado S103 para serigraf\u00eda personalizada de tapas de botellas de vino. Es el resultado del trabajo duro y los esfuerzos creativos y llegar\u00e1 a la expectativa de los usuarios En virtud de la innovaci\u00f3n tecnol\u00f3gica continua, hemos dominado el n\u00facleo y la tecnolog\u00eda m\u00e1s avanzada en la industria, y utilizaremos tecnolog\u00eda avanzada para producir S103 m\u00e1quina autom\u00e1tica de serigraf\u00eda de aluminio dorado para tapa de botella de vino serigraf\u00eda personalizada, resolviendo eficazmente los puntos de dolor que siempre han plagado la industria. Impulsados por la visi\u00f3n corporativa de \"ser el fabricante m\u00e1s profesional y el exportador m\u00e1s fiable en el mercado internacional\", Shenzhen Hejia Automatic Printing Machine Co., Ltd. prestar\u00e1 m\u00e1s atenci\u00f3n a la mejora de la fuerza de I + D, la mejora continua de las tecnolog\u00edas, y la optimizaci\u00f3n de la estructura organizativa. Animamos a todo el personal a unirse en este proceso para crear un futuro mejor para la empresa.<\/p>\n<div class=\"rich-text-table\">\n<table>\n<tbody>\n<tr>\n<td>Tipo de placa:<\/td>\n<td>Impresora serigr\u00e1fica<\/td>\n<td>Industrias aplicables:<\/td>\n<td>Planta de fabricaci\u00f3n, f\u00e1brica de alimentos y bebidas, imprentas, empresa de publicidad, empresa de fabricaci\u00f3n de botellas, empresa de envasado<\/td>\n<\/tr>\n<tr>\n<td>Estado:<\/td>\n<td>Nuevo<\/td>\n<td>Lugar de origen:<\/td>\n<td>Guangdong, China<\/td>\n<\/tr>\n<tr>\n<td>Marca:<\/td>\n<td>APM<\/td>\n<td>Uso:<\/td>\n<td>impresora de botellas<\/td>\n<\/tr>\n<tr>\n<td>Grado Autom\u00e1tico:<\/td>\n<td>Autom\u00e1tico<\/td>\n<td>Color y p\u00e1gina:<\/td>\n<td>un solo color<\/td>\n<\/tr>\n<tr>\n<td>Tensi\u00f3n:<\/td>\n<td>380V,50\/60HZ<\/td>\n<td>Dimensiones (largo*ancho*alto):<\/td>\n<td>1908x1000x1500mm<\/td>\n<\/tr>\n<tr>\n<td>Peso:<\/td>\n<td>1500 KG<\/td>\n<td>Certificaci\u00f3n:<\/td>\n<td>CE<\/td>\n<\/tr>\n<tr>\n<td>Garant\u00eda:<\/td>\n<td>1 a\u00f1o<\/td>\n<td>Servicio postventa prestado:<\/td>\n<td>Asistencia en l\u00ednea, Piezas de repuesto gratuitas, Instalaci\u00f3n, puesta en marcha y formaci\u00f3n in situ, Servicio de mantenimiento y reparaci\u00f3n in situ, Asistencia t\u00e9cnica por v\u00eddeo<\/td>\n<\/tr>\n<tr>\n<td>Puntos clave de venta:<\/td>\n<td>Autom\u00e1tico<\/td>\n<td>Informe de ensayo de maquinaria:<\/td>\n<td>Proporcionado<\/td>\n<\/tr>\n<tr>\n<td>V\u00eddeo de la inspecci\u00f3n de salida:<\/td>\n<td>Proporcionado<\/td>\n<td>Garant\u00eda de los componentes principales:<\/td>\n<td>1 a\u00f1o<\/td>\n<\/tr>\n<tr>\n<td>Componentes b\u00e1sicos:<\/td>\n<td>Motor, PLC, Motor<\/td>\n<td>Velocidad:<\/td>\n<td>4000pcs\/H<\/td>\n<\/tr>\n<tr>\n<td>Tama\u00f1o del producto:<\/td>\n<td>di\u00e1.: 10-75mm, H:35-150mm<\/td>\n<td>\u00c1rea de impresi\u00f3n:<\/td>\n<td>di\u00e1.: 10-75mm, H:35-130mm<\/td>\n<\/tr>\n<tr>\n<td>Servicio post garant\u00eda:<\/td>\n<td>Asistencia en l\u00ednea<\/td>\n<td>Tipo de comercializaci\u00f3n:<\/td>\n<td>Producto caliente 2022<\/td>\n<\/tr>\n<\/tbody>\n<\/table>\n<\/div>\n<p>&nbsp;<\/p>\n<p><strong>Descripci\u00f3n general<\/strong>:<br \/>\n1. Carga autom\u00e1tica con cinta de carga y robot aspirador (sistema de carga totalmente autom\u00e1tico opcional)<br \/>\n2. Tratamiento de llama autom\u00e1tico o limpieza antipolvo autom\u00e1tica<br \/>\n3. Secado LED\/UV tras la serigraf\u00eda<br \/>\n4. Auto servo control de rotaci\u00f3n del producto, no hay necesidad de cambiar de marcha, mientras que los productos de cambio.<br \/>\n5. Descarga autom\u00e1tica<br \/>\n6. Control PLC y pantalla t\u00e1ctil.<br \/>\n7. Casa de m\u00e1quinas bien construida con CE<br \/>\n8. Pre-registro autom\u00e1tico con hilos cortados opcional<\/p>\n<p>&nbsp;<\/p>\n<p><strong><b>Aplicaci\u00f3n<\/b><\/strong><br \/>\nTubos cil\u00edndricos de vidrio\/pl\u00e1stico, botellas, tapones, pintalabios, etc.<\/p>\n<p>&nbsp;<\/p>\n<p><strong>Datos t\u00e9cnicos<\/strong><strong>\u00a0<\/strong><\/p>\n<table>\n<tbody>\n<tr>\n<td colspan=\"2\" width=\"100.0000%\"><strong>S103<\/strong><\/td>\n<\/tr>\n<tr>\n<td width=\"43.9400%\">Velocidad<\/td>\n<td width=\"56.0400%\">40-50 piezas\/min<\/td>\n<\/tr>\n<tr>\n<td width=\"43.9400%\">Tama\u00f1o del producto<\/td>\n<td width=\"56.0400%\">\u00d810-50 mm, H: 35-150 mm<\/td>\n<\/tr>\n<tr>\n<td width=\"43.9400%\">\u00c1rea de impresi\u00f3n<\/td>\n<td width=\"56.0400%\">\u00d810-50 mm, H: 35-150 mm<\/td>\n<\/tr>\n<tr>\n<td width=\"43.9400%\">Presi\u00f3n del aire<\/td>\n<td width=\"56.0400%\">6-7bar<\/td>\n<\/tr>\n<tr>\n<td width=\"43.9400%\">Presi\u00f3n del gas<\/td>\n<td width=\"56.0400%\">1,5bar<\/td>\n<\/tr>\n<tr>\n<td width=\"43.9400%\">Alimentaci\u00f3n<\/td>\n<td width=\"56.0400%\">380 V, 3 fases<\/td>\n<\/tr>\n<tr>\n<td width=\"43.9400%\">Medici\u00f3n<\/td>\n<td width=\"56.0400%\">1200x1300x1800mm<\/td>\n<\/tr>\n<tr>\n<td width=\"43.9400%\">Peso<\/td>\n<td width=\"56.0400%\">600kgs<\/td>\n<\/tr>\n<\/tbody>\n<\/table>\n<p>&nbsp;<\/p>\n<p><strong>Procedimiento:<\/strong><\/p>\n<p>Carga autom\u00e1tica en cinta--tratamiento con llama--impresi\u00f3n--secado UV--descarga autom\u00e1tica<\/p>\n<p><strong>Price: FOB Shenzhen USD26800<\/strong><\/p>\n<p><strong>Opcional: cargador autom\u00e1tico: 5000 USD<\/strong><\/p>\n<p><img loading=\"lazy\" decoding=\"async\" class=\"size-full wp-image-1820\" src=\"http:\/\/apmprint.com\/wp-content\/uploads\/2023\/12\/x3-18.jpg\" alt=\"s103 automatic cylindrical screen printer with servo control\" width=\"800\" height=\"800\" srcset=\"https:\/\/apmprint.com\/wp-content\/uploads\/2023\/12\/x3-18.jpg 800w, https:\/\/apmprint.com\/wp-content\/uploads\/2023\/12\/x3-18-300x300.jpg 300w, https:\/\/apmprint.com\/wp-content\/uploads\/2023\/12\/x3-18-150x150.jpg 150w, https:\/\/apmprint.com\/wp-content\/uploads\/2023\/12\/x3-18-768x768.jpg 768w, https:\/\/apmprint.com\/wp-content\/uploads\/2023\/12\/x3-18-12x12.jpg 12w, https:\/\/apmprint.com\/wp-content\/uploads\/2023\/12\/x3-18-600x600.jpg 600w, https:\/\/apmprint.com\/wp-content\/uploads\/2023\/12\/x3-18-100x100.jpg 100w\" sizes=\"auto, (max-width: 800px) 100vw, 800px\" \/><\/p>\n<p><strong>Entrega<\/strong>: 30 d\u00edas laborables tras la recepci\u00f3n del dep\u00f3sito<\/p>\n<p><strong><b>Garant\u00eda:<\/b><\/strong>\u00a0Un a\u00f1o. APM suministrar\u00e1 todas las piezas en garant\u00eda con el primer env\u00edo.<\/p>\n<p>&nbsp;<\/p>\n<p><strong><b>Instalaci\u00f3n y formaci\u00f3n: <\/b><\/strong>Si el comprador lo solicita, APM enviar\u00e1 ingenieros a la f\u00e1brica del comprador para el montaje de la m\u00e1quina, la configuraci\u00f3n y la formaci\u00f3n durante un per\u00edodo de 5~7 d\u00edas. Todos los gastos de viaje, incluido el vuelo, la solicitud de visado, el hotel, la comida y la mano de obra (180 USD\/d\u00eda) correr\u00e1n a cargo del comprador.<strong><b>\u00a0<\/b><\/strong><\/p>\n<p><strong><b>CONDICIONES DE PAGO<\/b><\/strong>: 30% dep\u00f3sito; 70% T\/T antes del env\u00edo<\/p>\n<p><strong>T\u00c9RMINOS DELEVERY:<\/strong>\u00a0FOB Shenzhen<\/p>\n<p>&nbsp;<\/p>\n<p><strong>Muestras:<\/strong><\/p>\n<p><img loading=\"lazy\" decoding=\"async\" class=\"size-full wp-image-1821\" src=\"http:\/\/apmprint.com\/wp-content\/uploads\/2023\/12\/s-25.jpg\" alt=\"s103 automatic cylindrical screen printer with servo control\" width=\"800\" height=\"800\" srcset=\"https:\/\/apmprint.com\/wp-content\/uploads\/2023\/12\/s-25.jpg 800w, https:\/\/apmprint.com\/wp-content\/uploads\/2023\/12\/s-25-300x300.jpg 300w, https:\/\/apmprint.com\/wp-content\/uploads\/2023\/12\/s-25-150x150.jpg 150w, https:\/\/apmprint.com\/wp-content\/uploads\/2023\/12\/s-25-768x768.jpg 768w, https:\/\/apmprint.com\/wp-content\/uploads\/2023\/12\/s-25-12x12.jpg 12w, https:\/\/apmprint.com\/wp-content\/uploads\/2023\/12\/s-25-600x600.jpg 600w, https:\/\/apmprint.com\/wp-content\/uploads\/2023\/12\/s-25-100x100.jpg 100w\" sizes=\"auto, (max-width: 800px) 100vw, 800px\" \/><\/p>\n<p><img loading=\"lazy\" decoding=\"async\" class=\"size-full wp-image-1822\" src=\"http:\/\/apmprint.com\/wp-content\/uploads\/2023\/12\/s2-3.jpg\" alt=\"s103 automatic cylindrical screen printer with servo control\" width=\"800\" height=\"800\" srcset=\"https:\/\/apmprint.com\/wp-content\/uploads\/2023\/12\/s2-3.jpg 800w, https:\/\/apmprint.com\/wp-content\/uploads\/2023\/12\/s2-3-300x300.jpg 300w, https:\/\/apmprint.com\/wp-content\/uploads\/2023\/12\/s2-3-150x150.jpg 150w, https:\/\/apmprint.com\/wp-content\/uploads\/2023\/12\/s2-3-768x768.jpg 768w, https:\/\/apmprint.com\/wp-content\/uploads\/2023\/12\/s2-3-12x12.jpg 12w, https:\/\/apmprint.com\/wp-content\/uploads\/2023\/12\/s2-3-600x600.jpg 600w, https:\/\/apmprint.com\/wp-content\/uploads\/2023\/12\/s2-3-100x100.jpg 100w\" sizes=\"auto, (max-width: 800px) 100vw, 800px\" \/><\/p>\n<p><img loading=\"lazy\" decoding=\"async\" class=\"size-full wp-image-1967\" src=\"http:\/\/apmprint.com\/wp-content\/uploads\/2023\/12\/\u4ecb\u7ecd1.jpg\" alt=\"ss106 2 color automatic printing machine\" width=\"750\" height=\"1500\" srcset=\"https:\/\/apmprint.com\/wp-content\/uploads\/2023\/12\/\u4ecb\u7ecd1.jpg 750w, https:\/\/apmprint.com\/wp-content\/uploads\/2023\/12\/\u4ecb\u7ecd1-150x300.jpg 150w, https:\/\/apmprint.com\/wp-content\/uploads\/2023\/12\/\u4ecb\u7ecd1-512x1024.jpg 512w, https:\/\/apmprint.com\/wp-content\/uploads\/2023\/12\/\u4ecb\u7ecd1-6x12.jpg 6w, https:\/\/apmprint.com\/wp-content\/uploads\/2023\/12\/\u4ecb\u7ecd1-600x1200.jpg 600w\" sizes=\"auto, (max-width: 750px) 100vw, 750px\" \/><\/p>\n<p><img loading=\"lazy\" decoding=\"async\" class=\"size-full wp-image-1968\" src=\"http:\/\/apmprint.com\/wp-content\/uploads\/2023\/12\/\u4ecb\u7ecd2.jpg\" alt=\"ss106 2 color automatic printing machine\" width=\"750\" height=\"1020\" srcset=\"https:\/\/apmprint.com\/wp-content\/uploads\/2023\/12\/\u4ecb\u7ecd2.jpg 750w, https:\/\/apmprint.com\/wp-content\/uploads\/2023\/12\/\u4ecb\u7ecd2-221x300.jpg 221w, https:\/\/apmprint.com\/wp-content\/uploads\/2023\/12\/\u4ecb\u7ecd2-9x12.jpg 9w, https:\/\/apmprint.com\/wp-content\/uploads\/2023\/12\/\u4ecb\u7ecd2-600x816.jpg 600w\" sizes=\"auto, (max-width: 750px) 100vw, 750px\" \/><\/p>\n<p><img loading=\"lazy\" decoding=\"async\" class=\"size-full wp-image-1969\" src=\"http:\/\/apmprint.com\/wp-content\/uploads\/2023\/12\/\u4ecb\u7ecd3.jpg\" alt=\"ss106 2 color automatic printing machine\" width=\"750\" height=\"1072\" srcset=\"https:\/\/apmprint.com\/wp-content\/uploads\/2023\/12\/\u4ecb\u7ecd3.jpg 750w, https:\/\/apmprint.com\/wp-content\/uploads\/2023\/12\/\u4ecb\u7ecd3-210x300.jpg 210w, https:\/\/apmprint.com\/wp-content\/uploads\/2023\/12\/\u4ecb\u7ecd3-716x1024.jpg 716w, https:\/\/apmprint.com\/wp-content\/uploads\/2023\/12\/\u4ecb\u7ecd3-8x12.jpg 8w, https:\/\/apmprint.com\/wp-content\/uploads\/2023\/12\/\u4ecb\u7ecd3-600x858.jpg 600w\" sizes=\"auto, (max-width: 750px) 100vw, 750px\" \/><\/p>","protected":false},"excerpt":{"rendered":"<p>La adopci\u00f3n de la \u00faltima tecnolog\u00eda mejora la calidad del producto y el uso generalizado en las impresoras serigr\u00e1ficas de la m\u00e1quina autom\u00e1tica de serigraf\u00eda de aluminio dorado S103 para la impresi\u00f3n de serigraf\u00eda personalizada de tapas de botellas de vino ayuda a ganar mucha atenci\u00f3n en el mercado.<\/p>\n<p><strong><b>N\u00famero de modelo<\/b><\/strong>: S103<\/p>\n<p><strong><b>Potencia bruta<\/b><\/strong>: 3,5 KW<\/p>\n<p><strong><b>env\u00edo<\/b><\/strong>: Transporte mar\u00edtimo urgente \/ Transporte terrestre \/ Transporte a\u00e9reo<\/p>\n<p><strong><b>Personalizaci\u00f3n<\/b><\/strong>: Logotipo personalizado (Pedido m\u00edn.: 5 juegos) , Embalaje personalizado (Pedido m\u00edn.: 5 juegos) , Personalizaci\u00f3n gr\u00e1fica (Pedido m\u00edn.: 5 juegos)<\/p>","protected":false},"featured_media":1823,"template":"","meta":{"_acf_changed":false,"_seopress_robots_primary_cat":"none","_seopress_titles_title":"","_seopress_titles_desc":"","_seopress_robots_index":""},"product_brand":[],"product_cat":[31],"product_tag":[75,24,57,78,58],"class_list":{"0":"post-1819","1":"product","2":"type-product","3":"status-publish","4":"has-post-thumbnail","6":"product_cat-auto-screen-printer","7":"product_tag-automatic","8":"product_tag-caps-and-closures","9":"product_tag-plastic-bottles","10":"product_tag-screen-printer","11":"product_tag-tubes","13":"first","14":"instock","15":"shipping-taxable","16":"product-type-simple"},"acf":[],"_links":{"self":[{"href":"https:\/\/apmprint.com\/es\/wp-json\/wp\/v2\/product\/1819","targetHints":{"allow":["GET"]}}],"collection":[{"href":"https:\/\/apmprint.com\/es\/wp-json\/wp\/v2\/product"}],"about":[{"href":"https:\/\/apmprint.com\/es\/wp-json\/wp\/v2\/types\/product"}],"wp:featuredmedia":[{"embeddable":true,"href":"https:\/\/apmprint.com\/es\/wp-json\/wp\/v2\/media\/1823"}],"wp:attachment":[{"href":"https:\/\/apmprint.com\/es\/wp-json\/wp\/v2\/media?parent=1819"}],"wp:term":[{"taxonomy":"product_brand","embeddable":true,"href":"https:\/\/apmprint.com\/es\/wp-json\/wp\/v2\/product_brand?post=1819"},{"taxonomy":"product_cat","embeddable":true,"href":"https:\/\/apmprint.com\/es\/wp-json\/wp\/v2\/product_cat?post=1819"},{"taxonomy":"product_tag","embeddable":true,"href":"https:\/\/apmprint.com\/es\/wp-json\/wp\/v2\/product_tag?post=1819"}],"curies":[{"name":"wp","href":"https:\/\/api.w.org\/{rel}","templated":true}]}}