{"id":1827,"date":"2023-12-21T08:58:00","date_gmt":"2023-12-21T08:58:00","guid":{"rendered":"https:\/\/apmprint.com\/?post_type=product&#038;p=1827"},"modified":"2023-12-21T09:09:25","modified_gmt":"2023-12-21T09:09:25","slug":"auto-screen-printer-apm-s103t","status":"publish","type":"product","link":"https:\/\/apmprint.com\/es\/producto\/auto-screen-printer-apm-s103t\/","title":{"rendered":"Impresora serigr\u00e1fica autom\u00e1tica APM-S103T"},"content":{"rendered":"<p><strong>Aplicaci\u00f3n:<\/strong><\/p>\n<p>Tubos blandos<\/p>\n<p>&nbsp;<\/p>\n<p>Aplicaci\u00f3n:<br \/>\nTubos blandos<br \/>\nDescripci\u00f3n general:<br \/>\n1. Carga autom\u00e1tica con cinta de carga.<\/p>\n<p><img loading=\"lazy\" decoding=\"async\" class=\"wp-image-1828\" src=\"http:\/\/apmprint.com\/wp-content\/uploads\/2023\/12\/1-1.jpg\" alt=\"auto screen printer apm s103t\" width=\"448\" height=\"236\" srcset=\"https:\/\/apmprint.com\/wp-content\/uploads\/2023\/12\/1-1.jpg 800w, https:\/\/apmprint.com\/wp-content\/uploads\/2023\/12\/1-1-300x158.jpg 300w, https:\/\/apmprint.com\/wp-content\/uploads\/2023\/12\/1-1-768x404.jpg 768w, https:\/\/apmprint.com\/wp-content\/uploads\/2023\/12\/1-1-18x9.jpg 18w, https:\/\/apmprint.com\/wp-content\/uploads\/2023\/12\/1-1-600x316.jpg 600w\" sizes=\"auto, (max-width: 448px) 100vw, 448px\" \/><\/p>\n<p>2. Tratamiento de llama autom\u00e1tico.<\/p>\n<p><img loading=\"lazy\" decoding=\"async\" class=\"wp-image-1829\" src=\"http:\/\/apmprint.com\/wp-content\/uploads\/2023\/12\/2-1.jpg\" alt=\"auto screen printer apm s103t\" width=\"410\" height=\"319\" srcset=\"https:\/\/apmprint.com\/wp-content\/uploads\/2023\/12\/2-1.jpg 800w, https:\/\/apmprint.com\/wp-content\/uploads\/2023\/12\/2-1-300x234.jpg 300w, https:\/\/apmprint.com\/wp-content\/uploads\/2023\/12\/2-1-768x598.jpg 768w, https:\/\/apmprint.com\/wp-content\/uploads\/2023\/12\/2-1-15x12.jpg 15w, https:\/\/apmprint.com\/wp-content\/uploads\/2023\/12\/2-1-600x467.jpg 600w\" sizes=\"auto, (max-width: 410px) 100vw, 410px\" \/><\/p>\n<p>3. Servo registro con fotosensor. Impresi\u00f3n repetida para varios colores.<\/p>\n<p><img loading=\"lazy\" decoding=\"async\" class=\"wp-image-1830\" src=\"http:\/\/apmprint.com\/wp-content\/uploads\/2023\/12\/3-1.jpg\" alt=\"auto screen printer apm s103t\" width=\"426\" height=\"280\" srcset=\"https:\/\/apmprint.com\/wp-content\/uploads\/2023\/12\/3-1.jpg 800w, https:\/\/apmprint.com\/wp-content\/uploads\/2023\/12\/3-1-300x197.jpg 300w, https:\/\/apmprint.com\/wp-content\/uploads\/2023\/12\/3-1-768x504.jpg 768w, https:\/\/apmprint.com\/wp-content\/uploads\/2023\/12\/3-1-18x12.jpg 18w, https:\/\/apmprint.com\/wp-content\/uploads\/2023\/12\/3-1-600x394.jpg 600w\" sizes=\"auto, (max-width: 426px) 100vw, 426px\" \/><\/p>\n<p>4. Ning\u00fan producto ninguna funci\u00f3n de impresi\u00f3n<br \/>\n5. Secado UV autom\u00e1tico<\/p>\n<p><img loading=\"lazy\" decoding=\"async\" class=\"wp-image-1832\" src=\"http:\/\/apmprint.com\/wp-content\/uploads\/2023\/12\/4.jpg\" alt=\"auto screen printer apm s103t\" width=\"428\" height=\"320\" srcset=\"https:\/\/apmprint.com\/wp-content\/uploads\/2023\/12\/4.jpg 800w, https:\/\/apmprint.com\/wp-content\/uploads\/2023\/12\/4-300x224.jpg 300w, https:\/\/apmprint.com\/wp-content\/uploads\/2023\/12\/4-768x573.jpg 768w, https:\/\/apmprint.com\/wp-content\/uploads\/2023\/12\/4-16x12.jpg 16w, https:\/\/apmprint.com\/wp-content\/uploads\/2023\/12\/4-600x448.jpg 600w\" sizes=\"auto, (max-width: 428px) 100vw, 428px\" \/><\/p>\n<p>6. Descarga autom\u00e1tica<br \/>\n7. Control PLC y pantalla t\u00e1ctil.<br \/>\n8. Casa de m\u00e1quinas bien construida con CE<\/p>\n<p>&nbsp;<\/p>\n<p><strong>Datos t\u00e9cnicos<\/strong><\/p>\n<table>\n<tbody>\n<tr>\n<td width=\"154\">&nbsp;<\/td>\n<td width=\"252\">S103T<\/td>\n<\/tr>\n<tr>\n<td width=\"154\">Velocidad (pcs\/min)<\/td>\n<td width=\"252\">40-60<\/td>\n<\/tr>\n<tr>\n<td width=\"154\">Tama\u00f1o del producto (mm)<\/td>\n<td width=\"252\">\u00d810-50 H: 35-150<\/td>\n<\/tr>\n<tr>\n<td width=\"154\">\u00c1rea de impresi\u00f3n (mm)<\/td>\n<td width=\"252\">\u00d810-50 H: 35-145<\/td>\n<\/tr>\n<tr>\n<td width=\"154\">Potencia UV<\/td>\n<td width=\"252\">4Kw<\/td>\n<\/tr>\n<tr>\n<td width=\"154\">Presi\u00f3n del aire<\/td>\n<td width=\"252\">6-7Bar<\/td>\n<\/tr>\n<tr>\n<td width=\"154\">Presi\u00f3n del gas<\/td>\n<td width=\"252\">1,5Bar<\/td>\n<\/tr>\n<tr>\n<td width=\"154\">Alimentaci\u00f3n<\/td>\n<td width=\"252\">380 V, 3 fases<\/td>\n<\/tr>\n<tr>\n<td width=\"154\">Medici\u00f3n<\/td>\n<td width=\"252\">1100x1300x1700mm<\/td>\n<\/tr>\n<tr>\n<td width=\"154\">Peso<\/td>\n<td width=\"252\">600kgs<\/td>\n<\/tr>\n<\/tbody>\n<\/table>\n<p>&nbsp;<\/p>\n<p><strong>\u00a0SECUENCIA DE PRODUCCI\u00d3N DE LA IMPRESI\u00d3N<\/strong><\/p>\n<ul>\n<li>Carga manual en la cinta (alimentaci\u00f3n autom\u00e1tica opcional)<\/li>\n<li>pretratamiento (tratamiento opcional con llama o limpieza electrost\u00e1tica del polvo)<\/li>\n<li>Autoimpresi\u00f3n<\/li>\n<li>Autocurado UV<\/li>\n<li>repetir para hacer la 2\u00aa impresi\u00f3n en color<\/li>\n<\/ul>\n<p>&nbsp;<\/p>\n<p><strong>Muestras:<\/strong><\/p>\n<p><img loading=\"lazy\" decoding=\"async\" class=\"size-full wp-image-1833\" src=\"http:\/\/apmprint.com\/wp-content\/uploads\/2023\/12\/s-27.jpg\" alt=\"auto screen printer apm s103t\" width=\"800\" height=\"584\" srcset=\"https:\/\/apmprint.com\/wp-content\/uploads\/2023\/12\/s-27.jpg 800w, https:\/\/apmprint.com\/wp-content\/uploads\/2023\/12\/s-27-300x219.jpg 300w, https:\/\/apmprint.com\/wp-content\/uploads\/2023\/12\/s-27-768x561.jpg 768w, https:\/\/apmprint.com\/wp-content\/uploads\/2023\/12\/s-27-16x12.jpg 16w, https:\/\/apmprint.com\/wp-content\/uploads\/2023\/12\/s-27-600x438.jpg 600w\" sizes=\"auto, (max-width: 800px) 100vw, 800px\" \/><\/p>\n<p>&nbsp;<\/p>\n<p>&nbsp;<\/p>","protected":false},"excerpt":{"rendered":"<p>Descripci\u00f3n general:<br \/>\n1. Carga autom\u00e1tica con cinta de carga y robot aspirador (sistema de carga totalmente autom\u00e1tico opcional)<br \/>\n2. Tratamiento de llama autom\u00e1tico o limpieza antipolvo autom\u00e1tica<br \/>\n3. Secado LED\/UV tras la serigraf\u00eda<br \/>\n4. Auto servo control de rotaci\u00f3n del producto, no hay necesidad de cambiar de marcha, mientras que los productos de cambio.<br \/>\n5. Descarga autom\u00e1tica<br \/>\n6. Control PLC y pantalla t\u00e1ctil.<br \/>\n7. Casa de m\u00e1quinas bien construida con CE<br \/>\n8. Pre-registro autom\u00e1tico con hilos cortados opcional<\/p>","protected":false},"featured_media":1834,"template":"","meta":{"_acf_changed":false,"_seopress_robots_primary_cat":"none","_seopress_titles_title":"","_seopress_titles_desc":"","_seopress_robots_index":""},"product_brand":[],"product_cat":[31],"product_tag":[75,78],"class_list":{"0":"post-1827","1":"product","2":"type-product","3":"status-publish","4":"has-post-thumbnail","6":"product_cat-auto-screen-printer","7":"product_tag-automatic","8":"product_tag-screen-printer","10":"first","11":"instock","12":"shipping-taxable","13":"product-type-simple"},"acf":[],"_links":{"self":[{"href":"https:\/\/apmprint.com\/es\/wp-json\/wp\/v2\/product\/1827","targetHints":{"allow":["GET"]}}],"collection":[{"href":"https:\/\/apmprint.com\/es\/wp-json\/wp\/v2\/product"}],"about":[{"href":"https:\/\/apmprint.com\/es\/wp-json\/wp\/v2\/types\/product"}],"wp:featuredmedia":[{"embeddable":true,"href":"https:\/\/apmprint.com\/es\/wp-json\/wp\/v2\/media\/1834"}],"wp:attachment":[{"href":"https:\/\/apmprint.com\/es\/wp-json\/wp\/v2\/media?parent=1827"}],"wp:term":[{"taxonomy":"product_brand","embeddable":true,"href":"https:\/\/apmprint.com\/es\/wp-json\/wp\/v2\/product_brand?post=1827"},{"taxonomy":"product_cat","embeddable":true,"href":"https:\/\/apmprint.com\/es\/wp-json\/wp\/v2\/product_cat?post=1827"},{"taxonomy":"product_tag","embeddable":true,"href":"https:\/\/apmprint.com\/es\/wp-json\/wp\/v2\/product_tag?post=1827"}],"curies":[{"name":"wp","href":"https:\/\/api.w.org\/{rel}","templated":true}]}}