{"id":1844,"date":"2023-12-21T09:43:32","date_gmt":"2023-12-21T09:43:32","guid":{"rendered":"https:\/\/apmprint.com\/?post_type=product&#038;p=1844"},"modified":"2024-01-03T01:30:30","modified_gmt":"2024-01-03T01:30:30","slug":"s106-multi-color-automatic-screen-printing-machine-for-round-bottles","status":"publish","type":"product","link":"https:\/\/apmprint.com\/es\/producto\/s106-multi-color-automatic-screen-printing-machine-for-round-bottles\/","title":{"rendered":"S106 M\u00e1quina Impresora de Serigraf\u00eda Autom\u00e1tica Multicolor para Botellas Redondas"},"content":{"rendered":"<p><strong>Aplicaci\u00f3n:<\/strong><br \/>\nDise\u00f1ado para la decoraci\u00f3n multicolor de <strong>cil\u00edndrico <\/strong><strong>botellas de vidrio\/pl\u00e1stico<\/strong><strong>\u00a0<\/strong>a altas velocidades de producci\u00f3n. Se utiliza sobre todo para la impresi\u00f3n de botellas de vino. Es adecuada para <strong>vidrio <\/strong>impresi\u00f3n de envases con <strong>tinta termopl\u00e1stica o botella de pl\u00e1stico con tinta UV<\/strong>.<\/p>\n<p><strong>Descripci\u00f3n:<\/strong><\/p>\n<p>Cinta de carga autom\u00e1tica.<\/p>\n<p>Tratamiento de llama autom\u00e1tico opcional<\/p>\n<p><strong>Pre-registro mec\u00e1nico autom\u00e1tico cuando hay punto de registro en la parte inferior (por favor inf\u00f3rmenos antes de confirmar el pedido).<\/strong><\/p>\n<p>Impresi\u00f3n en 3 colores en 1 proceso<\/p>\n<p>Sistema de accionamiento mec\u00e1nico<\/p>\n<p>Ning\u00fan producto ninguna funci\u00f3n de impresi\u00f3n<\/p>\n<p>Descarga autom\u00e1tica<\/p>\n<p>Control PLC con pantalla t\u00e1ctil<\/p>\n<p>&nbsp;<\/p>\n<p><strong>Observaciones:<\/strong><\/p>\n<p>Idioma: Chino, ingl\u00e9s<\/p>\n<p>&nbsp;<\/p>\n<p><strong>Datos t\u00e9cnicos<\/strong><\/p>\n<table>\n<tbody>\n<tr>\n<td width=\"43.1200%\">Par\u00e1metro<\/td>\n<td width=\"56.8600%\">S106<\/td>\n<\/tr>\n<tr>\n<td width=\"43.1200%\">Potencia<\/td>\n<td width=\"56.8600%\">380VAC 3Fases 50\/60Hz<\/td>\n<\/tr>\n<tr>\n<td width=\"43.1200%\">Consumo de aire<\/td>\n<td width=\"56.8600%\">5-7 bares<\/td>\n<\/tr>\n<tr>\n<td width=\"43.1200%\">Velocidad de impresi\u00f3n<\/td>\n<td width=\"56.8600%\">Alrededor de 30 piezas\/min<\/td>\n<\/tr>\n<tr>\n<td width=\"43.1200%\">Di\u00e1metro de impresi\u00f3n<\/td>\n<td width=\"56.8600%\">25-100 mm<\/td>\n<\/tr>\n<tr>\n<td width=\"43.1200%\">Longitud de impresi\u00f3n<\/td>\n<td width=\"56.8600%\">50-300 mm<\/td>\n<\/tr>\n<\/tbody>\n<\/table>\n<p>&nbsp;<\/p>\n<p><strong>Muestras:<\/strong><\/p>\n<p><img loading=\"lazy\" decoding=\"async\" class=\"size-full wp-image-1845\" src=\"http:\/\/apmprint.com\/wp-content\/uploads\/2023\/12\/s-29.jpg\" alt=\"s106 multi color automatic screen printing machine for round bottles\" width=\"800\" height=\"800\" srcset=\"https:\/\/apmprint.com\/wp-content\/uploads\/2023\/12\/s-29.jpg 800w, https:\/\/apmprint.com\/wp-content\/uploads\/2023\/12\/s-29-300x300.jpg 300w, https:\/\/apmprint.com\/wp-content\/uploads\/2023\/12\/s-29-150x150.jpg 150w, https:\/\/apmprint.com\/wp-content\/uploads\/2023\/12\/s-29-768x768.jpg 768w, https:\/\/apmprint.com\/wp-content\/uploads\/2023\/12\/s-29-12x12.jpg 12w, https:\/\/apmprint.com\/wp-content\/uploads\/2023\/12\/s-29-600x600.jpg 600w, https:\/\/apmprint.com\/wp-content\/uploads\/2023\/12\/s-29-100x100.jpg 100w\" sizes=\"auto, (max-width: 800px) 100vw, 800px\" \/><\/p>\n<p>&nbsp;<\/p>","protected":false},"excerpt":{"rendered":"<p>Application: Designed for multi colours decoration of cylindrical glass\/plastic bottles\u00a0at high production speeds. Mostly used for wine bottles printing. It is suitable for glass containers printing with thermoplastic ink or plastic bottle with UV ink. Description: Automatic loading belt. Auto flame treatment optional Auto mechanical pre-registration when there is registration point in the bottom..(please inform [&hellip;]<\/p>","protected":false},"featured_media":1846,"template":"","meta":{"_acf_changed":false,"_seopress_robots_primary_cat":"none","_seopress_titles_title":"","_seopress_titles_desc":"","_seopress_robots_index":""},"product_brand":[],"product_cat":[31,33],"product_tag":[75,78],"class_list":{"0":"post-1844","1":"product","2":"type-product","3":"status-publish","4":"has-post-thumbnail","6":"product_cat-auto-screen-printer","7":"product_cat-glass-bottle-printer","8":"product_tag-automatic","9":"product_tag-screen-printer","11":"first","12":"instock","13":"shipping-taxable","14":"product-type-simple"},"acf":[],"_links":{"self":[{"href":"https:\/\/apmprint.com\/es\/wp-json\/wp\/v2\/product\/1844","targetHints":{"allow":["GET"]}}],"collection":[{"href":"https:\/\/apmprint.com\/es\/wp-json\/wp\/v2\/product"}],"about":[{"href":"https:\/\/apmprint.com\/es\/wp-json\/wp\/v2\/types\/product"}],"wp:featuredmedia":[{"embeddable":true,"href":"https:\/\/apmprint.com\/es\/wp-json\/wp\/v2\/media\/1846"}],"wp:attachment":[{"href":"https:\/\/apmprint.com\/es\/wp-json\/wp\/v2\/media?parent=1844"}],"wp:term":[{"taxonomy":"product_brand","embeddable":true,"href":"https:\/\/apmprint.com\/es\/wp-json\/wp\/v2\/product_brand?post=1844"},{"taxonomy":"product_cat","embeddable":true,"href":"https:\/\/apmprint.com\/es\/wp-json\/wp\/v2\/product_cat?post=1844"},{"taxonomy":"product_tag","embeddable":true,"href":"https:\/\/apmprint.com\/es\/wp-json\/wp\/v2\/product_tag?post=1844"}],"curies":[{"name":"wp","href":"https:\/\/api.w.org\/{rel}","templated":true}]}}