{"id":1847,"date":"2023-12-21T09:52:01","date_gmt":"2023-12-21T09:52:01","guid":{"rendered":"https:\/\/apmprint.com\/?post_type=product&#038;p=1847"},"modified":"2023-12-21T09:54:29","modified_gmt":"2023-12-21T09:54:29","slug":"s107-automatic-screen-printing-machine","status":"publish","type":"product","link":"https:\/\/apmprint.com\/es\/producto\/s107-automatic-screen-printing-machine\/","title":{"rendered":"S107 M\u00e1quina autom\u00e1tica de serigraf\u00eda"},"content":{"rendered":"<p><strong>Aplicaci\u00f3n<\/strong><strong>:<\/strong><\/p>\n<p>La S107 est\u00e1 dise\u00f1ada para la serigraf\u00eda de tapas cil\u00edndricas, barras de labios o fundas de bol\u00edgrafos.<\/p>\n<p>Es capaz de imprimir en varios colores sin punto de registro de color.<\/p>\n<p>&nbsp;<\/p>\n<p><strong>Datos t\u00e9cnicos:<\/strong><\/p>\n<table>\n<tbody>\n<tr>\n<td width=\"284\">M\u00e1x. Velocidad<\/td>\n<td width=\"284\">3000pcs\/h<\/td>\n<\/tr>\n<tr>\n<td width=\"284\">di\u00e1metro del tap\u00f3n<\/td>\n<td width=\"284\">\u03a615-34mm<\/td>\n<\/tr>\n<tr>\n<td width=\"284\">Longitud de la tapa<\/td>\n<td width=\"284\">25-60mm<\/td>\n<\/tr>\n<tr>\n<td width=\"284\">Di\u00e1metro de la botella<\/td>\n<td width=\"284\">\u03a620-65 mm<\/td>\n<\/tr>\n<tr>\n<td width=\"284\">Altura de la botella<\/td>\n<td width=\"284\">25-150 mm<\/td>\n<\/tr>\n<\/tbody>\n<\/table>\n<p>&nbsp;<\/p>\n<p><strong>Observaci\u00f3n:<\/strong><\/p>\n<p>El cabezal de serigraf\u00eda puede cambiarse a cabezal de estampaci\u00f3n en caliente para ser m\u00e1quina de estampaci\u00f3n en caliente o m\u00e1quina de serigraf\u00eda y estampaci\u00f3n en caliente.<\/p>\n<p>Impresora serigr\u00e1fica S107<\/p>\n<p>M\u00e1quina de estampaci\u00f3n en caliente H107<\/p>\n<p>M\u00e1quina de serigraf\u00eda y estampaci\u00f3n en caliente SH107<\/p>\n<p>&nbsp;<\/p>\n<p><strong>Muestras:<\/strong><\/p>\n<p><img loading=\"lazy\" decoding=\"async\" class=\"size-full wp-image-1848\" src=\"http:\/\/apmprint.com\/wp-content\/uploads\/2023\/12\/s-30.jpg\" alt=\"s107 automatic screen printing machine\" width=\"800\" height=\"253\" srcset=\"https:\/\/apmprint.com\/wp-content\/uploads\/2023\/12\/s-30.jpg 800w, https:\/\/apmprint.com\/wp-content\/uploads\/2023\/12\/s-30-300x95.jpg 300w, https:\/\/apmprint.com\/wp-content\/uploads\/2023\/12\/s-30-768x243.jpg 768w, https:\/\/apmprint.com\/wp-content\/uploads\/2023\/12\/s-30-18x6.jpg 18w, https:\/\/apmprint.com\/wp-content\/uploads\/2023\/12\/s-30-600x190.jpg 600w\" sizes=\"auto, (max-width: 800px) 100vw, 800px\" \/><\/p>","protected":false},"excerpt":{"rendered":"<p>Descripci\u00f3n:<br \/>\n1.Cinta de carga autom\u00e1tica<br \/>\n2.Auto flameado<br \/>\n3.Transmisi\u00f3n por cadena<br \/>\n4.Ning\u00fan producto ninguna funci\u00f3n de impresi\u00f3n<br \/>\n5.Sistema de curado UV LED con mayor vida \u00fatil y ahorro de energ\u00eda, sistema UV el\u00e9ctrico opcional.<br \/>\n6.Control PLC fiable con pantalla t\u00e1ctil<br \/>\n7.Descarga autom\u00e1tica.<br \/>\n8.Funcionamiento seguro con la norma CE.<\/p>","protected":false},"featured_media":1849,"template":"","meta":{"_acf_changed":false,"_seopress_robots_primary_cat":"none","_seopress_titles_title":"","_seopress_titles_desc":"","_seopress_robots_index":""},"product_brand":[],"product_cat":[31],"product_tag":[75,78],"class_list":{"0":"post-1847","1":"product","2":"type-product","3":"status-publish","4":"has-post-thumbnail","6":"product_cat-auto-screen-printer","7":"product_tag-automatic","8":"product_tag-screen-printer","10":"first","11":"instock","12":"shipping-taxable","13":"product-type-simple"},"acf":[],"_links":{"self":[{"href":"https:\/\/apmprint.com\/es\/wp-json\/wp\/v2\/product\/1847","targetHints":{"allow":["GET"]}}],"collection":[{"href":"https:\/\/apmprint.com\/es\/wp-json\/wp\/v2\/product"}],"about":[{"href":"https:\/\/apmprint.com\/es\/wp-json\/wp\/v2\/types\/product"}],"wp:featuredmedia":[{"embeddable":true,"href":"https:\/\/apmprint.com\/es\/wp-json\/wp\/v2\/media\/1849"}],"wp:attachment":[{"href":"https:\/\/apmprint.com\/es\/wp-json\/wp\/v2\/media?parent=1847"}],"wp:term":[{"taxonomy":"product_brand","embeddable":true,"href":"https:\/\/apmprint.com\/es\/wp-json\/wp\/v2\/product_brand?post=1847"},{"taxonomy":"product_cat","embeddable":true,"href":"https:\/\/apmprint.com\/es\/wp-json\/wp\/v2\/product_cat?post=1847"},{"taxonomy":"product_tag","embeddable":true,"href":"https:\/\/apmprint.com\/es\/wp-json\/wp\/v2\/product_tag?post=1847"}],"curies":[{"name":"wp","href":"https:\/\/api.w.org\/{rel}","templated":true}]}}