{"id":1850,"date":"2023-12-21T09:55:28","date_gmt":"2023-12-21T09:55:28","guid":{"rendered":"https:\/\/apmprint.com\/?post_type=product&#038;p=1850"},"modified":"2023-12-21T09:58:12","modified_gmt":"2023-12-21T09:58:12","slug":"auto-screen-printer-s275","status":"publish","type":"product","link":"https:\/\/apmprint.com\/es\/producto\/auto-screen-printer-s275\/","title":{"rendered":"Impresora serigr\u00e1fica autom\u00e1tica S275"},"content":{"rendered":"<p><strong>Aplicaci\u00f3n:<\/strong><\/p>\n<p>L\u00ednea autom\u00e1tica de serigraf\u00eda multicolor para envases cuadrados<\/p>\n<p>&nbsp;<\/p>\n<p><strong>Datos t\u00e9cnicos:<\/strong><\/p>\n<p><strong>Velocidad:<\/strong><strong>\u00a0<\/strong>25~35pcs\/min.<\/p>\n<p>&nbsp;<\/p>\n<p><strong>Plano\/cuadrado: S275F<\/strong><\/p>\n<p>Tama\u00f1o m\u00e1ximo del producto: 240(ancho)x 300(alto )mm<br \/>\n\u00c1rea de impresi\u00f3n m\u00e1x: 120(An)x200(Al )mm<\/p>\n<p>&nbsp;<\/p>\n<p><strong>Redondo:<\/strong><\/p>\n<p>Tama\u00f1o m\u00e1ximo del producto redondo: 200(\u03a6)x 300(H )mm<br \/>\n\u00c1rea de impresi\u00f3n m\u00e1x: 600(L)x230(H )mm<\/p>\n<p>&nbsp;<\/p>\n<p><strong>Procedimiento:<\/strong><\/p>\n<p>Carga autom\u00e1tica en cinta--tratamiento con llama--impresi\u00f3n--secado UV el\u00e9ctrico--descarga autom\u00e1tica<\/p>\n<p>&nbsp;<\/p>\n<p><strong>Muestras:<\/strong><\/p>\n<p><img loading=\"lazy\" decoding=\"async\" class=\"size-full wp-image-1848\" src=\"http:\/\/apmprint.com\/wp-content\/uploads\/2023\/12\/s-30.jpg\" alt=\"s107 automatic screen printing machine\" width=\"800\" height=\"253\" srcset=\"https:\/\/apmprint.com\/wp-content\/uploads\/2023\/12\/s-30.jpg 800w, https:\/\/apmprint.com\/wp-content\/uploads\/2023\/12\/s-30-300x95.jpg 300w, https:\/\/apmprint.com\/wp-content\/uploads\/2023\/12\/s-30-768x243.jpg 768w, https:\/\/apmprint.com\/wp-content\/uploads\/2023\/12\/s-30-18x6.jpg 18w, https:\/\/apmprint.com\/wp-content\/uploads\/2023\/12\/s-30-600x190.jpg 600w\" sizes=\"auto, (max-width: 800px) 100vw, 800px\" \/><\/p>","protected":false},"excerpt":{"rendered":"<p>Descripci\u00f3n general:<br \/>\n1.Sistema de carga autom\u00e1tica con cinta<br \/>\n2.Auto flameado<br \/>\n3.Sistema de transmisi\u00f3n perfecto. Pasa sobre las botellas de forma r\u00e1pida y suave.<br \/>\n4.Rotaci\u00f3n autom\u00e1tica de 180 grados para botellas cuadradas<br \/>\n5.Cambio r\u00e1pido y sencillo de un producto a otro.<br \/>\n6.Secado UV el\u00e9ctrico autom\u00e1tico de alta eficacia, secado LED opcional<br \/>\n7.Control PLC fiable con pantalla t\u00e1ctil<br \/>\n8.Descarga autom\u00e1tica<br \/>\n9.Norma CE<\/p>","protected":false},"featured_media":1851,"template":"","meta":{"_acf_changed":false,"_seopress_robots_primary_cat":"none","_seopress_titles_title":"","_seopress_titles_desc":"","_seopress_robots_index":""},"product_brand":[],"product_cat":[31],"product_tag":[75,78],"class_list":{"0":"post-1850","1":"product","2":"type-product","3":"status-publish","4":"has-post-thumbnail","6":"product_cat-auto-screen-printer","7":"product_tag-automatic","8":"product_tag-screen-printer","10":"first","11":"instock","12":"shipping-taxable","13":"product-type-simple"},"acf":[],"_links":{"self":[{"href":"https:\/\/apmprint.com\/es\/wp-json\/wp\/v2\/product\/1850","targetHints":{"allow":["GET"]}}],"collection":[{"href":"https:\/\/apmprint.com\/es\/wp-json\/wp\/v2\/product"}],"about":[{"href":"https:\/\/apmprint.com\/es\/wp-json\/wp\/v2\/types\/product"}],"wp:featuredmedia":[{"embeddable":true,"href":"https:\/\/apmprint.com\/es\/wp-json\/wp\/v2\/media\/1851"}],"wp:attachment":[{"href":"https:\/\/apmprint.com\/es\/wp-json\/wp\/v2\/media?parent=1850"}],"wp:term":[{"taxonomy":"product_brand","embeddable":true,"href":"https:\/\/apmprint.com\/es\/wp-json\/wp\/v2\/product_brand?post=1850"},{"taxonomy":"product_cat","embeddable":true,"href":"https:\/\/apmprint.com\/es\/wp-json\/wp\/v2\/product_cat?post=1850"},{"taxonomy":"product_tag","embeddable":true,"href":"https:\/\/apmprint.com\/es\/wp-json\/wp\/v2\/product_tag?post=1850"}],"curies":[{"name":"wp","href":"https:\/\/api.w.org\/{rel}","templated":true}]}}