{"id":1852,"date":"2023-12-21T10:00:16","date_gmt":"2023-12-21T10:00:16","guid":{"rendered":"https:\/\/apmprint.com\/?post_type=product&#038;p=1852"},"modified":"2023-12-21T10:01:34","modified_gmt":"2023-12-21T10:01:34","slug":"auto-screen-printer-apm-s350","status":"publish","type":"product","link":"https:\/\/apmprint.com\/es\/producto\/auto-screen-printer-apm-s350\/","title":{"rendered":"Impresora serigr\u00e1fica autom\u00e1tica APM-S350"},"content":{"rendered":"<p><strong>Aplicaci\u00f3n:<\/strong><\/p>\n<p>L\u00ednea autom\u00e1tica de serigraf\u00eda multicolor para cubo redondo<\/p>\n<p>&nbsp;<\/p>\n<p><strong>Descripci\u00f3n general:<\/strong><\/p>\n<p>1.L\u00ednea autom\u00e1tica de serigraf\u00eda multicolor para cubo redondo.<\/p>\n<p>2.Sistema de carga autom\u00e1tica con cinta<\/p>\n<p>3.Tratamiento de llama autom\u00e1tico equipado con descargador de gases de escape y calor<\/p>\n<p>4.Sistema de transmisi\u00f3n totalmente mec\u00e1nico. Pasa sobre las botellas de forma r\u00e1pida y suave.<\/p>\n<p>5.Sistema de curado UV autom\u00e1tico de alta eficacia<\/p>\n<p>6.Control PLC fiable con pantalla t\u00e1ctil<\/p>\n<p>7.Descarga autom\u00e1tica<\/p>\n<p>&nbsp;<\/p>\n<p>Di\u00e1metro m\u00e1ximo del producto: 320 mm<\/p>\n<p>Altura m\u00e1xima del producto: 380 mm<\/p>\n<p>Velocidad de impresi\u00f3n: 500-1200pcs\/hr<\/p>\n<p><strong>Datos t\u00e9cnicos<\/strong><\/p>\n<table>\n<tbody>\n<tr>\n<td colspan=\"2\" width=\"100.0000%\">S350<\/td>\n<\/tr>\n<tr>\n<td width=\"52.6400%\">Di\u00e1metro m\u00e1ximo del producto<\/td>\n<td width=\"47.3400%\">320 mm<\/td>\n<\/tr>\n<tr>\n<td width=\"52.6400%\">Altura m\u00e1xima del producto:<\/td>\n<td width=\"47.3400%\">380 mm<\/td>\n<\/tr>\n<tr>\n<td width=\"52.6400%\">Velocidad de impresi\u00f3n<\/td>\n<td width=\"47.3400%\">500-1200 piezas\/hora<\/td>\n<\/tr>\n<\/tbody>\n<\/table>\n<p>&nbsp;<\/p>\n<p>&nbsp;<\/p>\n<p><strong>Muestras:<\/strong><\/p>\n<p><img loading=\"lazy\" decoding=\"async\" class=\"size-full wp-image-1848\" src=\"http:\/\/apmprint.com\/wp-content\/uploads\/2023\/12\/s-30.jpg\" alt=\"s107 automatic screen printing machine\" width=\"800\" height=\"253\" srcset=\"https:\/\/apmprint.com\/wp-content\/uploads\/2023\/12\/s-30.jpg 800w, https:\/\/apmprint.com\/wp-content\/uploads\/2023\/12\/s-30-300x95.jpg 300w, https:\/\/apmprint.com\/wp-content\/uploads\/2023\/12\/s-30-768x243.jpg 768w, https:\/\/apmprint.com\/wp-content\/uploads\/2023\/12\/s-30-18x6.jpg 18w, https:\/\/apmprint.com\/wp-content\/uploads\/2023\/12\/s-30-600x190.jpg 600w\" sizes=\"auto, (max-width: 800px) 100vw, 800px\" \/><\/p>","protected":false},"excerpt":{"rendered":"<p>Application: Automatic multi-color screen printing line for round bucket &nbsp; General Description: 1.Automatic multi-color screen printing line for round bucket. 2.Automatic loading system with belt 3.Auto flame treatment equipped with exhaust gas and heat discharger 4.Fully mechanical transmission system. It passes over the bottles fast and smooth. 5.Auto high efficiency UV curing system 6.Reliable PLC [&hellip;]<\/p>","protected":false},"featured_media":1853,"template":"","meta":{"_acf_changed":false,"_seopress_robots_primary_cat":"none","_seopress_titles_title":"","_seopress_titles_desc":"","_seopress_robots_index":""},"product_brand":[],"product_cat":[31],"product_tag":[75,78],"class_list":{"0":"post-1852","1":"product","2":"type-product","3":"status-publish","4":"has-post-thumbnail","6":"product_cat-auto-screen-printer","7":"product_tag-automatic","8":"product_tag-screen-printer","10":"first","11":"instock","12":"shipping-taxable","13":"product-type-simple"},"acf":[],"_links":{"self":[{"href":"https:\/\/apmprint.com\/es\/wp-json\/wp\/v2\/product\/1852","targetHints":{"allow":["GET"]}}],"collection":[{"href":"https:\/\/apmprint.com\/es\/wp-json\/wp\/v2\/product"}],"about":[{"href":"https:\/\/apmprint.com\/es\/wp-json\/wp\/v2\/types\/product"}],"wp:featuredmedia":[{"embeddable":true,"href":"https:\/\/apmprint.com\/es\/wp-json\/wp\/v2\/media\/1853"}],"wp:attachment":[{"href":"https:\/\/apmprint.com\/es\/wp-json\/wp\/v2\/media?parent=1852"}],"wp:term":[{"taxonomy":"product_brand","embeddable":true,"href":"https:\/\/apmprint.com\/es\/wp-json\/wp\/v2\/product_brand?post=1852"},{"taxonomy":"product_cat","embeddable":true,"href":"https:\/\/apmprint.com\/es\/wp-json\/wp\/v2\/product_cat?post=1852"},{"taxonomy":"product_tag","embeddable":true,"href":"https:\/\/apmprint.com\/es\/wp-json\/wp\/v2\/product_tag?post=1852"}],"curies":[{"name":"wp","href":"https:\/\/api.w.org\/{rel}","templated":true}]}}