{"id":1854,"date":"2023-12-21T10:05:09","date_gmt":"2023-12-21T10:05:09","guid":{"rendered":"https:\/\/apmprint.com\/?post_type=product&#038;p=1854"},"modified":"2023-12-27T06:28:19","modified_gmt":"2023-12-27T06:28:19","slug":"ss106-2-color-automatic-printing-machine","status":"publish","type":"product","link":"https:\/\/apmprint.com\/es\/producto\/ss106-2-color-automatic-printing-machine\/","title":{"rendered":"Serigraf\u00eda rotativa de pl\u00e1stico de 2-6 colores con secado UV SS106"},"content":{"rendered":"<p>El producto est\u00e1 hecho por tecnolog\u00edas, algunas de las cuales son desarrolladas por nosotros mismos, mientras que otros se aprenden de otras marcas famosas.en los campos como Impresoras de pantalla, nuestro producto es ampliamente utilizado por su versatilidad y calidad garantizada. Serigraf\u00eda + Estampado en caliente En el proceso de innovaci\u00f3n empresarial continua, Shenzhen Hejia Automatic Printing Machine Co., Ltd. siempre se adhieren a la filosof\u00eda empresarial de \"la calidad es lo primero\". Vamos a aprovechar las oportunidades de los tiempos y siempre mantenerse al d\u00eda con las tendencias de la industria. Creemos que alg\u00fan d\u00eda nos convertiremos en una de las empresas l\u00edderes del mercado mundial.<\/p>\n<div class=\"rich-text-table\">\n<table>\n<tbody>\n<tr class=\"firstRow\">\n<td>Tipo de placa:<\/td>\n<td>Impresora serigr\u00e1fica<\/td>\n<td>Industrias aplicables:<\/td>\n<td>F\u00e1brica, imprenta<\/td>\n<\/tr>\n<tr>\n<td>Estado:<\/td>\n<td>Nuevo<\/td>\n<td>Lugar de origen:<\/td>\n<td>Guangdong, China<\/td>\n<\/tr>\n<tr>\n<td>Marca:<\/td>\n<td>APM<\/td>\n<td>Uso:<\/td>\n<td>impresora de botellas<\/td>\n<\/tr>\n<tr>\n<td>Grado Autom\u00e1tico:<\/td>\n<td>Autom\u00e1tico<\/td>\n<td>Color y p\u00e1gina:<\/td>\n<td>Multicolor<\/td>\n<\/tr>\n<tr>\n<td>Tensi\u00f3n:<\/td>\n<td>380 V, 50\/60 Hz<\/td>\n<td>Dimensiones (largo*ancho*alto):<\/td>\n<td>2*2*2.2m<\/td>\n<\/tr>\n<tr>\n<td>Peso:<\/td>\n<td>5500 KG<\/td>\n<td>Certificaci\u00f3n:<\/td>\n<td>Certificado CE<\/td>\n<\/tr>\n<tr>\n<td>Garant\u00eda:<\/td>\n<td>1 a\u00f1o<\/td>\n<td>Servicio postventa prestado:<\/td>\n<td>Asistencia en l\u00ednea, Asistencia t\u00e9cnica por v\u00eddeo<\/td>\n<\/tr>\n<tr>\n<td>Puntos clave de venta:<\/td>\n<td>impresi\u00f3n multicolor servoaccionada<\/td>\n<td>Informe de ensayo de maquinaria:<\/td>\n<td>Proporcionado<\/td>\n<\/tr>\n<tr>\n<td>V\u00eddeo de la inspecci\u00f3n de salida:<\/td>\n<td>Proporcionado<\/td>\n<td>Garant\u00eda de los componentes principales:<\/td>\n<td>1 a\u00f1o<\/td>\n<\/tr>\n<tr>\n<td>Componentes b\u00e1sicos:<\/td>\n<td>Motor, PLC<\/td>\n<td>Nombre del producto:<\/td>\n<td>Servoimpresora serigr\u00e1fica autom\u00e1tica SS106<\/td>\n<\/tr>\n<tr>\n<td>Di\u00e1metro m\u00e1ximo de impresi\u00f3n:<\/td>\n<td>40 mm<\/td>\n<td>Longitud m\u00e1xima de impresi\u00f3n:<\/td>\n<td>120 mm<\/td>\n<\/tr>\n<tr>\n<td>Velocidad m\u00e1xima de impresi\u00f3n:<\/td>\n<td>30~45pcs\/min<\/td>\n<td>Potencia UV:<\/td>\n<td>3000 vatios<\/td>\n<\/tr>\n<tr>\n<td>Servicio post garant\u00eda:<\/td>\n<td>Soporte t\u00e9cnico de v\u00eddeo<\/td>\n<td>Ubicaci\u00f3n del servicio local:<\/td>\n<td>Estados Unidos<\/td>\n<\/tr>\n<\/tbody>\n<\/table>\n<\/div>\n<p><img loading=\"lazy\" decoding=\"async\" class=\"size-full wp-image-1856\" src=\"http:\/\/apmprint.com\/wp-content\/uploads\/2023\/12\/xx-1.jpg\" alt=\"ss106 2 color automatic printing machine\" width=\"800\" height=\"352\" srcset=\"https:\/\/apmprint.com\/wp-content\/uploads\/2023\/12\/xx-1.jpg 800w, https:\/\/apmprint.com\/wp-content\/uploads\/2023\/12\/xx-1-300x132.jpg 300w, https:\/\/apmprint.com\/wp-content\/uploads\/2023\/12\/xx-1-768x338.jpg 768w, https:\/\/apmprint.com\/wp-content\/uploads\/2023\/12\/xx-1-18x8.jpg 18w, https:\/\/apmprint.com\/wp-content\/uploads\/2023\/12\/xx-1-600x264.jpg 600w\" sizes=\"auto, (max-width: 800px) 100vw, 800px\" \/><\/p>\n<p><strong>Datos t\u00e9cnicos:<\/strong><\/p>\n<table border=\"1\">\n<tbody>\n<tr class=\"firstRow\">\n<td>Di\u00e1metro m\u00e1ximo de impresi\u00f3n<br \/>\n(m\u00e1quina de mayor di\u00e1metro disponible con coste adicional)<\/td>\n<td>40 mm<\/td>\n<\/tr>\n<tr>\n<td>Longitud m\u00e1xima de impresi\u00f3n<\/td>\n<td>120 mm<\/td>\n<\/tr>\n<tr>\n<td>Velocidad m\u00e1xima de impresi\u00f3n<\/td>\n<td>30-45 piezas\/min<\/td>\n<\/tr>\n<tr>\n<td>Potencia UV<\/td>\n<td>3000 vatios<\/td>\n<\/tr>\n<\/tbody>\n<\/table>\n<p><strong>Descripci\u00f3n:<\/strong><\/p>\n<p>Cinta de carga autom\u00e1tica<\/p>\n<p>Auto flameado<\/p>\n<p><img loading=\"lazy\" decoding=\"async\" class=\"size-full wp-image-1858\" src=\"http:\/\/apmprint.com\/wp-content\/uploads\/2023\/12\/xxxxx.jpg\" alt=\"ss106 2 color automatic printing machine\" width=\"800\" height=\"533\" srcset=\"https:\/\/apmprint.com\/wp-content\/uploads\/2023\/12\/xxxxx.jpg 800w, https:\/\/apmprint.com\/wp-content\/uploads\/2023\/12\/xxxxx-300x200.jpg 300w, https:\/\/apmprint.com\/wp-content\/uploads\/2023\/12\/xxxxx-768x512.jpg 768w, https:\/\/apmprint.com\/wp-content\/uploads\/2023\/12\/xxxxx-18x12.jpg 18w, https:\/\/apmprint.com\/wp-content\/uploads\/2023\/12\/xxxxx-600x400.jpg 600w\" sizes=\"auto, (max-width: 800px) 100vw, 800px\" \/><\/p>\n<p>Registro autom\u00e1tico para imprimir productos que escapan de la l\u00ednea de moldeo<\/p>\n<p>Serigraf\u00eda a 2 colores en 1 proceso<\/p>\n<p>Todas las impresoras de serigraf\u00eda\/estampaci\u00f3n en caliente servoaccionadas con la mejor precisi\u00f3n:<\/p>\n<p>*marcos de malla accionados por servomotores<\/p>\n<p>*todas las plantillas se instalan con servomotores para la rotaci\u00f3n (sin necesidad de engranajes, cambio de productos f\u00e1cil y r\u00e1pido)<\/p>\n<p>Secado autom\u00e1tico por UV o LED<\/p>\n<p><img loading=\"lazy\" decoding=\"async\" class=\"size-full wp-image-1859\" src=\"http:\/\/apmprint.com\/wp-content\/uploads\/2023\/12\/xxx.jpg\" alt=\"ss106 2 color automatic printing machine\" width=\"800\" height=\"274\" srcset=\"https:\/\/apmprint.com\/wp-content\/uploads\/2023\/12\/xxx.jpg 800w, https:\/\/apmprint.com\/wp-content\/uploads\/2023\/12\/xxx-300x103.jpg 300w, https:\/\/apmprint.com\/wp-content\/uploads\/2023\/12\/xxx-768x263.jpg 768w, https:\/\/apmprint.com\/wp-content\/uploads\/2023\/12\/xxx-18x6.jpg 18w, https:\/\/apmprint.com\/wp-content\/uploads\/2023\/12\/xxx-600x206.jpg 600w\" sizes=\"auto, (max-width: 800px) 100vw, 800px\" \/><\/p>\n<p>No hay productos ni funci\u00f3n de impresi\u00f3n<\/p>\n<p>Indexador de alta precisi\u00f3n<\/p>\n<p>Cinta de descarga autom\u00e1tica<\/p>\n<p>Casa de m\u00e1quinas bien construida con dise\u00f1o de seguridad seg\u00fan la norma CE<\/p>\n<p>Control PLC con pantalla t\u00e1ctil<\/p>\n<p>&nbsp;<\/p>\n<p><strong>Muestras:<\/strong><\/p>\n<p><img loading=\"lazy\" decoding=\"async\" class=\"size-full wp-image-1860\" src=\"http:\/\/apmprint.com\/wp-content\/uploads\/2023\/12\/s-31.jpg\" alt=\"ss106 2 color automatic printing machine\" width=\"800\" height=\"800\" srcset=\"https:\/\/apmprint.com\/wp-content\/uploads\/2023\/12\/s-31.jpg 800w, https:\/\/apmprint.com\/wp-content\/uploads\/2023\/12\/s-31-300x300.jpg 300w, https:\/\/apmprint.com\/wp-content\/uploads\/2023\/12\/s-31-150x150.jpg 150w, https:\/\/apmprint.com\/wp-content\/uploads\/2023\/12\/s-31-768x768.jpg 768w, https:\/\/apmprint.com\/wp-content\/uploads\/2023\/12\/s-31-12x12.jpg 12w, https:\/\/apmprint.com\/wp-content\/uploads\/2023\/12\/s-31-600x600.jpg 600w, https:\/\/apmprint.com\/wp-content\/uploads\/2023\/12\/s-31-100x100.jpg 100w\" sizes=\"auto, (max-width: 800px) 100vw, 800px\" \/><\/p>\n<p><img loading=\"lazy\" decoding=\"async\" class=\"size-full wp-image-1967\" src=\"http:\/\/apmprint.com\/wp-content\/uploads\/2023\/12\/\u4ecb\u7ecd1.jpg\" alt=\"ss106 2 color automatic printing machine\" width=\"750\" height=\"1500\" srcset=\"https:\/\/apmprint.com\/wp-content\/uploads\/2023\/12\/\u4ecb\u7ecd1.jpg 750w, https:\/\/apmprint.com\/wp-content\/uploads\/2023\/12\/\u4ecb\u7ecd1-150x300.jpg 150w, https:\/\/apmprint.com\/wp-content\/uploads\/2023\/12\/\u4ecb\u7ecd1-512x1024.jpg 512w, https:\/\/apmprint.com\/wp-content\/uploads\/2023\/12\/\u4ecb\u7ecd1-6x12.jpg 6w, https:\/\/apmprint.com\/wp-content\/uploads\/2023\/12\/\u4ecb\u7ecd1-600x1200.jpg 600w\" sizes=\"auto, (max-width: 750px) 100vw, 750px\" \/><\/p>\n<p><img loading=\"lazy\" decoding=\"async\" class=\"size-full wp-image-1968\" src=\"http:\/\/apmprint.com\/wp-content\/uploads\/2023\/12\/\u4ecb\u7ecd2.jpg\" alt=\"ss106 2 color automatic printing machine\" width=\"750\" height=\"1020\" srcset=\"https:\/\/apmprint.com\/wp-content\/uploads\/2023\/12\/\u4ecb\u7ecd2.jpg 750w, https:\/\/apmprint.com\/wp-content\/uploads\/2023\/12\/\u4ecb\u7ecd2-221x300.jpg 221w, https:\/\/apmprint.com\/wp-content\/uploads\/2023\/12\/\u4ecb\u7ecd2-9x12.jpg 9w, https:\/\/apmprint.com\/wp-content\/uploads\/2023\/12\/\u4ecb\u7ecd2-600x816.jpg 600w\" sizes=\"auto, (max-width: 750px) 100vw, 750px\" \/><\/p>\n<p><img loading=\"lazy\" decoding=\"async\" class=\"size-full wp-image-1969\" src=\"http:\/\/apmprint.com\/wp-content\/uploads\/2023\/12\/\u4ecb\u7ecd3.jpg\" alt=\"ss106 2 color automatic printing machine\" width=\"750\" height=\"1072\" srcset=\"https:\/\/apmprint.com\/wp-content\/uploads\/2023\/12\/\u4ecb\u7ecd3.jpg 750w, https:\/\/apmprint.com\/wp-content\/uploads\/2023\/12\/\u4ecb\u7ecd3-210x300.jpg 210w, https:\/\/apmprint.com\/wp-content\/uploads\/2023\/12\/\u4ecb\u7ecd3-716x1024.jpg 716w, https:\/\/apmprint.com\/wp-content\/uploads\/2023\/12\/\u4ecb\u7ecd3-8x12.jpg 8w, https:\/\/apmprint.com\/wp-content\/uploads\/2023\/12\/\u4ecb\u7ecd3-600x858.jpg 600w\" sizes=\"auto, (max-width: 750px) 100vw, 750px\" \/><\/p>","protected":false},"excerpt":{"rendered":"<p>Las tecnolog\u00edas m\u00e1s avanzadas se han utilizado para desarrollar y fabricar SS106 servo autom\u00e1tico de tres colores de serigraf\u00eda y un color de estampaci\u00f3n en caliente de la m\u00e1quina para la botella.Despu\u00e9s de haber sido probado en m\u00faltiples ocasiones,APM PRINTes capaz de dar su mejor efecto en el campo (s) de Impresoras de pantalla.<\/p>\n<p><strong><b>N\u00famero de modelo<\/b><\/strong>: SS106<\/p>\n<p><strong><b>env\u00edo<\/b><\/strong>: Transporte mar\u00edtimo urgente \/ Transporte terrestre \/ Transporte a\u00e9reo<\/p>\n<p><strong><b>Personalizaci\u00f3n<\/b><\/strong>: Logotipo personalizado (Pedido m\u00edn.: 5 juegos) , Embalaje personalizado (Pedido m\u00edn.: 5 juegos) , Personalizaci\u00f3n gr\u00e1fica (Pedido m\u00edn.: 5 juegos)<\/p>","protected":false},"featured_media":1781,"template":"","meta":{"_acf_changed":false,"_seopress_robots_primary_cat":"none","_seopress_titles_title":"","_seopress_titles_desc":"","_seopress_robots_index":""},"product_brand":[],"product_cat":[31],"product_tag":[75,55,56,84,57,78],"class_list":{"0":"post-1854","1":"product","2":"type-product","3":"status-publish","4":"has-post-thumbnail","6":"product_cat-auto-screen-printer","7":"product_tag-automatic","8":"product_tag-cups","9":"product_tag-glass-bottles","10":"product_tag-jar","11":"product_tag-plastic-bottles","12":"product_tag-screen-printer","14":"first","15":"instock","16":"shipping-taxable","17":"product-type-simple"},"acf":[],"_links":{"self":[{"href":"https:\/\/apmprint.com\/es\/wp-json\/wp\/v2\/product\/1854","targetHints":{"allow":["GET"]}}],"collection":[{"href":"https:\/\/apmprint.com\/es\/wp-json\/wp\/v2\/product"}],"about":[{"href":"https:\/\/apmprint.com\/es\/wp-json\/wp\/v2\/types\/product"}],"wp:featuredmedia":[{"embeddable":true,"href":"https:\/\/apmprint.com\/es\/wp-json\/wp\/v2\/media\/1781"}],"wp:attachment":[{"href":"https:\/\/apmprint.com\/es\/wp-json\/wp\/v2\/media?parent=1854"}],"wp:term":[{"taxonomy":"product_brand","embeddable":true,"href":"https:\/\/apmprint.com\/es\/wp-json\/wp\/v2\/product_brand?post=1854"},{"taxonomy":"product_cat","embeddable":true,"href":"https:\/\/apmprint.com\/es\/wp-json\/wp\/v2\/product_cat?post=1854"},{"taxonomy":"product_tag","embeddable":true,"href":"https:\/\/apmprint.com\/es\/wp-json\/wp\/v2\/product_tag?post=1854"}],"curies":[{"name":"wp","href":"https:\/\/api.w.org\/{rel}","templated":true}]}}