{"id":1888,"date":"2023-12-22T02:28:08","date_gmt":"2023-12-22T02:28:08","guid":{"rendered":"https:\/\/apmprint.com\/?post_type=product&#038;p=1888"},"modified":"2023-12-22T02:30:26","modified_gmt":"2023-12-22T02:30:26","slug":"s1218s-large-screen-printer-with-sliding-table","status":"publish","type":"product","link":"https:\/\/apmprint.com\/es\/producto\/s1218s-large-screen-printer-with-sliding-table\/","title":{"rendered":"S1218S Impresora de pantalla grande con mesa deslizante"},"content":{"rendered":"<p><strong>Descripci\u00f3n:<\/strong><\/p>\n<ol>\n<li>Neum\u00e1tica SMC\/FESTO<\/li>\n<li>Tabla de ajuste XYR<\/li>\n<li>Sistema de elevaci\u00f3n sincronizada del cabezal de impresi\u00f3n<\/li>\n<li>Cabezal de impresi\u00f3n accionado por motor con gu\u00edas lineales de alta calidad<\/li>\n<li>Sistema de malla despegada<\/li>\n<li>Control PLC, pantalla t\u00e1ctil<\/li>\n<li>Protecci\u00f3n de seguridad con CE.<\/li>\n<li>Mesa deslizante accionada por motor con gu\u00edas lineales de alta calidad<\/li>\n<li>Descarga autom\u00e1tica con robot y sistema de transferencia por cinta (opcional)<\/li>\n<li>Clavijas de registro autom\u00e1tico para impresi\u00f3n multicolor (opcional)<\/li>\n<\/ol>\n<p>&nbsp;<\/p>\n<p><strong>Tecnolog\u00eda<\/strong><strong>&#8211;<\/strong><strong>Datos:<\/strong><\/p>\n<table>\n<tbody>\n<tr>\n<td width=\"17.6000%\">Modelo<\/td>\n<td width=\"25.5200%\">S1218S<\/td>\n<td width=\"26.8200%\">S1530S<\/td>\n<td width=\"29.2400%\">S2030S<\/td>\n<\/tr>\n<tr>\n<td width=\"17.6000%\">\u00c1rea m\u00e1xima de impresi\u00f3n<\/td>\n<td width=\"25.5200%\">1200\u00d71800mm<\/td>\n<td width=\"26.8200%\">1500\u00d73000mm<\/td>\n<td width=\"29.2400%\">2000\u00d73000mm<\/td>\n<\/tr>\n<tr>\n<td width=\"17.6000%\">Tama\u00f1o m\u00e1ximo del marco<\/td>\n<td width=\"25.5200%\">1700\u00d72400mm<\/td>\n<td width=\"26.8200%\">2000\u00d73700mm<\/td>\n<td width=\"29.2400%\">2500\u00d73700mm<\/td>\n<\/tr>\n<tr>\n<td width=\"17.6000%\">Tama\u00f1o de la tabla<\/td>\n<td width=\"25.5200%\">1500\u00d72200mm<\/td>\n<td width=\"26.8200%\">1800\u00d73400mm<\/td>\n<td width=\"29.2400%\">2300\u00d73400mm<\/td>\n<\/tr>\n<tr>\n<td width=\"17.6000%\">Velocidad m\u00e1xima<\/td>\n<td width=\"25.5200%\">500p\/h<\/td>\n<td width=\"26.8200%\">400p\/h<\/td>\n<td width=\"29.2400%\">300p\/h<\/td>\n<\/tr>\n<tr>\n<td width=\"17.6000%\">Grosor del producto<\/td>\n<td colspan=\"3\" width=\"81.9000%\">3\uff5e15mm<\/td>\n<\/tr>\n<tr>\n<td width=\"17.6000%\">Tolerancia<\/td>\n<td colspan=\"3\" width=\"81.9000%\">\u00b10,03 mm<\/td>\n<\/tr>\n<tr>\n<td width=\"17.6000%\">Presi\u00f3n del aire<\/td>\n<td colspan=\"3\" width=\"81.9000%\">0,5\uff5e0,6Mpa<\/td>\n<\/tr>\n<tr>\n<td width=\"17.6000%\">Potencia<\/td>\n<td width=\"25.5200%\">3P 380v\/5kw<\/td>\n<td width=\"26.8200%\">3P 380v\/6kw<\/td>\n<td width=\"29.2400%\">3P 380v\/7kw<\/td>\n<\/tr>\n<\/tbody>\n<\/table>\n<p><strong><b>\u00a0<\/b><\/strong><\/p>\n<p><strong>Muestras:<\/strong><\/p>\n<figure id=\"attachment_1890\" aria-describedby=\"caption-attachment-1890\" style=\"width: 800px\" class=\"wp-caption alignnone\"><img loading=\"lazy\" decoding=\"async\" class=\"size-full wp-image-1890\" src=\"http:\/\/apmprint.com\/wp-content\/uploads\/2023\/12\/s-34.jpg\" alt=\"s1218s large screen printer with sliding table\" width=\"800\" height=\"800\" srcset=\"https:\/\/apmprint.com\/wp-content\/uploads\/2023\/12\/s-34.jpg 800w, https:\/\/apmprint.com\/wp-content\/uploads\/2023\/12\/s-34-300x300.jpg 300w, https:\/\/apmprint.com\/wp-content\/uploads\/2023\/12\/s-34-150x150.jpg 150w, https:\/\/apmprint.com\/wp-content\/uploads\/2023\/12\/s-34-768x768.jpg 768w, https:\/\/apmprint.com\/wp-content\/uploads\/2023\/12\/s-34-12x12.jpg 12w, https:\/\/apmprint.com\/wp-content\/uploads\/2023\/12\/s-34-600x600.jpg 600w, https:\/\/apmprint.com\/wp-content\/uploads\/2023\/12\/s-34-100x100.jpg 100w\" sizes=\"auto, (max-width: 800px) 100vw, 800px\" \/><figcaption id=\"caption-attachment-1890\" class=\"wp-caption-text\">s1218s impresora de pantalla grande con mesa deslizante<\/figcaption><\/figure>","protected":false},"excerpt":{"rendered":"<p>Description: SMC\/FESTO pneumatics XYR adjusting table Synchronized printing head lifting system Printing head driven by motor with high quality linear guides Mesh peeled off system PLC control, touch screen display Well safety guarding with CE. Sliding table driven by motor with high quality linear guides Automatic unloading with robot and belt transfer system (optional) Auto [&hellip;]<\/p>","protected":false},"featured_media":1889,"template":"","meta":{"_acf_changed":false,"_seopress_robots_primary_cat":"none","_seopress_titles_title":"","_seopress_titles_desc":"","_seopress_robots_index":""},"product_brand":[],"product_cat":[38],"product_tag":[78,70],"class_list":{"0":"post-1888","1":"product","2":"type-product","3":"status-publish","4":"has-post-thumbnail","6":"product_cat-semi-auto-screen-printer","7":"product_tag-screen-printer","8":"product_tag-semi-auto","10":"first","11":"instock","12":"shipping-taxable","13":"product-type-simple"},"acf":[],"_links":{"self":[{"href":"https:\/\/apmprint.com\/es\/wp-json\/wp\/v2\/product\/1888","targetHints":{"allow":["GET"]}}],"collection":[{"href":"https:\/\/apmprint.com\/es\/wp-json\/wp\/v2\/product"}],"about":[{"href":"https:\/\/apmprint.com\/es\/wp-json\/wp\/v2\/types\/product"}],"wp:featuredmedia":[{"embeddable":true,"href":"https:\/\/apmprint.com\/es\/wp-json\/wp\/v2\/media\/1889"}],"wp:attachment":[{"href":"https:\/\/apmprint.com\/es\/wp-json\/wp\/v2\/media?parent=1888"}],"wp:term":[{"taxonomy":"product_brand","embeddable":true,"href":"https:\/\/apmprint.com\/es\/wp-json\/wp\/v2\/product_brand?post=1888"},{"taxonomy":"product_cat","embeddable":true,"href":"https:\/\/apmprint.com\/es\/wp-json\/wp\/v2\/product_cat?post=1888"},{"taxonomy":"product_tag","embeddable":true,"href":"https:\/\/apmprint.com\/es\/wp-json\/wp\/v2\/product_tag?post=1888"}],"curies":[{"name":"wp","href":"https:\/\/api.w.org\/{rel}","templated":true}]}}