{"id":1894,"date":"2023-12-22T02:34:56","date_gmt":"2023-12-22T02:34:56","guid":{"rendered":"https:\/\/apmprint.com\/?post_type=product&#038;p=1894"},"modified":"2023-12-22T02:37:27","modified_gmt":"2023-12-22T02:37:27","slug":"s3040t-s4060t-s5070t-flat-screen-printer-with-t-slot","status":"publish","type":"product","link":"https:\/\/apmprint.com\/es\/producto\/s3040t-s4060t-s5070t-flat-screen-printer-with-t-slot\/","title":{"rendered":"S3040T\/S4060T\/S5070T Impresora de pantalla plana con ranura en T"},"content":{"rendered":"<p><strong>Opciones:<\/strong><\/p>\n<ol>\n<li>Carril lineal<\/li>\n<li>Cabezal de impresi\u00f3n accionado por motor<\/li>\n<li>Control PLC, pantalla t\u00e1ctil<\/li>\n<li>Sistema de contacto de desconexi\u00f3n autom\u00e1tica<\/li>\n<li>Mesa deslizante<\/li>\n<\/ol>\n<p><strong>\u00a0<\/strong><\/p>\n<p><strong>Datos t\u00e9cnicos<\/strong><\/p>\n<table>\n<tbody>\n<tr>\n<td width=\"51.9600%\">Par\u00e1metro<\/td>\n<td width=\"16.9400%\"><strong><b>S3040<\/b><\/strong><strong><b>T<\/b><\/strong><\/td>\n<td width=\"15.6000%\"><strong><b>S<\/b><\/strong><strong><b>4<\/b><\/strong><strong><b>0<\/b><\/strong><strong><b>6<\/b><\/strong><strong><b>0<\/b><\/strong><strong><b>T<\/b><\/strong><\/td>\n<td width=\"15.5000%\"><strong><b>S<\/b><\/strong><strong><b>5<\/b><\/strong><strong><b>0<\/b><\/strong><strong><b>7<\/b><\/strong><strong><b>0<\/b><\/strong><strong><b>T<\/b><\/strong><\/td>\n<\/tr>\n<tr>\n<td width=\"51.9600%\">Dimensi\u00f3n m\u00e1x. del marco de malla (mm)<\/td>\n<td width=\"16.9400%\">600*800<\/td>\n<td width=\"15.6000%\">700*1000<\/td>\n<td width=\"15.5000%\">800*1100<\/td>\n<\/tr>\n<tr>\n<td width=\"51.9600%\">\u00c1rea de impresi\u00f3n m\u00e1x. (anchura*longitud\/arco)mm<\/td>\n<td width=\"16.9400%\">300*400<\/td>\n<td width=\"15.6000%\">400*600<\/td>\n<td width=\"15.5000%\">500*700<\/td>\n<\/tr>\n<tr>\n<td width=\"51.9600%\">Tama\u00f1o de la mesa de trabajo (mm)<\/td>\n<td width=\"16.9400%\">400*550<\/td>\n<td width=\"15.6000%\">500*800<\/td>\n<td width=\"15.5000%\">600*900<\/td>\n<\/tr>\n<tr>\n<td width=\"51.9600%\">Di\u00e1metro\/altura m\u00e1x. del sustrato (mm)<\/td>\n<td width=\"16.9400%\">150<\/td>\n<td width=\"15.6000%\">150<\/td>\n<td width=\"15.5000%\">150<\/td>\n<\/tr>\n<tr>\n<td width=\"51.9600%\">Velocidad de impresi\u00f3n: piezas\/hora<\/td>\n<td width=\"16.9400%\">1300<\/td>\n<td width=\"15.6000%\">1200<\/td>\n<td width=\"15.5000%\">1100<\/td>\n<\/tr>\n<tr>\n<td width=\"51.9600%\">Peso neto (kg)<\/td>\n<td width=\"16.9400%\">300<\/td>\n<td width=\"15.6000%\">350<\/td>\n<td width=\"15.5000%\">400<\/td>\n<\/tr>\n<tr>\n<td width=\"51.9600%\">Potencia<\/td>\n<td colspan=\"3\" width=\"48.0400%\">110\/220V 50\/60HZ 40W<\/td>\n<\/tr>\n<\/tbody>\n<\/table>\n<p>&nbsp;<\/p>\n<p><strong>Muestras:<\/strong><\/p>\n<p><img loading=\"lazy\" decoding=\"async\" class=\"size-full wp-image-1892\" src=\"http:\/\/apmprint.com\/wp-content\/uploads\/2023\/12\/s-35.jpg\" alt=\"s3040\/s4060\/s5070 flat screen printer with vacuum\" width=\"800\" height=\"800\" srcset=\"https:\/\/apmprint.com\/wp-content\/uploads\/2023\/12\/s-35.jpg 800w, https:\/\/apmprint.com\/wp-content\/uploads\/2023\/12\/s-35-300x300.jpg 300w, https:\/\/apmprint.com\/wp-content\/uploads\/2023\/12\/s-35-150x150.jpg 150w, https:\/\/apmprint.com\/wp-content\/uploads\/2023\/12\/s-35-768x768.jpg 768w, https:\/\/apmprint.com\/wp-content\/uploads\/2023\/12\/s-35-12x12.jpg 12w, https:\/\/apmprint.com\/wp-content\/uploads\/2023\/12\/s-35-600x600.jpg 600w, https:\/\/apmprint.com\/wp-content\/uploads\/2023\/12\/s-35-100x100.jpg 100w\" sizes=\"auto, (max-width: 800px) 100vw, 800px\" \/><\/p>","protected":false},"excerpt":{"rendered":"<p><strong>Descripci\u00f3n:<\/strong><\/p>\n<ol>\n<li>Neum\u00e1tica SMC\/Festo<\/li>\n<li>Tabla de ajuste XYR<\/li>\n<li>Sistema neum\u00e1tico de elevaci\u00f3n del cabezal de impresi\u00f3n<\/li>\n<li>F\u00e1cil manejo y panel bien programado<\/li>\n<li>Protecci\u00f3n de seguridad con CE.<\/li>\n<\/ol>","protected":false},"featured_media":1895,"template":"","meta":{"_acf_changed":false,"_seopress_robots_primary_cat":"none","_seopress_titles_title":"","_seopress_titles_desc":"","_seopress_robots_index":""},"product_brand":[],"product_cat":[38],"product_tag":[78,70],"class_list":{"0":"post-1894","1":"product","2":"type-product","3":"status-publish","4":"has-post-thumbnail","6":"product_cat-semi-auto-screen-printer","7":"product_tag-screen-printer","8":"product_tag-semi-auto","10":"first","11":"instock","12":"shipping-taxable","13":"product-type-simple"},"acf":[],"_links":{"self":[{"href":"https:\/\/apmprint.com\/es\/wp-json\/wp\/v2\/product\/1894","targetHints":{"allow":["GET"]}}],"collection":[{"href":"https:\/\/apmprint.com\/es\/wp-json\/wp\/v2\/product"}],"about":[{"href":"https:\/\/apmprint.com\/es\/wp-json\/wp\/v2\/types\/product"}],"wp:featuredmedia":[{"embeddable":true,"href":"https:\/\/apmprint.com\/es\/wp-json\/wp\/v2\/media\/1895"}],"wp:attachment":[{"href":"https:\/\/apmprint.com\/es\/wp-json\/wp\/v2\/media?parent=1894"}],"wp:term":[{"taxonomy":"product_brand","embeddable":true,"href":"https:\/\/apmprint.com\/es\/wp-json\/wp\/v2\/product_brand?post=1894"},{"taxonomy":"product_cat","embeddable":true,"href":"https:\/\/apmprint.com\/es\/wp-json\/wp\/v2\/product_cat?post=1894"},{"taxonomy":"product_tag","embeddable":true,"href":"https:\/\/apmprint.com\/es\/wp-json\/wp\/v2\/product_tag?post=1894"}],"curies":[{"name":"wp","href":"https:\/\/api.w.org\/{rel}","templated":true}]}}