{"id":1900,"date":"2023-12-22T02:44:04","date_gmt":"2023-12-22T02:44:04","guid":{"rendered":"https:\/\/apmprint.com\/?post_type=product&#038;p=1900"},"modified":"2023-12-22T02:45:38","modified_gmt":"2023-12-22T02:45:38","slug":"s6080s-s70100s-s90120s-flat-screen-printer-with-sliding-table","status":"publish","type":"product","link":"https:\/\/apmprint.com\/es\/producto\/s6080s-s70100s-s90120s-flat-screen-printer-with-sliding-table\/","title":{"rendered":"S6080S \/S70100S\/S90120S Impresora de pantalla plana con mesa deslizante"},"content":{"rendered":"<p><strong>Opci\u00f3n: <\/strong><\/p>\n<ul>\n<li>Descarga autom\u00e1tica con robot y sistema de transferencia por cinta<\/li>\n<li>Control PLC, pantalla t\u00e1ctil<\/li>\n<\/ul>\n<p>&nbsp;<\/p>\n<p><strong>Datos t\u00e9cnicos<\/strong><\/p>\n<table>\n<tbody>\n<tr>\n<td width=\"243\">Par\u00e1metro<\/td>\n<td width=\"106\"><strong><b>S6080S \u00a0<\/b><\/strong><\/td>\n<td width=\"106\"><strong><b>S70100S<\/b><\/strong><\/td>\n<td width=\"106\"><strong><b>S90120S<\/b><\/strong><\/td>\n<\/tr>\n<tr>\n<td width=\"243\">Luz de malla m\u00e1x. (mm)<\/td>\n<td width=\"106\">900*1200<\/td>\n<td width=\"106\">1000*1400<\/td>\n<td width=\"106\">1200*1600<\/td>\n<\/tr>\n<tr>\n<td width=\"243\">\u00c1rea de impresi\u00f3n m\u00e1x. (anchura*longitud\/arco) mm<\/td>\n<td width=\"106\">600*800<\/td>\n<td width=\"106\">700*1000<\/td>\n<td width=\"106\">900*1200<\/td>\n<\/tr>\n<tr>\n<td width=\"243\">Tama\u00f1o de la mesa de trabajo (mm)<\/td>\n<td width=\"106\">700*1000<\/td>\n<td width=\"106\">800*1200<\/td>\n<td width=\"106\">1000*1400<\/td>\n<\/tr>\n<tr>\n<td width=\"243\">Carrera de deslizamiento de la mesa (Para S6080S)<\/td>\n<td width=\"106\">700 mm<\/td>\n<td width=\"106\">800 mm<\/td>\n<td width=\"106\">1000 mm<\/td>\n<\/tr>\n<tr>\n<td width=\"243\">Di\u00e1metro\/altura m\u00e1x. del sustrato (mm)<\/td>\n<td width=\"106\">150<\/td>\n<td width=\"106\">150<\/td>\n<td width=\"106\">150<\/td>\n<\/tr>\n<tr>\n<td width=\"243\">Velocidad de impresi\u00f3n: piezas\/hora<\/td>\n<td width=\"106\">800<\/td>\n<td width=\"106\">700<\/td>\n<td width=\"106\">500<\/td>\n<\/tr>\n<tr>\n<td width=\"243\">Peso neto (kg)<\/td>\n<td width=\"106\">450<\/td>\n<td width=\"106\">550<\/td>\n<td width=\"106\">800<\/td>\n<\/tr>\n<tr>\n<td width=\"243\">Potencia<\/td>\n<td colspan=\"3\" width=\"318\">110\/220V 50\/60HZ 40W<\/td>\n<\/tr>\n<\/tbody>\n<\/table>\n<p>&nbsp;<\/p>\n<p><strong>Muestras:<\/strong><\/p>\n<p><img loading=\"lazy\" decoding=\"async\" class=\"size-full wp-image-1892\" src=\"http:\/\/apmprint.com\/wp-content\/uploads\/2023\/12\/s-35.jpg\" alt=\"s3040\/s4060\/s5070 flat screen printer with vacuum\" width=\"800\" height=\"800\" srcset=\"https:\/\/apmprint.com\/wp-content\/uploads\/2023\/12\/s-35.jpg 800w, https:\/\/apmprint.com\/wp-content\/uploads\/2023\/12\/s-35-300x300.jpg 300w, https:\/\/apmprint.com\/wp-content\/uploads\/2023\/12\/s-35-150x150.jpg 150w, https:\/\/apmprint.com\/wp-content\/uploads\/2023\/12\/s-35-768x768.jpg 768w, https:\/\/apmprint.com\/wp-content\/uploads\/2023\/12\/s-35-12x12.jpg 12w, https:\/\/apmprint.com\/wp-content\/uploads\/2023\/12\/s-35-600x600.jpg 600w, https:\/\/apmprint.com\/wp-content\/uploads\/2023\/12\/s-35-100x100.jpg 100w\" sizes=\"auto, (max-width: 800px) 100vw, 800px\" \/><\/p>","protected":false},"excerpt":{"rendered":"<p>Descripci\u00f3n:<br \/>\n1.Neum\u00e1tica SMC\/Festo<br \/>\n2.Tabla de ajuste XYR<br \/>\n3.Sistema neum\u00e1tico de elevaci\u00f3n del cabezal de impresi\u00f3n<br \/>\n4.Cabezal de impresi\u00f3n accionado por motor con gu\u00edas lineales<br \/>\n5.Cabezal de impresi\u00f3n arriba\/abajo accionado por motor<br \/>\n6.Sistema de malla despegada<br \/>\n7.F\u00e1cil manejo y panel bien programado<br \/>\n8.Well protecci\u00f3n de seguridad con CE.<\/p>","protected":false},"featured_media":1899,"template":"","meta":{"_acf_changed":false,"_seopress_robots_primary_cat":"none","_seopress_titles_title":"","_seopress_titles_desc":"","_seopress_robots_index":""},"product_brand":[],"product_cat":[38],"product_tag":[78,70],"class_list":{"0":"post-1900","1":"product","2":"type-product","3":"status-publish","4":"has-post-thumbnail","6":"product_cat-semi-auto-screen-printer","7":"product_tag-screen-printer","8":"product_tag-semi-auto","10":"first","11":"instock","12":"shipping-taxable","13":"product-type-simple"},"acf":[],"_links":{"self":[{"href":"https:\/\/apmprint.com\/es\/wp-json\/wp\/v2\/product\/1900","targetHints":{"allow":["GET"]}}],"collection":[{"href":"https:\/\/apmprint.com\/es\/wp-json\/wp\/v2\/product"}],"about":[{"href":"https:\/\/apmprint.com\/es\/wp-json\/wp\/v2\/types\/product"}],"wp:featuredmedia":[{"embeddable":true,"href":"https:\/\/apmprint.com\/es\/wp-json\/wp\/v2\/media\/1899"}],"wp:attachment":[{"href":"https:\/\/apmprint.com\/es\/wp-json\/wp\/v2\/media?parent=1900"}],"wp:term":[{"taxonomy":"product_brand","embeddable":true,"href":"https:\/\/apmprint.com\/es\/wp-json\/wp\/v2\/product_brand?post=1900"},{"taxonomy":"product_cat","embeddable":true,"href":"https:\/\/apmprint.com\/es\/wp-json\/wp\/v2\/product_cat?post=1900"},{"taxonomy":"product_tag","embeddable":true,"href":"https:\/\/apmprint.com\/es\/wp-json\/wp\/v2\/product_tag?post=1900"}],"curies":[{"name":"wp","href":"https:\/\/api.w.org\/{rel}","templated":true}]}}