{"id":1901,"date":"2023-12-22T02:46:04","date_gmt":"2023-12-22T02:46:04","guid":{"rendered":"https:\/\/apmprint.com\/?post_type=product&#038;p=1901"},"modified":"2023-12-22T02:47:20","modified_gmt":"2023-12-22T02:47:20","slug":"s6080t-70100t-90120t-flat-screen-printer-with-t-slot","status":"publish","type":"product","link":"https:\/\/apmprint.com\/es\/producto\/s6080t-70100t-90120t-flat-screen-printer-with-t-slot\/","title":{"rendered":"S6080T\/70100T\/90120T Impresora de pantalla plana con ranura en T"},"content":{"rendered":"<p><strong>Datos t\u00e9cnicos:<\/strong><\/p>\n<table>\n<tbody>\n<tr>\n<td width=\"247\">Paramete \/ltem<\/td>\n<td width=\"108\">S6080T<\/td>\n<td width=\"108\">S70100T<\/td>\n<td width=\"104\">S90120T<\/td>\n<\/tr>\n<tr>\n<td width=\"247\">Longitud m\u00e1xima del marco de malla (mm)<\/td>\n<td width=\"108\">900*1200<\/td>\n<td width=\"108\">1000*1400<\/td>\n<td width=\"104\">1200*1600<\/td>\n<\/tr>\n<tr>\n<td width=\"247\">\u00c1rea de impresi\u00f3n m\u00e1xima (longitud de ancho\/arco) mm<\/td>\n<td width=\"108\">600*800<\/td>\n<td width=\"108\">700*1000<\/td>\n<td width=\"104\">900*1200<\/td>\n<\/tr>\n<tr>\n<td width=\"247\">Tama\u00f1o de la mesa de trabajo (mm)<\/td>\n<td width=\"108\">700*1000<\/td>\n<td width=\"108\">800*1200<\/td>\n<td width=\"104\">1000*1400<\/td>\n<\/tr>\n<tr>\n<td width=\"247\">Carrera de deslizamiento de la mesa (Para s6080s)<\/td>\n<td width=\"108\">700 mm<\/td>\n<td width=\"108\">800 mm<\/td>\n<td width=\"104\">1000 mm<\/td>\n<\/tr>\n<tr>\n<td width=\"247\">Di\u00e1metro\/altura m\u00e1ximos del sustrato (mm)<\/td>\n<td width=\"108\">150<\/td>\n<td width=\"108\">150<\/td>\n<td width=\"104\">150<\/td>\n<\/tr>\n<tr>\n<td width=\"247\">Velocidad de impresi\u00f3n: piezas\/hora<\/td>\n<td width=\"108\">800<\/td>\n<td width=\"108\">700<\/td>\n<td width=\"104\">500<\/td>\n<\/tr>\n<tr>\n<td width=\"247\">Peso neto (kg)<\/td>\n<td width=\"108\">450<\/td>\n<td width=\"108\">550<\/td>\n<td width=\"104\">800<\/td>\n<\/tr>\n<tr>\n<td width=\"247\">Potencia<\/td>\n<td width=\"108\">100\/220v 50\/60HZ 40W<\/td>\n<td width=\"108\">100\/220V 50\/60HZ 40W<\/td>\n<td width=\"104\">110\/220V 50\/60HZ 40W<\/td>\n<\/tr>\n<\/tbody>\n<\/table>\n<p>&nbsp;<\/p>\n<p><strong>Muestras:<\/strong><\/p>\n<p><img loading=\"lazy\" decoding=\"async\" class=\"size-full wp-image-1892\" src=\"http:\/\/apmprint.com\/wp-content\/uploads\/2023\/12\/s-35.jpg\" alt=\"s3040\/s4060\/s5070 flat screen printer with vacuum\" width=\"800\" height=\"800\" srcset=\"https:\/\/apmprint.com\/wp-content\/uploads\/2023\/12\/s-35.jpg 800w, https:\/\/apmprint.com\/wp-content\/uploads\/2023\/12\/s-35-300x300.jpg 300w, https:\/\/apmprint.com\/wp-content\/uploads\/2023\/12\/s-35-150x150.jpg 150w, https:\/\/apmprint.com\/wp-content\/uploads\/2023\/12\/s-35-768x768.jpg 768w, https:\/\/apmprint.com\/wp-content\/uploads\/2023\/12\/s-35-12x12.jpg 12w, https:\/\/apmprint.com\/wp-content\/uploads\/2023\/12\/s-35-600x600.jpg 600w, https:\/\/apmprint.com\/wp-content\/uploads\/2023\/12\/s-35-100x100.jpg 100w\" sizes=\"auto, (max-width: 800px) 100vw, 800px\" \/><\/p>","protected":false},"excerpt":{"rendered":"<p>Descripci\u00f3n:<br \/>\n1.Neum\u00e1tica SMC\/Festo<br \/>\n2.Tabla de ajuste XYR<br \/>\n3.Sistema neum\u00e1tico de elevaci\u00f3n del cabezal de impresi\u00f3n<br \/>\n4.Cabezal de impresi\u00f3n accionado por motor con gu\u00edas lineales<br \/>\n5.Cabezal de impresi\u00f3n arriba\/abajo accionado por motor<br \/>\n6.Sistema de malla despegada<br \/>\n7.F\u00e1cil manejo y panel bien programado<br \/>\n8.Well protecci\u00f3n de seguridad con CE.<\/p>","protected":false},"featured_media":1902,"template":"","meta":{"_acf_changed":false,"_seopress_robots_primary_cat":"none","_seopress_titles_title":"","_seopress_titles_desc":"","_seopress_robots_index":""},"product_brand":[],"product_cat":[38],"product_tag":[78,70],"class_list":{"0":"post-1901","1":"product","2":"type-product","3":"status-publish","4":"has-post-thumbnail","6":"product_cat-semi-auto-screen-printer","7":"product_tag-screen-printer","8":"product_tag-semi-auto","10":"first","11":"instock","12":"shipping-taxable","13":"product-type-simple"},"acf":[],"_links":{"self":[{"href":"https:\/\/apmprint.com\/es\/wp-json\/wp\/v2\/product\/1901","targetHints":{"allow":["GET"]}}],"collection":[{"href":"https:\/\/apmprint.com\/es\/wp-json\/wp\/v2\/product"}],"about":[{"href":"https:\/\/apmprint.com\/es\/wp-json\/wp\/v2\/types\/product"}],"wp:featuredmedia":[{"embeddable":true,"href":"https:\/\/apmprint.com\/es\/wp-json\/wp\/v2\/media\/1902"}],"wp:attachment":[{"href":"https:\/\/apmprint.com\/es\/wp-json\/wp\/v2\/media?parent=1901"}],"wp:term":[{"taxonomy":"product_brand","embeddable":true,"href":"https:\/\/apmprint.com\/es\/wp-json\/wp\/v2\/product_brand?post=1901"},{"taxonomy":"product_cat","embeddable":true,"href":"https:\/\/apmprint.com\/es\/wp-json\/wp\/v2\/product_cat?post=1901"},{"taxonomy":"product_tag","embeddable":true,"href":"https:\/\/apmprint.com\/es\/wp-json\/wp\/v2\/product_tag?post=1901"}],"curies":[{"name":"wp","href":"https:\/\/api.w.org\/{rel}","templated":true}]}}