{"id":1903,"date":"2023-12-22T02:48:26","date_gmt":"2023-12-22T02:48:26","guid":{"rendered":"https:\/\/apmprint.com\/?post_type=product&#038;p=1903"},"modified":"2023-12-22T02:50:36","modified_gmt":"2023-12-22T02:50:36","slug":"ss6090-flat-screen-printer-with-slanting-arms","status":"publish","type":"product","link":"https:\/\/apmprint.com\/es\/producto\/ss6090-flat-screen-printer-with-slanting-arms\/","title":{"rendered":"Impresora de pantalla plana SS6090 con brazos inclinados"},"content":{"rendered":"<p><strong>Descripci\u00f3n:<\/strong><\/p>\n<ol>\n<li><strong>Panel de control de f\u00e1cil manejo<\/strong><\/li>\n<li>Piezas neum\u00e1ticas SMC\/FESTO<\/li>\n<li>Mesa de trabajo ajustable XY<\/li>\n<li>Cabezal de impresi\u00f3n accionado por motor con gu\u00edas lineales<\/li>\n<li>Velocidad regulable controlada por inversor<\/li>\n<li>Sistema de contacto de desconexi\u00f3n autom\u00e1tica<\/li>\n<li>F\u00e1cil manejo y panel bien programado<\/li>\n<li>M\u00e1quinas seg\u00fan la norma CE<\/li>\n<li>Control PLC, pantalla t\u00e1ctil opcional<\/li>\n<\/ol>\n<p>&nbsp;<\/p>\n<p><strong>Datos t\u00e9cnicos<\/strong><\/p>\n<table>\n<tbody>\n<tr>\n<td width=\"66.4800%\">Par\u00e1metro<\/td>\n<td width=\"33.5200%\"><strong><b>S<\/b><\/strong><strong><b>S6<\/b><\/strong><strong><b>0<\/b><\/strong><strong><b>9<\/b><\/strong><strong><b>0 \u00a0<\/b><\/strong><\/td>\n<\/tr>\n<tr>\n<td width=\"66.4800%\">Dimensi\u00f3n m\u00e1x. del marco de malla (mm)<\/td>\n<td width=\"33.5200%\">900*1300<\/td>\n<\/tr>\n<tr>\n<td width=\"66.4800%\">\u00c1rea de impresi\u00f3n m\u00e1x.(ancho*largo\/arco)mm<\/td>\n<td width=\"33.5200%\">600*900<\/td>\n<\/tr>\n<tr>\n<td width=\"66.4800%\">Tama\u00f1o de la mesa de trabajo (mm)<\/td>\n<td width=\"33.5200%\">700*1100<\/td>\n<\/tr>\n<tr>\n<td width=\"66.4800%\">Di\u00e1metro\/altura m\u00e1x. del sustrato (mm)<\/td>\n<td width=\"33.5200%\">30<\/td>\n<\/tr>\n<tr>\n<td width=\"66.4800%\">Velocidad de impresi\u00f3n: piezas\/hora<\/td>\n<td width=\"33.5200%\">1000<\/td>\n<\/tr>\n<tr>\n<td width=\"66.4800%\">Peso neto (kg)<\/td>\n<td width=\"33.5200%\">450<\/td>\n<\/tr>\n<tr>\n<td width=\"66.4800%\">Medida (mm)<\/td>\n<td width=\"33.5200%\">1200x1700x1300<\/td>\n<\/tr>\n<tr>\n<td width=\"66.4800%\">Potencia<\/td>\n<td width=\"33.5200%\">380V, 50\/60HZ<\/td>\n<\/tr>\n<\/tbody>\n<\/table>\n<p>&nbsp;<\/p>\n<p><strong>Muestras:<\/strong><\/p>\n<p><img loading=\"lazy\" decoding=\"async\" class=\"size-full wp-image-1904\" src=\"http:\/\/apmprint.com\/wp-content\/uploads\/2023\/12\/s-36.jpg\" alt=\"ss6090 flat screen printer with slanting arms\" width=\"800\" height=\"800\" srcset=\"https:\/\/apmprint.com\/wp-content\/uploads\/2023\/12\/s-36.jpg 800w, https:\/\/apmprint.com\/wp-content\/uploads\/2023\/12\/s-36-300x300.jpg 300w, https:\/\/apmprint.com\/wp-content\/uploads\/2023\/12\/s-36-150x150.jpg 150w, https:\/\/apmprint.com\/wp-content\/uploads\/2023\/12\/s-36-768x768.jpg 768w, https:\/\/apmprint.com\/wp-content\/uploads\/2023\/12\/s-36-12x12.jpg 12w, https:\/\/apmprint.com\/wp-content\/uploads\/2023\/12\/s-36-600x600.jpg 600w, https:\/\/apmprint.com\/wp-content\/uploads\/2023\/12\/s-36-100x100.jpg 100w\" sizes=\"auto, (max-width: 800px) 100vw, 800px\" \/><\/p>","protected":false},"excerpt":{"rendered":"<p>Description: Easy operation panel SMC\/FESTO pneumatic parts Worktable XY adjustable Printing head driven by motor with linear guides Adjustable speed controlled by inverter Auto mesh off contact system Easy operation and well programmed panel CE standard machines PLC control, touch screen display optional &nbsp; Tech-data Parameter \\ Item SS6090 \u00a0 Max.\u00a0mesh\u00a0frame\u00a0size(mm) 900*1300 Max.\u00a0printing\u00a0area(width*length\/arc)mm 600*900 Worktable [&hellip;]<\/p>","protected":false},"featured_media":1905,"template":"","meta":{"_acf_changed":false,"_seopress_robots_primary_cat":"none","_seopress_titles_title":"","_seopress_titles_desc":"","_seopress_robots_index":""},"product_brand":[],"product_cat":[38],"product_tag":[78,70],"class_list":{"0":"post-1903","1":"product","2":"type-product","3":"status-publish","4":"has-post-thumbnail","6":"product_cat-semi-auto-screen-printer","7":"product_tag-screen-printer","8":"product_tag-semi-auto","10":"first","11":"instock","12":"shipping-taxable","13":"product-type-simple"},"acf":[],"_links":{"self":[{"href":"https:\/\/apmprint.com\/es\/wp-json\/wp\/v2\/product\/1903","targetHints":{"allow":["GET"]}}],"collection":[{"href":"https:\/\/apmprint.com\/es\/wp-json\/wp\/v2\/product"}],"about":[{"href":"https:\/\/apmprint.com\/es\/wp-json\/wp\/v2\/types\/product"}],"wp:featuredmedia":[{"embeddable":true,"href":"https:\/\/apmprint.com\/es\/wp-json\/wp\/v2\/media\/1905"}],"wp:attachment":[{"href":"https:\/\/apmprint.com\/es\/wp-json\/wp\/v2\/media?parent=1903"}],"wp:term":[{"taxonomy":"product_brand","embeddable":true,"href":"https:\/\/apmprint.com\/es\/wp-json\/wp\/v2\/product_brand?post=1903"},{"taxonomy":"product_cat","embeddable":true,"href":"https:\/\/apmprint.com\/es\/wp-json\/wp\/v2\/product_cat?post=1903"},{"taxonomy":"product_tag","embeddable":true,"href":"https:\/\/apmprint.com\/es\/wp-json\/wp\/v2\/product_tag?post=1903"}],"curies":[{"name":"wp","href":"https:\/\/api.w.org\/{rel}","templated":true}]}}