{"id":1906,"date":"2023-12-22T03:01:36","date_gmt":"2023-12-22T03:01:36","guid":{"rendered":"https:\/\/apmprint.com\/?post_type=product&#038;p=1906"},"modified":"2023-12-28T07:07:59","modified_gmt":"2023-12-28T07:07:59","slug":"ss90120-slanting-arms-screen-printer","status":"publish","type":"product","link":"https:\/\/apmprint.com\/es\/producto\/ss90120-slanting-arms-screen-printer\/","title":{"rendered":"SS90120 Impresora serigr\u00e1fica de brazos inclinados"},"content":{"rendered":"<p><strong>Descripci\u00f3n:<\/strong><\/p>\n<ol>\n<li>Neum\u00e1tica SMC\/Festo<\/li>\n<li>Tabla de ajuste XYR<\/li>\n<li>Cabezal de impresi\u00f3n accionado por motor con gu\u00edas lineales<\/li>\n<li>Sistema de malla despegada<\/li>\n<li>F\u00e1cil manejo y panel bien programado<\/li>\n<li>Protecci\u00f3n de seguridad con CE.<\/li>\n<li>Control PLC, pantalla t\u00e1ctil opcional<\/li>\n<\/ol>\n<p>&nbsp;<\/p>\n<p><strong>Datos t\u00e9cnicos<\/strong><\/p>\n<table>\n<tbody>\n<tr>\n<td width=\"51.9600%\">Par\u00e1metro<\/td>\n<td width=\"48.0400%\">SS90120<\/td>\n<\/tr>\n<tr>\n<td width=\"51.9600%\">Dimensi\u00f3n m\u00e1x. del marco de malla (mm)<\/td>\n<td width=\"48.0400%\">1200*1600<\/td>\n<\/tr>\n<tr>\n<td width=\"51.9600%\">\u00c1rea de impresi\u00f3n m\u00e1x.(ancho*largo\/arco)mm<\/td>\n<td width=\"48.0400%\">900*1200<\/td>\n<\/tr>\n<tr>\n<td width=\"51.9600%\">Tama\u00f1o de la mesa de trabajo (mm)<\/td>\n<td width=\"48.0400%\">1000*1400<\/td>\n<\/tr>\n<tr>\n<td width=\"51.9600%\">Di\u00e1metro\/altura m\u00e1x. del sustrato (mm)<\/td>\n<td width=\"48.0400%\">30<\/td>\n<\/tr>\n<tr>\n<td width=\"51.9600%\">Velocidad m\u00e1x.: piezas\/hora<\/td>\n<td width=\"48.0400%\">800<\/td>\n<\/tr>\n<tr>\n<td width=\"51.9600%\">Peso neto (kg)<\/td>\n<td width=\"48.0400%\">600<\/td>\n<\/tr>\n<tr>\n<td width=\"51.9600%\">Medida (mm)<\/td>\n<td width=\"48.0400%\">1400x1900x1300<\/td>\n<\/tr>\n<tr>\n<td width=\"51.9600%\">Potencia<\/td>\n<td width=\"48.0400%\">380V, 50\/60HZ<\/td>\n<\/tr>\n<\/tbody>\n<\/table>\n<p>&nbsp;<\/p>\n<p><strong>Muestras:<\/strong><\/p>\n<p><img loading=\"lazy\" decoding=\"async\" class=\"size-full wp-image-1904\" src=\"http:\/\/apmprint.com\/wp-content\/uploads\/2023\/12\/s-36.jpg\" alt=\"ss6090 flat screen printer with slanting arms\" width=\"800\" height=\"800\" srcset=\"https:\/\/apmprint.com\/wp-content\/uploads\/2023\/12\/s-36.jpg 800w, https:\/\/apmprint.com\/wp-content\/uploads\/2023\/12\/s-36-300x300.jpg 300w, https:\/\/apmprint.com\/wp-content\/uploads\/2023\/12\/s-36-150x150.jpg 150w, https:\/\/apmprint.com\/wp-content\/uploads\/2023\/12\/s-36-768x768.jpg 768w, https:\/\/apmprint.com\/wp-content\/uploads\/2023\/12\/s-36-12x12.jpg 12w, https:\/\/apmprint.com\/wp-content\/uploads\/2023\/12\/s-36-600x600.jpg 600w, https:\/\/apmprint.com\/wp-content\/uploads\/2023\/12\/s-36-100x100.jpg 100w\" sizes=\"auto, (max-width: 800px) 100vw, 800px\" \/><\/p>","protected":false},"excerpt":{"rendered":"<p>Description: SMC\/Festo pneumatics XYR adjusting table Printing head driven by motor with linear guides Mesh peeled off system Easy operation and well programmed panel Well safety guarding with CE. PLC control, touch screen display optional &nbsp; Tech-data Parameter \\ Item SS90120 Max.\u00a0mesh\u00a0frame\u00a0size(mm) 1200*1600 Max.\u00a0printing\u00a0area(width*length\/arc)mm 900*1200 Worktable size (mm) 1000*1400 Max.\u00a0substrate\u00a0diameter\/height(mm) 30 Max.\u00a0speed:\u00a0pcs\/hr 800 Net.\u00a0weight (kgs) [&hellip;]<\/p>","protected":false},"featured_media":1907,"template":"","meta":{"_acf_changed":false,"_seopress_robots_primary_cat":"none","_seopress_titles_title":"","_seopress_titles_desc":"","_seopress_robots_index":""},"product_brand":[],"product_cat":[38],"product_tag":[78,70],"class_list":{"0":"post-1906","1":"product","2":"type-product","3":"status-publish","4":"has-post-thumbnail","6":"product_cat-semi-auto-screen-printer","7":"product_tag-screen-printer","8":"product_tag-semi-auto","10":"first","11":"instock","12":"shipping-taxable","13":"product-type-simple"},"acf":[],"_links":{"self":[{"href":"https:\/\/apmprint.com\/es\/wp-json\/wp\/v2\/product\/1906","targetHints":{"allow":["GET"]}}],"collection":[{"href":"https:\/\/apmprint.com\/es\/wp-json\/wp\/v2\/product"}],"about":[{"href":"https:\/\/apmprint.com\/es\/wp-json\/wp\/v2\/types\/product"}],"wp:featuredmedia":[{"embeddable":true,"href":"https:\/\/apmprint.com\/es\/wp-json\/wp\/v2\/media\/1907"}],"wp:attachment":[{"href":"https:\/\/apmprint.com\/es\/wp-json\/wp\/v2\/media?parent=1906"}],"wp:term":[{"taxonomy":"product_brand","embeddable":true,"href":"https:\/\/apmprint.com\/es\/wp-json\/wp\/v2\/product_brand?post=1906"},{"taxonomy":"product_cat","embeddable":true,"href":"https:\/\/apmprint.com\/es\/wp-json\/wp\/v2\/product_cat?post=1906"},{"taxonomy":"product_tag","embeddable":true,"href":"https:\/\/apmprint.com\/es\/wp-json\/wp\/v2\/product_tag?post=1906"}],"curies":[{"name":"wp","href":"https:\/\/api.w.org\/{rel}","templated":true}]}}