{"id":579,"date":"2023-09-16T09:17:13","date_gmt":"2023-09-16T08:17:13","guid":{"rendered":"https:\/\/apmprint.com\/?post_type=product&#038;p=579"},"modified":"2023-12-27T06:23:54","modified_gmt":"2023-12-27T06:23:54","slug":"s102","status":"publish","type":"product","link":"https:\/\/apmprint.com\/es\/producto\/s102\/","title":{"rendered":"Impresora serigr\u00e1fica autom\u00e1tica de 5 colores en l\u00ednea S102"},"content":{"rendered":"<p>Despu\u00e9s de largo tiempo de exploraci\u00f3n y trabajo duro, Shenzhen Hejia Automatic Printing Machine Co., Ltd. ha lanzado al mercado S102 M\u00e1quina Autom\u00e1tica de Serigraf\u00eda de Botellas de 1-8 Colores que es l\u00edder en la industria. Nuestros empleados son expertos en la utilizaci\u00f3n de herramientas y tecnolog\u00eda para la fabricaci\u00f3n de S102 M\u00e1quina Autom\u00e1tica de Serigraf\u00eda de Botellas de 1-8 Colores.El producto tiene un enorme rango de aplicaci\u00f3n y ahora es ampliamente utilizado en el campo(s) de las impresoras de serigraf\u00eda de botellas. Recordando los viejos tiempos,Shenzhen Hejia Automatic Printing Machine Co., Ltd. hemos hecho todo lo posible para lograr nuestro objetivo de servir a los clientes con los mejores productos y servicios de calidad. En el futuro, vamos a seguir mejorando nuestras capacidades y tecnolog\u00edas de actualizaci\u00f3n para ofrecer m\u00e1s y mejores productos para satisfacer las crecientes necesidades de los clientes.<\/p>\n<div class=\"rich-text-table\">\n<table>\n<tbody>\n<tr class=\"firstRow\">\n<td>Tipo de placa:<\/td>\n<td>Impresora serigr\u00e1fica<\/td>\n<td>Industrias aplicables:<\/td>\n<td>F\u00e1brica, imprenta<\/td>\n<\/tr>\n<tr>\n<td>Estado:<\/td>\n<td>Nuevo<\/td>\n<td>Lugar de origen:<\/td>\n<td>Guangdong, China<\/td>\n<\/tr>\n<tr>\n<td>Marca:<\/td>\n<td>APM<\/td>\n<td>Uso:<\/td>\n<td>Impresora de tubos, impresora de botellas, impresora de vasos<\/td>\n<\/tr>\n<tr>\n<td>Grado Autom\u00e1tico:<\/td>\n<td>Autom\u00e1tico<\/td>\n<td>Color y p\u00e1gina:<\/td>\n<td>Multicolor<\/td>\n<\/tr>\n<tr>\n<td>Tensi\u00f3n:<\/td>\n<td>380V, 50\/60HZ<\/td>\n<td>Dimensiones (largo*ancho*alto):<\/td>\n<td>2500x1420x1700mm<\/td>\n<\/tr>\n<tr>\n<td>Peso:<\/td>\n<td>2200 KG<\/td>\n<td>Certificaci\u00f3n:<\/td>\n<td>Certificaci\u00f3n CE<\/td>\n<\/tr>\n<tr>\n<td>Garant\u00eda:<\/td>\n<td>1 a\u00f1o<\/td>\n<td>Servicio postventa prestado:<\/td>\n<td>Asistencia en l\u00ednea, Instalaci\u00f3n, puesta en marcha y formaci\u00f3n sobre el terreno, Servicio de mantenimiento y reparaci\u00f3n sobre el terreno, Asistencia t\u00e9cnica por v\u00eddeo, Ingenieros disponibles para prestar servicio a maquinaria en el extranjero<\/td>\n<\/tr>\n<tr>\n<td>Puntos clave de venta:<\/td>\n<td>Autom\u00e1tico<\/td>\n<td>Informe de pruebas de maquinaria de impresi\u00f3n de botellas:<\/td>\n<td>Proporcionado<\/td>\n<\/tr>\n<tr>\n<td>V\u00eddeo de la inspecci\u00f3n de salida:<\/td>\n<td>Proporcionado<\/td>\n<td>Garant\u00eda de los componentes principales:<\/td>\n<td>1 a\u00f1o<\/td>\n<\/tr>\n<tr>\n<td>Componentes b\u00e1sicos:<\/td>\n<td>Motor, PLC<\/td>\n<td>Nombre del producto:<\/td>\n<td>S102 Mejor Opci\u00f3n Autom\u00e1tica 1-8 Color Botella M\u00e1quina de impresi\u00f3n de pantalla<\/td>\n<\/tr>\n<tr>\n<td>Aplicaci\u00f3n:<\/td>\n<td>Botella de impresi\u00f3n<\/td>\n<td>Color de impresi\u00f3n:<\/td>\n<td>1~8 colores<\/td>\n<\/tr>\n<tr>\n<td>Velocidad de impresi\u00f3n:<\/td>\n<td>4000pcs\/H<\/td>\n<td>Tama\u00f1o m\u00e1ximo de impresi\u00f3n:<\/td>\n<td>\u00d8 100 mm<\/td>\n<\/tr>\n<tr>\n<td>Secadora:<\/td>\n<td>Secador UV\/Secador LED<\/td>\n<td>Servicio post garant\u00eda:<\/td>\n<td>Asistencia t\u00e9cnica por v\u00eddeo, Asistencia en l\u00ednea, Piezas de repuesto, Servicio de mantenimiento y reparaci\u00f3n in situ<\/td>\n<\/tr>\n<tr>\n<td>Ubicaci\u00f3n del servicio local:<\/td>\n<td>Estados Unidos, Espa\u00f1a<\/td>\n<td>Ubicaci\u00f3n de la sala de exposici\u00f3n:<\/td>\n<td>Estados Unidos, Espa\u00f1a<\/td>\n<\/tr>\n<tr>\n<td>Tipo de comercializaci\u00f3n:<\/td>\n<td>Producto estrella 2019<\/td>\n<td><\/td>\n<td><\/td>\n<\/tr>\n<\/tbody>\n<\/table>\n<\/div>\n<p>&nbsp;<\/p>\n<p><strong>Aplicaci\u00f3n:<\/strong><\/p>\n<p><strong>Cil\u00edndrico\/ovalado\/cuadrado<\/strong>\u00a0botellas de pl\u00e1stico\/vidrio con tinta UV.<\/p>\n<p>La botella debe tener un punto de registro.<\/p>\n<p>&nbsp;<\/p>\n<p><strong>Descripci\u00f3n general:<\/strong><\/p>\n<ol>\n<li>Sistema de carga autom\u00e1tica con cinta (alimentador de cuba y tolva opcionales)<\/li>\n<li>Auto flameado<\/li>\n<li>Sistema de transmisi\u00f3n perfecto. Pasa por encima de las botellas con rapidez y suavidad.<\/li>\n<li>Rotaci\u00f3n autom\u00e1tica de 180 grados para botellas ovaladas y cuadradas<\/li>\n<li>Cambio r\u00e1pido y sencillo de un producto a otro.<\/li>\n<li>Secado UV el\u00e9ctrico autom\u00e1tico de alta eficiencia o secado UV LED.<\/li>\n<li>Control PLC fiable con pantalla t\u00e1ctil<\/li>\n<li>Descarga autom\u00e1tica<\/li>\n<li>Norma CE<\/li>\n<\/ol>\n<p>&nbsp;<\/p>\n<p><strong>Datos t\u00e9cnicos<\/strong><\/p>\n<table>\n<tbody>\n<tr>\n<td>Par\u00e1metro<\/td>\n<td>S102 Impresora serigr\u00e1fica autom\u00e1tica de 1-8 colores<\/td>\n<\/tr>\n<tr>\n<td><strong>Dimensi\u00f3n de la m\u00e1quina:<\/strong><\/td>\n<td><\/td>\n<\/tr>\n<tr>\n<td>Unidad de impresi\u00f3n:<\/td>\n<td>1900x1200x1600mm<\/td>\n<\/tr>\n<tr>\n<td>Unidad de alimentaci\u00f3n (opcional):<\/td>\n<td>3050x1300x1500mm<\/td>\n<\/tr>\n<tr>\n<td>Unidad de descarga (opcional):<\/td>\n<td>1800x450x750mm<\/td>\n<\/tr>\n<tr>\n<td>Poder:<\/td>\n<td>380V 3 fases 50\/60Hz 6,5kw<\/td>\n<\/tr>\n<tr>\n<td>Consumo de aire<\/td>\n<td>5-7 bares<\/td>\n<\/tr>\n<tr>\n<td><\/td>\n<td><strong>Contenedor redondo<\/strong><\/td>\n<\/tr>\n<tr>\n<td>Di\u00e1metro de impresi\u00f3n:<\/td>\n<td>25-100 mm<\/td>\n<\/tr>\n<tr>\n<td>Longitud de impresi\u00f3n:<\/td>\n<td>50-280 mm<\/td>\n<\/tr>\n<tr>\n<td>Velocidad m\u00e1xima de impresi\u00f3n<\/td>\n<td>3000~4000pcs\/hr<\/td>\n<\/tr>\n<tr>\n<td><\/td>\n<td>\u00a0\u00a0\u00a0\u00a0\u00a0\u00a0\u00a0\u00a0\u00a0\u00a0<strong>contenedor oval<\/strong><\/td>\n<\/tr>\n<tr>\n<td>Radio de impresi\u00f3n:<\/td>\n<td>R20-R250mm<\/td>\n<\/tr>\n<tr>\n<td>Anchura de impresi\u00f3n<\/td>\n<td>40-100 mm<\/td>\n<\/tr>\n<tr>\n<td>Longitud de impresi\u00f3n:<\/td>\n<td>30-280 mm<\/td>\n<\/tr>\n<tr>\n<td>Velocidad m\u00e1xima de impresi\u00f3n:<\/td>\n<td>3000~5000pcs\/hr<\/td>\n<\/tr>\n<tr>\n<td><\/td>\n<td>\u00a0\u00a0\u00a0\u00a0\u00a0\u00a0\u00a0\u00a0\u00a0\u00a0\u00a0<strong>Contenedor cuadrado<\/strong><\/td>\n<\/tr>\n<tr>\n<td>Longitud m\u00e1xima de impresi\u00f3n<\/td>\n<td>100-200 mm<\/td>\n<\/tr>\n<tr>\n<td>Anchura m\u00e1xima de impresi\u00f3n<\/td>\n<td>40-100 mm<\/td>\n<\/tr>\n<tr>\n<td>Velocidad m\u00e1xima de impresi\u00f3n:<\/td>\n<td>3000~4000pcs\/hr<\/td>\n<\/tr>\n<\/tbody>\n<\/table>\n<p>&nbsp;<\/p>\n<p><strong>Componentes principales para S102:<\/strong><\/p>\n<table>\n<tbody>\n<tr>\n<td width=\"505\"><strong>PLC<\/strong><\/td>\n<td width=\"378\"><strong>Delta<\/strong><\/td>\n<td width=\"264\">piezas clave<\/td>\n<\/tr>\n<tr>\n<td width=\"505\"><strong>Pantalla t\u00e1ctil<\/strong><\/td>\n<td width=\"378\"><strong>Delta<\/strong><\/td>\n<td width=\"264\">piezas clave<\/td>\n<\/tr>\n<tr>\n<td width=\"505\"><strong>L\u00e1mpara UV<\/strong><\/td>\n<td width=\"378\"><strong>China o Inglaterra<\/strong><\/td>\n<td width=\"264\">piezas clave<\/td>\n<\/tr>\n<tr>\n<td width=\"505\"><strong>Inversor<\/strong><\/td>\n<td width=\"378\"><strong>Panasonic\u00a0<\/strong><\/td>\n<td width=\"264\">piezas clave<\/td>\n<\/tr>\n<tr>\n<td width=\"505\">Fuente de alimentaci\u00f3n conmutada<\/td>\n<td width=\"378\">Schneider<\/td>\n<td width=\"264\"><\/td>\n<\/tr>\n<tr>\n<td width=\"505\">Interruptor de alimentaci\u00f3n<\/td>\n<td width=\"378\">Mitsubishi<\/td>\n<td width=\"264\"><\/td>\n<\/tr>\n<tr>\n<td width=\"505\">rel\u00e9 auxiliar<\/td>\n<td width=\"378\">Schneider<\/td>\n<td width=\"264\"><\/td>\n<\/tr>\n<tr>\n<td width=\"505\">Toma de rel\u00e9<\/td>\n<td width=\"378\">Schneider<\/td>\n<td width=\"264\"><\/td>\n<\/tr>\n<tr>\n<td width=\"505\">Rel\u00e9 t\u00e9rmico<\/td>\n<td width=\"378\">Schneider<\/td>\n<td width=\"264\"><\/td>\n<\/tr>\n<tr>\n<td width=\"505\">Contactor<\/td>\n<td width=\"378\">Schneider<\/td>\n<td width=\"264\"><\/td>\n<\/tr>\n<tr>\n<td width=\"505\">V\u00e1lvula magn\u00e9tica<\/td>\n<td width=\"378\">SMC<\/td>\n<td width=\"264\"><\/td>\n<\/tr>\n<tr>\n<td width=\"505\">Man\u00f3metro<\/td>\n<td width=\"378\">SMC<\/td>\n<td width=\"264\"><\/td>\n<\/tr>\n<tr>\n<td width=\"505\">Man\u00f3metro de gas<\/td>\n<td width=\"378\">SMC<\/td>\n<td width=\"264\"><\/td>\n<\/tr>\n<tr>\n<td width=\"505\">Acelerador<\/td>\n<td width=\"378\">SMC\/China<\/td>\n<td width=\"264\"><\/td>\n<\/tr>\n<tr>\n<td width=\"505\">V\u00e1lvula de vac\u00edo<\/td>\n<td width=\"378\">SMC<\/td>\n<td width=\"264\"><\/td>\n<\/tr>\n<tr>\n<td width=\"505\">V\u00e1lvula de descarga de presi\u00f3n<\/td>\n<td width=\"378\">SMC<\/td>\n<td width=\"264\"><\/td>\n<\/tr>\n<tr>\n<td width=\"505\">V\u00e1lvula manual<\/td>\n<td width=\"378\">AirTAC<\/td>\n<td width=\"264\"><\/td>\n<\/tr>\n<tr>\n<td width=\"505\">Interruptores<\/td>\n<td width=\"378\">Schneider<\/td>\n<td width=\"264\"><\/td>\n<\/tr>\n<tr>\n<td width=\"505\">Filtro<\/td>\n<td width=\"378\">SMC<\/td>\n<td width=\"264\"><\/td>\n<\/tr>\n<tr>\n<td width=\"505\">Motor principal<\/td>\n<td width=\"378\">Italia SITI\/China<\/td>\n<td width=\"264\"><\/td>\n<\/tr>\n<tr>\n<td width=\"505\">Cilindro<\/td>\n<td width=\"378\">SMC, AirTAC<\/td>\n<td width=\"264\"><\/td>\n<\/tr>\n<\/tbody>\n<\/table>\n<p><strong>\u00a0<\/strong><\/p>\n<p><strong>Procedimiento:<\/strong><\/p>\n<p>Carga autom\u00e1tica en cinta--tratamiento de llama--impresi\u00f3n--secado UV LED o secado UV el\u00e9ctrico--descarga autom\u00e1tica<\/p>\n<p>&nbsp;<\/p>\n<p><strong>Muestras<\/strong><\/p>\n<p><img loading=\"lazy\" decoding=\"async\" class=\"size-full wp-image-1860\" src=\"http:\/\/apmprint.com\/wp-content\/uploads\/2023\/12\/s-31.jpg\" alt=\"ss106 2 color automatic printing machine\" width=\"800\" height=\"800\" srcset=\"https:\/\/apmprint.com\/wp-content\/uploads\/2023\/12\/s-31.jpg 800w, https:\/\/apmprint.com\/wp-content\/uploads\/2023\/12\/s-31-300x300.jpg 300w, https:\/\/apmprint.com\/wp-content\/uploads\/2023\/12\/s-31-150x150.jpg 150w, https:\/\/apmprint.com\/wp-content\/uploads\/2023\/12\/s-31-768x768.jpg 768w, https:\/\/apmprint.com\/wp-content\/uploads\/2023\/12\/s-31-12x12.jpg 12w, https:\/\/apmprint.com\/wp-content\/uploads\/2023\/12\/s-31-600x600.jpg 600w, https:\/\/apmprint.com\/wp-content\/uploads\/2023\/12\/s-31-100x100.jpg 100w\" sizes=\"auto, (max-width: 800px) 100vw, 800px\" \/><\/p>\n<p><img loading=\"lazy\" decoding=\"async\" class=\"size-full wp-image-1967\" src=\"http:\/\/apmprint.com\/wp-content\/uploads\/2023\/12\/\u4ecb\u7ecd1.jpg\" alt=\"ss106 2 color automatic printing machine\" width=\"750\" height=\"1500\" srcset=\"https:\/\/apmprint.com\/wp-content\/uploads\/2023\/12\/\u4ecb\u7ecd1.jpg 750w, https:\/\/apmprint.com\/wp-content\/uploads\/2023\/12\/\u4ecb\u7ecd1-150x300.jpg 150w, https:\/\/apmprint.com\/wp-content\/uploads\/2023\/12\/\u4ecb\u7ecd1-512x1024.jpg 512w, https:\/\/apmprint.com\/wp-content\/uploads\/2023\/12\/\u4ecb\u7ecd1-6x12.jpg 6w, https:\/\/apmprint.com\/wp-content\/uploads\/2023\/12\/\u4ecb\u7ecd1-600x1200.jpg 600w\" sizes=\"auto, (max-width: 750px) 100vw, 750px\" \/><\/p>\n<p><img loading=\"lazy\" decoding=\"async\" class=\"size-full wp-image-1968\" src=\"http:\/\/apmprint.com\/wp-content\/uploads\/2023\/12\/\u4ecb\u7ecd2.jpg\" alt=\"ss106 2 color automatic printing machine\" width=\"750\" height=\"1020\" srcset=\"https:\/\/apmprint.com\/wp-content\/uploads\/2023\/12\/\u4ecb\u7ecd2.jpg 750w, https:\/\/apmprint.com\/wp-content\/uploads\/2023\/12\/\u4ecb\u7ecd2-221x300.jpg 221w, https:\/\/apmprint.com\/wp-content\/uploads\/2023\/12\/\u4ecb\u7ecd2-9x12.jpg 9w, https:\/\/apmprint.com\/wp-content\/uploads\/2023\/12\/\u4ecb\u7ecd2-600x816.jpg 600w\" sizes=\"auto, (max-width: 750px) 100vw, 750px\" \/><\/p>\n<p><img loading=\"lazy\" decoding=\"async\" class=\"size-full wp-image-1969\" src=\"http:\/\/apmprint.com\/wp-content\/uploads\/2023\/12\/\u4ecb\u7ecd3.jpg\" alt=\"ss106 2 color automatic printing machine\" width=\"750\" height=\"1072\" srcset=\"https:\/\/apmprint.com\/wp-content\/uploads\/2023\/12\/\u4ecb\u7ecd3.jpg 750w, https:\/\/apmprint.com\/wp-content\/uploads\/2023\/12\/\u4ecb\u7ecd3-210x300.jpg 210w, https:\/\/apmprint.com\/wp-content\/uploads\/2023\/12\/\u4ecb\u7ecd3-716x1024.jpg 716w, https:\/\/apmprint.com\/wp-content\/uploads\/2023\/12\/\u4ecb\u7ecd3-8x12.jpg 8w, https:\/\/apmprint.com\/wp-content\/uploads\/2023\/12\/\u4ecb\u7ecd3-600x858.jpg 600w\" sizes=\"auto, (max-width: 750px) 100vw, 750px\" \/><\/p>","protected":false},"excerpt":{"rendered":"<p>Hemos estado mejorando continuamente las capacidades t\u00e9cnicas en la fabricaci\u00f3n de la M\u00e1quina Serigr\u00e1fica Autom\u00e1tica de 1-8 Colores para Botellas S102 desde su establecimiento. El producto es apropiado para diferentes usos en Impresoras de Serigraf\u00eda.<\/p>\n<p>&nbsp;<\/p>\n<p><strong><b>N\u00famero de modelo<\/b><\/strong>: S102-2<\/p>\n<p><strong><b>Potencia bruta<\/b><\/strong>: 7,78KW<\/p>\n<p><strong><b>env\u00edo<\/b><\/strong>: Transporte mar\u00edtimo urgente \/ Transporte terrestre \/ Transporte a\u00e9reo<\/p>\n<p><strong><b>Personalizaci\u00f3n<\/b><\/strong>: Logotipo personalizado (Pedido m\u00edn.: 5 juegos) , Embalaje personalizado (Pedido m\u00edn.: 5 juegos) , Personalizaci\u00f3n gr\u00e1fica (Pedido m\u00edn.: 5 juegos)<\/p>","protected":false},"featured_media":582,"template":"","meta":{"_acf_changed":false,"_seopress_robots_primary_cat":"none","_seopress_titles_title":"","_seopress_titles_desc":"","_seopress_robots_index":""},"product_brand":[],"product_cat":[29,31],"product_tag":[75,55,84,57],"class_list":{"0":"post-579","1":"product","2":"type-product","3":"status-publish","4":"has-post-thumbnail","6":"product_cat-all-servo-printing-machine-cnc","7":"product_cat-auto-screen-printer","8":"product_tag-automatic","9":"product_tag-cups","10":"product_tag-jar","11":"product_tag-plastic-bottles","13":"first","14":"instock","15":"shipping-taxable","16":"product-type-simple"},"acf":[],"_links":{"self":[{"href":"https:\/\/apmprint.com\/es\/wp-json\/wp\/v2\/product\/579","targetHints":{"allow":["GET"]}}],"collection":[{"href":"https:\/\/apmprint.com\/es\/wp-json\/wp\/v2\/product"}],"about":[{"href":"https:\/\/apmprint.com\/es\/wp-json\/wp\/v2\/types\/product"}],"wp:featuredmedia":[{"embeddable":true,"href":"https:\/\/apmprint.com\/es\/wp-json\/wp\/v2\/media\/582"}],"wp:attachment":[{"href":"https:\/\/apmprint.com\/es\/wp-json\/wp\/v2\/media?parent=579"}],"wp:term":[{"taxonomy":"product_brand","embeddable":true,"href":"https:\/\/apmprint.com\/es\/wp-json\/wp\/v2\/product_brand?post=579"},{"taxonomy":"product_cat","embeddable":true,"href":"https:\/\/apmprint.com\/es\/wp-json\/wp\/v2\/product_cat?post=579"},{"taxonomy":"product_tag","embeddable":true,"href":"https:\/\/apmprint.com\/es\/wp-json\/wp\/v2\/product_tag?post=579"}],"curies":[{"name":"wp","href":"https:\/\/api.w.org\/{rel}","templated":true}]}}