{"id":595,"date":"2023-09-16T09:18:33","date_gmt":"2023-09-16T08:18:33","guid":{"rendered":"https:\/\/apmprint.com\/?post_type=product&#038;p=595"},"modified":"2023-12-02T09:24:46","modified_gmt":"2023-12-02T09:24:46","slug":"ss106","status":"publish","type":"product","link":"https:\/\/apmprint.com\/es\/producto\/ss106\/","title":{"rendered":"APM PRINT-SS106 Todo servo impulsado m\u00e1quina de impresi\u00f3n de pantalla para la decoraci\u00f3n de botellas de pl\u00e1stico \/ vidrio softtubes"},"content":{"rendered":"<p>Nulla porta dolor. Suspendisse potenti. Mauris sollicitudin fermentum libero. Fusce fermentum. In ut quam vitae odio lacinia tincidunt.<\/p>\n<p>Curabitur nisi. Cum sociis natoque penatibus et magnis dis parturient montes, nascetur ridiculus mus. Nulla porta dolor. In enim justo, rhoncus ut, imperdiet a, venenatis vitae, justo. Donec posuere vulputate arcu.<\/p>\n<p>Vestibulum dapibus nunc ac augue. Donec mollis hendrerit risus. Nulla porta dolor. Nam pretium turpis et arcu. Morbi nec metus.<\/p>\n<p>Praesent porttitor, nulla vitae posuere iaculis, arcu nisl dignissim dolor, a pretium mi sem ut ipsum. Vestibulum eu odio. Ut non enim eleifend felis pretium feugiat. Curabitur suscipit suscipit tellus. Nunc sed turpis.<\/p>","protected":false},"excerpt":{"rendered":"<p>SS106 es una m\u00e1quina de serigraf\u00eda UV\/LED totalmente autom\u00e1tica dise\u00f1ada para productos redondos, proporcionando una mayor productividad y un valor sin precedentes, proporcionando la impresi\u00f3n de botellas de cosm\u00e9ticos, botellas de vino, botellas de pl\u00e1stico \/ vidrio, iars, tubos duros, tubos blandos.<\/p>\n<p>La m\u00e1quina de serigraf\u00eda autom\u00e1tica SS106 est\u00e1 equipada con un servo sistema y un sistema de control de la marca Inovance. La parte el\u00e9ctrica utiliza Omron (Jap\u00f3n) o Schneider (Francia), la parte neum\u00e1tica utiliza SMC (Jap\u00f3n) o Airtac (Francia), y el sistema de visi\u00f3n CCD hace que el registro de color sea m\u00e1s preciso.<\/p>\n<p>Las tintas de serigraf\u00eda UV\/LED se curan autom\u00e1ticamente mediante l\u00e1mparas UV de alta potencia o sistemas de curado LED situados detr\u00e1s de cada estaci\u00f3n de impresi\u00f3n. Tras cargar el objeto, hay una estaci\u00f3n de preflamado o una estaci\u00f3n de limpieza\/desempolvado (opcional) para garantizar resultados de impresi\u00f3n de alta calidad y menos defectos.<\/p>","protected":false},"featured_media":598,"template":"","meta":{"_acf_changed":false,"_seopress_robots_primary_cat":"none","_seopress_titles_title":"","_seopress_titles_desc":"","_seopress_robots_index":""},"product_brand":[],"product_cat":[29],"product_tag":[],"class_list":{"0":"post-595","1":"product","2":"type-product","3":"status-publish","4":"has-post-thumbnail","6":"product_cat-all-servo-printing-machine-cnc","8":"first","9":"instock","10":"shipping-taxable","11":"product-type-simple"},"acf":[],"_links":{"self":[{"href":"https:\/\/apmprint.com\/es\/wp-json\/wp\/v2\/product\/595","targetHints":{"allow":["GET"]}}],"collection":[{"href":"https:\/\/apmprint.com\/es\/wp-json\/wp\/v2\/product"}],"about":[{"href":"https:\/\/apmprint.com\/es\/wp-json\/wp\/v2\/types\/product"}],"wp:featuredmedia":[{"embeddable":true,"href":"https:\/\/apmprint.com\/es\/wp-json\/wp\/v2\/media\/598"}],"wp:attachment":[{"href":"https:\/\/apmprint.com\/es\/wp-json\/wp\/v2\/media?parent=595"}],"wp:term":[{"taxonomy":"product_brand","embeddable":true,"href":"https:\/\/apmprint.com\/es\/wp-json\/wp\/v2\/product_brand?post=595"},{"taxonomy":"product_cat","embeddable":true,"href":"https:\/\/apmprint.com\/es\/wp-json\/wp\/v2\/product_cat?post=595"},{"taxonomy":"product_tag","embeddable":true,"href":"https:\/\/apmprint.com\/es\/wp-json\/wp\/v2\/product_tag?post=595"}],"curies":[{"name":"wp","href":"https:\/\/api.w.org\/{rel}","templated":true}]}}