{"id":1437,"date":"2023-12-05T07:27:48","date_gmt":"2023-12-05T07:27:48","guid":{"rendered":"https:\/\/apmprint.com\/?post_type=product&#038;p=1437"},"modified":"2024-01-03T01:28:58","modified_gmt":"2024-01-03T01:28:58","slug":"cnc106-automatic-bottle-screen-printing-machine","status":"publish","type":"product","link":"https:\/\/apmprint.com\/fr\/produit\/cnc106-automatic-bottle-screen-printing-machine\/","title":{"rendered":"Machine de s\u00e9rigraphie automatique CNC106 multifonctionnelle pour bouteilles en plastique et bouteilles en verre"},"content":{"rendered":"<p><strong><b>Application :<\/b><\/strong><\/p>\n<p>La CNC106 est con\u00e7ue pour\u00a0<strong><b>toutes les formes (rondes, ovales, carr\u00e9es...) de bouteilles en verre et en plastique,<\/b><\/strong> tasses, mugs, s\u00e9rigraphie et marquage \u00e0 chaud \u00e0 des vitesses de production \u00e9lev\u00e9es. Elle est surtout utilis\u00e9e pour l'impression de bouteilles de vin. Elle peut imprimer toutes les formes de r\u00e9cipients en une seule fois. Elle convient \u00e0 l'impression de r\u00e9cipients en verre ou en plastique avec de l'encre UV ou LED. Gr\u00e2ce \u00e0 ses servomoteurs et \u00e0 sa vitesse \u00e9lev\u00e9e, la CNC106 est id\u00e9ale pour la production en ligne ou hors ligne, 24 heures sur 24 et 7 jours sur 7.<\/p>\n<figure id=\"attachment_1457\" aria-describedby=\"caption-attachment-1457\" style=\"width: 300px\" class=\"wp-caption alignnone\"><img loading=\"lazy\" decoding=\"async\" class=\"size-medium wp-image-1457\" src=\"http:\/\/apmprint.com\/wp-content\/uploads\/2023\/12\/bottle-printing-machine-300x208.jpg\" alt=\"cnc106 automatic bottle screen printing machine\" width=\"300\" height=\"208\" srcset=\"https:\/\/apmprint.com\/wp-content\/uploads\/2023\/12\/bottle-printing-machine-300x208.jpg 300w, https:\/\/apmprint.com\/wp-content\/uploads\/2023\/12\/bottle-printing-machine-1024x709.jpg 1024w, https:\/\/apmprint.com\/wp-content\/uploads\/2023\/12\/bottle-printing-machine-768x532.jpg 768w, https:\/\/apmprint.com\/wp-content\/uploads\/2023\/12\/bottle-printing-machine-1536x1063.jpg 1536w, https:\/\/apmprint.com\/wp-content\/uploads\/2023\/12\/bottle-printing-machine-2048x1418.jpg 2048w, https:\/\/apmprint.com\/wp-content\/uploads\/2023\/12\/bottle-printing-machine-18x12.jpg 18w, https:\/\/apmprint.com\/wp-content\/uploads\/2023\/12\/bottle-printing-machine-600x415.jpg 600w\" sizes=\"auto, (max-width: 300px) 100vw, 300px\" \/><figcaption id=\"caption-attachment-1457\" class=\"wp-caption-text\">bouteille en plastique<\/figcaption><\/figure>\n<figure id=\"attachment_1460\" aria-describedby=\"caption-attachment-1460\" style=\"width: 300px\" class=\"wp-caption alignnone\"><img loading=\"lazy\" decoding=\"async\" class=\"size-medium wp-image-1460\" src=\"http:\/\/apmprint.com\/wp-content\/uploads\/2023\/12\/img_1791-300x200.jpg\" alt=\"cnc106 automatic bottle screen printing machine\" width=\"300\" height=\"200\" srcset=\"https:\/\/apmprint.com\/wp-content\/uploads\/2023\/12\/img_1791-300x200.jpg 300w, https:\/\/apmprint.com\/wp-content\/uploads\/2023\/12\/img_1791-1024x683.jpg 1024w, https:\/\/apmprint.com\/wp-content\/uploads\/2023\/12\/img_1791-768x512.jpg 768w, https:\/\/apmprint.com\/wp-content\/uploads\/2023\/12\/img_1791-1536x1024.jpg 1536w, https:\/\/apmprint.com\/wp-content\/uploads\/2023\/12\/img_1791-2048x1365.jpg 2048w, https:\/\/apmprint.com\/wp-content\/uploads\/2023\/12\/img_1791-18x12.jpg 18w, https:\/\/apmprint.com\/wp-content\/uploads\/2023\/12\/img_1791-600x400.jpg 600w\" sizes=\"auto, (max-width: 300px) 100vw, 300px\" \/><figcaption id=\"caption-attachment-1460\" class=\"wp-caption-text\">bouteille en verre<\/figcaption><\/figure>\n<p><strong><b>Description g\u00e9n\u00e9rale :<\/b><\/strong><\/p>\n<p>1\uff0eSyst\u00e8me de chargement automatique avec robot servo multiaxe.<br \/>\n2\uff0eSyst\u00e8me de traitement de la flamme pour une bonne adh\u00e9rence.<br \/>\n3\uff0eUn syst\u00e8me de tables d'indexation d'une grande pr\u00e9cision.<br \/>\n4\uff0eS\u00e9rigraphie \u00e0 servomoteur d'une pr\u00e9cision parfaite<br \/>\n*t\u00eates d'impression entra\u00een\u00e9es par un servomoteur<br \/>\n*cadres \u00e0 mailles entra\u00een\u00e9s par des servomoteurs<br \/>\n*tous les gabarits sont \u00e9quip\u00e9s de servomoteurs pour la rotation (pas besoin d'engrenages, changement de produits facile et rapide)<br \/>\n5\uff0eQuick and easy change from one product to another. Tous les param\u00e8tres se r\u00e8glent automatiquement sur l'\u00e9cran tactile.<br \/>\n6\uff0eTous les servomoteurs Yaskawa sont \u00e9quip\u00e9s d'un syst\u00e8me de commande PLC industriel et d'un \u00e9cran tactile. Une connexion par c\u00e2ble Internet est disponible pour la maintenance future et la mise \u00e0 niveau du programme.<br \/>\n7\uff0eInflation \u00e0 chaque station d'impression en option (pour la s\u00e9rigraphie de bouteilles en plastique souple)<br \/>\n8\uff0eS\u00e9rigraphie multi-couleurs en 1 processus<br \/>\n9\uff0eAuto s\u00e9chage LED\/UV apr\u00e8s chaque couleur de s\u00e9rigraphie.<br \/>\n10\uff0eD\u00e9chargement automatique par servo-robot.<\/p>\n<p>11\uff0eMachine bien construite, conforme \u00e0 la norme de s\u00e9curit\u00e9 CE.<\/p>","protected":false},"excerpt":{"rendered":"<p>Command\u00e9 par servomoteur, il imprime avec une vitesse et une pr\u00e9cision incroyables.<br \/>\nConvient aux conteneurs de formes et de mat\u00e9riaux diff\u00e9rents.<br \/>\nPersonnalisable pour r\u00e9pondre \u00e0 des besoins uniques.<br \/>\nRationalisez votre processus de production.<br \/>\nConception de s\u00e9curit\u00e9 avec certification CE.<\/p>\n<p>&nbsp;<\/p>","protected":false},"featured_media":1446,"template":"","meta":{"_acf_changed":false,"_seopress_robots_primary_cat":"none","_seopress_titles_title":"CNC106 Automatic Bottle Silk Screen Printing Machine ","_seopress_titles_desc":"CNC106\u00a0is\u00a0designed\u00a0for\u00a0all\u00a0shapes\u00a0(round,\u00a0oval,\u00a0square...)\u00a0of\u00a0glass\/plastic\u00a0bottles\u00a0,\u00a0cups,\u00a0mugs\u00a0screen\u00a0printing\u00a0and\u00a0hot\u00a0stamping\u00a0at\u00a0high\u00a0production\u00a0speeds.\u00a0","_seopress_robots_index":""},"product_brand":[],"product_cat":[29,32,33],"product_tag":[67],"class_list":{"0":"post-1437","1":"product","2":"type-product","3":"status-publish","4":"has-post-thumbnail","6":"product_cat-all-servo-printing-machine-cnc","7":"product_cat-auto-screen-print-hot-stamp","8":"product_cat-glass-bottle-printer","9":"product_tag-bottle-prinitng-machine","11":"first","12":"instock","13":"shipping-taxable","14":"product-type-simple"},"acf":[],"_links":{"self":[{"href":"https:\/\/apmprint.com\/fr\/wp-json\/wp\/v2\/product\/1437","targetHints":{"allow":["GET"]}}],"collection":[{"href":"https:\/\/apmprint.com\/fr\/wp-json\/wp\/v2\/product"}],"about":[{"href":"https:\/\/apmprint.com\/fr\/wp-json\/wp\/v2\/types\/product"}],"wp:featuredmedia":[{"embeddable":true,"href":"https:\/\/apmprint.com\/fr\/wp-json\/wp\/v2\/media\/1446"}],"wp:attachment":[{"href":"https:\/\/apmprint.com\/fr\/wp-json\/wp\/v2\/media?parent=1437"}],"wp:term":[{"taxonomy":"product_brand","embeddable":true,"href":"https:\/\/apmprint.com\/fr\/wp-json\/wp\/v2\/product_brand?post=1437"},{"taxonomy":"product_cat","embeddable":true,"href":"https:\/\/apmprint.com\/fr\/wp-json\/wp\/v2\/product_cat?post=1437"},{"taxonomy":"product_tag","embeddable":true,"href":"https:\/\/apmprint.com\/fr\/wp-json\/wp\/v2\/product_tag?post=1437"}],"curies":[{"name":"wp","href":"https:\/\/api.w.org\/{rel}","templated":true}]}}