{"id":1494,"date":"2023-12-15T03:06:14","date_gmt":"2023-12-15T03:06:14","guid":{"rendered":"https:\/\/apmprint.com\/?post_type=product&#038;p=1494"},"modified":"2023-12-15T03:26:23","modified_gmt":"2023-12-15T03:26:23","slug":"s103cp-automatic-screen-printing-and-pad-printing-machine-top-and-side-print","status":"publish","type":"product","link":"https:\/\/apmprint.com\/fr\/produit\/s103cp-automatic-screen-printing-and-pad-printing-machine-top-and-side-print\/","title":{"rendered":"Machine automatique de s\u00e9rigraphie et de tampographie S103CP (impression sur le dessus et sur le c\u00f4t\u00e9)"},"content":{"rendered":"<p><strong>Application :<\/strong><\/p>\n<p>Cette machine est sp\u00e9cialement con\u00e7ue pour la s\u00e9rigraphie lat\u00e9rale des capsules de vin et l'impression par tampons.<\/p>\n<p><strong>Description g\u00e9n\u00e9rale<\/strong><strong>\uff1a<\/strong><\/p>\n<ol>\n<li>Syst\u00e8me de chargement enti\u00e8rement automatique<\/li>\n<li>16stations<\/li>\n<li>S\u00e9rigraphie sur le c\u00f4t\u00e9 du capuchon<\/li>\n<li>4. Tampographie pour le dessus du bouchon<\/li>\n<li>5. Contr\u00f4le PLC et \u00e9cran tactile<\/li>\n<li>S\u00e9chage IR automatique<\/li>\n<li>7. D\u00e9chargement automatique<\/li>\n<\/ol>\n<p><strong><b>Donn\u00e9es techniques<\/b><\/strong><\/p>\n<table>\n<tbody>\n<tr>\n<td>Vitesse maximale<\/td>\n<td>30~55pcs\/min<\/td>\n<\/tr>\n<tr>\n<td>Produit Dia.<\/td>\n<td>15-50mm<\/td>\n<\/tr>\n<tr>\n<td>Longueur<\/td>\n<td>20-80mm<\/td>\n<\/tr>\n<tr>\n<td>Pression atmosph\u00e9rique<\/td>\n<td>6-8bar<\/td>\n<\/tr>\n<tr>\n<td>Alimentation \u00e9lectrique<\/td>\n<td>380V, 3P. 50\/60Hz<\/td>\n<\/tr>\n<\/tbody>\n<\/table>","protected":false},"excerpt":{"rendered":"<p><strong>Application :<\/strong><\/p>\n<p>Cette machine est sp\u00e9cialement con\u00e7ue pour la s\u00e9rigraphie lat\u00e9rale des capsules de vin et l'impression par tampons.<\/p>","protected":false},"featured_media":1497,"template":"","meta":{"_acf_changed":false,"_seopress_robots_primary_cat":"none","_seopress_titles_title":"","_seopress_titles_desc":"","_seopress_robots_index":""},"product_brand":[],"product_cat":[31],"product_tag":[],"class_list":{"0":"post-1494","1":"product","2":"type-product","3":"status-publish","4":"has-post-thumbnail","6":"product_cat-auto-screen-printer","8":"first","9":"instock","10":"shipping-taxable","11":"product-type-simple"},"acf":[],"_links":{"self":[{"href":"https:\/\/apmprint.com\/fr\/wp-json\/wp\/v2\/product\/1494","targetHints":{"allow":["GET"]}}],"collection":[{"href":"https:\/\/apmprint.com\/fr\/wp-json\/wp\/v2\/product"}],"about":[{"href":"https:\/\/apmprint.com\/fr\/wp-json\/wp\/v2\/types\/product"}],"wp:featuredmedia":[{"embeddable":true,"href":"https:\/\/apmprint.com\/fr\/wp-json\/wp\/v2\/media\/1497"}],"wp:attachment":[{"href":"https:\/\/apmprint.com\/fr\/wp-json\/wp\/v2\/media?parent=1494"}],"wp:term":[{"taxonomy":"product_brand","embeddable":true,"href":"https:\/\/apmprint.com\/fr\/wp-json\/wp\/v2\/product_brand?post=1494"},{"taxonomy":"product_cat","embeddable":true,"href":"https:\/\/apmprint.com\/fr\/wp-json\/wp\/v2\/product_cat?post=1494"},{"taxonomy":"product_tag","embeddable":true,"href":"https:\/\/apmprint.com\/fr\/wp-json\/wp\/v2\/product_tag?post=1494"}],"curies":[{"name":"wp","href":"https:\/\/api.w.org\/{rel}","templated":true}]}}