{"id":1498,"date":"2023-12-15T09:00:43","date_gmt":"2023-12-15T09:00:43","guid":{"rendered":"https:\/\/apmprint.com\/?post_type=product&#038;p=1498"},"modified":"2023-12-27T06:25:08","modified_gmt":"2023-12-27T06:25:08","slug":"s104m-automatic-servo-three-color-screen-printing-machine-for-plastic-glass-bottles-cups","status":"publish","type":"product","link":"https:\/\/apmprint.com\/fr\/produit\/s104m-automatic-servo-three-color-screen-printing-machine-for-plastic-glass-bottles-cups\/","title":{"rendered":"S104M Machine de s\u00e9rigraphie automatique servo trois couleurs pour bouteilles en verre plastique gobelets"},"content":{"rendered":"<p><iframe loading=\"lazy\" title=\"S104M machine de s\u00e9rigraphie automatique \u00e0 navette servo pour bouteille plate\" width=\"800\" height=\"450\" src=\"https:\/\/www.youtube.com\/embed\/Jm3n8PcSQL0?feature=oembed\" frameborder=\"0\" allow=\"accelerometer; autoplay; clipboard-write; encrypted-media; gyroscope; picture-in-picture; web-share\" allowfullscreen><\/iframe><\/p>\n<p><strong>Application :<\/strong><\/p>\n<p>La machine de s\u00e9rigraphie automatique S104M peut imprimer diff\u00e9rentes formes de produits. (Principalement ronde, autres formes en option)<\/p>\n<p>Il est capable d'imprimer en plusieurs couleurs sur des conteneurs sans point de rep\u00e9rage des couleurs.<\/p>\n<p><strong>\u00a0D\u00e9tails de la machine :<\/strong><\/p>\n<p>s104m machine automatique de s\u00e9rigraphie servo trois couleurs pour bouteilles en verre plastique gobelets<\/p>\n<p><img loading=\"lazy\" decoding=\"async\" class=\"alignnone wp-image-1504 size-full\" src=\"http:\/\/apmprint.com\/wp-content\/uploads\/2023\/12\/s104m-6.jpg\" alt=\"s104m automatic servo three color screen printing machine for plastic glass bottles cups\" width=\"750\" height=\"750\" srcset=\"https:\/\/apmprint.com\/wp-content\/uploads\/2023\/12\/s104m-6.jpg 750w, https:\/\/apmprint.com\/wp-content\/uploads\/2023\/12\/s104m-6-300x300.jpg 300w, https:\/\/apmprint.com\/wp-content\/uploads\/2023\/12\/s104m-6-150x150.jpg 150w, https:\/\/apmprint.com\/wp-content\/uploads\/2023\/12\/s104m-6-12x12.jpg 12w, https:\/\/apmprint.com\/wp-content\/uploads\/2023\/12\/s104m-6-600x600.jpg 600w, https:\/\/apmprint.com\/wp-content\/uploads\/2023\/12\/s104m-6-100x100.jpg 100w\" sizes=\"auto, (max-width: 750px) 100vw, 750px\" \/><\/p>\n<figure id=\"attachment_1512\" aria-describedby=\"caption-attachment-1512\" style=\"width: 800px\" class=\"wp-caption alignnone\"><img loading=\"lazy\" decoding=\"async\" class=\"wp-image-1512 size-full\" src=\"http:\/\/apmprint.com\/wp-content\/uploads\/2023\/12\/s104m-machine-details.jpg\" alt=\"s104m automatic servo three color screen printing machine for plastic glass bottles cups\" width=\"800\" height=\"610\" srcset=\"https:\/\/apmprint.com\/wp-content\/uploads\/2023\/12\/s104m-machine-details.jpg 800w, https:\/\/apmprint.com\/wp-content\/uploads\/2023\/12\/s104m-machine-details-300x229.jpg 300w, https:\/\/apmprint.com\/wp-content\/uploads\/2023\/12\/s104m-machine-details-768x586.jpg 768w, https:\/\/apmprint.com\/wp-content\/uploads\/2023\/12\/s104m-machine-details-16x12.jpg 16w, https:\/\/apmprint.com\/wp-content\/uploads\/2023\/12\/s104m-machine-details-600x458.jpg 600w\" sizes=\"auto, (max-width: 800px) 100vw, 800px\" \/><figcaption id=\"caption-attachment-1512\" class=\"wp-caption-text\">S104M machine de s\u00e9rigraphie automatique servo trois couleurs pour bouteilles en verre en plastique gobelets<\/figcaption><\/figure>\n<p><strong>Description g\u00e9n\u00e9rale :<\/strong><\/p>\n<ol>\n<li>Enregistrement du servomoteur.<\/li>\n<li>Tapis de chargement automatique (alimentateur \u00e0 grand bol en option avec suppl\u00e9ment de prix)<\/li>\n<li>Traitement \u00e0 la flamme automatique<\/li>\n<li>D\u00e9chargement automatique.<\/li>\n<li>Facile \u00e0 changer de produit.<\/li>\n<li>Peut imprimer en plusieurs couleurs sur des bouteilles cylindriques sans point de rep\u00e9rage des couleurs.<\/li>\n<li>S\u00e9chage LED UV<\/li>\n<li>Option de s\u00e9curit\u00e9 avec la norme CE.<\/li>\n<li>Marquage \u00e0 chaud en option<\/li>\n<\/ol>\n<p>&nbsp;<\/p>\n<p><strong>Donn\u00e9es techniques :<\/strong><\/p>\n<table>\n<tbody>\n<tr>\n<td>Forme du produit<\/td>\n<td>Ronde, autres formes facultatives<\/td>\n<\/tr>\n<tr>\n<td>Taille d'impression<\/td>\n<td>Diam\u00e8tre maximal de 100 mm<\/td>\n<\/tr>\n<tr>\n<td>Longueur d'impression<\/td>\n<td>Longueur maximale 300 mm<\/td>\n<\/tr>\n<tr>\n<td>Vitesse d'impression<\/td>\n<td>200-900pcs \/ hr<\/td>\n<\/tr>\n<tr>\n<td>Alimentation \u00e9lectrique<\/td>\n<td>380V triphas\u00e9 50Hz 7kw<\/td>\n<\/tr>\n<tr>\n<td>Consommation d'air<\/td>\n<td>5-7bar<\/td>\n<\/tr>\n<\/tbody>\n<\/table>\n<p>&nbsp;<\/p>\n<p><strong>\u00c9chantillons :<\/strong><\/p>\n<p><img loading=\"lazy\" decoding=\"async\" class=\"wp-image-1515 size-full\" src=\"http:\/\/apmprint.com\/wp-content\/uploads\/2023\/12\/\u6837\u54c1.jpg\" alt=\"s104m automatic servo three color screen printing machine for plastic glass bottles cups\" width=\"820\" height=\"580\" srcset=\"https:\/\/apmprint.com\/wp-content\/uploads\/2023\/12\/\u6837\u54c1.jpg 820w, https:\/\/apmprint.com\/wp-content\/uploads\/2023\/12\/\u6837\u54c1-300x212.jpg 300w, https:\/\/apmprint.com\/wp-content\/uploads\/2023\/12\/\u6837\u54c1-768x543.jpg 768w, https:\/\/apmprint.com\/wp-content\/uploads\/2023\/12\/\u6837\u54c1-18x12.jpg 18w, https:\/\/apmprint.com\/wp-content\/uploads\/2023\/12\/\u6837\u54c1-600x424.jpg 600w\" sizes=\"auto, (max-width: 820px) 100vw, 820px\" \/><\/p>","protected":false},"excerpt":{"rendered":"<p>La machine de s\u00e9rigraphie automatique S104M est con\u00e7ue pour imprimer des produits de diff\u00e9rentes formes, tels que des bouteilles plates, rondes ou ovales. Elle est \u00e9quip\u00e9e d'un tapis de chargement automatique, d'un traitement \u00e0 la flamme ou au plasma avant l'impression, d'un syst\u00e8me de s\u00e9chage par LED apr\u00e8s l'impression et d'une fonction de d\u00e9chargement automatique.<\/p>\n<p>&nbsp;<\/p>","protected":false},"featured_media":1501,"template":"","meta":{"_acf_changed":false,"_seopress_robots_primary_cat":"none","_seopress_titles_title":"","_seopress_titles_desc":"","_seopress_robots_index":""},"product_brand":[],"product_cat":[29,31],"product_tag":[55,56],"class_list":{"0":"post-1498","1":"product","2":"type-product","3":"status-publish","4":"has-post-thumbnail","6":"product_cat-all-servo-printing-machine-cnc","7":"product_cat-auto-screen-printer","8":"product_tag-cups","9":"product_tag-glass-bottles","11":"first","12":"instock","13":"shipping-taxable","14":"product-type-simple"},"acf":[],"_links":{"self":[{"href":"https:\/\/apmprint.com\/fr\/wp-json\/wp\/v2\/product\/1498","targetHints":{"allow":["GET"]}}],"collection":[{"href":"https:\/\/apmprint.com\/fr\/wp-json\/wp\/v2\/product"}],"about":[{"href":"https:\/\/apmprint.com\/fr\/wp-json\/wp\/v2\/types\/product"}],"wp:featuredmedia":[{"embeddable":true,"href":"https:\/\/apmprint.com\/fr\/wp-json\/wp\/v2\/media\/1501"}],"wp:attachment":[{"href":"https:\/\/apmprint.com\/fr\/wp-json\/wp\/v2\/media?parent=1498"}],"wp:term":[{"taxonomy":"product_brand","embeddable":true,"href":"https:\/\/apmprint.com\/fr\/wp-json\/wp\/v2\/product_brand?post=1498"},{"taxonomy":"product_cat","embeddable":true,"href":"https:\/\/apmprint.com\/fr\/wp-json\/wp\/v2\/product_cat?post=1498"},{"taxonomy":"product_tag","embeddable":true,"href":"https:\/\/apmprint.com\/fr\/wp-json\/wp\/v2\/product_tag?post=1498"}],"curies":[{"name":"wp","href":"https:\/\/api.w.org\/{rel}","templated":true}]}}