{"id":1529,"date":"2023-12-20T06:48:09","date_gmt":"2023-12-20T06:48:09","guid":{"rendered":"https:\/\/apmprint.com\/?post_type=product&#038;p=1529"},"modified":"2023-12-20T06:52:33","modified_gmt":"2023-12-20T06:52:33","slug":"automatic-hot-foil-stamping-machine-for-bottle-cap-and-top","status":"publish","type":"product","link":"https:\/\/apmprint.com\/fr\/produit\/automatic-hot-foil-stamping-machine-for-bottle-cap-and-top\/","title":{"rendered":"H200CT"},"content":{"rendered":"<div class=\"d-tem04-title text-left d-interval\" data-detail=\"wrap\"><\/div>\n<p><iframe loading=\"lazy\" title=\"Machine de marquage \u00e0 chaud H200ct - Capacit\u00e9 d&#039;impression sur les deux faces et sur le dessus\" width=\"800\" height=\"450\" src=\"https:\/\/www.youtube.com\/embed\/fi7twSlnfxA?feature=oembed\" frameborder=\"0\" allow=\"accelerometer; autoplay; clipboard-write; encrypted-media; gyroscope; picture-in-picture; web-share\" allowfullscreen><\/iframe><\/p>\n<div class=\"d-tem04-title text-left d-interval\" data-detail=\"wrap\">\n<div class=\"h2 heading\"><strong>Application<\/strong><\/div>\n<\/div>\n<p>Parfait pour marquer \u00e0 chaud des textes, des motifs ou des lignes sur le dessus et le c\u00f4t\u00e9 des bouchons ronds en m\u00eame temps, couramment utilis\u00e9s pour les bouchons de bouteilles de vin et les bouchons de bouteilles de cosm\u00e9tiques.<\/p>\n<div class=\"d-tem04-title text-left d-interval\" data-detail=\"wrap\">\n<div class=\"h2 heading\"><strong>Description<\/strong><\/div>\n<\/div>\n<p>1. Le syst\u00e8me de chargement et de d\u00e9chargement automatique permet de r\u00e9duire consid\u00e9rablement les co\u00fbts de main-d'\u0153uvre.<\/p>\n<p>2. Machine fonctionnelle \u00e0 16 stations, pr\u00e9traitement automatique avant l'estampage.<\/p>\n<p>3. Deux stations d'estampage fonctionnant en m\u00eame temps, l'une pour l'estampage lat\u00e9ral et l'autre pour l'estampage sup\u00e9rieur.<\/p>\n<p>4. Application d'une plaque de silicone (clich\u00e9) pour l'estampage, enroulement automatique du papier d'aluminium chaud.<\/p>\n<p>5. Adopte le contr\u00f4le PLC avanc\u00e9, mouvement stable, pression d'estampage r\u00e9guli\u00e8re.<\/p>\n<p>6. Facilit\u00e9 d'utilisation gr\u00e2ce \u00e0 l'\u00e9cran tactile.<\/p>\n<p>7. Bo\u00eetier avec d\u00e9tecteur de porte, conforme aux normes CE.<\/p>\n<p><strong>D\u00e9tails de la machine<\/strong><\/p>\n<p><img loading=\"lazy\" decoding=\"async\" class=\"size-large wp-image-1602\" src=\"http:\/\/apmprint.com\/wp-content\/uploads\/2023\/12\/hot-stamping-machine-for-bottle-cap-1-1020x1024.jpg\" alt=\"automatic hot foil stamping machine for bottle cap and top\" width=\"800\" height=\"803\" srcset=\"https:\/\/apmprint.com\/wp-content\/uploads\/2023\/12\/hot-stamping-machine-for-bottle-cap-1-1020x1024.jpg 1020w, https:\/\/apmprint.com\/wp-content\/uploads\/2023\/12\/hot-stamping-machine-for-bottle-cap-1-300x300.jpg 300w, https:\/\/apmprint.com\/wp-content\/uploads\/2023\/12\/hot-stamping-machine-for-bottle-cap-1-150x150.jpg 150w, https:\/\/apmprint.com\/wp-content\/uploads\/2023\/12\/hot-stamping-machine-for-bottle-cap-1-768x771.jpg 768w, https:\/\/apmprint.com\/wp-content\/uploads\/2023\/12\/hot-stamping-machine-for-bottle-cap-1-12x12.jpg 12w, https:\/\/apmprint.com\/wp-content\/uploads\/2023\/12\/hot-stamping-machine-for-bottle-cap-1-600x602.jpg 600w, https:\/\/apmprint.com\/wp-content\/uploads\/2023\/12\/hot-stamping-machine-for-bottle-cap-1-100x100.jpg 100w, https:\/\/apmprint.com\/wp-content\/uploads\/2023\/12\/hot-stamping-machine-for-bottle-cap-1.jpg 1103w\" sizes=\"auto, (max-width: 800px) 100vw, 800px\" \/><\/p>\n<p><strong>Donn\u00e9es techniques<\/strong><\/p>\n<table style=\"height: 246px;\" width=\"606\">\n<tbody>\n<tr>\n<td width=\"164\">Vitesse maximale<\/td>\n<td width=\"201\">40~50pcs\/min<\/td>\n<\/tr>\n<tr>\n<td width=\"164\">Produit Dia.<\/td>\n<td width=\"201\">15-50mm<\/td>\n<\/tr>\n<tr>\n<td width=\"164\">Longueur<\/td>\n<td width=\"201\">20-80mm<\/td>\n<\/tr>\n<tr>\n<td width=\"164\">Pression atmosph\u00e9rique<\/td>\n<td width=\"201\">6-8bar<\/td>\n<\/tr>\n<tr>\n<td width=\"164\">Alimentation \u00e9lectrique<\/td>\n<td width=\"201\">380V, 3P. 50\/60Hz<\/td>\n<\/tr>\n<\/tbody>\n<\/table>\n<p><strong>\u00c9chantillons<\/strong><\/p>\n<p><img loading=\"lazy\" decoding=\"async\" class=\"size-large wp-image-1627\" src=\"http:\/\/apmprint.com\/wp-content\/uploads\/2023\/12\/bottle-cap-printing-1024x682.jpg\" alt=\"automatic hot foil stamping machine for bottle cap and top\" width=\"800\" height=\"533\" srcset=\"https:\/\/apmprint.com\/wp-content\/uploads\/2023\/12\/bottle-cap-printing-1024x682.jpg 1024w, https:\/\/apmprint.com\/wp-content\/uploads\/2023\/12\/bottle-cap-printing-300x200.jpg 300w, https:\/\/apmprint.com\/wp-content\/uploads\/2023\/12\/bottle-cap-printing-768x511.jpg 768w, https:\/\/apmprint.com\/wp-content\/uploads\/2023\/12\/bottle-cap-printing-18x12.jpg 18w, https:\/\/apmprint.com\/wp-content\/uploads\/2023\/12\/bottle-cap-printing-600x400.jpg 600w, https:\/\/apmprint.com\/wp-content\/uploads\/2023\/12\/bottle-cap-printing.jpg 1332w\" sizes=\"auto, (max-width: 800px) 100vw, 800px\" \/><\/p>\n<p>&nbsp;<\/p>\n<p>&nbsp;<\/p>","protected":false},"excerpt":{"rendered":"<p>APM - H200CT La machine automatique de marquage de capsules pour le dessus et le c\u00f4t\u00e9 est con\u00e7ue pour les capsules de bouteilles cylindriques. Elle peut \u00eatre utilis\u00e9e pour marquer le c\u00f4t\u00e9 et le dessus des capsules de bouteilles en un seul processus, ce qui augmente consid\u00e9rablement l'efficacit\u00e9 et l'effet d\u00e9coratif du marquage \u00e0 chaud.<\/p>","protected":false},"featured_media":1594,"template":"","meta":{"_acf_changed":false,"_seopress_robots_primary_cat":"none","_seopress_titles_title":"Automatic hot stamping machine for bottle cap","_seopress_titles_desc":"","_seopress_robots_index":""},"product_brand":[],"product_cat":[64],"product_tag":[24],"class_list":{"0":"post-1529","1":"product","2":"type-product","3":"status-publish","4":"has-post-thumbnail","6":"product_cat-auto-hot-stamping-machine","7":"product_tag-caps-and-closures","9":"first","10":"instock","11":"shipping-taxable","12":"product-type-simple"},"acf":[],"_links":{"self":[{"href":"https:\/\/apmprint.com\/fr\/wp-json\/wp\/v2\/product\/1529","targetHints":{"allow":["GET"]}}],"collection":[{"href":"https:\/\/apmprint.com\/fr\/wp-json\/wp\/v2\/product"}],"about":[{"href":"https:\/\/apmprint.com\/fr\/wp-json\/wp\/v2\/types\/product"}],"wp:featuredmedia":[{"embeddable":true,"href":"https:\/\/apmprint.com\/fr\/wp-json\/wp\/v2\/media\/1594"}],"wp:attachment":[{"href":"https:\/\/apmprint.com\/fr\/wp-json\/wp\/v2\/media?parent=1529"}],"wp:term":[{"taxonomy":"product_brand","embeddable":true,"href":"https:\/\/apmprint.com\/fr\/wp-json\/wp\/v2\/product_brand?post=1529"},{"taxonomy":"product_cat","embeddable":true,"href":"https:\/\/apmprint.com\/fr\/wp-json\/wp\/v2\/product_cat?post=1529"},{"taxonomy":"product_tag","embeddable":true,"href":"https:\/\/apmprint.com\/fr\/wp-json\/wp\/v2\/product_tag?post=1529"}],"curies":[{"name":"wp","href":"https:\/\/api.w.org\/{rel}","templated":true}]}}