{"id":1540,"date":"2023-12-19T03:19:31","date_gmt":"2023-12-19T03:19:31","guid":{"rendered":"https:\/\/apmprint.com\/?post_type=product&#038;p=1540"},"modified":"2023-12-27T06:34:23","modified_gmt":"2023-12-27T06:34:23","slug":"apm-s300m-single-color-servo-screen-printer","status":"publish","type":"product","link":"https:\/\/apmprint.com\/fr\/produit\/apm-s300m-single-color-servo-screen-printer\/","title":{"rendered":"APM-S300M S\u00e9rigraphie servo mono couleur"},"content":{"rendered":"<p><strong>Application :<\/strong><\/p>\n<p>Tubes souples, bouteilles, bocaux<\/p>\n<p>&nbsp;<\/p>\n<p><strong>Donn\u00e9es techniques :<\/strong><\/p>\n<table style=\"height: 178px;\" width=\"502\">\n<tbody>\n<tr>\n<td>Parameter\\Item<\/td>\n<td>S300M<\/td>\n<\/tr>\n<tr>\n<td>Dimension maximale du cadre de la maille<\/td>\n<td>400*500mm<\/td>\n<\/tr>\n<tr>\n<td>Taille d'impression maximale<\/td>\n<td>dia.70mm<\/td>\n<\/tr>\n<tr>\n<td>Diam\u00e8tre maximal du substrat<\/td>\n<td>100mm<\/td>\n<\/tr>\n<tr>\n<td>Vitesse d'impression<\/td>\n<td>1380pcs\/h<\/td>\n<\/tr>\n<tr>\n<td>Puissance<\/td>\n<td>110\/220V 50\/60HZ 40W<\/td>\n<\/tr>\n<\/tbody>\n<\/table>\n<p>&nbsp;<\/p>\n<p><strong>\u00c9chantillons :<\/strong><\/p>\n<p><img loading=\"lazy\" decoding=\"async\" class=\"size-full wp-image-1867\" src=\"http:\/\/apmprint.com\/wp-content\/uploads\/2023\/12\/s-32.jpg\" alt=\"s250\/350\/650\/1000 semi auto screen printer\" width=\"800\" height=\"456\" srcset=\"https:\/\/apmprint.com\/wp-content\/uploads\/2023\/12\/s-32.jpg 800w, https:\/\/apmprint.com\/wp-content\/uploads\/2023\/12\/s-32-300x171.jpg 300w, https:\/\/apmprint.com\/wp-content\/uploads\/2023\/12\/s-32-768x438.jpg 768w, https:\/\/apmprint.com\/wp-content\/uploads\/2023\/12\/s-32-18x10.jpg 18w, https:\/\/apmprint.com\/wp-content\/uploads\/2023\/12\/s-32-600x342.jpg 600w\" sizes=\"auto, (max-width: 800px) 100vw, 800px\" \/><\/p>\n<p>&nbsp;<\/p>","protected":false},"excerpt":{"rendered":"<p>Description g\u00e9n\u00e9rale :<br \/>\n1. Le cadre de la maille est entra\u00een\u00e9 par un servomoteur vers la gauche\/droite et l'appareil est entra\u00een\u00e9 par un servomoteur pour tourner.<br \/>\n2. Contr\u00f4le PLC et \u00e9cran tactile<br \/>\n3. Facile \u00e0 utiliser, il est possible de r\u00e9gler le diam\u00e8tre du produit, la vitesse et la position d'impression sur l'\u00e9cran tactile.<br \/>\n4. Pas d'engrenage n\u00e9cessaire, produits faciles \u00e0 changer<br \/>\n5. enregistrement du capteur optique de haute qualit\u00e9<br \/>\n6. Gonflage des bouteilles souples<\/p>","protected":false},"featured_media":1544,"template":"","meta":{"_acf_changed":false,"_seopress_robots_primary_cat":"none","_seopress_titles_title":"","_seopress_titles_desc":"","_seopress_robots_index":""},"product_brand":[],"product_cat":[38],"product_tag":[55,84,57,68,70,69],"class_list":{"0":"post-1540","1":"product","2":"type-product","3":"status-publish","4":"has-post-thumbnail","6":"product_cat-semi-auto-screen-printer","7":"product_tag-cups","8":"product_tag-jar","9":"product_tag-plastic-bottles","10":"product_tag-s300m","11":"product_tag-semi-auto","12":"product_tag-servo","14":"first","15":"instock","16":"shipping-taxable","17":"product-type-simple"},"acf":[],"_links":{"self":[{"href":"https:\/\/apmprint.com\/fr\/wp-json\/wp\/v2\/product\/1540","targetHints":{"allow":["GET"]}}],"collection":[{"href":"https:\/\/apmprint.com\/fr\/wp-json\/wp\/v2\/product"}],"about":[{"href":"https:\/\/apmprint.com\/fr\/wp-json\/wp\/v2\/types\/product"}],"wp:featuredmedia":[{"embeddable":true,"href":"https:\/\/apmprint.com\/fr\/wp-json\/wp\/v2\/media\/1544"}],"wp:attachment":[{"href":"https:\/\/apmprint.com\/fr\/wp-json\/wp\/v2\/media?parent=1540"}],"wp:term":[{"taxonomy":"product_brand","embeddable":true,"href":"https:\/\/apmprint.com\/fr\/wp-json\/wp\/v2\/product_brand?post=1540"},{"taxonomy":"product_cat","embeddable":true,"href":"https:\/\/apmprint.com\/fr\/wp-json\/wp\/v2\/product_cat?post=1540"},{"taxonomy":"product_tag","embeddable":true,"href":"https:\/\/apmprint.com\/fr\/wp-json\/wp\/v2\/product_tag?post=1540"}],"curies":[{"name":"wp","href":"https:\/\/api.w.org\/{rel}","templated":true}]}}