{"id":1549,"date":"2023-12-19T09:36:29","date_gmt":"2023-12-19T09:36:29","guid":{"rendered":"https:\/\/apmprint.com\/?post_type=product&#038;p=1549"},"modified":"2023-12-19T09:58:14","modified_gmt":"2023-12-19T09:58:14","slug":"c400-c1200-manual-cleaning-unit","status":"publish","type":"product","link":"https:\/\/apmprint.com\/fr\/produit\/c400-c1200-manual-cleaning-unit\/","title":{"rendered":"C400\/C1200 Unit\u00e9 de nettoyage manuel"},"content":{"rendered":"<p><strong>Description :<\/strong><\/p>\n<p>L'unit\u00e9 de nettoyage manuel sert \u00e0 nettoyer les clich\u00e9s et autres accessoires avant l'impression. Les machines sont enti\u00e8rement construites en acier inoxydable et utilisent un d\u00e9tergent liquide. Le fonctionnement pneumatique assure une s\u00e9curit\u00e9 totale.<br \/>\nLe d\u00e9tergent liquide est pulv\u00e9ris\u00e9 \u00e0 haute pression dans la machine au moyen d'une pompe \u00e0 membrane et de buses situ\u00e9es sur les c\u00f4t\u00e9s de la cuve. La pulv\u00e9risation \u00e0 haute pression fournit la force n\u00e9cessaire \u00e0 la rotation de la cuve.<br \/>\nLes machines sont \u00e9quip\u00e9es d'un r\u00e9gulateur de pression, d'une brosse sp\u00e9ciale, de gants sp\u00e9ciaux et d'un filtre pour garantir un nettoyage rapide et efficace.<\/p>\n<p><strong>Donn\u00e9es techniques :<\/strong><\/p>\n<table>\n<tbody>\n<tr>\n<td width=\"32.3600%\">Donn\u00e9es techniques<\/td>\n<td width=\"33.8200%\">C400<\/td>\n<td width=\"33.8200%\">C1200<\/td>\n<\/tr>\n<tr>\n<td width=\"32.3600%\">Taille int\u00e9rieure<\/td>\n<td width=\"33.8200%\">380\u00d7290\u00d7300mm<\/td>\n<td width=\"33.8200%\">1200x300x300mm<\/td>\n<\/tr>\n<\/tbody>\n<\/table>\n<p>&nbsp;<\/p>","protected":false},"excerpt":{"rendered":"<p>Description: The manual cleaning unit is for cleaning clich\u00e9s and other accessories before printing. The machines are entirely constructed of stainless steel and use liquid detergent. Pneumatic operation ensures total safety. The liquid detergent is sprayed at high pressure into the machine by means of a diaphragm pump and nozzles located on the sides of [&hellip;]<\/p>","protected":false},"featured_media":1550,"template":"","meta":{"_acf_changed":false,"_seopress_robots_primary_cat":"none","_seopress_titles_title":"","_seopress_titles_desc":"","_seopress_robots_index":""},"product_brand":[],"product_cat":[48],"product_tag":[71],"class_list":{"0":"post-1549","1":"product","2":"type-product","3":"status-publish","4":"has-post-thumbnail","6":"product_cat-cleaning-unit","7":"product_tag-accessories","9":"first","10":"instock","11":"shipping-taxable","12":"product-type-simple"},"acf":[],"_links":{"self":[{"href":"https:\/\/apmprint.com\/fr\/wp-json\/wp\/v2\/product\/1549","targetHints":{"allow":["GET"]}}],"collection":[{"href":"https:\/\/apmprint.com\/fr\/wp-json\/wp\/v2\/product"}],"about":[{"href":"https:\/\/apmprint.com\/fr\/wp-json\/wp\/v2\/types\/product"}],"wp:featuredmedia":[{"embeddable":true,"href":"https:\/\/apmprint.com\/fr\/wp-json\/wp\/v2\/media\/1550"}],"wp:attachment":[{"href":"https:\/\/apmprint.com\/fr\/wp-json\/wp\/v2\/media?parent=1549"}],"wp:term":[{"taxonomy":"product_brand","embeddable":true,"href":"https:\/\/apmprint.com\/fr\/wp-json\/wp\/v2\/product_brand?post=1549"},{"taxonomy":"product_cat","embeddable":true,"href":"https:\/\/apmprint.com\/fr\/wp-json\/wp\/v2\/product_cat?post=1549"},{"taxonomy":"product_tag","embeddable":true,"href":"https:\/\/apmprint.com\/fr\/wp-json\/wp\/v2\/product_tag?post=1549"}],"curies":[{"name":"wp","href":"https:\/\/api.w.org\/{rel}","templated":true}]}}