{"id":1556,"date":"2023-12-19T09:59:33","date_gmt":"2023-12-19T09:59:33","guid":{"rendered":"https:\/\/apmprint.com\/?post_type=product&#038;p=1556"},"modified":"2023-12-20T06:19:25","modified_gmt":"2023-12-20T06:19:25","slug":"d300-ir-dryer","status":"publish","type":"product","link":"https:\/\/apmprint.com\/fr\/produit\/d300-ir-dryer\/","title":{"rendered":"S\u00e9cheur IR D300"},"content":{"rendered":"<p><strong>Application :<\/strong><\/p>\n<p>Convient au s\u00e9chage par tampographie<\/p>\n<p>&nbsp;<\/p>\n<p><strong>Donn\u00e9es techniques<\/strong><\/p>\n<table>\n<tbody>\n<tr>\n<td width=\"46.1200%\">Temp\u00e9rature<\/td>\n<td width=\"53.8600%\">Temp\u00e9rature ambiante~180\u2103 r\u00e9glable<\/td>\n<\/tr>\n<tr>\n<td width=\"46.1200%\">Puissance de chauffage<\/td>\n<td width=\"53.8600%\">4.2KW<\/td>\n<\/tr>\n<tr>\n<td width=\"46.1200%\">Mode de r\u00e9glage de la vitesse<\/td>\n<td width=\"53.8600%\">mode \u00e9lectronique progressif<\/td>\n<\/tr>\n<tr>\n<td width=\"46.1200%\">Alimentation \u00e9lectrique<\/td>\n<td width=\"53.8600%\">380V\/50HZ<\/td>\n<\/tr>\n<tr>\n<td width=\"46.1200%\">Taille int\u00e9rieure<\/td>\n<td width=\"53.8600%\">200*350*350mm<\/td>\n<\/tr>\n<tr>\n<td width=\"46.1200%\">Taille de la ceinture<\/td>\n<td width=\"53.8600%\">1600(L)*300(L)mm<\/td>\n<\/tr>\n<tr>\n<td width=\"46.1200%\">Poids<\/td>\n<td width=\"53.8600%\">60kgs<\/td>\n<\/tr>\n<\/tbody>\n<\/table>\n<p>&nbsp;<\/p>\n<p><strong>\u00c9chantillons :<\/strong><\/p>\n<p><img loading=\"lazy\" decoding=\"async\" class=\"size-full wp-image-1557\" src=\"http:\/\/apmprint.com\/wp-content\/uploads\/2023\/12\/17029797783081.png\" alt=\"d300 ir dryer\" width=\"141\" height=\"124\" srcset=\"https:\/\/apmprint.com\/wp-content\/uploads\/2023\/12\/17029797783081.png 141w, https:\/\/apmprint.com\/wp-content\/uploads\/2023\/12\/17029797783081-14x12.png 14w\" sizes=\"auto, (max-width: 141px) 100vw, 141px\" \/><\/p>","protected":false},"excerpt":{"rendered":"<p><strong>Description :<\/strong><\/p>\n<ol>\n<li>Syst\u00e8me de chauffage des lampes IR en verre \u00e0 haute efficacit\u00e9.<\/li>\n<li>Cycle de l'air \u00e0 l'int\u00e9rieur du tunnel.<\/li>\n<li>Corps et ceinture en acier inoxydable avec renforts lat\u00e9raux.<\/li>\n<li>Hauteur de travail de l'entr\u00e9e r\u00e9glable<\/li>\n<li>Syst\u00e8me d'\u00e9vacuation de l'air pour refroidir l'air ambiant.<\/li>\n<\/ol>","protected":false},"featured_media":1620,"template":"","meta":{"_acf_changed":false,"_seopress_robots_primary_cat":"none","_seopress_titles_title":"","_seopress_titles_desc":"","_seopress_robots_index":""},"product_brand":[],"product_cat":[45],"product_tag":[71],"class_list":{"0":"post-1556","1":"product","2":"type-product","3":"status-publish","4":"has-post-thumbnail","6":"product_cat-drying-oven","7":"product_tag-accessories","9":"first","10":"instock","11":"shipping-taxable","12":"product-type-simple"},"acf":[],"_links":{"self":[{"href":"https:\/\/apmprint.com\/fr\/wp-json\/wp\/v2\/product\/1556","targetHints":{"allow":["GET"]}}],"collection":[{"href":"https:\/\/apmprint.com\/fr\/wp-json\/wp\/v2\/product"}],"about":[{"href":"https:\/\/apmprint.com\/fr\/wp-json\/wp\/v2\/types\/product"}],"wp:featuredmedia":[{"embeddable":true,"href":"https:\/\/apmprint.com\/fr\/wp-json\/wp\/v2\/media\/1620"}],"wp:attachment":[{"href":"https:\/\/apmprint.com\/fr\/wp-json\/wp\/v2\/media?parent=1556"}],"wp:term":[{"taxonomy":"product_brand","embeddable":true,"href":"https:\/\/apmprint.com\/fr\/wp-json\/wp\/v2\/product_brand?post=1556"},{"taxonomy":"product_cat","embeddable":true,"href":"https:\/\/apmprint.com\/fr\/wp-json\/wp\/v2\/product_cat?post=1556"},{"taxonomy":"product_tag","embeddable":true,"href":"https:\/\/apmprint.com\/fr\/wp-json\/wp\/v2\/product_tag?post=1556"}],"curies":[{"name":"wp","href":"https:\/\/api.w.org\/{rel}","templated":true}]}}