{"id":1563,"date":"2023-12-19T10:07:39","date_gmt":"2023-12-19T10:07:39","guid":{"rendered":"https:\/\/apmprint.com\/?post_type=product&#038;p=1563"},"modified":"2023-12-19T10:09:58","modified_gmt":"2023-12-19T10:09:58","slug":"d1400-flat-round-oval-ir-dryer","status":"publish","type":"product","link":"https:\/\/apmprint.com\/fr\/produit\/d1400-flat-round-oval-ir-dryer\/","title":{"rendered":"D1400 S\u00e9cheur IR plat\/rond\/ovale"},"content":{"rendered":"<p><strong>Application :<\/strong><\/p>\n<p>Convient aux produits fins ou de petite taille qui s\u00e8chent plus longtemps en grande quantit\u00e9.<\/p>\n<p>&nbsp;<\/p>\n<p><strong>Donn\u00e9es techniques :<\/strong><\/p>\n<table>\n<tbody>\n<tr>\n<td width=\"283\">Temp\u00e9rature<\/td>\n<td width=\"284\">Temp\u00e9rature ambiante~200\u2103<\/td>\n<\/tr>\n<tr>\n<td width=\"283\">Puissance du moteur du ventilateur<\/td>\n<td width=\"284\">0,75KW\/380V<\/td>\n<\/tr>\n<tr>\n<td width=\"283\">Puissance du tube chauffant<\/td>\n<td width=\"284\">9KW<\/td>\n<\/tr>\n<tr>\n<td width=\"283\">Puissance de la machine<\/td>\n<td width=\"284\">9,75KW<\/td>\n<\/tr>\n<tr>\n<td width=\"283\">Alimentation \u00e9lectrique<\/td>\n<td width=\"284\">380V\/50HZ<\/td>\n<\/tr>\n<tr>\n<td width=\"283\">Taille int\u00e9rieure<\/td>\n<td width=\"284\">900*750*1400<\/td>\n<\/tr>\n<\/tbody>\n<\/table>","protected":false},"excerpt":{"rendered":"<p><strong>Description :<\/strong><\/p>\n<ol>\n<li>Temp\u00e9rature : Temp\u00e9rature ambiante jusqu'\u00e0 200 \u2103 r\u00e9glable avec alarme automatique<\/li>\n<li>Tol\u00e9rance de temp\u00e9rature : +\/- 5 \u2103<\/li>\n<li>Chauffage en acier inoxydable ou lampes en verre en option<\/li>\n<li>Minuterie de r\u00e9glage automatique de la temp\u00e9rature<\/li>\n<li>15 couches de palettes en acier inoxydable install\u00e9es pour un s\u00e9chage polyvalent<\/li>\n<\/ol>","protected":false},"featured_media":1564,"template":"","meta":{"_acf_changed":false,"_seopress_robots_primary_cat":"none","_seopress_titles_title":"","_seopress_titles_desc":"","_seopress_robots_index":""},"product_brand":[],"product_cat":[45],"product_tag":[71],"class_list":{"0":"post-1563","1":"product","2":"type-product","3":"status-publish","4":"has-post-thumbnail","6":"product_cat-drying-oven","7":"product_tag-accessories","9":"first","10":"instock","11":"shipping-taxable","12":"product-type-simple"},"acf":[],"_links":{"self":[{"href":"https:\/\/apmprint.com\/fr\/wp-json\/wp\/v2\/product\/1563","targetHints":{"allow":["GET"]}}],"collection":[{"href":"https:\/\/apmprint.com\/fr\/wp-json\/wp\/v2\/product"}],"about":[{"href":"https:\/\/apmprint.com\/fr\/wp-json\/wp\/v2\/types\/product"}],"wp:featuredmedia":[{"embeddable":true,"href":"https:\/\/apmprint.com\/fr\/wp-json\/wp\/v2\/media\/1564"}],"wp:attachment":[{"href":"https:\/\/apmprint.com\/fr\/wp-json\/wp\/v2\/media?parent=1563"}],"wp:term":[{"taxonomy":"product_brand","embeddable":true,"href":"https:\/\/apmprint.com\/fr\/wp-json\/wp\/v2\/product_brand?post=1563"},{"taxonomy":"product_cat","embeddable":true,"href":"https:\/\/apmprint.com\/fr\/wp-json\/wp\/v2\/product_cat?post=1563"},{"taxonomy":"product_tag","embeddable":true,"href":"https:\/\/apmprint.com\/fr\/wp-json\/wp\/v2\/product_tag?post=1563"}],"curies":[{"name":"wp","href":"https:\/\/api.w.org\/{rel}","templated":true}]}}