{"id":1567,"date":"2023-12-19T10:13:03","date_gmt":"2023-12-19T10:13:03","guid":{"rendered":"https:\/\/apmprint.com\/?post_type=product&#038;p=1567"},"modified":"2023-12-19T10:17:36","modified_gmt":"2023-12-19T10:17:36","slug":"dryer-d1500-d2000-d2500","status":"publish","type":"product","link":"https:\/\/apmprint.com\/fr\/produit\/dryer-d1500-d2000-d2500\/","title":{"rendered":"S\u00e9choir D1500\/ D2000\/D2500"},"content":{"rendered":"<p><strong>Application :<\/strong><\/p>\n<p>S\u00e9chage de bouteilles en plastique ou en verre<\/p>\n<p>&nbsp;<\/p>\n<p><strong>Donn\u00e9es techniques :<\/strong><\/p>\n<table>\n<tbody>\n<tr>\n<td width=\"24.1800%\">Donn\u00e9es techniques<\/td>\n<td width=\"25.2800%\">D1500<\/td>\n<td width=\"26.6600%\">D2000<\/td>\n<td width=\"23.8800%\">D2500<\/td>\n<\/tr>\n<tr>\n<td width=\"24.1800%\">Prix<\/td>\n<td width=\"25.2800%\">4500 USD<\/td>\n<td width=\"26.6600%\">5500 USD<\/td>\n<td width=\"23.8800%\">6500 USD<\/td>\n<\/tr>\n<tr>\n<td width=\"24.1800%\">Dur\u00e9e de s\u00e9chage<\/td>\n<td width=\"25.2800%\">1.5m<\/td>\n<td width=\"26.6600%\">2m<\/td>\n<td width=\"23.8800%\">2.5m<\/td>\n<\/tr>\n<tr>\n<td width=\"24.1800%\">Largeur de bande<\/td>\n<td width=\"25.2800%\">0.4m<\/td>\n<td width=\"26.6600%\">0.4m<\/td>\n<td width=\"23.8800%\">0.4m<\/td>\n<\/tr>\n<tr>\n<td width=\"24.1800%\">Hauteur de s\u00e9chage<\/td>\n<td width=\"25.2800%\">10-20cm<\/td>\n<td width=\"26.6600%\">10~20cm<\/td>\n<td width=\"23.8800%\">10~20cm<\/td>\n<\/tr>\n<tr>\n<td width=\"24.1800%\">Longueur de l'entr\u00e9e<\/td>\n<td width=\"25.2800%\">0.5m<\/td>\n<td width=\"26.6600%\">0.5m<\/td>\n<td width=\"23.8800%\">0.5m<\/td>\n<\/tr>\n<tr>\n<td width=\"24.1800%\">Longueur de sortie<\/td>\n<td width=\"25.2800%\">0.5m<\/td>\n<td width=\"26.6600%\">0.5m<\/td>\n<td width=\"23.8800%\">0.5m<\/td>\n<\/tr>\n<tr>\n<td width=\"24.1800%\">Taille de la machine<\/td>\n<td width=\"25.2800%\">2.5*0.6*1.4m<\/td>\n<td width=\"26.6600%\">3*0.6*1.5m<\/td>\n<td width=\"23.8800%\">3.5*0.6*1.5m<\/td>\n<\/tr>\n<tr>\n<td width=\"24.1800%\">Temp\u00e9rature<\/td>\n<td width=\"25.2800%\">0~180\u00b0C r\u00e9glable<\/td>\n<td width=\"26.6600%\">0~200\u00b0C r\u00e9glable<\/td>\n<td width=\"23.8800%\">0~200\u00b0C r\u00e9glable<\/td>\n<\/tr>\n<tr>\n<td width=\"24.1800%\">Vitesse<\/td>\n<td width=\"25.2800%\">0,1-1m\/min r\u00e9glable<\/td>\n<td width=\"26.6600%\">0,1-1m\/min r\u00e9glable<\/td>\n<td width=\"23.8800%\">0,1-1m\/min r\u00e9glable<\/td>\n<\/tr>\n<tr>\n<td width=\"24.1800%\">Puissance<\/td>\n<td width=\"25.2800%\">12 KW, 380V<\/td>\n<td width=\"26.6600%\">16KW, 380V<\/td>\n<td width=\"23.8800%\">18KW, 380V<\/td>\n<\/tr>\n<\/tbody>\n<\/table>","protected":false},"excerpt":{"rendered":"<p><strong>Description :<\/strong><\/p>\n<ol>\n<li>Syst\u00e8me de chauffage par lampes IR \u00e0 haute efficacit\u00e9.<\/li>\n<li>Cycle de l'air \u00e0 l'int\u00e9rieur du tunnel.<\/li>\n<li>Hauteur de travail de l'entr\u00e9e r\u00e9glable<\/li>\n<li>Syst\u00e8me d'\u00e9vacuation de l'air pour refroidir l'air ambiant<\/li>\n<\/ol>","protected":false},"featured_media":1569,"template":"","meta":{"_acf_changed":false,"_seopress_robots_primary_cat":"none","_seopress_titles_title":"","_seopress_titles_desc":"","_seopress_robots_index":""},"product_brand":[],"product_cat":[45],"product_tag":[71],"class_list":{"0":"post-1567","1":"product","2":"type-product","3":"status-publish","4":"has-post-thumbnail","6":"product_cat-drying-oven","7":"product_tag-accessories","9":"first","10":"instock","11":"shipping-taxable","12":"product-type-simple"},"acf":[],"_links":{"self":[{"href":"https:\/\/apmprint.com\/fr\/wp-json\/wp\/v2\/product\/1567","targetHints":{"allow":["GET"]}}],"collection":[{"href":"https:\/\/apmprint.com\/fr\/wp-json\/wp\/v2\/product"}],"about":[{"href":"https:\/\/apmprint.com\/fr\/wp-json\/wp\/v2\/types\/product"}],"wp:featuredmedia":[{"embeddable":true,"href":"https:\/\/apmprint.com\/fr\/wp-json\/wp\/v2\/media\/1569"}],"wp:attachment":[{"href":"https:\/\/apmprint.com\/fr\/wp-json\/wp\/v2\/media?parent=1567"}],"wp:term":[{"taxonomy":"product_brand","embeddable":true,"href":"https:\/\/apmprint.com\/fr\/wp-json\/wp\/v2\/product_brand?post=1567"},{"taxonomy":"product_cat","embeddable":true,"href":"https:\/\/apmprint.com\/fr\/wp-json\/wp\/v2\/product_cat?post=1567"},{"taxonomy":"product_tag","embeddable":true,"href":"https:\/\/apmprint.com\/fr\/wp-json\/wp\/v2\/product_tag?post=1567"}],"curies":[{"name":"wp","href":"https:\/\/api.w.org\/{rel}","templated":true}]}}