{"id":1572,"date":"2023-12-19T10:23:30","date_gmt":"2023-12-19T10:23:30","guid":{"rendered":"https:\/\/apmprint.com\/?post_type=product&#038;p=1572"},"modified":"2023-12-19T10:28:07","modified_gmt":"2023-12-19T10:28:07","slug":"e345d-exposing-unit","status":"publish","type":"product","link":"https:\/\/apmprint.com\/fr\/produit\/e345d-exposing-unit\/","title":{"rendered":"E345D Unit\u00e9 d'exposition"},"content":{"rendered":"<p><strong>Description :<\/strong><\/p>\n<ol>\n<li>Install\u00e9 avec un vide puissant. La pression du vide est visible.<\/li>\n<li>Vide instantan\u00e9. La mise sous vide est termin\u00e9e en 2 secondes<\/li>\n<li>Lampe Philips ou lampe allemande de haute qualit\u00e9, \u00e9gale et pr\u00e9cise<\/li>\n<\/ol>\n<p>r\u00e9sultat de l'exposition<\/p>\n<ol start=\"4\">\n<li>R\u00e9glage facile de la minuterie et utilisation ais\u00e9e<\/li>\n<li>Dimensions sp\u00e9ciales disponibles selon les besoins du client<\/li>\n<li>Utilis\u00e9 pour la fabrication de plaques photopolym\u00e8res et de plaques d'acier.<\/li>\n<\/ol>\n<p>&nbsp;<\/p>\n<p><strong>Donn\u00e9es techniques :<\/strong><\/p>\n<table>\n<tbody>\n<tr>\n<td width=\"48.9000%\">Param\u00e8tres<\/td>\n<td width=\"51.1000%\">E345D<\/td>\n<\/tr>\n<tr>\n<td width=\"48.9000%\">Max. Zone d'exposition<\/td>\n<td width=\"51.1000%\">400mm*250mm<\/td>\n<\/tr>\n<tr>\n<td width=\"48.9000%\">Alimentation \u00e9lectrique<\/td>\n<td width=\"51.1000%\">220V\/110V<\/td>\n<\/tr>\n<tr>\n<td width=\"48.9000%\">Puissance de la lampe<\/td>\n<td width=\"51.1000%\">36W*6pcs<\/td>\n<\/tr>\n<tr>\n<td width=\"48.9000%\">Temps d'exposition<\/td>\n<td width=\"51.1000%\">10-50 secondes<\/td>\n<\/tr>\n<tr>\n<td width=\"48.9000%\">Taille de l'emballage<\/td>\n<td width=\"51.1000%\">540*390*420mm (l* w* h).<\/td>\n<\/tr>\n<\/tbody>\n<\/table>\n<p>&nbsp;<\/p>","protected":false},"excerpt":{"rendered":"<p>Description: Installed with powerful vacuum. Vacuum pressure visible. Instant vacuum. Vacuum finished in 2 seconds High quality Philips lamp or lamp from Germany, equal and precise exposing result Easy timer setting and easy operation Special size available according to customer requirement Used\u00a0for\u00a0making\u00a0photopolymer\u00a0plate,\u00a0steel\u00a0plate. &nbsp; Tech-data: Parameter E345D Max.\u00a0Exposing\u00a0Area 400mm*250mm Power\u00a0supply 220V\/110V Lamp\u00a0power 36W*6pcs Exposing\u00a0time 10-50\u00a0seconds Packing\u00a0Size [&hellip;]<\/p>","protected":false},"featured_media":1576,"template":"","meta":{"_acf_changed":false,"_seopress_robots_primary_cat":"none","_seopress_titles_title":"","_seopress_titles_desc":"","_seopress_robots_index":""},"product_brand":[],"product_cat":[46],"product_tag":[71],"class_list":{"0":"post-1572","1":"product","2":"type-product","3":"status-publish","4":"has-post-thumbnail","6":"product_cat-exposing-machine","7":"product_tag-accessories","9":"first","10":"instock","11":"shipping-taxable","12":"product-type-simple"},"acf":[],"_links":{"self":[{"href":"https:\/\/apmprint.com\/fr\/wp-json\/wp\/v2\/product\/1572","targetHints":{"allow":["GET"]}}],"collection":[{"href":"https:\/\/apmprint.com\/fr\/wp-json\/wp\/v2\/product"}],"about":[{"href":"https:\/\/apmprint.com\/fr\/wp-json\/wp\/v2\/types\/product"}],"wp:featuredmedia":[{"embeddable":true,"href":"https:\/\/apmprint.com\/fr\/wp-json\/wp\/v2\/media\/1576"}],"wp:attachment":[{"href":"https:\/\/apmprint.com\/fr\/wp-json\/wp\/v2\/media?parent=1572"}],"wp:term":[{"taxonomy":"product_brand","embeddable":true,"href":"https:\/\/apmprint.com\/fr\/wp-json\/wp\/v2\/product_brand?post=1572"},{"taxonomy":"product_cat","embeddable":true,"href":"https:\/\/apmprint.com\/fr\/wp-json\/wp\/v2\/product_cat?post=1572"},{"taxonomy":"product_tag","embeddable":true,"href":"https:\/\/apmprint.com\/fr\/wp-json\/wp\/v2\/product_tag?post=1572"}],"curies":[{"name":"wp","href":"https:\/\/api.w.org\/{rel}","templated":true}]}}