{"id":1574,"date":"2023-12-19T10:25:39","date_gmt":"2023-12-19T10:25:39","guid":{"rendered":"https:\/\/apmprint.com\/?post_type=product&#038;p=1574"},"modified":"2023-12-19T10:27:10","modified_gmt":"2023-12-19T10:27:10","slug":"e8010-e1013-exposing-unit","status":"publish","type":"product","link":"https:\/\/apmprint.com\/fr\/produit\/e8010-e1013-exposing-unit\/","title":{"rendered":"E8010\/E1013 Unit\u00e9 d'exposition"},"content":{"rendered":"<p><strong>Description :<\/strong><\/p>\n<ol>\n<li>Contr\u00f4le par micro-ordinateur, op\u00e9ration facile, vitesse \u00e9lev\u00e9e et exposition \u00e9gale.<\/li>\n<li>Un ventilateur de refroidissement est install\u00e9 pour r\u00e9duire la temp\u00e9rature et maintenir la machine en bon \u00e9tat.<\/li>\n<\/ol>\n<p>\u00e0 temp\u00e9rature ambiante pendant le travail.<\/p>\n<ol start=\"3\">\n<li>Ampoule de d\u00e9marrage rapide. Lorsque vous \u00e9teignez la machine, vous pouvez la red\u00e9marrer.<\/li>\n<\/ol>\n<p>dans les deux minutes qui suivent.<br \/>\n4. Film r\u00e9flecteur allemand de haute qualit\u00e9, refl\u00e9tant la lumi\u00e8re dans tous les coins.<br \/>\n5. Convient \u00e0 l'exposition de points de maille en quatre couleurs.<br \/>\n6. Utilis\u00e9 pour la fabrication de cadres en treillis pour l'impression de c\u00e9ramiques, de panneaux de signalisation, de panneaux ext\u00e9rieurs.<\/p>\n<p>publicit\u00e9, PCB et pochoir d'\u00e9cran, etc.<\/p>\n<p><strong>Donn\u00e9es techniques :<\/strong><\/p>\n<table>\n<tbody>\n<tr>\n<td width=\"33.3400%\">Mod\u00e8le<\/td>\n<td width=\"33.3400%\">E8010<\/td>\n<td width=\"33.3200%\">E1013<\/td>\n<\/tr>\n<tr>\n<td width=\"33.3400%\">Surface maximale du cadre de la maille<\/td>\n<td width=\"33.3400%\">900*1100mm<\/td>\n<td width=\"33.3200%\">1000*1300mm<\/td>\n<\/tr>\n<tr>\n<td width=\"33.3400%\">Zone d'exposition maximale<\/td>\n<td width=\"33.3400%\">1000*1200mm<\/td>\n<td width=\"33.3200%\">1200*1500mm<\/td>\n<\/tr>\n<tr>\n<td width=\"33.3400%\">Ampoule<\/td>\n<td colspan=\"2\" width=\"66.6600%\">Ampoule halog\u00e8ne 3000W pour le refroidissement de l'air<\/td>\n<\/tr>\n<tr>\n<td width=\"33.3400%\">Pompe \u00e0 vide<\/td>\n<td colspan=\"2\" width=\"66.6600%\">220V 1\/5HP pompe sans huile<\/td>\n<\/tr>\n<tr>\n<td width=\"33.3400%\">Alimentation \u00e9lectrique<\/td>\n<td colspan=\"2\" width=\"66.6600%\">220V\/35A\/50HZ<\/td>\n<\/tr>\n<tr>\n<td width=\"33.3400%\">Mesures<\/td>\n<td width=\"33.3400%\">1000*1200*950mm<\/td>\n<td width=\"33.3200%\">1200*1500*1000mm<\/td>\n<\/tr>\n<tr>\n<td width=\"33.3400%\">Poids net<\/td>\n<td width=\"33.3400%\">180 kg<\/td>\n<td width=\"33.3200%\">230 kg<\/td>\n<\/tr>\n<\/tbody>\n<\/table>","protected":false},"excerpt":{"rendered":"<p>Description: Microcomputer\u00a0control,\u00a0easy\u00a0operation,\u00a0high\u00a0speed\u00a0and\u00a0equal\u00a0exposing. Installed\u00a0with\u00a0cooling\u00a0fan\u00a0to\u00a0decrease\u00a0the\u00a0temperature,\u00a0keep\u00a0the\u00a0machine under\u00a0room\u00a0temperature\u00a0when\u00a0working. Quick\u00a0start\u00a0bulb.\u00a0When\u00a0turn\u00a0off\u00a0the\u00a0machine,\u00a0you\u00a0can\u00a0restart\u00a0the\u00a0machine within\u00a0two\u00a0minutes. 4.\u00a0High\u00a0quality\u00a0reflector\u00a0film\u00a0from\u00a0German,\u00a0reflecting\u00a0the\u00a0light\u00a0to\u00a0all\u00a0the\u00a0corners. 5.\u00a0Suitable\u00a0for\u00a0four\u00a0color\u00a0mesh\u00a0dots\u00a0exposing. 6.\u00a0Used\u00a0for\u00a0making\u00a0mesh\u00a0frame\u00a0for\u00a0printing\u00a0ceramics,\u00a0signboard,\u00a0outdoors advertisement,\u00a0PCB\u00a0and\u00a0screen\u00a0stencil\u00a0etc. Tech-data: Model E8010 E1013 Max. mesh frame area 900*1100mm 1000*1300mm Max. exposing area 1000*1200mm 1200*1500mm Bulb 3000W air cooling halogen bulb Vacuum pump 220V 1\/5HP non-oil pump Power supply 220V\/35A\/50HZ Measurement 1000*1200*950mm 1200*1500*1000mm Net weight 180kg 230kg<\/p>","protected":false},"featured_media":1575,"template":"","meta":{"_acf_changed":false,"_seopress_robots_primary_cat":"none","_seopress_titles_title":"","_seopress_titles_desc":"","_seopress_robots_index":""},"product_brand":[],"product_cat":[46],"product_tag":[71],"class_list":{"0":"post-1574","1":"product","2":"type-product","3":"status-publish","4":"has-post-thumbnail","6":"product_cat-exposing-machine","7":"product_tag-accessories","9":"first","10":"instock","11":"shipping-taxable","12":"product-type-simple"},"acf":[],"_links":{"self":[{"href":"https:\/\/apmprint.com\/fr\/wp-json\/wp\/v2\/product\/1574","targetHints":{"allow":["GET"]}}],"collection":[{"href":"https:\/\/apmprint.com\/fr\/wp-json\/wp\/v2\/product"}],"about":[{"href":"https:\/\/apmprint.com\/fr\/wp-json\/wp\/v2\/types\/product"}],"wp:featuredmedia":[{"embeddable":true,"href":"https:\/\/apmprint.com\/fr\/wp-json\/wp\/v2\/media\/1575"}],"wp:attachment":[{"href":"https:\/\/apmprint.com\/fr\/wp-json\/wp\/v2\/media?parent=1574"}],"wp:term":[{"taxonomy":"product_brand","embeddable":true,"href":"https:\/\/apmprint.com\/fr\/wp-json\/wp\/v2\/product_brand?post=1574"},{"taxonomy":"product_cat","embeddable":true,"href":"https:\/\/apmprint.com\/fr\/wp-json\/wp\/v2\/product_cat?post=1574"},{"taxonomy":"product_tag","embeddable":true,"href":"https:\/\/apmprint.com\/fr\/wp-json\/wp\/v2\/product_tag?post=1574"}],"curies":[{"name":"wp","href":"https:\/\/api.w.org\/{rel}","templated":true}]}}