{"id":1580,"date":"2023-12-20T02:03:26","date_gmt":"2023-12-20T02:03:26","guid":{"rendered":"https:\/\/apmprint.com\/?post_type=product&#038;p=1580"},"modified":"2023-12-20T02:11:14","modified_gmt":"2023-12-20T02:11:14","slug":"f300-flame-treatment-machine","status":"publish","type":"product","link":"https:\/\/apmprint.com\/fr\/produit\/f300-flame-treatment-machine\/","title":{"rendered":"F300 Machine de traitement \u00e0 la flamme"},"content":{"rendered":"<p><strong>Description :<\/strong><\/p>\n<ol>\n<li>Deux br\u00fbleurs \u00e0 flamme.<\/li>\n<li>Les supports coniques peuvent \u00eatre chang\u00e9s ou modifi\u00e9s en fonction des diff\u00e9rents substrats.<\/li>\n<li>3. micromoteur de haute qualit\u00e9 dans le contr\u00f4leur \u00e9lectrique, la vitesse du convoyeur est r\u00e9glable en continu.<\/li>\n<li>4. allumage \u00e9lectrique automatique, arr\u00eat automatique du gaz en cas d'absence de combustion<\/li>\n<li>5. structure stable, br\u00fbleur de haute qualit\u00e9, fonctionnement facile.<\/li>\n<li>6. utilis\u00e9 pour les mat\u00e9riaux PP, PE, changer le caract\u00e8re de la surface du mat\u00e9riau, am\u00e9liorer l'adh\u00e9rence du mat\u00e9riau.<\/li>\n<li>Le convoyeur s'arr\u00eate pendant que le produit br\u00fble. Le convoyeur se d\u00e9place pas \u00e0 pas.<\/li>\n<li>Les br\u00fbleurs \u00e0 flamme seront prot\u00e9g\u00e9s par un couvercle, conform\u00e9ment \u00e0 la norme CE. Le couvercle sera comme dans la vid\u00e9o : https:\/\/www.youtube.com\/watch?v=A4BlSQ7cX1o<\/li>\n<li>Contr\u00f4le PLC et \u00e9cran tactile<\/li>\n<\/ol>\n<p>&nbsp;<\/p>\n<p><strong>T<\/strong><strong>ech-data :<\/strong><\/p>\n<p>&nbsp;<\/p>\n<table>\n<tbody>\n<tr>\n<td width=\"50.6400%\">Donn\u00e9es techniques<\/td>\n<td width=\"49.3600%\">F300<\/td>\n<\/tr>\n<tr>\n<td width=\"50.6400%\">Largeur du convoyeur (mm)<\/td>\n<td width=\"49.3600%\">300mm<\/td>\n<\/tr>\n<tr>\n<td width=\"50.6400%\">Pression du compresseur d'air<\/td>\n<td width=\"49.3600%\">5bar<\/td>\n<\/tr>\n<tr>\n<td width=\"50.6400%\">Alimentation \u00e9lectrique<\/td>\n<td width=\"49.3600%\">220V\/50Hz<\/td>\n<\/tr>\n<tr>\n<td width=\"50.6400%\">Vitesse du convoyeur<\/td>\n<td width=\"49.3600%\">0-10m\/min<\/td>\n<\/tr>\n<tr>\n<td width=\"50.6400%\">Taille du convoyeur (longueur*largeur)<\/td>\n<td width=\"49.3600%\">2400\u00d7465mm<\/td>\n<\/tr>\n<tr>\n<td width=\"50.6400%\">Poids net<\/td>\n<td width=\"49.3600%\">200KG<\/td>\n<\/tr>\n<\/tbody>\n<\/table>\n<p>&nbsp;<\/p>\n<p><strong>\u00c9chantillons :<\/strong><\/p>\n<p><img loading=\"lazy\" decoding=\"async\" class=\"size-medium wp-image-1581\" src=\"http:\/\/apmprint.com\/wp-content\/uploads\/2023\/12\/c-300x300.jpg\" alt=\"e8010\/e1013 exposing unit (\u590d\u5236)\" width=\"300\" height=\"300\" srcset=\"https:\/\/apmprint.com\/wp-content\/uploads\/2023\/12\/c-300x300.jpg 300w, https:\/\/apmprint.com\/wp-content\/uploads\/2023\/12\/c-150x150.jpg 150w, https:\/\/apmprint.com\/wp-content\/uploads\/2023\/12\/c-768x768.jpg 768w, https:\/\/apmprint.com\/wp-content\/uploads\/2023\/12\/c-12x12.jpg 12w, https:\/\/apmprint.com\/wp-content\/uploads\/2023\/12\/c-600x600.jpg 600w, https:\/\/apmprint.com\/wp-content\/uploads\/2023\/12\/c-100x100.jpg 100w, https:\/\/apmprint.com\/wp-content\/uploads\/2023\/12\/c.jpg 800w\" sizes=\"auto, (max-width: 300px) 100vw, 300px\" \/><\/p>","protected":false},"excerpt":{"rendered":"<p>F300 Machine de traitement \u00e0 la flamme pour l'impression de bouteilles rondes, ovales et carr\u00e9es pr\u00e9parer le traitement<\/p>","protected":false},"featured_media":1582,"template":"","meta":{"_acf_changed":false,"_seopress_robots_primary_cat":"none","_seopress_titles_title":"","_seopress_titles_desc":"","_seopress_robots_index":""},"product_brand":[],"product_cat":[44],"product_tag":[71],"class_list":{"0":"post-1580","1":"product","2":"type-product","3":"status-publish","4":"has-post-thumbnail","6":"product_cat-flame-treatment-machine","7":"product_tag-accessories","9":"first","10":"instock","11":"shipping-taxable","12":"product-type-simple"},"acf":[],"_links":{"self":[{"href":"https:\/\/apmprint.com\/fr\/wp-json\/wp\/v2\/product\/1580","targetHints":{"allow":["GET"]}}],"collection":[{"href":"https:\/\/apmprint.com\/fr\/wp-json\/wp\/v2\/product"}],"about":[{"href":"https:\/\/apmprint.com\/fr\/wp-json\/wp\/v2\/types\/product"}],"wp:featuredmedia":[{"embeddable":true,"href":"https:\/\/apmprint.com\/fr\/wp-json\/wp\/v2\/media\/1582"}],"wp:attachment":[{"href":"https:\/\/apmprint.com\/fr\/wp-json\/wp\/v2\/media?parent=1580"}],"wp:term":[{"taxonomy":"product_brand","embeddable":true,"href":"https:\/\/apmprint.com\/fr\/wp-json\/wp\/v2\/product_brand?post=1580"},{"taxonomy":"product_cat","embeddable":true,"href":"https:\/\/apmprint.com\/fr\/wp-json\/wp\/v2\/product_cat?post=1580"},{"taxonomy":"product_tag","embeddable":true,"href":"https:\/\/apmprint.com\/fr\/wp-json\/wp\/v2\/product_tag?post=1580"}],"curies":[{"name":"wp","href":"https:\/\/api.w.org\/{rel}","templated":true}]}}