{"id":1592,"date":"2023-12-20T02:25:05","date_gmt":"2023-12-20T02:25:05","guid":{"rendered":"https:\/\/apmprint.com\/?post_type=product&#038;p=1592"},"modified":"2023-12-20T03:17:37","modified_gmt":"2023-12-20T03:17:37","slug":"t1215-t1618-mesh-stretching-machine","status":"publish","type":"product","link":"https:\/\/apmprint.com\/fr\/produit\/t1215-t1618-mesh-stretching-machine\/","title":{"rendered":"T1215\/T1618 Machine \u00e0 \u00e9tirer les mailles"},"content":{"rendered":"<p><strong>Donn\u00e9es techniques :<\/strong><\/p>\n<table>\n<tbody>\n<tr>\n<td width=\"44.7800%\">Donn\u00e9es techniques<\/td>\n<td width=\"27.6000%\">T1215<\/td>\n<td width=\"27.6000%\">T1618<\/td>\n<\/tr>\n<tr>\n<td width=\"44.7800%\">Taille maximale de l'\u00e9tirement de la maille<\/td>\n<td width=\"27.6000%\">1200*1500mm<\/td>\n<td width=\"27.6000%\">1600*1800mm<\/td>\n<\/tr>\n<tr>\n<td width=\"44.7800%\">Taille minimale de l'\u00e9tirement de la maille<\/td>\n<td width=\"27.6000%\">500*500mm<\/td>\n<td width=\"27.6000%\">600*700mm<\/td>\n<\/tr>\n<tr>\n<td width=\"44.7800%\">Tension maximale<\/td>\n<td width=\"27.6000%\">25N<\/td>\n<td width=\"27.6000%\">25N<\/td>\n<\/tr>\n<\/tbody>\n<\/table>\n<p>&nbsp;<\/p>","protected":false},"excerpt":{"rendered":"<p><strong>Description :<\/strong><\/p>\n<ol>\n<li>La pince et le cadre du brancard sont fabriqu\u00e9s \u00e0 partir d'un alliage d'aluminium sp\u00e9cial.<\/li>\n<\/ol>\n<p>assurer la stabilit\u00e9 de la machine.<br \/>\n2. Structure de la pince de serrage autobloquante, la maille ne glisse pas et ne se d\u00e9tache pas.<\/p>\n<p>sous haute tension.<br \/>\n3. Cadre solide de l'\u00e9tirement, lors du d\u00e9placement parall\u00e8le de la maille, il n'y a pas d'effet d'\u00e9tirement.<\/p>\n<p>distorsion.<br \/>\n4. Le cadre en treillis est soulev\u00e9 par un cylindre pneumatique, ce qui facilite le fonctionnement.<\/p>","protected":false},"featured_media":1593,"template":"","meta":{"_acf_changed":false,"_seopress_robots_primary_cat":"none","_seopress_titles_title":"","_seopress_titles_desc":"","_seopress_robots_index":""},"product_brand":[],"product_cat":[47],"product_tag":[71],"class_list":{"0":"post-1592","1":"product","2":"type-product","3":"status-publish","4":"has-post-thumbnail","6":"product_cat-mesh-streching-machine","7":"product_tag-accessories","9":"first","10":"instock","11":"shipping-taxable","12":"product-type-simple"},"acf":[],"_links":{"self":[{"href":"https:\/\/apmprint.com\/fr\/wp-json\/wp\/v2\/product\/1592","targetHints":{"allow":["GET"]}}],"collection":[{"href":"https:\/\/apmprint.com\/fr\/wp-json\/wp\/v2\/product"}],"about":[{"href":"https:\/\/apmprint.com\/fr\/wp-json\/wp\/v2\/types\/product"}],"wp:featuredmedia":[{"embeddable":true,"href":"https:\/\/apmprint.com\/fr\/wp-json\/wp\/v2\/media\/1593"}],"wp:attachment":[{"href":"https:\/\/apmprint.com\/fr\/wp-json\/wp\/v2\/media?parent=1592"}],"wp:term":[{"taxonomy":"product_brand","embeddable":true,"href":"https:\/\/apmprint.com\/fr\/wp-json\/wp\/v2\/product_brand?post=1592"},{"taxonomy":"product_cat","embeddable":true,"href":"https:\/\/apmprint.com\/fr\/wp-json\/wp\/v2\/product_cat?post=1592"},{"taxonomy":"product_tag","embeddable":true,"href":"https:\/\/apmprint.com\/fr\/wp-json\/wp\/v2\/product_tag?post=1592"}],"curies":[{"name":"wp","href":"https:\/\/api.w.org\/{rel}","templated":true}]}}